{"id":1835,"date":"2017-03-23T17:27:30","date_gmt":"2017-03-23T16:27:30","guid":{"rendered":"https:\/\/www.generaldies.com\/?page_id=1835"},"modified":"2019-07-31T11:06:07","modified_gmt":"2019-07-31T09:06:07","slug":"impianti-paglia-fieno-erba","status":"publish","type":"page","link":"https:\/\/www.generaldies.com\/it\/impianti-pellet\/impianti-paglia-fieno-erba\/","title":{"rendered":"Impianti per paglia, fieno, erba"},"content":{"rendered":"<p>[vc_row][vc_column width=&#8221;2\/3&#8243;][vc_column_text]<img loading=\"lazy\" class=\"wp-image-4592 size-medium alignleft\" src=\"https:\/\/www.generaldies.com\/wp-content\/uploads\/2017\/03\/balle-di-paglia-campo-300x200.jpg\" alt=\"balle di paglia\" width=\"300\" height=\"200\" \/><\/p>\n<p>&nbsp;<\/p>\n<p>Offriamo impianti completi e linee di pellettatura per il trattamento e la produzione di paglia, fieno, erba medica, foraggi etc.<br \/>\nA seconda delle richieste del cliente e delle caratteristiche costruttive i nostri impianti hanno caratteristiche costruttive e capacit\u00e0 di produzione differenti.<\/p>\n<p>&nbsp;<\/p>\n<p>Fasi di processo:<\/p>\n<ul>\n<li>Fase A: Trinciatura<\/li>\n<li>Fase B: Essiccazione<\/li>\n<li>Fase C: Raffinazione &#8211; Macinazione<\/li>\n<li>Fase D: Miscelazione<\/li>\n<li>Fase E: Cubettatura<\/li>\n<li>Fase F: Raffreddamento<\/li>\n<li>Fase G: Setacciatura<\/li>\n<li>Fase H: Insacco<\/li>\n<\/ul>\n<p>[\/vc_column_text][\/vc_column][vc_column width=&#8221;1\/3&#8243;][vc_single_image image=&#8221;4604&#8243; img_size=&#8221;large&#8221;][vc_single_image image=&#8221;4598&#8243; img_size=&#8221;large&#8221;][\/vc_column][\/vc_row][vc_row][vc_column][vc_separator css=&#8221;.vc_custom_1488874858284{margin-top: 50px !important;margin-bottom: 50px !important;}&#8221;][\/vc_column][\/vc_row][vc_row][vc_column][vc_single_image image=&#8221;4581&#8243; img_size=&#8221;large&#8221; alignment=&#8221;center&#8221;][vc_column_text]<\/p>\n<h3>FASE \u2018A\u2019: TRINCIATURA<\/h3>\n<p>Il processo di trinciatura del prodotto \u00e8 necessario per la riduzione di dimensioni della materia prima, costituita principalmente da 2 forme: &#8211; Ballette prismatiche &#8211; rotoballe cilindriche. Il prodotto che si ottiene ha una frantumazione media denominata \u201ctrinciato\u201d idonea ad essere trasportata mediante normali sistemi di trasporto. Esso pu\u00f2 essere secco oppure umido, nel primo caso il prodotto passa direttamente alla fase di raffinazione. Nel secondo caso il prodotto deve essere essiccato per ottenere una umidit\u00e0 tale da poter essere poi inserito nella macchina.<\/p>\n<h3>FASE \u2018B\u2019: ESSICAZIONE<\/h3>\n<p>La fase di essiccazione \u00e8 necessaria per ridurre la quantit\u00e0 di umidit\u00e0 del prodotto da circa 80-90% a non pi\u00f9 del 12-13%. La macchina pu\u00f2 essere del tipo a tamburo rotante o a nastro, ha un bruciatore che pu\u00f2 essere alimentato ad olio combustibile o gas.<\/p>\n<h3>FASE \u2018C\u2019: RAFFINAZIONE \u2013 MACINAZIONE<\/h3>\n<p>Dopo l\u2019essicazione un raffinatore completo di unit\u00e0 di aspirazione provvede a ridurre le dimensioni del prodotto al fine di poter essere preparato per l\u2019operazione di cubettatura. Il prodotto viene inoltre pulito da eventuali corpi ferrosi o altro.<\/p>\n<h3>FASE \u2018D\u2019: MISCELAZIONE<\/h3>\n<p>Un silo miscelatore fa si che il prodotto risulti omogeneo e che possa anche essere stoccato.<\/p>\n<h3>FASE\u2019E\u2019: CUBETTATURA<\/h3>\n<p>Il prodotto viene immesso in macchina e mediante il condizionatore possono essere aggiunti altri ingredienti, prima dell\u2019entrata nel gruppo pressore e della trasformazione in pellet attraverso la trafila. All\u2019esterno di essa dei coltelli regolabili tagliano il pellet alla lunghezza voluta.<\/p>\n<h3>FASE \u2018F\u2019: RAFFREDDAMENTO<\/h3>\n<p>Dopo la cubettatura il prodotto risulta molto caldo. E\u2019 quindi necessario raffreddare il prodotto a temperatura di circa +5\u00b0C rispetto la temperatura ambiente, al fine di conferire allo stesso la necessaria durezza o lo stato ottimale per il suo immagazzinamento. La macchina \u00e8 un raffreddatore controcorrente completo della linea di aspirazione aria e del recupero polveri.<\/p>\n<h3>FASE \u2018G\u2019: SETACCIATURA<\/h3>\n<p>La fase di setacciatura provvede a pulire il prodotto dalle polveri, le quali vengono reintrodotte nel ciclo produttivo.<\/p>\n<h3>FASE \u2018H\u2019: INSACCO<\/h3>\n<p>Il prodotto pellettato \u00e8 trasferito nella zona insacco prima della consegna. Esso pu\u00f2 essere confezionato in big-bag o in sacchi; le macchine per l\u2019insacco possono essere manuali, semi-automatiche o automatiche in base alla produzione richiesta.[\/vc_column_text][\/vc_column][\/vc_row]<\/p>\n","protected":false},"excerpt":{"rendered":"<p>[vc_row][vc_column width=&#8221;2\/3&#8243;][vc_column_text] &nbsp; Offriamo impianti completi e linee di pellettatura per il trattamento e la produzione di paglia, fieno, erba medica, foraggi etc. A seconda delle richieste del cliente e delle caratteristiche costruttive i nostri impianti hanno caratteristiche costruttive e capacit\u00e0 di produzione differenti. &nbsp; Fasi di processo: Fase A: Trinciatura Fase B: Essiccazione Fase [&hellip;]<\/p>\n","protected":false},"author":1,"featured_media":4503,"parent":166,"menu_order":157,"comment_status":"closed","ping_status":"closed","template":"pages-templates\/page-with-contact-cta.php","meta":{"_mi_skip_tracking":false},"acf":{"barra_cta":false},"yoast_head":"<!-- This site is optimized with the Yoast SEO plugin v16.4 - https:\/\/yoast.com\/wordpress\/plugins\/seo\/ -->\n<title>Impianti pellettatura paglia fieno erba - General Dies<\/title>\n<meta name=\"description\" content=\"Offriamo impianti completi e linee di pellettatura per il trattamento e la produzione di paglia, fieno, erba medica, foraggi e non solo. Scopri di pi\u00f9.\" \/>\n<meta name=\"robots\" content=\"index, follow, max-snippet:-1, max-image-preview:large, max-video-preview:-1\" \/>\n<link rel=\"canonical\" href=\"https:\/\/www.generaldies.com\/it\/impianti-pellet\/impianti-paglia-fieno-erba\/\" \/>\n<meta property=\"og:locale\" content=\"it_IT\" \/>\n<meta property=\"og:type\" content=\"article\" \/>\n<meta property=\"og:title\" content=\"Impianti pellettatura paglia fieno erba - General Dies\" \/>\n<meta property=\"og:description\" content=\"Offriamo impianti completi e linee di pellettatura per il trattamento e la produzione di paglia, fieno, erba medica, foraggi e non solo. Scopri di pi\u00f9.\" \/>\n<meta property=\"og:url\" content=\"https:\/\/www.generaldies.com\/it\/impianti-pellet\/impianti-paglia-fieno-erba\/\" \/>\n<meta property=\"og:site_name\" content=\"General Dies\" \/>\n<meta property=\"article:modified_time\" content=\"2019-07-31T09:06:07+00:00\" \/>\n<meta property=\"og:image\" content=\"https:\/\/www.generaldies.com\/wp-content\/uploads\/2017\/03\/impianti-pellettatura-paglia.jpg\" \/>\n\t<meta property=\"og:image:width\" content=\"800\" \/>\n\t<meta property=\"og:image:height\" content=\"521\" \/>\n<meta name=\"twitter:card\" content=\"summary\" \/>\n<meta name=\"twitter:label1\" content=\"Tempo di lettura stimato\" \/>\n\t<meta name=\"twitter:data1\" content=\"3 minuti\" \/>\n<script type=\"application\/ld+json\" class=\"yoast-schema-graph\">{\"@context\":\"https:\/\/schema.org\",\"@graph\":[{\"@type\":\"WebSite\",\"@id\":\"https:\/\/www.generaldies.com\/it\/#website\",\"url\":\"https:\/\/www.generaldies.com\/it\/\",\"name\":\"General Dies\",\"description\":\"Dal 1960 al servizio della pellettatura\",\"potentialAction\":[{\"@type\":\"SearchAction\",\"target\":\"https:\/\/www.generaldies.com\/it\/?s={search_term_string}\",\"query-input\":\"required name=search_term_string\"}],\"inLanguage\":\"it-IT\"},{\"@type\":\"ImageObject\",\"@id\":\"https:\/\/www.generaldies.com\/it\/impianti-pellet\/impianti-paglia-fieno-erba\/#primaryimage\",\"inLanguage\":\"it-IT\",\"url\":\"https:\/\/www.generaldies.com\/wp-content\/uploads\/2017\/03\/impianti-pellettatura-paglia.jpg\",\"contentUrl\":\"https:\/\/www.generaldies.com\/wp-content\/uploads\/2017\/03\/impianti-pellettatura-paglia.jpg\",\"width\":800,\"height\":521,\"caption\":\"impianti pellettatura paglia\"},{\"@type\":\"WebPage\",\"@id\":\"https:\/\/www.generaldies.com\/it\/impianti-pellet\/impianti-paglia-fieno-erba\/#webpage\",\"url\":\"https:\/\/www.generaldies.com\/it\/impianti-pellet\/impianti-paglia-fieno-erba\/\",\"name\":\"Impianti pellettatura paglia fieno erba - General Dies\",\"isPartOf\":{\"@id\":\"https:\/\/www.generaldies.com\/it\/#website\"},\"primaryImageOfPage\":{\"@id\":\"https:\/\/www.generaldies.com\/it\/impianti-pellet\/impianti-paglia-fieno-erba\/#primaryimage\"},\"datePublished\":\"2017-03-23T16:27:30+00:00\",\"dateModified\":\"2019-07-31T09:06:07+00:00\",\"description\":\"Offriamo impianti completi e linee di pellettatura per il trattamento e la produzione di paglia, fieno, erba medica, foraggi e non solo. Scopri di pi\\u00f9.\",\"breadcrumb\":{\"@id\":\"https:\/\/www.generaldies.com\/it\/impianti-pellet\/impianti-paglia-fieno-erba\/#breadcrumb\"},\"inLanguage\":\"it-IT\",\"potentialAction\":[{\"@type\":\"ReadAction\",\"target\":[\"https:\/\/www.generaldies.com\/it\/impianti-pellet\/impianti-paglia-fieno-erba\/\"]}]},{\"@type\":\"BreadcrumbList\",\"@id\":\"https:\/\/www.generaldies.com\/it\/impianti-pellet\/impianti-paglia-fieno-erba\/#breadcrumb\",\"itemListElement\":[{\"@type\":\"ListItem\",\"position\":1,\"item\":{\"@type\":\"WebPage\",\"@id\":\"https:\/\/www.generaldies.com\/it\/\",\"url\":\"https:\/\/www.generaldies.com\/it\/\",\"name\":\"Home\"}},{\"@type\":\"ListItem\",\"position\":2,\"item\":{\"@type\":\"WebPage\",\"@id\":\"https:\/\/www.generaldies.com\/it\/impianti-pellet\/\",\"url\":\"https:\/\/www.generaldies.com\/it\/impianti-pellet\/\",\"name\":\"Impianti Pellet\"}},{\"@type\":\"ListItem\",\"position\":3,\"item\":{\"@id\":\"https:\/\/www.generaldies.com\/it\/impianti-pellet\/impianti-paglia-fieno-erba\/#webpage\"}}]}]}<\/script>\n<!-- \/ Yoast SEO plugin. -->","_links":{"self":[{"href":"https:\/\/www.generaldies.com\/it\/wp-json\/wp\/v2\/pages\/1835"}],"collection":[{"href":"https:\/\/www.generaldies.com\/it\/wp-json\/wp\/v2\/pages"}],"about":[{"href":"https:\/\/www.generaldies.com\/it\/wp-json\/wp\/v2\/types\/page"}],"author":[{"embeddable":true,"href":"https:\/\/www.generaldies.com\/it\/wp-json\/wp\/v2\/users\/1"}],"replies":[{"embeddable":true,"href":"https:\/\/www.generaldies.com\/it\/wp-json\/wp\/v2\/comments?post=1835"}],"version-history":[{"count":9,"href":"https:\/\/www.generaldies.com\/it\/wp-json\/wp\/v2\/pages\/1835\/revisions"}],"predecessor-version":[{"id":8222,"href":"https:\/\/www.generaldies.com\/it\/wp-json\/wp\/v2\/pages\/1835\/revisions\/8222"}],"up":[{"embeddable":true,"href":"https:\/\/www.generaldies.com\/it\/wp-json\/wp\/v2\/pages\/166"}],"wp:featuredmedia":[{"embeddable":true,"href":"https:\/\/www.generaldies.com\/it\/wp-json\/wp\/v2\/media\/4503"}],"wp:attachment":[{"href":"https:\/\/www.generaldies.com\/it\/wp-json\/wp\/v2\/media?parent=1835"}],"curies":[{"name":"wp","href":"https:\/\/api.w.org\/{rel}","templated":true}]}}