{"id":181,"date":"2017-03-06T11:57:15","date_gmt":"2017-03-06T10:57:15","guid":{"rendered":"https:\/\/www.generaldies.com\/?page_id=181"},"modified":"2017-05-30T15:58:06","modified_gmt":"2017-05-30T13:58:06","slug":"consulenza","status":"publish","type":"page","link":"https:\/\/www.generaldies.com\/it\/servizi\/consulenza\/","title":{"rendered":"Consulenza e Assistenza"},"content":{"rendered":"<p>[vc_row][vc_column][vc_column_text]<img loading=\"lazy\" class=\"alignleft size-medium wp-image-4787\" src=\"https:\/\/www.generaldies.com\/wp-content\/uploads\/2017\/03\/ufficio-tecnico-300x200.jpg\" alt=\"ufficio tecnico general dies\" width=\"300\" height=\"200\" srcset=\"https:\/\/www.generaldies.com\/wp-content\/uploads\/2017\/03\/ufficio-tecnico-300x200.jpg 300w, https:\/\/www.generaldies.com\/wp-content\/uploads\/2017\/03\/ufficio-tecnico-768x512.jpg 768w, https:\/\/www.generaldies.com\/wp-content\/uploads\/2017\/03\/ufficio-tecnico.jpg 800w\" sizes=\"(max-width: 300px) 100vw, 300px\" \/>Offriamo assistenza continua al cliente in tutte le forme in cui si renda necessaria: suggerimenti telefonici, visite in loco, assistenza su richiesta, <a href=\"https:\/\/www.generaldies.com\/it\/servizi\/riparazione-macchine\/\">revisione di macchine e impianti<\/a>, ritiro, <a href=\"https:\/\/www.generaldies.com\/it\/servizi\/riparazione-rulli-camicie\/\">revisione di trafile, rulli e camicie<\/a> e consegna dei pezzi revisionati.<\/p>\n<p>La consulenza che siamo in grado di offrire al cliente e la nostra dedizione e capacit\u00e0 nell&#8217;assisterlo sono per noi motivo di impegno ed orgoglio.<\/p>\n<p><img loading=\"lazy\" class=\"size-medium wp-image-4793 alignright\" src=\"https:\/\/www.generaldies.com\/wp-content\/uploads\/2017\/03\/consulenza-300x300.jpg\" alt=\"\" width=\"300\" height=\"300\" srcset=\"https:\/\/www.generaldies.com\/wp-content\/uploads\/2017\/03\/consulenza-300x300.jpg 300w, https:\/\/www.generaldies.com\/wp-content\/uploads\/2017\/03\/consulenza-150x150.jpg 150w, https:\/\/www.generaldies.com\/wp-content\/uploads\/2017\/03\/consulenza.jpg 600w, https:\/\/www.generaldies.com\/wp-content\/uploads\/2017\/03\/consulenza-400x400.jpg 400w\" sizes=\"(max-width: 300px) 100vw, 300px\" \/>Siamo costantemente impegnati nel fornire un servizio di alto livello, non lasciando mai il Cliente da solo con problemi di produzione e\/o di ricambi. Noi ci siamo sempre, anche nei giorni festivi o durante le vacanze, perch\u00e9 capiamo quanto sia importante che il Vostro impianto funzioni sempre e funzioni sempre bene.<\/p>\n<p>Siamo appassionati del nostro lavoro e questo rende il problema del Cliente anche e sempre un nostro problema, a prescindere dalle cause, problema da risolvere nel modo pi\u00f9 economico e duraturo, adottando sempre componenti di altissima qualit\u00e0 e tecnici di indiscutibile professionalit\u00e0[\/vc_column_text][\/vc_column][\/vc_row]<\/p>\n","protected":false},"excerpt":{"rendered":"<p>[vc_row][vc_column][vc_column_text]Offriamo assistenza continua al cliente in tutte le forme in cui si renda necessaria: suggerimenti telefonici, visite in loco, assistenza su richiesta, revisione di macchine e impianti, ritiro, revisione di trafile, rulli e camicie e consegna dei pezzi revisionati. La consulenza che siamo in grado di offrire al cliente e la nostra dedizione e capacit\u00e0 [&hellip;]<\/p>\n","protected":false},"author":1,"featured_media":4307,"parent":175,"menu_order":64,"comment_status":"closed","ping_status":"closed","template":"","meta":{"_mi_skip_tracking":false},"acf":{"barra_cta":true,"immagine_barra_cta":false},"yoast_head":"<!-- This site is optimized with the Yoast SEO plugin v16.4 - https:\/\/yoast.com\/wordpress\/plugins\/seo\/ -->\n<title>Consulenza e assistenza - General Dies<\/title>\n<meta name=\"description\" content=\"Offriamo assistenza al cliente in tutte le forme: suggerimenti telefonici, visite in loco, revisione di macchine e impianti e non solo.\" \/>\n<meta name=\"robots\" content=\"index, follow, max-snippet:-1, max-image-preview:large, max-video-preview:-1\" \/>\n<link rel=\"canonical\" href=\"https:\/\/www.generaldies.com\/it\/servizi\/consulenza\/\" \/>\n<meta property=\"og:locale\" content=\"it_IT\" \/>\n<meta property=\"og:type\" content=\"article\" \/>\n<meta property=\"og:title\" content=\"Consulenza e assistenza - General Dies\" \/>\n<meta property=\"og:description\" content=\"Offriamo assistenza al cliente in tutte le forme: suggerimenti telefonici, visite in loco, revisione di macchine e impianti e non solo.\" \/>\n<meta property=\"og:url\" content=\"https:\/\/www.generaldies.com\/it\/servizi\/consulenza\/\" \/>\n<meta property=\"og:site_name\" content=\"General Dies\" \/>\n<meta property=\"article:modified_time\" content=\"2017-05-30T13:58:06+00:00\" \/>\n<meta property=\"og:image\" content=\"https:\/\/www.generaldies.com\/wp-content\/uploads\/2017\/02\/Consulenza-Consulting-Service.jpg\" \/>\n\t<meta property=\"og:image:width\" content=\"800\" \/>\n\t<meta property=\"og:image:height\" content=\"603\" \/>\n<meta name=\"twitter:card\" content=\"summary\" \/>\n<meta name=\"twitter:label1\" content=\"Tempo di lettura stimato\" \/>\n\t<meta name=\"twitter:data1\" content=\"1 minuto\" \/>\n<script type=\"application\/ld+json\" class=\"yoast-schema-graph\">{\"@context\":\"https:\/\/schema.org\",\"@graph\":[{\"@type\":\"WebSite\",\"@id\":\"https:\/\/www.generaldies.com\/it\/#website\",\"url\":\"https:\/\/www.generaldies.com\/it\/\",\"name\":\"General Dies\",\"description\":\"Dal 1960 al servizio della pellettatura\",\"potentialAction\":[{\"@type\":\"SearchAction\",\"target\":\"https:\/\/www.generaldies.com\/it\/?s={search_term_string}\",\"query-input\":\"required name=search_term_string\"}],\"inLanguage\":\"it-IT\"},{\"@type\":\"ImageObject\",\"@id\":\"https:\/\/www.generaldies.com\/it\/servizi\/consulenza\/#primaryimage\",\"inLanguage\":\"it-IT\",\"url\":\"https:\/\/www.generaldies.com\/wp-content\/uploads\/2017\/02\/Consulenza-Consulting-Service.jpg\",\"contentUrl\":\"https:\/\/www.generaldies.com\/wp-content\/uploads\/2017\/02\/Consulenza-Consulting-Service.jpg\",\"width\":800,\"height\":603,\"caption\":\"Consulenza - Consulting Service\"},{\"@type\":\"WebPage\",\"@id\":\"https:\/\/www.generaldies.com\/it\/servizi\/consulenza\/#webpage\",\"url\":\"https:\/\/www.generaldies.com\/it\/servizi\/consulenza\/\",\"name\":\"Consulenza e assistenza - General Dies\",\"isPartOf\":{\"@id\":\"https:\/\/www.generaldies.com\/it\/#website\"},\"primaryImageOfPage\":{\"@id\":\"https:\/\/www.generaldies.com\/it\/servizi\/consulenza\/#primaryimage\"},\"datePublished\":\"2017-03-06T10:57:15+00:00\",\"dateModified\":\"2017-05-30T13:58:06+00:00\",\"description\":\"Offriamo assistenza al cliente in tutte le forme: suggerimenti telefonici, visite in loco, revisione di macchine e impianti e non solo.\",\"breadcrumb\":{\"@id\":\"https:\/\/www.generaldies.com\/it\/servizi\/consulenza\/#breadcrumb\"},\"inLanguage\":\"it-IT\",\"potentialAction\":[{\"@type\":\"ReadAction\",\"target\":[\"https:\/\/www.generaldies.com\/it\/servizi\/consulenza\/\"]}]},{\"@type\":\"BreadcrumbList\",\"@id\":\"https:\/\/www.generaldies.com\/it\/servizi\/consulenza\/#breadcrumb\",\"itemListElement\":[{\"@type\":\"ListItem\",\"position\":1,\"item\":{\"@type\":\"WebPage\",\"@id\":\"https:\/\/www.generaldies.com\/it\/\",\"url\":\"https:\/\/www.generaldies.com\/it\/\",\"name\":\"Home\"}},{\"@type\":\"ListItem\",\"position\":2,\"item\":{\"@type\":\"WebPage\",\"@id\":\"https:\/\/www.generaldies.com\/it\/servizi\/\",\"url\":\"https:\/\/www.generaldies.com\/it\/servizi\/\",\"name\":\"Servizi\"}},{\"@type\":\"ListItem\",\"position\":3,\"item\":{\"@id\":\"https:\/\/www.generaldies.com\/it\/servizi\/consulenza\/#webpage\"}}]}]}<\/script>\n<!-- \/ Yoast SEO plugin. -->","_links":{"self":[{"href":"https:\/\/www.generaldies.com\/it\/wp-json\/wp\/v2\/pages\/181"}],"collection":[{"href":"https:\/\/www.generaldies.com\/it\/wp-json\/wp\/v2\/pages"}],"about":[{"href":"https:\/\/www.generaldies.com\/it\/wp-json\/wp\/v2\/types\/page"}],"author":[{"embeddable":true,"href":"https:\/\/www.generaldies.com\/it\/wp-json\/wp\/v2\/users\/1"}],"replies":[{"embeddable":true,"href":"https:\/\/www.generaldies.com\/it\/wp-json\/wp\/v2\/comments?post=181"}],"version-history":[{"count":6,"href":"https:\/\/www.generaldies.com\/it\/wp-json\/wp\/v2\/pages\/181\/revisions"}],"predecessor-version":[{"id":6541,"href":"https:\/\/www.generaldies.com\/it\/wp-json\/wp\/v2\/pages\/181\/revisions\/6541"}],"up":[{"embeddable":true,"href":"https:\/\/www.generaldies.com\/it\/wp-json\/wp\/v2\/pages\/175"}],"wp:featuredmedia":[{"embeddable":true,"href":"https:\/\/www.generaldies.com\/it\/wp-json\/wp\/v2\/media\/4307"}],"wp:attachment":[{"href":"https:\/\/www.generaldies.com\/it\/wp-json\/wp\/v2\/media?parent=181"}],"curies":[{"name":"wp","href":"https:\/\/api.w.org\/{rel}","templated":true}]}}