{"id":163,"date":"2017-03-06T10:49:48","date_gmt":"2017-03-06T09:49:48","guid":{"rendered":"https:\/\/www.generaldies.com\/?page_id=163"},"modified":"2021-06-02T18:37:09","modified_gmt":"2021-06-02T16:37:09","slug":"privacy-policy","status":"publish","type":"page","link":"https:\/\/www.generaldies.com\/it\/privacy-policy\/","title":{"rendered":"Privacy Policy"},"content":{"rendered":"<p>Privacy Policy<\/p>\n<p>Informazioni agli utenti sul trattamento dei dati personali ai sensi e per gli effetti dell\u2019art. 13 del del Regolamento UE 2016\/679<\/p>\n<p>In osservanza a quanto previsto dal Regolamento UE relativo alla protezione delle persone fisiche con riguardo al trattamento dei dati personali, si forniscono le informazioni agli utenti che consultano il presente sito web, in particolare di coloro che interagiscono con i servizi web accessibili per via telematica a partire dall\u2019indirizzo <a href=\"http:\/\/www.generaldies.com\">http:\/\/www.generaldies.com<\/a>, corrispondente alla pagina iniziale. Le informazioni riguardano le finalit\u00e0 e le modalit\u00e0 del trattamento dei dati personali, l\u2019ambito di comunicazione e diffusione degli stessi, la loro natura ed il loro conferimento.<br \/>\nL\u2019informativa \u00e8 resa solo per questo sito web e non anche per altri siti web eventualmente consultati dall\u2019utente tramite link. Il sito web contiene o potrebbe contenere infatti link ad altri siti web che non appartengono o che non sono sotto la diretta supervisione del gestore del presente sito web (c.d. EDITORE) che, di conseguenza, non \u00e8 responsabile delle eventuali condotte illecite o comunque non conformi alla vigente legislazione, anche in relazione alla tutela delle persone fisiche con riguardo al trattamento dei dati personali, adottate su detti siti web.<br \/>\nIl gestore del sito web <a href=\"http:\/\/www.generaldies.com\">http:\/\/www.generaldies.com<\/a> (c.d. EDITORE) \u00e9 GENERAL DIES , VIA STRA\u2019, 182 &#8211; 37030 COLOGNOLA AI COLLI (VR), P.I. IT 00442730230.<\/p>\n<p>&nbsp;<\/p>\n<ol>\n<li><strong> Titolare del trattamento<\/strong><\/li>\n<\/ol>\n<p>Titolare del trattamento dei dati personali \u00e9 GENERAL DIES , VIA STRA\u2019, 182 &#8211; 37030 COLOGNOLA AI COLLI (VR), P.I. IT 00442730230.<br \/>\nPer esercitare i propri diritti l\u2019utente pu\u00f2 rivolgersi ai seguenti riferimenti: tel.: (+39) 045 765 0600 email: <a href=\"mailto:info@generaldies.com\">info@generaldies.com<\/a>.<\/p>\n<p>&nbsp;<\/p>\n<ol start=\"2\">\n<li><strong> Finalit\u00e0 del trattamento<\/strong><\/li>\n<\/ol>\n<p>Il trattamento dei dati \u00e8 diretto esclusivamente al raggiungimento delle finalit\u00e0 di seguito riportate.<br \/>\n2.1. Compilazione del form \u201cCONTATTACI\u201d<br \/>\nL\u2019utente \u00e8 chiamato ad inserire i propri nome, cognome, azienda per cui opera, citt\u00e0, paese, telefono ed indirizzo e-mail. E ad esprimere opzionalmente il reparto di interesse. Tali dati vengono richiesti per:<br \/>\na) permettere all\u2019utente di avere le corrette informazioni di risposta ai suoi quesiti, anche attraverso l\u2019invio di materiale informativo dei prodotti e dei servizi erogati dal sito web;<br \/>\nb) permettere al Titolare del trattamento, previo consenso, di informare, promuovere e pubblicizzare, anche a mezzo della posta elettronica, i prodotti e i servizi erogati dal sito web.<br \/>\nTale trattamento \u00e9 improntato ai principi di correttezza, liceit\u00e0 e trasparenza tutelando la riservatezza e i diritti dell\u2019utente.<\/p>\n<p>&nbsp;<\/p>\n<ol start=\"3\">\n<li><strong> Conferimento<\/strong><\/li>\n<\/ol>\n<p>Il conferimento dei dati per il raggiungimento delle finalit\u00e0 di cui al punto 2 \u00e8 facoltativo. La mancata od errata indicazione dei dati evidenziati come necessari non consente all\u2019utente di avere le corrette informazioni di risposta ai suoi quesiti (punto 2.1.a)), ovvero di essere aggiornato sui servizi e sui prodotti erogati dal Titolare e sulle diverse iniziative commerciali (punto 2.1.b)).<br \/>\nIl consenso al trattamento dei dati per una o pi\u00f9 delle finalit\u00e0 di cui al punto 2 pu\u00f2 essere revocato in qualsiasi momento, contattando il Titolare del trattamento ad uno dei riferimenti di cui al precedente punto 1.<\/p>\n<p>&nbsp;<\/p>\n<ol start=\"4\">\n<li><strong> Tipologia dei dati trattati e cookies<\/strong><\/li>\n<\/ol>\n<p><strong><em>Dati di navigazione<\/em><\/strong><br \/>\nI sistemi informatici e le procedure software preposte al funzionamento di questo sito web acquisiscono, nel normale esercizio, alcuni dati personali che vengono trasmessi implicitamente nell\u2019uso dei protocolli di comunicazione internet. Si tratta di dati relativi al traffico telematico che per loro natura non sono immediatamente associabili all\u2019utente, ma tramite elaborazioni o associazioni con dati detenuti da terzi potrebbero permettere di identificarlo (per es. l\u2019indirizzo IP, o il nome a dominio del computer utilizzato dall\u2019utente che si connette al sito, o altri parametri relativi al sistema operativo e all\u2019ambiente informatico dell\u2019utente, ed altro ancora).<br \/>\nQuesti dati vengono utilizzati soltanto per informazioni statistiche anonime relative all\u2019utilizzo del sito web o per verificare la corretta funzionalit\u00e0 dello stesso. I dati potrebbero essere utilizzati per l\u2019accertamento di responsabilit\u00e0 in caso di ipotetici reati informatici ai danni del sito web: essi costituiscono piena ed incontrovertibile prova dei fatti e degli atti compiuti dall\u2019utente di fronte all\u2019EDITORE, al Titolare del trattamento dei dati e\/o a Soggetti Terzi.<br \/>\nI dati hanno carattere di riservatezza assoluta e possono essere esibiti e\/o forniti esclusivamente su richiesta dei Soggetti espressamente indicati dalla Legge. Il Titolare del trattamento dei dati adotta tutte le misure tecniche ed organizzative necessarie a garantire tale riservatezza. I dati sono conservati dal Titolare del trattamento per il periodo strettamente necessario e comunque in conformit\u00e0 alle vigenti disposizioni normative in materia. Trascorso tale periodo i dati vengono distrutti e non \u00e9 pi\u00f9 garantita la possibilit\u00e0 di ottenerne copia.<br \/>\n<strong><em>Dati forniti volontariamente dall\u2019utente<br \/>\n<\/em><\/strong>L\u2019invio facoltativo, esplicito e volontario di dati personali durante la consultazione e\/o l\u2019interazione con questo sito web ne comporta la successiva acquisizione (si veda precedente punto 2).<\/p>\n<p><strong><em>Cookies<\/em><\/strong><br \/>\nI cookies sono dei piccoli file di testo che vengono inviati dal computer sul quale \u00e8 in esecuzione il sito web, vengono memorizzati nel dispositivo dell\u2019utente durante la navigazione e svolgono varie funzioni come ricordare i dati della lingua selezionata, raccogliere informazioni statistiche sulle pagine visitate, identificare il browser e il dispositivo utilizzati, selezionare contenuti e comunicazioni mirati a seconda delle proprie preferenze e altro ancora. Vengono quindi rinviati al computer sul quale \u00e8 in esecuzione il sito web durante le visite successive.<br \/>\nIn questo sito web vengono utilizzati dei cookies che permettono di immagazzinare e trasportare informazioni. I cookies utilizzati sono erogati sia dal gestore del sito web (EDITORE) che da Soggetti Terzi (c.d. TERZE PARTI).<br \/>\nI cookies possono essere di vario tipo, a seconda della tipologia di dati che memorizzano e di quanto tempo restano memorizzati sul dispositivo dell\u2019utente.<\/p>\n<p>I cookies utilizzati in questo sito web sono esclusivamente cookies \u201ctecnici\u201d ossia:<\/p>\n<ul>\n<li>cookies \u201cdi navigazione o di sessione\u201d che garantiscono la normale navigazione e fruizione del sito web (permettendo, ad esempio, di autenticarsi per accedere ad un\u2019area riservata) ed evitano il ricorso ad altre tecniche informatiche potenzialmente pregiudizievoli per la riservatezza della navigazione dell\u2019utente e non consentono l\u2019acquisizione di dati personali identificativi dell\u2019utente stesso;<br \/>\n\u2022 cookies \u201canalitici\u201d dell\u2019EDITORE e anche di TERZE PARTI per raccogliere informazioni, in forma aggregata, sul numero degli utenti e su come questi visitano il sito stesso;<br \/>\n\u2022 cookies \u201cdi funzionalit\u00e0\u201d che permettono all\u2019utente la navigazione in funzione di una serie di criteri selezionati (ad esempio, la lingua) al fine di migliorare il servizio reso allo stesso.<\/li>\n<\/ul>\n<p>Il sito utilizza cookies \u201ctecnici\u201d per garantire e agevolare la navigazione e fruizione del sito web e per raccogliere informazioni, in forma aggregata, sulle visite al sito.<\/p>\n<p>Non sono invece utilizzati cookies \u201cdi profilazione\u201d volti a creare profili relativi all\u2019utente e successivamente utilizzati al fine di inviare messaggi pubblicitari in linea con le preferenze manifestate dallo stesso nell\u2019ambito della navigazione in rete.<\/p>\n<p>Per l\u2019installazione dei soli cookies \u201ctecnici\u201d non \u00e8 richiesto il preventivo consenso dell\u2019utente. L\u2019utente pu\u00f2 comunque sempre richiedere la disattivazione dei cookies modificando le impostazioni del browser; tale disattivazione, per\u00f2, pu\u00f2 rallentare o impedire l\u2019accesso ad alcune parti del sito web.<br \/>\nPer ulteriori informazioni l\u2019utente pu\u00f2 consultare la Cookies Policy <em>(link alla Cookies Policy)<\/em>.<\/p>\n<p>&nbsp;<\/p>\n<ol start=\"5\">\n<li><strong> Modalit\u00e0 di trattamento<\/strong><\/li>\n<\/ol>\n<p>Il trattamento dei dati viene effettuato prevalentemente con strumenti informatici e telematici, con logiche strettamente correlate alle finalit\u00e0 ed in modo da garantire la sicurezza e la riservatezza dei dati, da soggetti che vengono appositamente nominati quali Incaricati e\/o Responsabili da parte del Titolare del trattamento.<\/p>\n<p>&nbsp;<\/p>\n<ol start=\"6\">\n<li><strong> Conservazione<\/strong><\/li>\n<\/ol>\n<p>I dati personali dell\u2019utente sono conservati per il solo tempo necessario a garantire la corretta prestazione dei servizi richiesti e offerti tramite il Sito web (di cui al precedente punto 2.1.a)).<br \/>\nNel caso di trattamento per finalit\u00e0 commerciali acconsentite dall\u2019utente (di cui al precedente punto 2.1.b)), i dati personali sono conservati in apposite banche dati di propriet\u00e0 del Titolare del trattamento per un tempo congruo con il fine stesso del trattamento, e comunque non superiore a 2 anni, oltre il quale il Titolare del trattamento garantisce la cancellazione automatica dei dati.<\/p>\n<p>Tutte le informazioni raccolte vengono memorizzate e mantenute in strutture sicure che limitano l\u2019accesso esclusivamente al personale autorizzato. I servizi vengono costantemente mantenuti per verificare l\u2019eventuale presenza di violazioni della sicurezza ed assicurare che tutte le informazioni raccolte siano al riparo da eventuali intrusioni di terzi che intendessero prenderne possesso senza autorizzazione.<br \/>\nIl Titolare del trattamento dei dati si attiene a tutte le misure di sicurezza descritte dalle leggi e dalle normative applicabili e vigenti nell\u2019Unione Europea, ed adotta tutte le misure adeguate secondo i criteri attualmente pi\u00f9 all\u2019avanguardia per assicurare e garantire la riservatezza dei dati personali degli utenti e ridurre al minimo, per quanto possibile, i pericoli costituiti dall\u2019accesso non autorizzato, dalla rimozione, perdita o dal danneggiamento dei dati personali degli utenti.<\/p>\n<p>&nbsp;<\/p>\n<ol start=\"7\">\n<li><strong> Comunicazione e diffusione<\/strong><\/li>\n<\/ol>\n<p>Fermo restando le comunicazioni effettuate in esecuzione ad obblighi legali e contrattuali, per la difesa dei diritti e su richiesta dalle Autorit\u00e0 competenti, i dati possono essere comunicati a:<br \/>\n\u2022 Dipendenti e\/o collaboratori del Titolare del trattamento ai quali il trasferimento dei dati \u00e9 necessario o \u00e8 comunque finalizzato allo svolgimento dell\u2019attivit\u00e0 richiesta dall\u2019utente;<br \/>\n\u2022 Professionisti e\/o Studi e\/o Societ\u00e0 per l\u2019amministrazione e la gestione che eventualmente operano per conto del Titolare del trattamento;<br \/>\n\u2022 Professionisti e\/o Studi e\/o Societ\u00e0 per l\u2019attivit\u00e0 di promozione commerciale che eventualmente operano per conto del Titolare del trattamento;<br \/>\n\u2022 Professionisti e\/o Studi e\/o Societ\u00e0 per l\u2019installazione, la manutenzione, l\u2019aggiornamento e, in generale, la gestione degli hardware e dei software di propriet\u00e0 del Titolare del trattamento o di cui esso si serve per l\u2019erogazione dei propri servizi web;<br \/>\n\u2022 Uffici postali e\/o Corrieri e\/o Spedizionieri incaricati della spedizione e consegna del materiale eventualmente richiesto dall\u2019utente tramite il sito web.<br \/>\nI soggetti destinatari della comunicazione sono comunque appositamente nominati quali Incaricati e\/o Responsabili del trattamento da parte del Titolare del trattamento.<br \/>\nI dati dell\u2019utente non sono oggetto di alcuna diffusione (ossia di comunicazione ad una quantit\u00e0 indistinta di altri soggetti).<\/p>\n<p>&nbsp;<\/p>\n<ol start=\"8\">\n<li><strong> Diritti dell\u2019utente<\/strong><\/li>\n<\/ol>\n<p>L\u2019Utente pu\u00f2 esercitare tutta una serie di diritti.<\/p>\n<p>Innanzitutto ha la possibilit\u00e0 di ottenere dal Titolare informazioni sull\u2019origine e sulle finalit\u00e0 del trattamento dei propri dati personali, sulle categorie di dati che vengono trattati, a quali destinatari o categorie di destinatari i propri dati sono stati o saranno comunicati, il periodo di conservazione o, se non \u00e8 possibile, i criteri utilizzati per determinarlo.<\/p>\n<p>Sui dati personali forniti l\u2019Utente ha il diritto di ottenere la rettifica dei dati errati e l\u2019integrazione dei dati incompleti. Ha il diritto alla cancellazione degli stessi, per quanto non riconducibile ad obblighi di legge e contrattuali, ed alla limitazione del trattamento in determinate circostanze. E\u2019 anche un suo diritto ricevere dal Titolare i propri dati personali e di trasmetterli ad un altro Titolare senza nessun impedimento.<\/p>\n<p>Ha il diritto di revocare in qualsiasi momento il consenso per ciascuna finalit\u00e0 a cui lo ha eventualmente concesso.<\/p>\n<p>Ha il diritto di proporre reclamo all\u2019autorit\u00e0 di controllo.<\/p>\n<p>&nbsp;<\/p>\n<ol start=\"9\">\n<li><strong> Modifiche<\/strong><\/li>\n<\/ol>\n<p>Il Titolare del trattamento dei dati personali si riserva il diritto di aggiornare periodicamente la presente informativa senza preavviso, garantendo in ogni caso un\u2019adeguata e analoga protezione dei dati personali. In tal caso, qualsiasi modifica decorrer\u00e0 con effetto immediato dalla sua pubblicazione sul sito web.<br \/>\nAl fine di visionare eventuali modifiche, l\u2019utente \u00e8 invitato a consultare con regolarit\u00e0 la presente informativa, la quale in ogni caso indica la data di ultima modifica.*<\/p>\n<p>&nbsp;<\/p>\n<ol start=\"10\">\n<li><strong> Consenso<\/strong><\/li>\n<\/ol>\n<p>Con la spunta apposta nell\u2019apposita casella, l\u2019utente dichiara di aver letto, compreso ed acquisito tutte le informazioni contenute nella presente informativa redatta ai sensi e per gli effetti dell\u2019art. 13 del Regolamento UE 2016\/679, consapevole che la manifestazione del consenso all\u2019effettuazione del trattamento dei dati personali da parte del Titolare del trattamento per le finalit\u00e0 connesse alla corretta gestione delle proprie richieste specifiche (precedente punto 2.1.a)) risulta non necessaria ai sensi dell\u2019art. 6 par. 1 lett. b) del Regolamento UE 2016\/679.<br \/>\nCon la spunta apposta nell\u2019apposita casella, l\u2019utente attesta il proprio libero consenso affinch\u00e9 il Titolare proceda al trattamento dei propri dati personali per finalit\u00e0 di promozione commerciale volte a far conoscere i servizi e i prodotti erogati dal sito web, come risultanti dalla presente scheda informativa (precedente punto 2.1.b))..<\/p>\n<p>* Aggiornato il 10\/05\/2021<\/p>\n<p>&nbsp;<\/p>\n","protected":false},"excerpt":{"rendered":"<p>Privacy Policy Informazioni agli utenti sul trattamento dei dati personali ai sensi e per gli effetti dell\u2019art. 13 del del Regolamento UE 2016\/679 In osservanza a quanto previsto dal Regolamento UE relativo alla protezione delle persone fisiche con riguardo al trattamento dei dati personali, si forniscono le informazioni agli utenti che consultano il presente sito [&hellip;]<\/p>\n","protected":false},"author":1,"featured_media":0,"parent":0,"menu_order":142,"comment_status":"closed","ping_status":"closed","template":"","meta":{"_mi_skip_tracking":false},"acf":{"barra_cta":false},"yoast_head":"<!-- This site is optimized with the Yoast SEO plugin v16.4 - https:\/\/yoast.com\/wordpress\/plugins\/seo\/ -->\n<title>Privacy Policy - General Dies<\/title>\n<meta name=\"robots\" content=\"index, follow, max-snippet:-1, max-image-preview:large, max-video-preview:-1\" \/>\n<link rel=\"canonical\" href=\"https:\/\/www.generaldies.com\/it\/privacy-policy\/\" \/>\n<meta property=\"og:locale\" content=\"it_IT\" \/>\n<meta property=\"og:type\" content=\"article\" \/>\n<meta property=\"og:title\" content=\"Privacy Policy - General Dies\" \/>\n<meta property=\"og:description\" content=\"Privacy Policy Informazioni agli utenti sul trattamento dei dati personali ai sensi e per gli effetti dell\u2019art. 13 del del Regolamento UE 2016\/679 In osservanza a quanto previsto dal Regolamento UE relativo alla protezione delle persone fisiche con riguardo al trattamento dei dati personali, si forniscono le informazioni agli utenti che consultano il presente sito [&hellip;]\" \/>\n<meta property=\"og:url\" content=\"https:\/\/www.generaldies.com\/it\/privacy-policy\/\" \/>\n<meta property=\"og:site_name\" content=\"General Dies\" \/>\n<meta property=\"article:modified_time\" content=\"2021-06-02T16:37:09+00:00\" \/>\n<meta name=\"twitter:card\" content=\"summary\" \/>\n<meta name=\"twitter:label1\" content=\"Tempo di lettura stimato\" \/>\n\t<meta name=\"twitter:data1\" content=\"10 minuti\" \/>\n<script type=\"application\/ld+json\" class=\"yoast-schema-graph\">{\"@context\":\"https:\/\/schema.org\",\"@graph\":[{\"@type\":\"WebSite\",\"@id\":\"https:\/\/www.generaldies.com\/it\/#website\",\"url\":\"https:\/\/www.generaldies.com\/it\/\",\"name\":\"General Dies\",\"description\":\"Dal 1960 al servizio della pellettatura\",\"potentialAction\":[{\"@type\":\"SearchAction\",\"target\":\"https:\/\/www.generaldies.com\/it\/?s={search_term_string}\",\"query-input\":\"required name=search_term_string\"}],\"inLanguage\":\"it-IT\"},{\"@type\":\"WebPage\",\"@id\":\"https:\/\/www.generaldies.com\/it\/privacy-policy\/#webpage\",\"url\":\"https:\/\/www.generaldies.com\/it\/privacy-policy\/\",\"name\":\"Privacy Policy - General Dies\",\"isPartOf\":{\"@id\":\"https:\/\/www.generaldies.com\/it\/#website\"},\"datePublished\":\"2017-03-06T09:49:48+00:00\",\"dateModified\":\"2021-06-02T16:37:09+00:00\",\"breadcrumb\":{\"@id\":\"https:\/\/www.generaldies.com\/it\/privacy-policy\/#breadcrumb\"},\"inLanguage\":\"it-IT\",\"potentialAction\":[{\"@type\":\"ReadAction\",\"target\":[\"https:\/\/www.generaldies.com\/it\/privacy-policy\/\"]}]},{\"@type\":\"BreadcrumbList\",\"@id\":\"https:\/\/www.generaldies.com\/it\/privacy-policy\/#breadcrumb\",\"itemListElement\":[{\"@type\":\"ListItem\",\"position\":1,\"item\":{\"@type\":\"WebPage\",\"@id\":\"https:\/\/www.generaldies.com\/it\/\",\"url\":\"https:\/\/www.generaldies.com\/it\/\",\"name\":\"Home\"}},{\"@type\":\"ListItem\",\"position\":2,\"item\":{\"@id\":\"https:\/\/www.generaldies.com\/it\/privacy-policy\/#webpage\"}}]}]}<\/script>\n<!-- \/ Yoast SEO plugin. -->","_links":{"self":[{"href":"https:\/\/www.generaldies.com\/it\/wp-json\/wp\/v2\/pages\/163"}],"collection":[{"href":"https:\/\/www.generaldies.com\/it\/wp-json\/wp\/v2\/pages"}],"about":[{"href":"https:\/\/www.generaldies.com\/it\/wp-json\/wp\/v2\/types\/page"}],"author":[{"embeddable":true,"href":"https:\/\/www.generaldies.com\/it\/wp-json\/wp\/v2\/users\/1"}],"replies":[{"embeddable":true,"href":"https:\/\/www.generaldies.com\/it\/wp-json\/wp\/v2\/comments?post=163"}],"version-history":[{"count":4,"href":"https:\/\/www.generaldies.com\/it\/wp-json\/wp\/v2\/pages\/163\/revisions"}],"predecessor-version":[{"id":8400,"href":"https:\/\/www.generaldies.com\/it\/wp-json\/wp\/v2\/pages\/163\/revisions\/8400"}],"wp:attachment":[{"href":"https:\/\/www.generaldies.com\/it\/wp-json\/wp\/v2\/media?parent=163"}],"curies":[{"name":"wp","href":"https:\/\/api.w.org\/{rel}","templated":true}]}}