{"id":119,"date":"2017-02-24T11:50:18","date_gmt":"2017-02-24T10:50:18","guid":{"rendered":"https:\/\/www.generaldies.com\/?page_id=119"},"modified":"2024-12-10T14:09:07","modified_gmt":"2024-12-10T13:09:07","slug":"dove-siamo","status":"publish","type":"page","link":"https:\/\/www.generaldies.com\/it\/azienda\/dove-siamo\/","title":{"rendered":"Dove siamo"},"content":{"rendered":"<p>[vc_row][vc_column width=&#8221;2\/3&#8243;][vc_empty_space height=&#8221;45px&#8221;][vc_gmaps link=&#8221;#E-8_JTNDaWZyYW1lJTIwc3JjJTNEJTIyaHR0cHMlM0ElMkYlMkZ3d3cuZ29vZ2xlLmNvbSUyRm1hcHMlMkZlbWJlZCUzRnBiJTNEJTIxMW0xOCUyMTFtMTIlMjExbTMlMjExZDI4MDAuNTI0NjgyODU3OTA0MyUyMTJkMTEuMTQ1MzI3ODE1NTU1OTM3JTIxM2Q0NS40MTg5MjM2NzkxMDAzOCUyMTJtMyUyMTFmMCUyMTJmMCUyMTNmMCUyMTNtMiUyMTFpMTAyNCUyMTJpNzY4JTIxNGYxMy4xJTIxM20zJTIxMW0yJTIxMXMweDQ3N2Y1Y2I5Yjk2NjM1M2IlMjUzQTB4OWRhOTkyMDE2NjZkMjNhOCUyMTJzR2VuZXJhbCUyQkRpZXMlMjE1ZTAlMjEzbTIlMjExc2l0JTIxMnNpdCUyMTR2MTQ4ODE4NjExMjgyNSUyMiUyMHdpZHRoJTNEJTIyNjAwJTIyJTIwaGVpZ2h0JTNEJTIyNDUwJTIyJTIwZnJhbWVib3JkZXIlM0QlMjIwJTIyJTIwc3R5bGUlM0QlMjJib3JkZXIlM0EwJTIyJTIwYWxsb3dmdWxsc2NyZWVuJTNFJTNDJTJGaWZyYW1lJTNF&#8221;][\/vc_column][vc_column width=&#8221;1\/3&#8243;][vc_custom_heading text=&#8221;COME RAGGIUNGERCI&#8221; font_container=&#8221;tag:h3|text_align:left&#8221; use_theme_fonts=&#8221;yes&#8221;][vc_column_text]<\/p>\n<p align=\"left\"><b>In auto<\/b><\/p>\n<p>Provenendo da Milano sull\u2019autostrada A4 Milano-Venezia uscire a Verona Est (seconda uscita verso Venezia dopo l\u2019incrocio con l\u2019autostrada A22 Brennero-Modena). Continuare per circa 5 km in direzione Vicenza. 500m dopo il paese di Vago di Lavagno, dopo una grande rotonda, si vede sulla sinistra di una segheria di marmo e subito dopo General Dies.<\/p>\n<p align=\"left\"><b>In treno<\/b><\/p>\n<p>Comode le stazioni ferroviarie di Caldiero e San Bonifacio. La stazione nelle vicinanze pi\u00f9 servita \u00e8 per\u00f2 quella di Verona Porta Nuova a circa 20 km dall\u2019azienda.<\/p>\n<p align=\"left\"><b>In aereo<\/b><\/p>\n<p>L\u2019aeroporto pi\u00f9 comodo e vicino \u00e8 il Valerio Catullo di Verona.<br \/>\nNelle vicinanze si possono prendere in considerazione l\u2019aeroporto \u2018Orio al Serio\u2019 di Milano (Bergamo), Milano-Linate, Milano-Malpensa, il \u2018Marconi\u2019 di Bologna, il \u2018Marco Polo\u2019 di Venezia e tutti gli aeroporti del nord-Italia.[\/vc_column_text][\/vc_column][\/vc_row]<\/p>\n","protected":false},"excerpt":{"rendered":"<p>[vc_row][vc_column width=&#8221;2\/3&#8243;][vc_empty_space height=&#8221;45px&#8221;][vc_gmaps link=&#8221;#E-8_JTNDaWZyYW1lJTIwc3JjJTNEJTIyaHR0cHMlM0ElMkYlMkZ3d3cuZ29vZ2xlLmNvbSUyRm1hcHMlMkZlbWJlZCUzRnBiJTNEJTIxMW0xOCUyMTFtMTIlMjExbTMlMjExZDI4MDAuNTI0NjgyODU3OTA0MyUyMTJkMTEuMTQ1MzI3ODE1NTU1OTM3JTIxM2Q0NS40MTg5MjM2NzkxMDAzOCUyMTJtMyUyMTFmMCUyMTJmMCUyMTNmMCUyMTNtMiUyMTFpMTAyNCUyMTJpNzY4JTIxNGYxMy4xJTIxM20zJTIxMW0yJTIxMXMweDQ3N2Y1Y2I5Yjk2NjM1M2IlMjUzQTB4OWRhOTkyMDE2NjZkMjNhOCUyMTJzR2VuZXJhbCUyQkRpZXMlMjE1ZTAlMjEzbTIlMjExc2l0JTIxMnNpdCUyMTR2MTQ4ODE4NjExMjgyNSUyMiUyMHdpZHRoJTNEJTIyNjAwJTIyJTIwaGVpZ2h0JTNEJTIyNDUwJTIyJTIwZnJhbWVib3JkZXIlM0QlMjIwJTIyJTIwc3R5bGUlM0QlMjJib3JkZXIlM0EwJTIyJTIwYWxsb3dmdWxsc2NyZWVuJTNFJTNDJTJGaWZyYW1lJTNF&#8221;][\/vc_column][vc_column width=&#8221;1\/3&#8243;][vc_custom_heading text=&#8221;COME RAGGIUNGERCI&#8221; font_container=&#8221;tag:h3|text_align:left&#8221; use_theme_fonts=&#8221;yes&#8221;][vc_column_text] In auto Provenendo da Milano sull\u2019autostrada A4 Milano-Venezia uscire a Verona Est (seconda uscita verso Venezia dopo l\u2019incrocio con l\u2019autostrada A22 Brennero-Modena). Continuare per circa 5 km in direzione Vicenza. 500m dopo il paese di Vago di Lavagno, dopo una grande rotonda, si vede sulla sinistra [&hellip;]<\/p>\n","protected":false},"author":1,"featured_media":0,"parent":95,"menu_order":25,"comment_status":"closed","ping_status":"closed","template":"","meta":{"_mi_skip_tracking":false},"acf":{"barra_cta":true,"immagine_barra_cta":false},"yoast_head":"<!-- This site is optimized with the Yoast SEO plugin v16.4 - https:\/\/yoast.com\/wordpress\/plugins\/seo\/ -->\n<title>Dove siamo e come raggiungerci - General Dies<\/title>\n<meta name=\"description\" content=\"Indirizzo e informazioni utili per raggiungere la nostra sede e capire dove siamo. Scopri General Dies.\" \/>\n<meta name=\"robots\" content=\"index, follow, max-snippet:-1, max-image-preview:large, max-video-preview:-1\" \/>\n<link rel=\"canonical\" href=\"https:\/\/www.generaldies.com\/it\/azienda\/dove-siamo\/\" \/>\n<meta property=\"og:locale\" content=\"it_IT\" \/>\n<meta property=\"og:type\" content=\"article\" \/>\n<meta property=\"og:title\" content=\"Dove siamo e come raggiungerci - General Dies\" \/>\n<meta property=\"og:description\" content=\"Indirizzo e informazioni utili per raggiungere la nostra sede e capire dove siamo. Scopri General Dies.\" \/>\n<meta property=\"og:url\" content=\"https:\/\/www.generaldies.com\/it\/azienda\/dove-siamo\/\" \/>\n<meta property=\"og:site_name\" content=\"General Dies\" \/>\n<meta property=\"article:modified_time\" content=\"2024-12-10T13:09:07+00:00\" \/>\n<meta name=\"twitter:card\" content=\"summary\" \/>\n<meta name=\"twitter:label1\" content=\"Tempo di lettura stimato\" \/>\n\t<meta name=\"twitter:data1\" content=\"1 minuto\" \/>\n<script type=\"application\/ld+json\" class=\"yoast-schema-graph\">{\"@context\":\"https:\/\/schema.org\",\"@graph\":[{\"@type\":\"WebSite\",\"@id\":\"https:\/\/www.generaldies.com\/it\/#website\",\"url\":\"https:\/\/www.generaldies.com\/it\/\",\"name\":\"General Dies\",\"description\":\"Dal 1960 al servizio della pellettatura\",\"potentialAction\":[{\"@type\":\"SearchAction\",\"target\":\"https:\/\/www.generaldies.com\/it\/?s={search_term_string}\",\"query-input\":\"required name=search_term_string\"}],\"inLanguage\":\"it-IT\"},{\"@type\":\"WebPage\",\"@id\":\"https:\/\/www.generaldies.com\/it\/azienda\/dove-siamo\/#webpage\",\"url\":\"https:\/\/www.generaldies.com\/it\/azienda\/dove-siamo\/\",\"name\":\"Dove siamo e come raggiungerci - General Dies\",\"isPartOf\":{\"@id\":\"https:\/\/www.generaldies.com\/it\/#website\"},\"datePublished\":\"2017-02-24T10:50:18+00:00\",\"dateModified\":\"2024-12-10T13:09:07+00:00\",\"description\":\"Indirizzo e informazioni utili per raggiungere la nostra sede e capire dove siamo. Scopri General Dies.\",\"breadcrumb\":{\"@id\":\"https:\/\/www.generaldies.com\/it\/azienda\/dove-siamo\/#breadcrumb\"},\"inLanguage\":\"it-IT\",\"potentialAction\":[{\"@type\":\"ReadAction\",\"target\":[\"https:\/\/www.generaldies.com\/it\/azienda\/dove-siamo\/\"]}]},{\"@type\":\"BreadcrumbList\",\"@id\":\"https:\/\/www.generaldies.com\/it\/azienda\/dove-siamo\/#breadcrumb\",\"itemListElement\":[{\"@type\":\"ListItem\",\"position\":1,\"item\":{\"@type\":\"WebPage\",\"@id\":\"https:\/\/www.generaldies.com\/it\/\",\"url\":\"https:\/\/www.generaldies.com\/it\/\",\"name\":\"Home\"}},{\"@type\":\"ListItem\",\"position\":2,\"item\":{\"@type\":\"WebPage\",\"@id\":\"https:\/\/www.generaldies.com\/it\/azienda\/\",\"url\":\"https:\/\/www.generaldies.com\/it\/azienda\/\",\"name\":\"Azienda\"}},{\"@type\":\"ListItem\",\"position\":3,\"item\":{\"@id\":\"https:\/\/www.generaldies.com\/it\/azienda\/dove-siamo\/#webpage\"}}]}]}<\/script>\n<!-- \/ Yoast SEO plugin. -->","_links":{"self":[{"href":"https:\/\/www.generaldies.com\/it\/wp-json\/wp\/v2\/pages\/119"}],"collection":[{"href":"https:\/\/www.generaldies.com\/it\/wp-json\/wp\/v2\/pages"}],"about":[{"href":"https:\/\/www.generaldies.com\/it\/wp-json\/wp\/v2\/types\/page"}],"author":[{"embeddable":true,"href":"https:\/\/www.generaldies.com\/it\/wp-json\/wp\/v2\/users\/1"}],"replies":[{"embeddable":true,"href":"https:\/\/www.generaldies.com\/it\/wp-json\/wp\/v2\/comments?post=119"}],"version-history":[{"count":24,"href":"https:\/\/www.generaldies.com\/it\/wp-json\/wp\/v2\/pages\/119\/revisions"}],"predecessor-version":[{"id":8984,"href":"https:\/\/www.generaldies.com\/it\/wp-json\/wp\/v2\/pages\/119\/revisions\/8984"}],"up":[{"embeddable":true,"href":"https:\/\/www.generaldies.com\/it\/wp-json\/wp\/v2\/pages\/95"}],"wp:attachment":[{"href":"https:\/\/www.generaldies.com\/it\/wp-json\/wp\/v2\/media?parent=119"}],"curies":[{"name":"wp","href":"https:\/\/api.w.org\/{rel}","templated":true}]}}