{"id":113,"date":"2017-02-24T11:48:45","date_gmt":"2017-02-24T10:48:45","guid":{"rendered":"https:\/\/www.generaldies.com\/?page_id=113"},"modified":"2026-04-29T16:42:21","modified_gmt":"2026-04-29T14:42:21","slug":"perche-gd","status":"publish","type":"page","link":"https:\/\/www.generaldies.com\/it\/azienda\/perche-gd\/","title":{"rendered":"Perch\u00e9 GD"},"content":{"rendered":"<p>[vc_row][vc_column width=&#8221;2\/3&#8243;][vc_row_inner][vc_column_inner width=&#8221;1\/2&#8243;][vc_single_image image=&#8221;3327&#8243; img_size=&#8221;large&#8221;][\/vc_column_inner][vc_column_inner width=&#8221;1\/2&#8243;][vc_column_text]<\/p>\n<h3>Perch\u00e9 scegliere General Dies?<\/h3>\n<p>In un mercato sempre pi\u00f9 ampio, che vede nascere tante nuove realt\u00e0, ci siamo sempre sforzati di unire alla nostra lunga esperienza i migliori processi tecnologici: questo ci ha permesso di raggiungere altissimi standard qualitativi. Miriamo, inoltre, in tempi in cui l\u2019attenzione \u00e8 incentrata sulle quantit\u00e0, ad offrire al cliente un servizio ed un\u2019assistenza di indiscussa qualit\u00e0.[\/vc_column_text][\/vc_column_inner][\/vc_row_inner][vc_row_inner][vc_column_inner][vc_column_text]<\/p>\n<h3>Ecco alcuni motivi per scegliere General Dies:<\/h3>\n<ul>\n<li>Per i quasi 60 anni di presenza sul mercato<\/li>\n<li>Per la presenza di personale con pi\u00f9 di 50 anni di esperienza in grado di consigliare e suggerire le opzioni pi\u00f9 adatte alle esigenze del cliente<\/li>\n<li>Per le referenze: i nostri ricambi e i nostri impianti sono presenti in tutto il mondo<\/li>\n<li>Per la produzione nel nostro stabilimento in Italia e per le materie prime della migliore qualit\u00e0<\/li>\n<li>Per la professionalit\u00e0, la preparazione e la competenza del nostro personale<\/li>\n<li>Per l\u2019accurato servizio post-vendita<\/li>\n<li>Per la completa disponibilit\u00e0 a far visitare i nostri impianti presso nostri Clienti<\/li>\n<li>Perch\u00e9 non lasciamo mai il cliente \u2018da solo\u2019, ma lo assistiamo in ogni problematica, rendendoci sempre contattabili e disponibili a visite in loco<\/li>\n<li>Per l\u2019affidabilit\u00e0: siamo un\u2019azienda solida, presente sul mercato nazionale e internazionale e con collaboratori animati da quegli inalterati valori di capacit\u00e0 e correttezza che hanno caratterizzato la nostra attivit\u00e0 fin dalle origini<\/li>\n<li>Perch\u00e9 abbiamo molti agenti operanti direttamente sul territorio, che permettono di interfacciarsi nella propria lingua madre e che hanno un contatto costante e diretto con usanze, abitudini e burocrazia di un determinato paese<\/li>\n<li>Perch\u00e9 potete parlare nella Vostra lingua: i nostri commerciali parlano italiano, inglese, tedesco, spagnolo, portoghese, francese, russo, rumeno, ucraino, moldavo, serbo, polacco e\u00a0arabo<\/li>\n<li>Perch\u00e9 non siamo solo commerciali, ma siamo anche tecnici<\/li>\n<li>Per la flessibilit\u00e0 della produzione di macchine e ricambi: ascoltiamo le esigenze del cliente e studiamo soluzioni ad hoc, anche non standard<\/li>\n<li>Per la flessibilit\u00e0 nei pagamenti una volta verificata la correttezza del cliente<\/li>\n<li>Per la qualit\u00e0 di macchine e ricambi: continui miglioramenti nella produzione e costante attenzione alla qualit\u00e0 delle materie prime e dei componenti ci hanno portato a risultati ottimali<\/li>\n<li>Per la possibilit\u00e0 di effettuare prove di pellettatura gratuite (se si acquista) nella nostra &#8220;sala prove&#8221;, verificando la pellettabilit\u00e0 di prodotti innovativi<\/li>\n<li>Per il servizio di manutenzione preventiva su tutto il territorio nazionale e nei paesi limitrofi che permette di prevenire guasti e dispendi economici importanti<\/li>\n<li>Perch\u00e9 ci fidiamo cos\u00ec tanto delle nostre macchine che quando il cliente le dismette le ri-acquistiamo a prezzo di mercato per revisionarle e riproporle come usato garantito<\/li>\n<li>Per la disponibilit\u00e0 di macchine usate, revisionate al nuovo, a prezzi competitivi<\/li>\n<li>Perch\u00e9 non vogliamo essere Vostri fornitori, vogliamo essere Vostri partner!<\/li>\n<\/ul>\n<p>[\/vc_column_text][\/vc_column_inner][\/vc_row_inner][\/vc_column][vc_column width=&#8221;1\/3&#8243;][vc_single_image image=&#8221;33&#8243; img_size=&#8221;large&#8221;][vc_single_image image=&#8221;9042&#8243; img_size=&#8221;large&#8221;][vc_single_image image=&#8221;4307&#8243; img_size=&#8221;large&#8221;][\/vc_column][\/vc_row]<\/p>\n","protected":false},"excerpt":{"rendered":"<p>[vc_row][vc_column width=&#8221;2\/3&#8243;][vc_row_inner][vc_column_inner width=&#8221;1\/2&#8243;][vc_single_image image=&#8221;3327&#8243; img_size=&#8221;large&#8221;][\/vc_column_inner][vc_column_inner width=&#8221;1\/2&#8243;][vc_column_text] Perch\u00e9 scegliere General Dies? In un mercato sempre pi\u00f9 ampio, che vede nascere tante nuove realt\u00e0, ci siamo sempre sforzati di unire alla nostra lunga esperienza i migliori processi tecnologici: questo ci ha permesso di raggiungere altissimi standard qualitativi. Miriamo, inoltre, in tempi in cui l\u2019attenzione \u00e8 incentrata sulle [&hellip;]<\/p>\n","protected":false},"author":1,"featured_media":3306,"parent":95,"menu_order":58,"comment_status":"closed","ping_status":"closed","template":"","meta":{"_mi_skip_tracking":false},"acf":{"barra_cta":false},"yoast_head":"<!-- This site is optimized with the Yoast SEO plugin v16.4 - https:\/\/yoast.com\/wordpress\/plugins\/seo\/ -->\n<title>Perch\u00e8 sceglierci - General Dies<\/title>\n<meta name=\"description\" content=\"Scopri i motivi per cui dovresti scegliere General Dies come partner per la tua attivit\u00e0, scegliendo noi tra tutti in un mercato cos\u00ec ampio.\" \/>\n<meta name=\"robots\" content=\"index, follow, max-snippet:-1, max-image-preview:large, max-video-preview:-1\" \/>\n<link rel=\"canonical\" href=\"https:\/\/www.generaldies.com\/it\/azienda\/perche-gd\/\" \/>\n<meta property=\"og:locale\" content=\"it_IT\" \/>\n<meta property=\"og:type\" content=\"article\" \/>\n<meta property=\"og:title\" content=\"Perch\u00e8 sceglierci - General Dies\" \/>\n<meta property=\"og:description\" content=\"Scopri i motivi per cui dovresti scegliere General Dies come partner per la tua attivit\u00e0, scegliendo noi tra tutti in un mercato cos\u00ec ampio.\" \/>\n<meta property=\"og:url\" content=\"https:\/\/www.generaldies.com\/it\/azienda\/perche-gd\/\" \/>\n<meta property=\"og:site_name\" content=\"General Dies\" \/>\n<meta property=\"article:modified_time\" content=\"2026-04-29T14:42:21+00:00\" \/>\n<meta property=\"og:image\" content=\"https:\/\/www.generaldies.com\/wp-content\/uploads\/2017\/01\/PERCHE-GD.jpg\" \/>\n\t<meta property=\"og:image:width\" content=\"1280\" \/>\n\t<meta property=\"og:image:height\" content=\"1024\" \/>\n<meta name=\"twitter:card\" content=\"summary\" \/>\n<meta name=\"twitter:label1\" content=\"Tempo di lettura stimato\" \/>\n\t<meta name=\"twitter:data1\" content=\"2 minuti\" \/>\n<script type=\"application\/ld+json\" class=\"yoast-schema-graph\">{\"@context\":\"https:\/\/schema.org\",\"@graph\":[{\"@type\":\"WebSite\",\"@id\":\"https:\/\/www.generaldies.com\/it\/#website\",\"url\":\"https:\/\/www.generaldies.com\/it\/\",\"name\":\"General Dies\",\"description\":\"Dal 1960 al servizio della pellettatura\",\"potentialAction\":[{\"@type\":\"SearchAction\",\"target\":\"https:\/\/www.generaldies.com\/it\/?s={search_term_string}\",\"query-input\":\"required name=search_term_string\"}],\"inLanguage\":\"it-IT\"},{\"@type\":\"ImageObject\",\"@id\":\"https:\/\/www.generaldies.com\/it\/azienda\/perche-gd\/#primaryimage\",\"inLanguage\":\"it-IT\",\"url\":\"https:\/\/www.generaldies.com\/wp-content\/uploads\/2017\/01\/PERCHE-GD.jpg\",\"contentUrl\":\"https:\/\/www.generaldies.com\/wp-content\/uploads\/2017\/01\/PERCHE-GD.jpg\",\"width\":1280,\"height\":1024},{\"@type\":\"WebPage\",\"@id\":\"https:\/\/www.generaldies.com\/it\/azienda\/perche-gd\/#webpage\",\"url\":\"https:\/\/www.generaldies.com\/it\/azienda\/perche-gd\/\",\"name\":\"Perch\\u00e8 sceglierci - General Dies\",\"isPartOf\":{\"@id\":\"https:\/\/www.generaldies.com\/it\/#website\"},\"primaryImageOfPage\":{\"@id\":\"https:\/\/www.generaldies.com\/it\/azienda\/perche-gd\/#primaryimage\"},\"datePublished\":\"2017-02-24T10:48:45+00:00\",\"dateModified\":\"2026-04-29T14:42:21+00:00\",\"description\":\"Scopri i motivi per cui dovresti scegliere General Dies come partner per la tua attivit\\u00e0, scegliendo noi tra tutti in un mercato cos\\u00ec ampio.\",\"breadcrumb\":{\"@id\":\"https:\/\/www.generaldies.com\/it\/azienda\/perche-gd\/#breadcrumb\"},\"inLanguage\":\"it-IT\",\"potentialAction\":[{\"@type\":\"ReadAction\",\"target\":[\"https:\/\/www.generaldies.com\/it\/azienda\/perche-gd\/\"]}]},{\"@type\":\"BreadcrumbList\",\"@id\":\"https:\/\/www.generaldies.com\/it\/azienda\/perche-gd\/#breadcrumb\",\"itemListElement\":[{\"@type\":\"ListItem\",\"position\":1,\"item\":{\"@type\":\"WebPage\",\"@id\":\"https:\/\/www.generaldies.com\/it\/\",\"url\":\"https:\/\/www.generaldies.com\/it\/\",\"name\":\"Home\"}},{\"@type\":\"ListItem\",\"position\":2,\"item\":{\"@type\":\"WebPage\",\"@id\":\"https:\/\/www.generaldies.com\/it\/azienda\/\",\"url\":\"https:\/\/www.generaldies.com\/it\/azienda\/\",\"name\":\"Azienda\"}},{\"@type\":\"ListItem\",\"position\":3,\"item\":{\"@id\":\"https:\/\/www.generaldies.com\/it\/azienda\/perche-gd\/#webpage\"}}]}]}<\/script>\n<!-- \/ Yoast SEO plugin. -->","_links":{"self":[{"href":"https:\/\/www.generaldies.com\/it\/wp-json\/wp\/v2\/pages\/113"}],"collection":[{"href":"https:\/\/www.generaldies.com\/it\/wp-json\/wp\/v2\/pages"}],"about":[{"href":"https:\/\/www.generaldies.com\/it\/wp-json\/wp\/v2\/types\/page"}],"author":[{"embeddable":true,"href":"https:\/\/www.generaldies.com\/it\/wp-json\/wp\/v2\/users\/1"}],"replies":[{"embeddable":true,"href":"https:\/\/www.generaldies.com\/it\/wp-json\/wp\/v2\/comments?post=113"}],"version-history":[{"count":29,"href":"https:\/\/www.generaldies.com\/it\/wp-json\/wp\/v2\/pages\/113\/revisions"}],"predecessor-version":[{"id":9049,"href":"https:\/\/www.generaldies.com\/it\/wp-json\/wp\/v2\/pages\/113\/revisions\/9049"}],"up":[{"embeddable":true,"href":"https:\/\/www.generaldies.com\/it\/wp-json\/wp\/v2\/pages\/95"}],"wp:featuredmedia":[{"embeddable":true,"href":"https:\/\/www.generaldies.com\/it\/wp-json\/wp\/v2\/media\/3306"}],"wp:attachment":[{"href":"https:\/\/www.generaldies.com\/it\/wp-json\/wp\/v2\/media?parent=113"}],"curies":[{"name":"wp","href":"https:\/\/api.w.org\/{rel}","templated":true}]}}