{"id":108,"date":"2017-02-24T11:48:13","date_gmt":"2017-02-24T10:48:13","guid":{"rendered":"https:\/\/www.generaldies.com\/?page_id=108"},"modified":"2024-12-10T11:03:39","modified_gmt":"2024-12-10T10:03:39","slug":"valori-e-obiettivi","status":"publish","type":"page","link":"https:\/\/www.generaldies.com\/it\/azienda\/valori-e-obiettivi\/","title":{"rendered":"Valori e obiettivi"},"content":{"rendered":"<p>[vc_row][vc_column width=&#8221;2\/3&#8243;][vc_column_text]<\/p>\n<div id=\"lipsum\">\n<h2>Valori<\/h2>\n<p>I <b>valori<\/b> che, da sempre, caratterizzano General Dies sono:<\/p>\n<ul>\n<li>il <u>costante impegno<\/u> nel perseguimento degli obiettivi, nel miglioramento dei risultati, nella soddisfazione delle esigenze del cliente<\/li>\n<li>la <u>responsabilit\u00e0 <\/u>\u00a0che abbiamo nel fare il nostro lavoro: responsabilit\u00e0 verso i collaboratori dell\u2019azienda, verso i clienti, verso l\u2019ambiente, verso il rispetto delle normative nazionali e internazionali,..<\/li>\n<li>la <u>professionalit\u00e0<\/u> e la <u>competenza<\/u>: un\u2019azienda con quasi 60 anni di esperienza sempre nello stesso settore, gestita dalla stessa famiglia e con la medesima ragione sociale, in grado di suggerire soluzioni <em>ad hoc<\/em>, di seguire e consigliare il cliente in ogni sua esigenza, a disposizione per ogni chiarimento e per la risoluzione di ogni problematica, che vanta la presenza di collaboratori che hanno visto nascere l\u2019azienda e che continuano a collaborare con General Dies mettendo a disposizione il loro eccezionale bagaglio di conoscenze<\/li>\n<li>il <u>miglioramento continuo<\/u>: la lunga storia di General Dies dimostra il costante sforzo di rimanere al passo coi tempi, di migliorare la propria produzione, di adeguarsi ad un mercato sempre pi\u00f9 esigente<\/li>\n<li>il\u00a0<u>benessere<\/u> dell\u2019azienda nel suo complesso: tanto delle persone che per General Dies lavorano ogni giorno quanto di tutti coloro che entrano in contatto con questa realt\u00e0<\/li>\n<li>la <u>condivisione<\/u> di obiettivi e risultati<\/li>\n<li>la <u>qualit\u00e0<\/u>\u00a0delle materie prime utilizzate e del prodotto finale.<\/li>\n<\/ul>\n<h2>Obiettivi:<\/h2>\n<p><img loading=\"lazy\" class=\"alignleft wp-image-3327 size-medium\" src=\"https:\/\/www.generaldies.com\/wp-content\/uploads\/2017\/02\/038_IMG_7157-300x200.jpg\" alt=\"\" width=\"300\" height=\"200\" srcset=\"https:\/\/www.generaldies.com\/wp-content\/uploads\/2017\/02\/038_IMG_7157-300x200.jpg 300w, https:\/\/www.generaldies.com\/wp-content\/uploads\/2017\/02\/038_IMG_7157-768x512.jpg 768w, https:\/\/www.generaldies.com\/wp-content\/uploads\/2017\/02\/038_IMG_7157-1024x683.jpg 1024w, https:\/\/www.generaldies.com\/wp-content\/uploads\/2017\/02\/038_IMG_7157.jpg 1200w\" sizes=\"(max-width: 300px) 100vw, 300px\" \/><\/p>\n<ul>\n<li><strong>Il funzionamento armonioso dell\u2019azienda, <\/strong>per il benessere di tutti.<\/li>\n<li><strong>La soddisfazione del cliente <\/strong>per essere costantemente riscelti.<\/li>\n<li><strong>Il bilancio positivo di ogni anno,<\/strong> per poter premiare, investire, pianificare.<\/li>\n<li style=\"text-align: left;\"><strong>L\u2019innovazione.<\/strong><\/li>\n<\/ul>\n<p>Dal 1960 portiamo avanti una tradizione etica, tecnica e commerciale e offriamo correttezza, esperienza, competenza, professionalit\u00e0, dinamismo e disponibilit\u00e0. Proponiamo prodotti innovativi ed abbiamo come ulteriori obiettivi la puntualit\u00e0 nei tempi di consegna, prezzi adeguati e flessibilit\u00e0 di produzione. Volentieri ci attiviamo per soddisfare urgenze e risolvere imprevisti dei clienti. Ci proponiamo come azienda seria, eticamente corretta e affidabile che sa cogliere, elaborare e soddisfare i bisogni dei clienti, che \u00e8 in grado di offrire prodotti di qualit\u00e0 anche su misura e non standard, con un rapporto qualit\u00e0\/prezzo adeguato e competitivo.<\/p>\n<\/div>\n<p>[\/vc_column_text][\/vc_column][vc_column width=&#8221;1\/3&#8243;][vc_single_image image=&#8221;33&#8243; img_size=&#8221;large&#8221;][vc_single_image image=&#8221;8939&#8243; img_size=&#8221;large&#8221;][vc_single_image image=&#8221;4307&#8243; img_size=&#8221;large&#8221;][\/vc_column][\/vc_row]<\/p>\n","protected":false},"excerpt":{"rendered":"<p>[vc_row][vc_column width=&#8221;2\/3&#8243;][vc_column_text] Valori I valori che, da sempre, caratterizzano General Dies sono: il costante impegno nel perseguimento degli obiettivi, nel miglioramento dei risultati, nella soddisfazione delle esigenze del cliente la responsabilit\u00e0 \u00a0che abbiamo nel fare il nostro lavoro: responsabilit\u00e0 verso i collaboratori dell\u2019azienda, verso i clienti, verso l\u2019ambiente, verso il rispetto delle normative nazionali e [&hellip;]<\/p>\n","protected":false},"author":1,"featured_media":3304,"parent":95,"menu_order":77,"comment_status":"closed","ping_status":"closed","template":"","meta":{"_mi_skip_tracking":false},"acf":{"barra_cta":false},"yoast_head":"<!-- This site is optimized with the Yoast SEO plugin v16.4 - https:\/\/yoast.com\/wordpress\/plugins\/seo\/ -->\n<title>Valori e obiettivi aziendali - General Dies<\/title>\n<meta name=\"description\" content=\"Impegno, responsabilit\u00e0, professionalit\u00e0 e competenza sono solo alcuni dei valori che ci caratterizzano. Scopri gli altri e i nostri obiettivi per il futuro.\" \/>\n<meta name=\"robots\" content=\"index, follow, max-snippet:-1, max-image-preview:large, max-video-preview:-1\" \/>\n<link rel=\"canonical\" href=\"https:\/\/www.generaldies.com\/it\/azienda\/valori-e-obiettivi\/\" \/>\n<meta property=\"og:locale\" content=\"it_IT\" \/>\n<meta property=\"og:type\" content=\"article\" \/>\n<meta property=\"og:title\" content=\"Valori e obiettivi aziendali - General Dies\" \/>\n<meta property=\"og:description\" content=\"Impegno, responsabilit\u00e0, professionalit\u00e0 e competenza sono solo alcuni dei valori che ci caratterizzano. Scopri gli altri e i nostri obiettivi per il futuro.\" \/>\n<meta property=\"og:url\" content=\"https:\/\/www.generaldies.com\/it\/azienda\/valori-e-obiettivi\/\" \/>\n<meta property=\"og:site_name\" content=\"General Dies\" \/>\n<meta property=\"article:modified_time\" content=\"2024-12-10T10:03:39+00:00\" \/>\n<meta property=\"og:image\" content=\"https:\/\/www.generaldies.com\/wp-content\/uploads\/2017\/01\/VALORI-E-OBIETTIVI.jpg\" \/>\n\t<meta property=\"og:image:width\" content=\"1280\" \/>\n\t<meta property=\"og:image:height\" content=\"852\" \/>\n<meta name=\"twitter:card\" content=\"summary\" \/>\n<meta name=\"twitter:label1\" content=\"Tempo di lettura stimato\" \/>\n\t<meta name=\"twitter:data1\" content=\"2 minuti\" \/>\n<script type=\"application\/ld+json\" class=\"yoast-schema-graph\">{\"@context\":\"https:\/\/schema.org\",\"@graph\":[{\"@type\":\"WebSite\",\"@id\":\"https:\/\/www.generaldies.com\/it\/#website\",\"url\":\"https:\/\/www.generaldies.com\/it\/\",\"name\":\"General Dies\",\"description\":\"Dal 1960 al servizio della pellettatura\",\"potentialAction\":[{\"@type\":\"SearchAction\",\"target\":\"https:\/\/www.generaldies.com\/it\/?s={search_term_string}\",\"query-input\":\"required name=search_term_string\"}],\"inLanguage\":\"it-IT\"},{\"@type\":\"ImageObject\",\"@id\":\"https:\/\/www.generaldies.com\/it\/azienda\/valori-e-obiettivi\/#primaryimage\",\"inLanguage\":\"it-IT\",\"url\":\"https:\/\/www.generaldies.com\/wp-content\/uploads\/2017\/01\/VALORI-E-OBIETTIVI.jpg\",\"contentUrl\":\"https:\/\/www.generaldies.com\/wp-content\/uploads\/2017\/01\/VALORI-E-OBIETTIVI.jpg\",\"width\":1280,\"height\":852},{\"@type\":\"WebPage\",\"@id\":\"https:\/\/www.generaldies.com\/it\/azienda\/valori-e-obiettivi\/#webpage\",\"url\":\"https:\/\/www.generaldies.com\/it\/azienda\/valori-e-obiettivi\/\",\"name\":\"Valori e obiettivi aziendali - General Dies\",\"isPartOf\":{\"@id\":\"https:\/\/www.generaldies.com\/it\/#website\"},\"primaryImageOfPage\":{\"@id\":\"https:\/\/www.generaldies.com\/it\/azienda\/valori-e-obiettivi\/#primaryimage\"},\"datePublished\":\"2017-02-24T10:48:13+00:00\",\"dateModified\":\"2024-12-10T10:03:39+00:00\",\"description\":\"Impegno, responsabilit\\u00e0, professionalit\\u00e0 e competenza sono solo alcuni dei valori che ci caratterizzano. Scopri gli altri e i nostri obiettivi per il futuro.\",\"breadcrumb\":{\"@id\":\"https:\/\/www.generaldies.com\/it\/azienda\/valori-e-obiettivi\/#breadcrumb\"},\"inLanguage\":\"it-IT\",\"potentialAction\":[{\"@type\":\"ReadAction\",\"target\":[\"https:\/\/www.generaldies.com\/it\/azienda\/valori-e-obiettivi\/\"]}]},{\"@type\":\"BreadcrumbList\",\"@id\":\"https:\/\/www.generaldies.com\/it\/azienda\/valori-e-obiettivi\/#breadcrumb\",\"itemListElement\":[{\"@type\":\"ListItem\",\"position\":1,\"item\":{\"@type\":\"WebPage\",\"@id\":\"https:\/\/www.generaldies.com\/it\/\",\"url\":\"https:\/\/www.generaldies.com\/it\/\",\"name\":\"Home\"}},{\"@type\":\"ListItem\",\"position\":2,\"item\":{\"@type\":\"WebPage\",\"@id\":\"https:\/\/www.generaldies.com\/it\/azienda\/\",\"url\":\"https:\/\/www.generaldies.com\/it\/azienda\/\",\"name\":\"Azienda\"}},{\"@type\":\"ListItem\",\"position\":3,\"item\":{\"@id\":\"https:\/\/www.generaldies.com\/it\/azienda\/valori-e-obiettivi\/#webpage\"}}]}]}<\/script>\n<!-- \/ Yoast SEO plugin. -->","_links":{"self":[{"href":"https:\/\/www.generaldies.com\/it\/wp-json\/wp\/v2\/pages\/108"}],"collection":[{"href":"https:\/\/www.generaldies.com\/it\/wp-json\/wp\/v2\/pages"}],"about":[{"href":"https:\/\/www.generaldies.com\/it\/wp-json\/wp\/v2\/types\/page"}],"author":[{"embeddable":true,"href":"https:\/\/www.generaldies.com\/it\/wp-json\/wp\/v2\/users\/1"}],"replies":[{"embeddable":true,"href":"https:\/\/www.generaldies.com\/it\/wp-json\/wp\/v2\/comments?post=108"}],"version-history":[{"count":38,"href":"https:\/\/www.generaldies.com\/it\/wp-json\/wp\/v2\/pages\/108\/revisions"}],"predecessor-version":[{"id":8951,"href":"https:\/\/www.generaldies.com\/it\/wp-json\/wp\/v2\/pages\/108\/revisions\/8951"}],"up":[{"embeddable":true,"href":"https:\/\/www.generaldies.com\/it\/wp-json\/wp\/v2\/pages\/95"}],"wp:featuredmedia":[{"embeddable":true,"href":"https:\/\/www.generaldies.com\/it\/wp-json\/wp\/v2\/media\/3304"}],"wp:attachment":[{"href":"https:\/\/www.generaldies.com\/it\/wp-json\/wp\/v2\/media?parent=108"}],"curies":[{"name":"wp","href":"https:\/\/api.w.org\/{rel}","templated":true}]}}