{"id":7636,"date":"2017-06-22T10:27:13","date_gmt":"2017-06-22T08:27:13","guid":{"rendered":"https:\/\/www.generaldies.com\/services\/automation-des-machines-et-installations\/"},"modified":"2017-06-29T14:55:26","modified_gmt":"2017-06-29T12:55:26","slug":"automation-des-machines-et-installations","status":"publish","type":"page","link":"https:\/\/www.generaldies.com\/fr\/services\/automation-des-machines-et-installations\/","title":{"rendered":"Automation des machines et installations"},"content":{"rendered":"<p>[vc_row][vc_column][vc_column_text]<img loading=\"lazy\" class=\"alignright size-medium wp-image-4728\" src=\"https:\/\/www.generaldies.com\/wp-content\/uploads\/2017\/03\/menu_generale_MOD-300x180.png\" alt=\"\" width=\"300\" height=\"180\" srcset=\"https:\/\/www.generaldies.com\/wp-content\/uploads\/2017\/03\/menu_generale_MOD-300x180.png 300w, https:\/\/www.generaldies.com\/wp-content\/uploads\/2017\/03\/menu_generale_MOD-768x461.png 768w, https:\/\/www.generaldies.com\/wp-content\/uploads\/2017\/03\/menu_generale_MOD.png 800w\" sizes=\"(max-width: 300px) 100vw, 300px\" \/>La force de l&rsquo;entreprise et les presque 60 ans de travail sont li\u00e9s \u00e0 l&rsquo;attention \u00e0 l&rsquo;innovation technologique pour suivre le rythme des temps et fournir des solutions de pointe. Nous vous offrons:<\/p>\n<ul>\n<li>Panneau de contr\u00f4le des machines, des lignes et des installations compl\u00e8tes, nouvelles ou existantes.<\/li>\n<li>Syst\u00e8mes d&rsquo;automatisation de machines, de lignes et d\u2019installations compl\u00e8tes, nouvelles ou existantes pour:<\/li>\n<\/ul>\n<p style=\"padding-left: 60px;\">Contr\u00f4le de processus;<br \/>\nSupervision;<br \/>\nL&rsquo;int\u00e9gration avec le syst\u00e8me informatique de l&rsquo;entreprise;<br \/>\nCollecte et l&rsquo;analyse des donn\u00e9es de production;<br \/>\nLa tra\u00e7abilit\u00e9 de la cha\u00eene de production enti\u00e8re.<\/p>\n<p style=\"padding-left: 60px;\"><img loading=\"lazy\" class=\"size-medium wp-image-4734 alignright\" src=\"https:\/\/www.generaldies.com\/wp-content\/uploads\/2017\/03\/comandi-manuali_MOD-300x180.png\" alt=\"\" width=\"300\" height=\"180\" srcset=\"https:\/\/www.generaldies.com\/wp-content\/uploads\/2017\/03\/comandi-manuali_MOD-300x180.png 300w, https:\/\/www.generaldies.com\/wp-content\/uploads\/2017\/03\/comandi-manuali_MOD-768x461.png 768w, https:\/\/www.generaldies.com\/wp-content\/uploads\/2017\/03\/comandi-manuali_MOD.png 800w\" sizes=\"(max-width: 300px) 100vw, 300px\" \/><\/p>\n<ul>\n<li>Syst\u00e8mes \u00e9lectroniques de commandement, r\u00e9glage et optimisation automatique des presses \u00e0 granuler et des lignes de granulation qui permettent d&rsquo;obtenir sur le processus de granulation:<\/li>\n<\/ul>\n<p style=\"padding-left: 60px;\">Possibilit\u00e9 de reproduire le m\u00eame produit;<br \/>\nEconomie d&rsquo;\u00e9nergie;<br \/>\nAugmentation de la productivit\u00e9;<br \/>\nUsure inf\u00e9rieure des pi\u00e8ces de rechange;<br \/>\nPossibilit\u00e9 de contr\u00f4le \u00e0 distance;<br \/>\nEx\u00e9cution automatique de la machine sans la pr\u00e9sence de l&rsquo;op\u00e9rateur;<br \/>\nContr\u00f4le amp\u00e9rom\u00e9trique du moteur principal et r\u00e9glage automatique de la vitesse du doseur;<br \/>\nContr\u00f4le de la temp\u00e9rature du m\u00e9lange entrant;<br \/>\nContr\u00f4le en pourcentage de liquides ajout\u00e9s dans le conditionneur de la presse \u00e0 granuler;<br \/>\nContr\u00f4le de l&rsquo;addition de vapeur d&rsquo;eau;<br \/>\nStrat\u00e9gies de rem\u00e8de pour \u00e9viter de blocs la machine;<br \/>\nContr\u00f4le glissement des courroies;<br \/>\nContr\u00f4le glissement des rouleaux;<br \/>\nContr\u00f4le de pr\u00e9sence de ponts de produit dans la tr\u00e9mie d&rsquo;alimentation.<\/p>\n<ul>\n<li>Syst\u00e8me \u00e9lectronique de commandement et contr\u00f4le de l\u2019entier processus de production de l&rsquo;usine d&rsquo;alimentation, \u00e0 partir de la fosse de r\u00e9ception jusqu\u2019aux mati\u00e8res premi\u00e8res, \u00e0 l&#8217;emballage\u202fet \u00e0 la livraison en vrac,\u202fautomatisant\u202ftoutes les \u00e9tapes de fabrication comme:<\/li>\n<\/ul>\n<p style=\"padding-left: 60px;\">Dosage et de formulation;<br \/>\nCommandement et contr\u00f4le de la ligne de broyage (broyeurs);<br \/>\nContr\u00f4le et optimisation des presses \u00e0 granuler, extrudeuses, sanificateurs etc.;<br \/>\nContr\u00f4le de la ligne d&#8217;emballage et la livraison\u202fen vrac.<\/p>\n<p>[\/vc_column_text][\/vc_column][\/vc_row]<\/p>\n","protected":false},"excerpt":{"rendered":"<p>[vc_row][vc_column][vc_column_text]La force de l&rsquo;entreprise et les presque 60 ans de travail sont li\u00e9s \u00e0 l&rsquo;attention \u00e0 l&rsquo;innovation technologique pour suivre le rythme des temps et fournir des solutions de pointe. Nous vous offrons: Panneau de contr\u00f4le des machines, des lignes et des installations compl\u00e8tes, nouvelles ou existantes. Syst\u00e8mes d&rsquo;automatisation de machines, de lignes et d\u2019installations [&hellip;]<\/p>\n","protected":false},"author":1,"featured_media":4674,"parent":7613,"menu_order":55,"comment_status":"closed","ping_status":"closed","template":"","meta":{"_mi_skip_tracking":false},"acf":{"barra_cta":false},"yoast_head":"<!-- This site is optimized with the Yoast SEO plugin v16.4 - https:\/\/yoast.com\/wordpress\/plugins\/seo\/ -->\n<title>Automation machines et installations - General Dies<\/title>\n<meta name=\"description\" content=\"Nous offrons panneaux de contr\u00f4le et syst\u00e9mes d&#039;automation des machines pour lignes et installations compl\u00e8tes. D\u00e9couvrez-vous plus information.\" \/>\n<meta name=\"robots\" content=\"index, follow, max-snippet:-1, max-image-preview:large, max-video-preview:-1\" \/>\n<link rel=\"canonical\" href=\"https:\/\/www.generaldies.com\/fr\/services\/automation-des-machines-et-installations\/\" \/>\n<meta property=\"og:locale\" content=\"fr_FR\" \/>\n<meta property=\"og:type\" content=\"article\" \/>\n<meta property=\"og:title\" content=\"Automation machines et installations - General Dies\" \/>\n<meta property=\"og:description\" content=\"Nous offrons panneaux de contr\u00f4le et syst\u00e9mes d&#039;automation des machines pour lignes et installations compl\u00e8tes. D\u00e9couvrez-vous plus information.\" \/>\n<meta property=\"og:url\" content=\"https:\/\/www.generaldies.com\/fr\/services\/automation-des-machines-et-installations\/\" \/>\n<meta property=\"og:site_name\" content=\"General Dies\" \/>\n<meta property=\"article:modified_time\" content=\"2017-06-29T12:55:26+00:00\" \/>\n<meta property=\"og:image\" content=\"https:\/\/www.generaldies.com\/wp-content\/uploads\/2017\/03\/sinotico-iota-25MOD.png\" \/>\n\t<meta property=\"og:image:width\" content=\"800\" \/>\n\t<meta property=\"og:image:height\" content=\"480\" \/>\n<meta name=\"twitter:card\" content=\"summary\" \/>\n<meta name=\"twitter:label1\" content=\"Dur\u00e9e de lecture est.\" \/>\n\t<meta name=\"twitter:data1\" content=\"2 minutes\" \/>\n<script type=\"application\/ld+json\" class=\"yoast-schema-graph\">{\"@context\":\"https:\/\/schema.org\",\"@graph\":[{\"@type\":\"WebSite\",\"@id\":\"https:\/\/www.generaldies.com\/it\/#website\",\"url\":\"https:\/\/www.generaldies.com\/it\/\",\"name\":\"General Dies\",\"description\":\"Dal 1960 al servizio della pellettatura\",\"potentialAction\":[{\"@type\":\"SearchAction\",\"target\":\"https:\/\/www.generaldies.com\/it\/?s={search_term_string}\",\"query-input\":\"required name=search_term_string\"}],\"inLanguage\":\"fr-FR\"},{\"@type\":\"ImageObject\",\"@id\":\"https:\/\/www.generaldies.com\/fr\/services\/automation-des-machines-et-installations\/#primaryimage\",\"inLanguage\":\"fr-FR\",\"url\":\"https:\/\/www.generaldies.com\/wp-content\/uploads\/2017\/03\/sinotico-iota-25MOD.png\",\"contentUrl\":\"https:\/\/www.generaldies.com\/wp-content\/uploads\/2017\/03\/sinotico-iota-25MOD.png\",\"width\":800,\"height\":480},{\"@type\":\"WebPage\",\"@id\":\"https:\/\/www.generaldies.com\/fr\/services\/automation-des-machines-et-installations\/#webpage\",\"url\":\"https:\/\/www.generaldies.com\/fr\/services\/automation-des-machines-et-installations\/\",\"name\":\"Automation machines et installations - General Dies\",\"isPartOf\":{\"@id\":\"https:\/\/www.generaldies.com\/it\/#website\"},\"primaryImageOfPage\":{\"@id\":\"https:\/\/www.generaldies.com\/fr\/services\/automation-des-machines-et-installations\/#primaryimage\"},\"datePublished\":\"2017-06-22T08:27:13+00:00\",\"dateModified\":\"2017-06-29T12:55:26+00:00\",\"description\":\"Nous offrons panneaux de contr\\u00f4le et syst\\u00e9mes d'automation des machines pour lignes et installations compl\\u00e8tes. D\\u00e9couvrez-vous plus information.\",\"breadcrumb\":{\"@id\":\"https:\/\/www.generaldies.com\/fr\/services\/automation-des-machines-et-installations\/#breadcrumb\"},\"inLanguage\":\"fr-FR\",\"potentialAction\":[{\"@type\":\"ReadAction\",\"target\":[\"https:\/\/www.generaldies.com\/fr\/services\/automation-des-machines-et-installations\/\"]}]},{\"@type\":\"BreadcrumbList\",\"@id\":\"https:\/\/www.generaldies.com\/fr\/services\/automation-des-machines-et-installations\/#breadcrumb\",\"itemListElement\":[{\"@type\":\"ListItem\",\"position\":1,\"item\":{\"@type\":\"WebPage\",\"@id\":\"https:\/\/www.generaldies.com\/fr\/\",\"url\":\"https:\/\/www.generaldies.com\/fr\/\",\"name\":\"Home\"}},{\"@type\":\"ListItem\",\"position\":2,\"item\":{\"@type\":\"WebPage\",\"@id\":\"https:\/\/www.generaldies.com\/fr\/services\/\",\"url\":\"https:\/\/www.generaldies.com\/fr\/services\/\",\"name\":\"Services\"}},{\"@type\":\"ListItem\",\"position\":3,\"item\":{\"@id\":\"https:\/\/www.generaldies.com\/fr\/services\/automation-des-machines-et-installations\/#webpage\"}}]}]}<\/script>\n<!-- \/ Yoast SEO plugin. -->","_links":{"self":[{"href":"https:\/\/www.generaldies.com\/fr\/wp-json\/wp\/v2\/pages\/7636"}],"collection":[{"href":"https:\/\/www.generaldies.com\/fr\/wp-json\/wp\/v2\/pages"}],"about":[{"href":"https:\/\/www.generaldies.com\/fr\/wp-json\/wp\/v2\/types\/page"}],"author":[{"embeddable":true,"href":"https:\/\/www.generaldies.com\/fr\/wp-json\/wp\/v2\/users\/1"}],"replies":[{"embeddable":true,"href":"https:\/\/www.generaldies.com\/fr\/wp-json\/wp\/v2\/comments?post=7636"}],"version-history":[{"count":2,"href":"https:\/\/www.generaldies.com\/fr\/wp-json\/wp\/v2\/pages\/7636\/revisions"}],"predecessor-version":[{"id":7690,"href":"https:\/\/www.generaldies.com\/fr\/wp-json\/wp\/v2\/pages\/7636\/revisions\/7690"}],"up":[{"embeddable":true,"href":"https:\/\/www.generaldies.com\/fr\/wp-json\/wp\/v2\/pages\/7613"}],"wp:featuredmedia":[{"embeddable":true,"href":"https:\/\/www.generaldies.com\/fr\/wp-json\/wp\/v2\/media\/4674"}],"wp:attachment":[{"href":"https:\/\/www.generaldies.com\/fr\/wp-json\/wp\/v2\/media?parent=7636"}],"curies":[{"name":"wp","href":"https:\/\/api.w.org\/{rel}","templated":true}]}}