{"id":7634,"date":"2017-06-22T10:23:37","date_gmt":"2017-06-22T08:23:37","guid":{"rendered":"https:\/\/www.generaldies.com\/services\/laboratoire-dessai\/"},"modified":"2017-06-22T10:23:37","modified_gmt":"2017-06-22T08:23:37","slug":"laboratoire-dessai","status":"publish","type":"page","link":"https:\/\/www.generaldies.com\/fr\/services\/laboratoire-dessai\/","title":{"rendered":"Laboratoire d&rsquo;essai"},"content":{"rendered":"<p>[vc_row][vc_column][vc_column_text]<img loading=\"lazy\" class=\"alignright size-medium wp-image-4715\" src=\"https:\/\/www.generaldies.com\/wp-content\/uploads\/2017\/03\/malto-micronizzato-300x169.jpg\" alt=\"malto micronizzato\" width=\"300\" height=\"169\" srcset=\"https:\/\/www.generaldies.com\/wp-content\/uploads\/2017\/03\/malto-micronizzato-300x169.jpg 300w, https:\/\/www.generaldies.com\/wp-content\/uploads\/2017\/03\/malto-micronizzato-768x432.jpg 768w, https:\/\/www.generaldies.com\/wp-content\/uploads\/2017\/03\/malto-micronizzato.jpg 800w\" sizes=\"(max-width: 300px) 100vw, 300px\" \/>Dans notre site de production, nous avons un laboratoire d&rsquo;essai qui permet de tester la possibilit\u00e9 de granulation de votre produit.<br \/>\nNous avons d\u00e9j\u00e0 test\u00e9 avec succ\u00e8s nombreux produits innovants, y compris:<\/p>\n<ul>\n<li>PET<\/li>\n<li>PE<\/li>\n<li>SANG DES ANIMAUX<\/li>\n<li>FIBRE DE PALME<\/li>\n<li>PEAU TORREFIE<\/li>\n<li>POLYURETHANE PU<\/li>\n<li>NYLON<\/li>\n<li>POLYESTER + JEANS<\/li>\n<li>CELLULOSE<\/li>\n<li>FEUILLE DE MALT MICRONISEE<\/li>\n<li>OXYDE DE FER<\/li>\n<\/ul>\n<p><img loading=\"lazy\" class=\"wp-image-4709 size-medium alignright\" src=\"https:\/\/www.generaldies.com\/wp-content\/uploads\/2017\/03\/sangue-secco-300x169.jpg\" alt=\"sangue essiccato\" width=\"300\" height=\"169\" srcset=\"https:\/\/www.generaldies.com\/wp-content\/uploads\/2017\/03\/sangue-secco-300x169.jpg 300w, https:\/\/www.generaldies.com\/wp-content\/uploads\/2017\/03\/sangue-secco-768x432.jpg 768w, https:\/\/www.generaldies.com\/wp-content\/uploads\/2017\/03\/sangue-secco-1024x576.jpg 1024w, https:\/\/www.generaldies.com\/wp-content\/uploads\/2017\/03\/sangue-secco.jpg 1400w\" sizes=\"(max-width: 300px) 100vw, 300px\" \/>Ces produits s&rsquo;ajoutent aux produits traditionnels tels qu\u2019aliment d&rsquo;animaux, bois et biomasse, paille, luzerne, engrais, grignon d&rsquo;olives etc.<br \/>\nLES ESSAIS SONT GRATUITS SI APRES VOUS FAITES UN ACHAT![\/vc_column_text][\/vc_column][\/vc_row][vc_row][vc_column][vc_column_text]<\/p>\n<p>[\/vc_column_text][\/vc_column][\/vc_row]<\/p>\n","protected":false},"excerpt":{"rendered":"<p>[vc_row][vc_column][vc_column_text]Dans notre site de production, nous avons un laboratoire d&rsquo;essai qui permet de tester la possibilit\u00e9 de granulation de votre produit. Nous avons d\u00e9j\u00e0 test\u00e9 avec succ\u00e8s nombreux produits innovants, y compris: PET PE SANG DES ANIMAUX FIBRE DE PALME PEAU TORREFIE POLYURETHANE PU NYLON POLYESTER + JEANS CELLULOSE FEUILLE DE MALT MICRONISEE OXYDE DE [&hellip;]<\/p>\n","protected":false},"author":1,"featured_media":4934,"parent":7613,"menu_order":175,"comment_status":"closed","ping_status":"closed","template":"","meta":{"_mi_skip_tracking":false},"acf":{"barra_cta":null,"immagine_barra_cta":null},"yoast_head":"<!-- This site is optimized with the Yoast SEO plugin v16.4 - https:\/\/yoast.com\/wordpress\/plugins\/seo\/ -->\n<title>Laboratoire d&#039;essai granulation - General Dies<\/title>\n<meta name=\"description\" content=\"Notre laboratoire permet de tester la possibilit\u00e9 de granulation de votre produit. D\u00e9crouvez-vous tous les produits innovants test\u00e9s avec succ\u00e8s.\" \/>\n<meta name=\"robots\" content=\"index, follow, max-snippet:-1, max-image-preview:large, max-video-preview:-1\" \/>\n<link rel=\"canonical\" href=\"https:\/\/www.generaldies.com\/fr\/services\/laboratoire-dessai\/\" \/>\n<meta property=\"og:locale\" content=\"fr_FR\" \/>\n<meta property=\"og:type\" content=\"article\" \/>\n<meta property=\"og:title\" content=\"Laboratoire d&#039;essai granulation - General Dies\" \/>\n<meta property=\"og:description\" content=\"Notre laboratoire permet de tester la possibilit\u00e9 de granulation de votre produit. D\u00e9crouvez-vous tous les produits innovants test\u00e9s avec succ\u00e8s.\" \/>\n<meta property=\"og:url\" content=\"https:\/\/www.generaldies.com\/fr\/services\/laboratoire-dessai\/\" \/>\n<meta property=\"og:site_name\" content=\"General Dies\" \/>\n<meta property=\"og:image\" content=\"https:\/\/www.generaldies.com\/wp-content\/uploads\/2017\/02\/041_IMG_7214.jpg\" \/>\n\t<meta property=\"og:image:width\" content=\"1200\" \/>\n\t<meta property=\"og:image:height\" content=\"805\" \/>\n<meta name=\"twitter:card\" content=\"summary\" \/>\n<meta name=\"twitter:label1\" content=\"Dur\u00e9e de lecture est.\" \/>\n\t<meta name=\"twitter:data1\" content=\"1 minute\" \/>\n<script type=\"application\/ld+json\" class=\"yoast-schema-graph\">{\"@context\":\"https:\/\/schema.org\",\"@graph\":[{\"@type\":\"WebSite\",\"@id\":\"https:\/\/www.generaldies.com\/it\/#website\",\"url\":\"https:\/\/www.generaldies.com\/it\/\",\"name\":\"General Dies\",\"description\":\"Dal 1960 al servizio della pellettatura\",\"potentialAction\":[{\"@type\":\"SearchAction\",\"target\":\"https:\/\/www.generaldies.com\/it\/?s={search_term_string}\",\"query-input\":\"required name=search_term_string\"}],\"inLanguage\":\"fr-FR\"},{\"@type\":\"ImageObject\",\"@id\":\"https:\/\/www.generaldies.com\/fr\/services\/laboratoire-dessai\/#primaryimage\",\"inLanguage\":\"fr-FR\",\"url\":\"https:\/\/www.generaldies.com\/wp-content\/uploads\/2017\/02\/041_IMG_7214.jpg\",\"contentUrl\":\"https:\/\/www.generaldies.com\/wp-content\/uploads\/2017\/02\/041_IMG_7214.jpg\",\"width\":1200,\"height\":805,\"caption\":\"Laboratoire d'essai\"},{\"@type\":\"WebPage\",\"@id\":\"https:\/\/www.generaldies.com\/fr\/services\/laboratoire-dessai\/#webpage\",\"url\":\"https:\/\/www.generaldies.com\/fr\/services\/laboratoire-dessai\/\",\"name\":\"Laboratoire d'essai granulation - General Dies\",\"isPartOf\":{\"@id\":\"https:\/\/www.generaldies.com\/it\/#website\"},\"primaryImageOfPage\":{\"@id\":\"https:\/\/www.generaldies.com\/fr\/services\/laboratoire-dessai\/#primaryimage\"},\"datePublished\":\"2017-06-22T08:23:37+00:00\",\"dateModified\":\"2017-06-22T08:23:37+00:00\",\"description\":\"Notre laboratoire permet de tester la possibilit\\u00e9 de granulation de votre produit. D\\u00e9crouvez-vous tous les produits innovants test\\u00e9s avec succ\\u00e8s.\",\"breadcrumb\":{\"@id\":\"https:\/\/www.generaldies.com\/fr\/services\/laboratoire-dessai\/#breadcrumb\"},\"inLanguage\":\"fr-FR\",\"potentialAction\":[{\"@type\":\"ReadAction\",\"target\":[\"https:\/\/www.generaldies.com\/fr\/services\/laboratoire-dessai\/\"]}]},{\"@type\":\"BreadcrumbList\",\"@id\":\"https:\/\/www.generaldies.com\/fr\/services\/laboratoire-dessai\/#breadcrumb\",\"itemListElement\":[{\"@type\":\"ListItem\",\"position\":1,\"item\":{\"@type\":\"WebPage\",\"@id\":\"https:\/\/www.generaldies.com\/fr\/\",\"url\":\"https:\/\/www.generaldies.com\/fr\/\",\"name\":\"Home\"}},{\"@type\":\"ListItem\",\"position\":2,\"item\":{\"@type\":\"WebPage\",\"@id\":\"https:\/\/www.generaldies.com\/fr\/services\/\",\"url\":\"https:\/\/www.generaldies.com\/fr\/services\/\",\"name\":\"Services\"}},{\"@type\":\"ListItem\",\"position\":3,\"item\":{\"@id\":\"https:\/\/www.generaldies.com\/fr\/services\/laboratoire-dessai\/#webpage\"}}]}]}<\/script>\n<!-- \/ Yoast SEO plugin. -->","_links":{"self":[{"href":"https:\/\/www.generaldies.com\/fr\/wp-json\/wp\/v2\/pages\/7634"}],"collection":[{"href":"https:\/\/www.generaldies.com\/fr\/wp-json\/wp\/v2\/pages"}],"about":[{"href":"https:\/\/www.generaldies.com\/fr\/wp-json\/wp\/v2\/types\/page"}],"author":[{"embeddable":true,"href":"https:\/\/www.generaldies.com\/fr\/wp-json\/wp\/v2\/users\/1"}],"replies":[{"embeddable":true,"href":"https:\/\/www.generaldies.com\/fr\/wp-json\/wp\/v2\/comments?post=7634"}],"version-history":[{"count":1,"href":"https:\/\/www.generaldies.com\/fr\/wp-json\/wp\/v2\/pages\/7634\/revisions"}],"predecessor-version":[{"id":7635,"href":"https:\/\/www.generaldies.com\/fr\/wp-json\/wp\/v2\/pages\/7634\/revisions\/7635"}],"up":[{"embeddable":true,"href":"https:\/\/www.generaldies.com\/fr\/wp-json\/wp\/v2\/pages\/7613"}],"wp:featuredmedia":[{"embeddable":true,"href":"https:\/\/www.generaldies.com\/fr\/wp-json\/wp\/v2\/media\/4934"}],"wp:attachment":[{"href":"https:\/\/www.generaldies.com\/fr\/wp-json\/wp\/v2\/media?parent=7634"}],"curies":[{"name":"wp","href":"https:\/\/api.w.org\/{rel}","templated":true}]}}