{"id":7630,"date":"2017-06-22T10:20:35","date_gmt":"2017-06-22T08:20:35","guid":{"rendered":"https:\/\/www.generaldies.com\/services\/reparation-filieres-rouleaux-et-coquilles\/"},"modified":"2017-06-22T10:20:35","modified_gmt":"2017-06-22T08:20:35","slug":"reparation-filieres-rouleaux-et-coquilles","status":"publish","type":"page","link":"https:\/\/www.generaldies.com\/fr\/services\/reparation-filieres-rouleaux-et-coquilles\/","title":{"rendered":"R\u00e9paration filieres, rouleaux et coquilles"},"content":{"rendered":"<p>[vc_row][vc_column][vc_column_text]<img loading=\"lazy\" class=\"size-medium wp-image-4694 alignright\" src=\"https:\/\/www.generaldies.com\/wp-content\/uploads\/2017\/03\/Riparazione-trafila-300x264.jpg\" alt=\"Riparazione trafila\" width=\"300\" height=\"264\" srcset=\"https:\/\/www.generaldies.com\/wp-content\/uploads\/2017\/03\/Riparazione-trafila-300x264.jpg 300w, https:\/\/www.generaldies.com\/wp-content\/uploads\/2017\/03\/Riparazione-trafila-768x676.jpg 768w, https:\/\/www.generaldies.com\/wp-content\/uploads\/2017\/03\/Riparazione-trafila.jpg 800w\" sizes=\"(max-width: 300px) 100vw, 300px\" \/>Nous r\u00e9parons fili\u00e8res, annulaires et plates, rouleaux, coquilles de rouleaux et pi\u00e8ces d&rsquo;usure de tous les presses \u00e0 granuler, tels que unit\u00e9s rotor, couvercles, anneaux, bassins etc. Notre exp\u00e9rience nous permet de fournir des conseils utiles aux clients pour am\u00e9liorer la productivit\u00e9 des machines et installations.<\/p>\n<p>De plus, notre service innovant ENTRETIEN PROGRAMME pr\u00e9voit la collection des pi\u00e8ces d&rsquo;usure \u00e0 r\u00e9viser, la livraison des pi\u00e8ces r\u00e9vis\u00e9 et la v\u00e9rification du bon fonctionnement des installations.[\/vc_column_text][\/vc_column][\/vc_row]<\/p>\n","protected":false},"excerpt":{"rendered":"<p>[vc_row][vc_column][vc_column_text]Nous r\u00e9parons fili\u00e8res, annulaires et plates, rouleaux, coquilles de rouleaux et pi\u00e8ces d&rsquo;usure de tous les presses \u00e0 granuler, tels que unit\u00e9s rotor, couvercles, anneaux, bassins etc. Notre exp\u00e9rience nous permet de fournir des conseils utiles aux clients pour am\u00e9liorer la productivit\u00e9 des machines et installations. De plus, notre service innovant ENTRETIEN PROGRAMME pr\u00e9voit la [&hellip;]<\/p>\n","protected":false},"author":1,"featured_media":4661,"parent":7613,"menu_order":169,"comment_status":"closed","ping_status":"closed","template":"","meta":{"_mi_skip_tracking":false},"acf":{"barra_cta":true,"immagine_barra_cta":{"ID":9044,"id":9044,"title":"team-video_NEW3","filename":"team-video_NEW3.jpg","filesize":123562,"url":"https:\/\/www.generaldies.com\/wp-content\/uploads\/2026\/04\/team-video_NEW3.jpg","link":"https:\/\/www.generaldies.com\/fr\/team-video_new3-2\/","alt":"","author":"5","description":"","caption":"","name":"team-video_new3-2","status":"inherit","uploaded_to":0,"date":"2026-04-29 14:40:19","modified":"2026-04-29 14:40:19","menu_order":0,"mime_type":"image\/jpeg","type":"image","subtype":"jpeg","icon":"https:\/\/www.generaldies.com\/wp-includes\/images\/media\/default.png","width":689,"height":368,"sizes":{"thumbnail":"https:\/\/www.generaldies.com\/wp-content\/uploads\/2026\/04\/team-video_NEW3-150x150.jpg","thumbnail-width":150,"thumbnail-height":150,"medium":"https:\/\/www.generaldies.com\/wp-content\/uploads\/2026\/04\/team-video_NEW3-300x160.jpg","medium-width":300,"medium-height":160,"medium_large":"https:\/\/www.generaldies.com\/wp-content\/uploads\/2026\/04\/team-video_NEW3.jpg","medium_large-width":640,"medium_large-height":342,"large":"https:\/\/www.generaldies.com\/wp-content\/uploads\/2026\/04\/team-video_NEW3.jpg","large-width":640,"large-height":342,"1536x1536":"https:\/\/www.generaldies.com\/wp-content\/uploads\/2026\/04\/team-video_NEW3.jpg","1536x1536-width":689,"1536x1536-height":368,"2048x2048":"https:\/\/www.generaldies.com\/wp-content\/uploads\/2026\/04\/team-video_NEW3.jpg","2048x2048-width":689,"2048x2048-height":368,"list-image":"https:\/\/www.generaldies.com\/wp-content\/uploads\/2026\/04\/team-video_NEW3.jpg","list-image-width":689,"list-image-height":368,"square-image":"https:\/\/www.generaldies.com\/wp-content\/uploads\/2026\/04\/team-video_NEW3.jpg","square-image-width":689,"square-image-height":368,"square-image-mini":"https:\/\/www.generaldies.com\/wp-content\/uploads\/2026\/04\/team-video_NEW3-400x368.jpg","square-image-mini-width":400,"square-image-mini-height":368,"banner-image":"https:\/\/www.generaldies.com\/wp-content\/uploads\/2026\/04\/team-video_NEW3-689x270.jpg","banner-image-width":689,"banner-image-height":270,"pc-image":"https:\/\/www.generaldies.com\/wp-content\/uploads\/2026\/04\/team-video_NEW3-200x100.jpg","pc-image-width":200,"pc-image-height":100}}},"yoast_head":"<!-- This site is optimized with the Yoast SEO plugin v16.4 - https:\/\/yoast.com\/wordpress\/plugins\/seo\/ -->\n<title>Reparation fili\u00e8res, rouleaux et coquilles - General Dies<\/title>\n<meta name=\"description\" content=\"Nous r\u00e9parons fili\u00e8res, \u00e0 anneau et plat, rouleaux, coquilles et pi\u00e8ces d&#039;usure de toutes les presses \u00e0 granulation. D\u00e9crouvez-vous tous services.\" \/>\n<meta name=\"robots\" content=\"index, follow, max-snippet:-1, max-image-preview:large, max-video-preview:-1\" \/>\n<link rel=\"canonical\" href=\"https:\/\/www.generaldies.com\/fr\/services\/reparation-filieres-rouleaux-et-coquilles\/\" \/>\n<meta property=\"og:locale\" content=\"fr_FR\" \/>\n<meta property=\"og:type\" content=\"article\" \/>\n<meta property=\"og:title\" content=\"Reparation fili\u00e8res, rouleaux et coquilles - General Dies\" \/>\n<meta property=\"og:description\" content=\"Nous r\u00e9parons fili\u00e8res, \u00e0 anneau et plat, rouleaux, coquilles et pi\u00e8ces d&#039;usure de toutes les presses \u00e0 granulation. D\u00e9crouvez-vous tous services.\" \/>\n<meta property=\"og:url\" content=\"https:\/\/www.generaldies.com\/fr\/services\/reparation-filieres-rouleaux-et-coquilles\/\" \/>\n<meta property=\"og:site_name\" content=\"General Dies\" \/>\n<meta property=\"og:image\" content=\"https:\/\/www.generaldies.com\/wp-content\/uploads\/2017\/03\/revisione-trafile.jpg\" \/>\n\t<meta property=\"og:image:width\" content=\"800\" \/>\n\t<meta property=\"og:image:height\" content=\"518\" \/>\n<meta name=\"twitter:card\" content=\"summary\" \/>\n<script type=\"application\/ld+json\" class=\"yoast-schema-graph\">{\"@context\":\"https:\/\/schema.org\",\"@graph\":[{\"@type\":\"WebSite\",\"@id\":\"https:\/\/www.generaldies.com\/it\/#website\",\"url\":\"https:\/\/www.generaldies.com\/it\/\",\"name\":\"General Dies\",\"description\":\"Dal 1960 al servizio della pellettatura\",\"potentialAction\":[{\"@type\":\"SearchAction\",\"target\":\"https:\/\/www.generaldies.com\/it\/?s={search_term_string}\",\"query-input\":\"required name=search_term_string\"}],\"inLanguage\":\"fr-FR\"},{\"@type\":\"ImageObject\",\"@id\":\"https:\/\/www.generaldies.com\/fr\/services\/reparation-filieres-rouleaux-et-coquilles\/#primaryimage\",\"inLanguage\":\"fr-FR\",\"url\":\"https:\/\/www.generaldies.com\/wp-content\/uploads\/2017\/03\/revisione-trafile.jpg\",\"contentUrl\":\"https:\/\/www.generaldies.com\/wp-content\/uploads\/2017\/03\/revisione-trafile.jpg\",\"width\":800,\"height\":518},{\"@type\":\"WebPage\",\"@id\":\"https:\/\/www.generaldies.com\/fr\/services\/reparation-filieres-rouleaux-et-coquilles\/#webpage\",\"url\":\"https:\/\/www.generaldies.com\/fr\/services\/reparation-filieres-rouleaux-et-coquilles\/\",\"name\":\"Reparation fili\\u00e8res, rouleaux et coquilles - General Dies\",\"isPartOf\":{\"@id\":\"https:\/\/www.generaldies.com\/it\/#website\"},\"primaryImageOfPage\":{\"@id\":\"https:\/\/www.generaldies.com\/fr\/services\/reparation-filieres-rouleaux-et-coquilles\/#primaryimage\"},\"datePublished\":\"2017-06-22T08:20:35+00:00\",\"dateModified\":\"2017-06-22T08:20:35+00:00\",\"description\":\"Nous r\\u00e9parons fili\\u00e8res, \\u00e0 anneau et plat, rouleaux, coquilles et pi\\u00e8ces d'usure de toutes les presses \\u00e0 granulation. D\\u00e9crouvez-vous tous services.\",\"breadcrumb\":{\"@id\":\"https:\/\/www.generaldies.com\/fr\/services\/reparation-filieres-rouleaux-et-coquilles\/#breadcrumb\"},\"inLanguage\":\"fr-FR\",\"potentialAction\":[{\"@type\":\"ReadAction\",\"target\":[\"https:\/\/www.generaldies.com\/fr\/services\/reparation-filieres-rouleaux-et-coquilles\/\"]}]},{\"@type\":\"BreadcrumbList\",\"@id\":\"https:\/\/www.generaldies.com\/fr\/services\/reparation-filieres-rouleaux-et-coquilles\/#breadcrumb\",\"itemListElement\":[{\"@type\":\"ListItem\",\"position\":1,\"item\":{\"@type\":\"WebPage\",\"@id\":\"https:\/\/www.generaldies.com\/fr\/\",\"url\":\"https:\/\/www.generaldies.com\/fr\/\",\"name\":\"Home\"}},{\"@type\":\"ListItem\",\"position\":2,\"item\":{\"@type\":\"WebPage\",\"@id\":\"https:\/\/www.generaldies.com\/fr\/services\/\",\"url\":\"https:\/\/www.generaldies.com\/fr\/services\/\",\"name\":\"Services\"}},{\"@type\":\"ListItem\",\"position\":3,\"item\":{\"@id\":\"https:\/\/www.generaldies.com\/fr\/services\/reparation-filieres-rouleaux-et-coquilles\/#webpage\"}}]}]}<\/script>\n<!-- \/ Yoast SEO plugin. -->","_links":{"self":[{"href":"https:\/\/www.generaldies.com\/fr\/wp-json\/wp\/v2\/pages\/7630"}],"collection":[{"href":"https:\/\/www.generaldies.com\/fr\/wp-json\/wp\/v2\/pages"}],"about":[{"href":"https:\/\/www.generaldies.com\/fr\/wp-json\/wp\/v2\/types\/page"}],"author":[{"embeddable":true,"href":"https:\/\/www.generaldies.com\/fr\/wp-json\/wp\/v2\/users\/1"}],"replies":[{"embeddable":true,"href":"https:\/\/www.generaldies.com\/fr\/wp-json\/wp\/v2\/comments?post=7630"}],"version-history":[{"count":1,"href":"https:\/\/www.generaldies.com\/fr\/wp-json\/wp\/v2\/pages\/7630\/revisions"}],"predecessor-version":[{"id":7631,"href":"https:\/\/www.generaldies.com\/fr\/wp-json\/wp\/v2\/pages\/7630\/revisions\/7631"}],"up":[{"embeddable":true,"href":"https:\/\/www.generaldies.com\/fr\/wp-json\/wp\/v2\/pages\/7613"}],"wp:featuredmedia":[{"embeddable":true,"href":"https:\/\/www.generaldies.com\/fr\/wp-json\/wp\/v2\/media\/4661"}],"wp:attachment":[{"href":"https:\/\/www.generaldies.com\/fr\/wp-json\/wp\/v2\/media?parent=7630"}],"curies":[{"name":"wp","href":"https:\/\/api.w.org\/{rel}","templated":true}]}}