{"id":7628,"date":"2017-06-22T10:15:57","date_gmt":"2017-06-22T08:15:57","guid":{"rendered":"https:\/\/www.generaldies.com\/services\/service-et-entretien\/"},"modified":"2017-06-22T10:15:57","modified_gmt":"2017-06-22T08:15:57","slug":"service-et-entretien","status":"publish","type":"page","link":"https:\/\/www.generaldies.com\/fr\/services\/service-et-entretien\/","title":{"rendered":"Service et entretien"},"content":{"rendered":"<p>[vc_row][vc_column][vc_column_text]<img loading=\"lazy\" class=\"size-medium wp-image-4687 alignright\" src=\"https:\/\/www.generaldies.com\/wp-content\/uploads\/2017\/03\/service-e-manutenzione-300x222.jpg\" alt=\"service e manutenzione\" width=\"300\" height=\"222\" srcset=\"https:\/\/www.generaldies.com\/wp-content\/uploads\/2017\/03\/service-e-manutenzione-300x222.jpg 300w, https:\/\/www.generaldies.com\/wp-content\/uploads\/2017\/03\/service-e-manutenzione-768x568.jpg 768w, https:\/\/www.generaldies.com\/wp-content\/uploads\/2017\/03\/service-e-manutenzione.jpg 800w\" sizes=\"(max-width: 300px) 100vw, 300px\" \/>Nous croyons fermement dans le service apr\u00e8s-vente, nous le consid\u00e9rons une valeur ajout\u00e9e essentielle. Avoir des machines efficaces et contr\u00f4l\u00e9es contre une d\u00e9pense minimale assure la minimisation des arr\u00eats des lignes. Nous consid\u00e9rons le client un partenaire et ses probl\u00e8mes sont le n\u00f4tres, donc nous nous effor\u00e7ons de trouver des solutions communes et efficaces, d&rsquo;intervenir rapidement, en d\u2019une fa\u00e7on s\u00e9rieuse et juste. Depuis plusieurs ann\u00e9es, nous offrons en Italie et dans les pays voisins, un service innovant d\u2019ENTRETIEN PROGRAMME: nos techniciens viennent, \u00e0 co\u00fbt contenu, directement dans vos usines, tous les six mois  ou suivant un d\u00e9lai agr\u00e9e, afin de v\u00e9rifier l&rsquo;\u00e9tat de l&rsquo;installation et de vos machines, de toute marque ou mod\u00e8le, pour \u00e9viter des bris ou des d\u00e9faillances importantes et donc des arr\u00eats de production inutiles et \u00e9vitables. Ce service comprend la livraison des pi\u00e8ces d&rsquo;usure r\u00e9vis\u00e9s et la collection des pi\u00e8ces \u00e0 r\u00e9viser. Nous intervenons sur place, pr\u00e9f\u00e9rant ajouter \u00e0 notre technicien un  technicien \u00e0 vous afin de r\u00e9duire les co\u00fbts et de faire, en m\u00eame temps, une formation sur le terrain. De plus, aux clients qui d\u00e9cident d&rsquo;opter pour ce service il y a des r\u00e9ductions sur les prix. Nous r\u00e9visons \u00e0 neuf, d&rsquo;ailleurs,  dans notre si\u00e8ge, machines et presses \u00e0 granuler \u00e0 fili\u00e8re plate et annulaire, avec un entra\u00eenement par courroie ou engrenages.[\/vc_column_text][\/vc_column][\/vc_row]<\/p>\n","protected":false},"excerpt":{"rendered":"<p>[vc_row][vc_column][vc_column_text]Nous croyons fermement dans le service apr\u00e8s-vente, nous le consid\u00e9rons une valeur ajout\u00e9e essentielle. Avoir des machines efficaces et contr\u00f4l\u00e9es contre une d\u00e9pense minimale assure la minimisation des arr\u00eats des lignes. Nous consid\u00e9rons le client un partenaire et ses probl\u00e8mes sont le n\u00f4tres, donc nous nous effor\u00e7ons de trouver des solutions communes et efficaces, d&rsquo;intervenir [&hellip;]<\/p>\n","protected":false},"author":1,"featured_media":4655,"parent":7613,"menu_order":181,"comment_status":"closed","ping_status":"closed","template":"","meta":{"_mi_skip_tracking":false},"acf":{"barra_cta":true,"immagine_barra_cta":{"ID":8941,"id":8941,"title":"Team General Dies","filename":"team-video_NEW2.jpg","filesize":117644,"url":"https:\/\/www.generaldies.com\/wp-content\/uploads\/2024\/12\/team-video_NEW2.jpg","link":"https:\/\/www.generaldies.com\/fr\/team-video_new2-2\/","alt":"","author":"5","description":"","caption":"","name":"team-video_new2-2","status":"inherit","uploaded_to":0,"date":"2024-12-10 09:46:43","modified":"2024-12-10 10:10:34","menu_order":0,"mime_type":"image\/jpeg","type":"image","subtype":"jpeg","icon":"https:\/\/www.generaldies.com\/wp-includes\/images\/media\/default.png","width":689,"height":321,"sizes":{"thumbnail":"https:\/\/www.generaldies.com\/wp-content\/uploads\/2024\/12\/team-video_NEW2-150x150.jpg","thumbnail-width":150,"thumbnail-height":150,"medium":"https:\/\/www.generaldies.com\/wp-content\/uploads\/2024\/12\/team-video_NEW2-300x140.jpg","medium-width":300,"medium-height":140,"medium_large":"https:\/\/www.generaldies.com\/wp-content\/uploads\/2024\/12\/team-video_NEW2.jpg","medium_large-width":640,"medium_large-height":298,"large":"https:\/\/www.generaldies.com\/wp-content\/uploads\/2024\/12\/team-video_NEW2.jpg","large-width":640,"large-height":298,"1536x1536":"https:\/\/www.generaldies.com\/wp-content\/uploads\/2024\/12\/team-video_NEW2.jpg","1536x1536-width":689,"1536x1536-height":321,"2048x2048":"https:\/\/www.generaldies.com\/wp-content\/uploads\/2024\/12\/team-video_NEW2.jpg","2048x2048-width":689,"2048x2048-height":321,"list-image":"https:\/\/www.generaldies.com\/wp-content\/uploads\/2024\/12\/team-video_NEW2.jpg","list-image-width":689,"list-image-height":321,"square-image":"https:\/\/www.generaldies.com\/wp-content\/uploads\/2024\/12\/team-video_NEW2.jpg","square-image-width":689,"square-image-height":321,"square-image-mini":"https:\/\/www.generaldies.com\/wp-content\/uploads\/2024\/12\/team-video_NEW2-400x321.jpg","square-image-mini-width":400,"square-image-mini-height":321,"banner-image":"https:\/\/www.generaldies.com\/wp-content\/uploads\/2024\/12\/team-video_NEW2-689x270.jpg","banner-image-width":689,"banner-image-height":270,"pc-image":"https:\/\/www.generaldies.com\/wp-content\/uploads\/2024\/12\/team-video_NEW2-200x100.jpg","pc-image-width":200,"pc-image-height":100}}},"yoast_head":"<!-- This site is optimized with the Yoast SEO plugin v16.4 - https:\/\/yoast.com\/wordpress\/plugins\/seo\/ -->\n<title>Service et entretien - General Dies<\/title>\n<meta name=\"description\" content=\"Nous offrons un service innovant d&#039;entretien programm\u00e9. Vous pouvez avoir nos techniciens \u00e0 votre usine chaque six mois.\" \/>\n<meta name=\"robots\" content=\"index, follow, max-snippet:-1, max-image-preview:large, max-video-preview:-1\" \/>\n<link rel=\"canonical\" href=\"https:\/\/www.generaldies.com\/fr\/services\/service-et-entretien\/\" \/>\n<meta property=\"og:locale\" content=\"fr_FR\" \/>\n<meta property=\"og:type\" content=\"article\" \/>\n<meta property=\"og:title\" content=\"Service et entretien - General Dies\" \/>\n<meta property=\"og:description\" content=\"Nous offrons un service innovant d&#039;entretien programm\u00e9. Vous pouvez avoir nos techniciens \u00e0 votre usine chaque six mois.\" \/>\n<meta property=\"og:url\" content=\"https:\/\/www.generaldies.com\/fr\/services\/service-et-entretien\/\" \/>\n<meta property=\"og:site_name\" content=\"General Dies\" \/>\n<meta property=\"og:image\" content=\"https:\/\/www.generaldies.com\/wp-content\/uploads\/2017\/03\/Service.jpg\" \/>\n\t<meta property=\"og:image:width\" content=\"800\" \/>\n\t<meta property=\"og:image:height\" content=\"600\" \/>\n<meta name=\"twitter:card\" content=\"summary\" \/>\n<meta name=\"twitter:label1\" content=\"Dur\u00e9e de lecture est.\" \/>\n\t<meta name=\"twitter:data1\" content=\"1 minute\" \/>\n<script type=\"application\/ld+json\" class=\"yoast-schema-graph\">{\"@context\":\"https:\/\/schema.org\",\"@graph\":[{\"@type\":\"WebSite\",\"@id\":\"https:\/\/www.generaldies.com\/it\/#website\",\"url\":\"https:\/\/www.generaldies.com\/it\/\",\"name\":\"General Dies\",\"description\":\"Dal 1960 al servizio della pellettatura\",\"potentialAction\":[{\"@type\":\"SearchAction\",\"target\":\"https:\/\/www.generaldies.com\/it\/?s={search_term_string}\",\"query-input\":\"required name=search_term_string\"}],\"inLanguage\":\"fr-FR\"},{\"@type\":\"ImageObject\",\"@id\":\"https:\/\/www.generaldies.com\/fr\/services\/service-et-entretien\/#primaryimage\",\"inLanguage\":\"fr-FR\",\"url\":\"https:\/\/www.generaldies.com\/wp-content\/uploads\/2017\/03\/Service.jpg\",\"contentUrl\":\"https:\/\/www.generaldies.com\/wp-content\/uploads\/2017\/03\/Service.jpg\",\"width\":800,\"height\":600},{\"@type\":\"WebPage\",\"@id\":\"https:\/\/www.generaldies.com\/fr\/services\/service-et-entretien\/#webpage\",\"url\":\"https:\/\/www.generaldies.com\/fr\/services\/service-et-entretien\/\",\"name\":\"Service et entretien - General Dies\",\"isPartOf\":{\"@id\":\"https:\/\/www.generaldies.com\/it\/#website\"},\"primaryImageOfPage\":{\"@id\":\"https:\/\/www.generaldies.com\/fr\/services\/service-et-entretien\/#primaryimage\"},\"datePublished\":\"2017-06-22T08:15:57+00:00\",\"dateModified\":\"2017-06-22T08:15:57+00:00\",\"description\":\"Nous offrons un service innovant d'entretien programm\\u00e9. Vous pouvez avoir nos techniciens \\u00e0 votre usine chaque six mois.\",\"breadcrumb\":{\"@id\":\"https:\/\/www.generaldies.com\/fr\/services\/service-et-entretien\/#breadcrumb\"},\"inLanguage\":\"fr-FR\",\"potentialAction\":[{\"@type\":\"ReadAction\",\"target\":[\"https:\/\/www.generaldies.com\/fr\/services\/service-et-entretien\/\"]}]},{\"@type\":\"BreadcrumbList\",\"@id\":\"https:\/\/www.generaldies.com\/fr\/services\/service-et-entretien\/#breadcrumb\",\"itemListElement\":[{\"@type\":\"ListItem\",\"position\":1,\"item\":{\"@type\":\"WebPage\",\"@id\":\"https:\/\/www.generaldies.com\/fr\/\",\"url\":\"https:\/\/www.generaldies.com\/fr\/\",\"name\":\"Home\"}},{\"@type\":\"ListItem\",\"position\":2,\"item\":{\"@type\":\"WebPage\",\"@id\":\"https:\/\/www.generaldies.com\/fr\/services\/\",\"url\":\"https:\/\/www.generaldies.com\/fr\/services\/\",\"name\":\"Services\"}},{\"@type\":\"ListItem\",\"position\":3,\"item\":{\"@id\":\"https:\/\/www.generaldies.com\/fr\/services\/service-et-entretien\/#webpage\"}}]}]}<\/script>\n<!-- \/ Yoast SEO plugin. -->","_links":{"self":[{"href":"https:\/\/www.generaldies.com\/fr\/wp-json\/wp\/v2\/pages\/7628"}],"collection":[{"href":"https:\/\/www.generaldies.com\/fr\/wp-json\/wp\/v2\/pages"}],"about":[{"href":"https:\/\/www.generaldies.com\/fr\/wp-json\/wp\/v2\/types\/page"}],"author":[{"embeddable":true,"href":"https:\/\/www.generaldies.com\/fr\/wp-json\/wp\/v2\/users\/1"}],"replies":[{"embeddable":true,"href":"https:\/\/www.generaldies.com\/fr\/wp-json\/wp\/v2\/comments?post=7628"}],"version-history":[{"count":1,"href":"https:\/\/www.generaldies.com\/fr\/wp-json\/wp\/v2\/pages\/7628\/revisions"}],"predecessor-version":[{"id":7629,"href":"https:\/\/www.generaldies.com\/fr\/wp-json\/wp\/v2\/pages\/7628\/revisions\/7629"}],"up":[{"embeddable":true,"href":"https:\/\/www.generaldies.com\/fr\/wp-json\/wp\/v2\/pages\/7613"}],"wp:featuredmedia":[{"embeddable":true,"href":"https:\/\/www.generaldies.com\/fr\/wp-json\/wp\/v2\/media\/4655"}],"wp:attachment":[{"href":"https:\/\/www.generaldies.com\/fr\/wp-json\/wp\/v2\/media?parent=7628"}],"curies":[{"name":"wp","href":"https:\/\/api.w.org\/{rel}","templated":true}]}}