{"id":7626,"date":"2017-06-22T09:58:45","date_gmt":"2017-06-22T07:58:45","guid":{"rendered":"https:\/\/www.generaldies.com\/services\/conseils-et-assistance\/"},"modified":"2017-06-22T09:58:45","modified_gmt":"2017-06-22T07:58:45","slug":"conseils-et-assistance","status":"publish","type":"page","link":"https:\/\/www.generaldies.com\/fr\/services\/conseils-et-assistance\/","title":{"rendered":"Conseils et assistance"},"content":{"rendered":"<p>[vc_row][vc_column][vc_column_text]<img loading=\"lazy\" class=\"alignleft size-medium wp-image-4787\" src=\"https:\/\/www.generaldies.com\/wp-content\/uploads\/2017\/03\/ufficio-tecnico-300x200.jpg\" alt=\"ufficio tecnico general dies\" width=\"300\" height=\"200\" srcset=\"https:\/\/www.generaldies.com\/wp-content\/uploads\/2017\/03\/ufficio-tecnico-300x200.jpg 300w, https:\/\/www.generaldies.com\/wp-content\/uploads\/2017\/03\/ufficio-tecnico-768x512.jpg 768w, https:\/\/www.generaldies.com\/wp-content\/uploads\/2017\/03\/ufficio-tecnico.jpg 800w\" sizes=\"(max-width: 300px) 100vw, 300px\" \/>Nous offrons une assistance continue au client dans toutes les formes n\u00e9cessaires: des conseils t\u00e9l\u00e9phoniques, des visites sur place, assistance sur demande, r\u00e9vision des machines et installations, reprise des machines, r\u00e9vision de fili\u00e8res, des rouleaux et des coquilles et la livraison des pi\u00e8ces r\u00e9vis\u00e9s \u00e0 neuf. Les conseils que nous pouvons offrir \u00e0 nos clients et notre engagement et capacit\u00e9 dans l&rsquo;assistance sont pour nous une question d&rsquo;effort et d&rsquo;orgueil. <img loading=\"lazy\" class=\"size-medium wp-image-4793 alignright\" src=\"https:\/\/www.generaldies.com\/wp-content\/uploads\/2017\/03\/consulenza-300x300.jpg\" alt=\"\" width=\"300\" height=\"300\" srcset=\"https:\/\/www.generaldies.com\/wp-content\/uploads\/2017\/03\/consulenza-300x300.jpg 300w, https:\/\/www.generaldies.com\/wp-content\/uploads\/2017\/03\/consulenza-150x150.jpg 150w, https:\/\/www.generaldies.com\/wp-content\/uploads\/2017\/03\/consulenza.jpg 600w, https:\/\/www.generaldies.com\/wp-content\/uploads\/2017\/03\/consulenza-400x400.jpg 400w\" sizes=\"(max-width: 300px) 100vw, 300px\" \/>Nous nous engageons \u00e0 fournir un haut niveau de service, ne laissant jamais le client seul avec des probl\u00e8mes de production et \/ ou des pi\u00e8ces de rechange. Nous sommes toujours pr\u00e9sents, m\u00eame pendant les vacances, parce que nous comprenons l&rsquo;importance d&rsquo;une installation qui fonctionne toujours et bien. Nous sommes passionn\u00e9s par notre travail, ce qui rend le probl\u00e8me du client toujours notre probl\u00e8me, quelle que soit la cause. Nous r\u00e9soudrons le probl\u00e8me en la mani\u00e8re plus \u00e9conomique et durable, adoptant toujours des composants de haute qualit\u00e9 et des techniciens d&rsquo;un professionnalisme indiscutable. [\/vc_column_text][\/vc_column][\/vc_row]<\/p>\n","protected":false},"excerpt":{"rendered":"<p>[vc_row][vc_column][vc_column_text]Nous offrons une assistance continue au client dans toutes les formes n\u00e9cessaires: des conseils t\u00e9l\u00e9phoniques, des visites sur place, assistance sur demande, r\u00e9vision des machines et installations, reprise des machines, r\u00e9vision de fili\u00e8res, des rouleaux et des coquilles et la livraison des pi\u00e8ces r\u00e9vis\u00e9s \u00e0 neuf. Les conseils que nous pouvons offrir \u00e0 nos clients [&hellip;]<\/p>\n","protected":false},"author":1,"featured_media":4309,"parent":7613,"menu_order":63,"comment_status":"closed","ping_status":"closed","template":"","meta":{"_mi_skip_tracking":false},"acf":{"barra_cta":null,"immagine_barra_cta":null},"yoast_head":"<!-- This site is optimized with the Yoast SEO plugin v16.4 - https:\/\/yoast.com\/wordpress\/plugins\/seo\/ -->\n<title>Consultation d&#039;entreprise - General Dies<\/title>\n<meta name=\"description\" content=\"Nous offrons assistance au client dans toutes les formes n\u00e9cessaires: des conseils t\u00e9l\u00e9phoniques, des visites sur place, r\u00e9vision de machines et installations etc.\" \/>\n<meta name=\"robots\" content=\"index, follow, max-snippet:-1, max-image-preview:large, max-video-preview:-1\" \/>\n<link rel=\"canonical\" href=\"https:\/\/www.generaldies.com\/fr\/services\/conseils-et-assistance\/\" \/>\n<meta property=\"og:locale\" content=\"fr_FR\" \/>\n<meta property=\"og:type\" content=\"article\" \/>\n<meta property=\"og:title\" content=\"Consultation d&#039;entreprise - General Dies\" \/>\n<meta property=\"og:description\" content=\"Nous offrons assistance au client dans toutes les formes n\u00e9cessaires: des conseils t\u00e9l\u00e9phoniques, des visites sur place, r\u00e9vision de machines et installations etc.\" \/>\n<meta property=\"og:url\" content=\"https:\/\/www.generaldies.com\/fr\/services\/conseils-et-assistance\/\" \/>\n<meta property=\"og:site_name\" content=\"General Dies\" \/>\n<meta property=\"og:image\" content=\"https:\/\/www.generaldies.com\/wp-content\/uploads\/2017\/02\/Consulenza-Consulting-Service.jpg\" \/>\n\t<meta property=\"og:image:width\" content=\"800\" \/>\n\t<meta property=\"og:image:height\" content=\"603\" \/>\n<meta name=\"twitter:card\" content=\"summary\" \/>\n<meta name=\"twitter:label1\" content=\"Dur\u00e9e de lecture est.\" \/>\n\t<meta name=\"twitter:data1\" content=\"1 minute\" \/>\n<script type=\"application\/ld+json\" class=\"yoast-schema-graph\">{\"@context\":\"https:\/\/schema.org\",\"@graph\":[{\"@type\":\"WebSite\",\"@id\":\"https:\/\/www.generaldies.com\/it\/#website\",\"url\":\"https:\/\/www.generaldies.com\/it\/\",\"name\":\"General Dies\",\"description\":\"Dal 1960 al servizio della pellettatura\",\"potentialAction\":[{\"@type\":\"SearchAction\",\"target\":\"https:\/\/www.generaldies.com\/it\/?s={search_term_string}\",\"query-input\":\"required name=search_term_string\"}],\"inLanguage\":\"fr-FR\"},{\"@type\":\"ImageObject\",\"@id\":\"https:\/\/www.generaldies.com\/fr\/services\/conseils-et-assistance\/#primaryimage\",\"inLanguage\":\"fr-FR\",\"url\":\"https:\/\/www.generaldies.com\/wp-content\/uploads\/2017\/02\/Consulenza-Consulting-Service.jpg\",\"contentUrl\":\"https:\/\/www.generaldies.com\/wp-content\/uploads\/2017\/02\/Consulenza-Consulting-Service.jpg\",\"width\":800,\"height\":603},{\"@type\":\"WebPage\",\"@id\":\"https:\/\/www.generaldies.com\/fr\/services\/conseils-et-assistance\/#webpage\",\"url\":\"https:\/\/www.generaldies.com\/fr\/services\/conseils-et-assistance\/\",\"name\":\"Consultation d'entreprise - General Dies\",\"isPartOf\":{\"@id\":\"https:\/\/www.generaldies.com\/it\/#website\"},\"primaryImageOfPage\":{\"@id\":\"https:\/\/www.generaldies.com\/fr\/services\/conseils-et-assistance\/#primaryimage\"},\"datePublished\":\"2017-06-22T07:58:45+00:00\",\"dateModified\":\"2017-06-22T07:58:45+00:00\",\"description\":\"Nous offrons assistance au client dans toutes les formes n\\u00e9cessaires: des conseils t\\u00e9l\\u00e9phoniques, des visites sur place, r\\u00e9vision de machines et installations etc.\",\"breadcrumb\":{\"@id\":\"https:\/\/www.generaldies.com\/fr\/services\/conseils-et-assistance\/#breadcrumb\"},\"inLanguage\":\"fr-FR\",\"potentialAction\":[{\"@type\":\"ReadAction\",\"target\":[\"https:\/\/www.generaldies.com\/fr\/services\/conseils-et-assistance\/\"]}]},{\"@type\":\"BreadcrumbList\",\"@id\":\"https:\/\/www.generaldies.com\/fr\/services\/conseils-et-assistance\/#breadcrumb\",\"itemListElement\":[{\"@type\":\"ListItem\",\"position\":1,\"item\":{\"@type\":\"WebPage\",\"@id\":\"https:\/\/www.generaldies.com\/fr\/\",\"url\":\"https:\/\/www.generaldies.com\/fr\/\",\"name\":\"Home\"}},{\"@type\":\"ListItem\",\"position\":2,\"item\":{\"@type\":\"WebPage\",\"@id\":\"https:\/\/www.generaldies.com\/fr\/services\/\",\"url\":\"https:\/\/www.generaldies.com\/fr\/services\/\",\"name\":\"Services\"}},{\"@type\":\"ListItem\",\"position\":3,\"item\":{\"@id\":\"https:\/\/www.generaldies.com\/fr\/services\/conseils-et-assistance\/#webpage\"}}]}]}<\/script>\n<!-- \/ Yoast SEO plugin. -->","_links":{"self":[{"href":"https:\/\/www.generaldies.com\/fr\/wp-json\/wp\/v2\/pages\/7626"}],"collection":[{"href":"https:\/\/www.generaldies.com\/fr\/wp-json\/wp\/v2\/pages"}],"about":[{"href":"https:\/\/www.generaldies.com\/fr\/wp-json\/wp\/v2\/types\/page"}],"author":[{"embeddable":true,"href":"https:\/\/www.generaldies.com\/fr\/wp-json\/wp\/v2\/users\/1"}],"replies":[{"embeddable":true,"href":"https:\/\/www.generaldies.com\/fr\/wp-json\/wp\/v2\/comments?post=7626"}],"version-history":[{"count":1,"href":"https:\/\/www.generaldies.com\/fr\/wp-json\/wp\/v2\/pages\/7626\/revisions"}],"predecessor-version":[{"id":7627,"href":"https:\/\/www.generaldies.com\/fr\/wp-json\/wp\/v2\/pages\/7626\/revisions\/7627"}],"up":[{"embeddable":true,"href":"https:\/\/www.generaldies.com\/fr\/wp-json\/wp\/v2\/pages\/7613"}],"wp:featuredmedia":[{"embeddable":true,"href":"https:\/\/www.generaldies.com\/fr\/wp-json\/wp\/v2\/media\/4309"}],"wp:attachment":[{"href":"https:\/\/www.generaldies.com\/fr\/wp-json\/wp\/v2\/media?parent=7626"}],"curies":[{"name":"wp","href":"https:\/\/api.w.org\/{rel}","templated":true}]}}