{"id":7624,"date":"2017-06-22T09:57:19","date_gmt":"2017-06-22T07:57:19","guid":{"rendered":"https:\/\/www.generaldies.com\/services\/modernisation-des-installations\/"},"modified":"2017-06-22T09:57:19","modified_gmt":"2017-06-22T07:57:19","slug":"modernisation-des-installations","status":"publish","type":"page","link":"https:\/\/www.generaldies.com\/fr\/services\/modernisation-des-installations\/","title":{"rendered":"Modernisation des installations"},"content":{"rendered":"<p>[vc_row][vc_column][vc_column_text]<img loading=\"lazy\" class=\"size-medium wp-image-4679 alignright\" src=\"https:\/\/www.generaldies.com\/wp-content\/uploads\/2017\/03\/ammodernamento-impianti-pellet-222x300.jpg\" alt=\"ammodernamento impianti pellet\" width=\"222\" height=\"300\" srcset=\"https:\/\/www.generaldies.com\/wp-content\/uploads\/2017\/03\/ammodernamento-impianti-pellet-222x300.jpg 222w, https:\/\/www.generaldies.com\/wp-content\/uploads\/2017\/03\/ammodernamento-impianti-pellet.jpg 592w\" sizes=\"(max-width: 222px) 100vw, 222px\" \/>L&rsquo;exp\u00e9rience dans la conception des installations nous permet de r\u00e9pondre aussi aux besoins de modernisation des installations obsol\u00e8tes. Cela nous permet d\u2019utiliser l&rsquo;espace existant, de r\u00e9viser les machines en bon \u00e9tat, d&rsquo;ins\u00e9rer nouveaux \u00e9quipements, o\u00f9 n\u00e9cessaire, et de rendre efficace tout ce qui est d\u00e9j\u00e0 dans l&rsquo;installation. Cela permet de r\u00e9duire consid\u00e9rablement les co\u00fbts en \u00e9vitant les travaux et les achats inutiles, mais avec la possibilit\u00e9 d&rsquo;augmenter la productivit\u00e9 et d&rsquo;am\u00e9liorer et d&rsquo;innover les processus.[\/vc_column_text][\/vc_column][\/vc_row]<\/p>\n","protected":false},"excerpt":{"rendered":"<p>[vc_row][vc_column][vc_column_text]L&rsquo;exp\u00e9rience dans la conception des installations nous permet de r\u00e9pondre aussi aux besoins de modernisation des installations obsol\u00e8tes. Cela nous permet d\u2019utiliser l&rsquo;espace existant, de r\u00e9viser les machines en bon \u00e9tat, d&rsquo;ins\u00e9rer nouveaux \u00e9quipements, o\u00f9 n\u00e9cessaire, et de rendre efficace tout ce qui est d\u00e9j\u00e0 dans l&rsquo;installation. Cela permet de r\u00e9duire consid\u00e9rablement les co\u00fbts en [&hellip;]<\/p>\n","protected":false},"author":1,"featured_media":4309,"parent":7613,"menu_order":46,"comment_status":"closed","ping_status":"closed","template":"","meta":{"_mi_skip_tracking":false},"acf":{"barra_cta":true,"immagine_barra_cta":{"ID":9044,"id":9044,"title":"team-video_NEW3","filename":"team-video_NEW3.jpg","filesize":123562,"url":"https:\/\/www.generaldies.com\/wp-content\/uploads\/2026\/04\/team-video_NEW3.jpg","link":"https:\/\/www.generaldies.com\/fr\/team-video_new3-2\/","alt":"","author":"5","description":"","caption":"","name":"team-video_new3-2","status":"inherit","uploaded_to":0,"date":"2026-04-29 14:40:19","modified":"2026-04-29 14:40:19","menu_order":0,"mime_type":"image\/jpeg","type":"image","subtype":"jpeg","icon":"https:\/\/www.generaldies.com\/wp-includes\/images\/media\/default.png","width":689,"height":368,"sizes":{"thumbnail":"https:\/\/www.generaldies.com\/wp-content\/uploads\/2026\/04\/team-video_NEW3-150x150.jpg","thumbnail-width":150,"thumbnail-height":150,"medium":"https:\/\/www.generaldies.com\/wp-content\/uploads\/2026\/04\/team-video_NEW3-300x160.jpg","medium-width":300,"medium-height":160,"medium_large":"https:\/\/www.generaldies.com\/wp-content\/uploads\/2026\/04\/team-video_NEW3.jpg","medium_large-width":640,"medium_large-height":342,"large":"https:\/\/www.generaldies.com\/wp-content\/uploads\/2026\/04\/team-video_NEW3.jpg","large-width":640,"large-height":342,"1536x1536":"https:\/\/www.generaldies.com\/wp-content\/uploads\/2026\/04\/team-video_NEW3.jpg","1536x1536-width":689,"1536x1536-height":368,"2048x2048":"https:\/\/www.generaldies.com\/wp-content\/uploads\/2026\/04\/team-video_NEW3.jpg","2048x2048-width":689,"2048x2048-height":368,"list-image":"https:\/\/www.generaldies.com\/wp-content\/uploads\/2026\/04\/team-video_NEW3.jpg","list-image-width":689,"list-image-height":368,"square-image":"https:\/\/www.generaldies.com\/wp-content\/uploads\/2026\/04\/team-video_NEW3.jpg","square-image-width":689,"square-image-height":368,"square-image-mini":"https:\/\/www.generaldies.com\/wp-content\/uploads\/2026\/04\/team-video_NEW3-400x368.jpg","square-image-mini-width":400,"square-image-mini-height":368,"banner-image":"https:\/\/www.generaldies.com\/wp-content\/uploads\/2026\/04\/team-video_NEW3-689x270.jpg","banner-image-width":689,"banner-image-height":270,"pc-image":"https:\/\/www.generaldies.com\/wp-content\/uploads\/2026\/04\/team-video_NEW3-200x100.jpg","pc-image-width":200,"pc-image-height":100}}},"yoast_head":"<!-- This site is optimized with the Yoast SEO plugin v16.4 - https:\/\/yoast.com\/wordpress\/plugins\/seo\/ -->\n<title>Moderniser installations de granulation - General Dies<\/title>\n<meta name=\"description\" content=\"L&#039;exp\u00e9rience dans la conception des installations nous permet de r\u00e9pondre aux besoins de modernisation des installations obsol\u00e8tes.\" \/>\n<meta name=\"robots\" content=\"index, follow, max-snippet:-1, max-image-preview:large, max-video-preview:-1\" \/>\n<link rel=\"canonical\" href=\"https:\/\/www.generaldies.com\/fr\/services\/modernisation-des-installations\/\" \/>\n<meta property=\"og:locale\" content=\"fr_FR\" \/>\n<meta property=\"og:type\" content=\"article\" \/>\n<meta property=\"og:title\" content=\"Moderniser installations de granulation - General Dies\" \/>\n<meta property=\"og:description\" content=\"L&#039;exp\u00e9rience dans la conception des installations nous permet de r\u00e9pondre aux besoins de modernisation des installations obsol\u00e8tes.\" \/>\n<meta property=\"og:url\" content=\"https:\/\/www.generaldies.com\/fr\/services\/modernisation-des-installations\/\" \/>\n<meta property=\"og:site_name\" content=\"General Dies\" \/>\n<meta property=\"og:image\" content=\"https:\/\/www.generaldies.com\/wp-content\/uploads\/2017\/02\/Consulenza-Consulting-Service.jpg\" \/>\n\t<meta property=\"og:image:width\" content=\"800\" \/>\n\t<meta property=\"og:image:height\" content=\"603\" \/>\n<meta name=\"twitter:card\" content=\"summary\" \/>\n<meta name=\"twitter:label1\" content=\"Dur\u00e9e de lecture est.\" \/>\n\t<meta name=\"twitter:data1\" content=\"1 minute\" \/>\n<script type=\"application\/ld+json\" class=\"yoast-schema-graph\">{\"@context\":\"https:\/\/schema.org\",\"@graph\":[{\"@type\":\"WebSite\",\"@id\":\"https:\/\/www.generaldies.com\/it\/#website\",\"url\":\"https:\/\/www.generaldies.com\/it\/\",\"name\":\"General Dies\",\"description\":\"Dal 1960 al servizio della pellettatura\",\"potentialAction\":[{\"@type\":\"SearchAction\",\"target\":\"https:\/\/www.generaldies.com\/it\/?s={search_term_string}\",\"query-input\":\"required name=search_term_string\"}],\"inLanguage\":\"fr-FR\"},{\"@type\":\"ImageObject\",\"@id\":\"https:\/\/www.generaldies.com\/fr\/services\/modernisation-des-installations\/#primaryimage\",\"inLanguage\":\"fr-FR\",\"url\":\"https:\/\/www.generaldies.com\/wp-content\/uploads\/2017\/02\/Consulenza-Consulting-Service.jpg\",\"contentUrl\":\"https:\/\/www.generaldies.com\/wp-content\/uploads\/2017\/02\/Consulenza-Consulting-Service.jpg\",\"width\":800,\"height\":603},{\"@type\":\"WebPage\",\"@id\":\"https:\/\/www.generaldies.com\/fr\/services\/modernisation-des-installations\/#webpage\",\"url\":\"https:\/\/www.generaldies.com\/fr\/services\/modernisation-des-installations\/\",\"name\":\"Moderniser installations de granulation - General Dies\",\"isPartOf\":{\"@id\":\"https:\/\/www.generaldies.com\/it\/#website\"},\"primaryImageOfPage\":{\"@id\":\"https:\/\/www.generaldies.com\/fr\/services\/modernisation-des-installations\/#primaryimage\"},\"datePublished\":\"2017-06-22T07:57:19+00:00\",\"dateModified\":\"2017-06-22T07:57:19+00:00\",\"description\":\"L'exp\\u00e9rience dans la conception des installations nous permet de r\\u00e9pondre aux besoins de modernisation des installations obsol\\u00e8tes.\",\"breadcrumb\":{\"@id\":\"https:\/\/www.generaldies.com\/fr\/services\/modernisation-des-installations\/#breadcrumb\"},\"inLanguage\":\"fr-FR\",\"potentialAction\":[{\"@type\":\"ReadAction\",\"target\":[\"https:\/\/www.generaldies.com\/fr\/services\/modernisation-des-installations\/\"]}]},{\"@type\":\"BreadcrumbList\",\"@id\":\"https:\/\/www.generaldies.com\/fr\/services\/modernisation-des-installations\/#breadcrumb\",\"itemListElement\":[{\"@type\":\"ListItem\",\"position\":1,\"item\":{\"@type\":\"WebPage\",\"@id\":\"https:\/\/www.generaldies.com\/fr\/\",\"url\":\"https:\/\/www.generaldies.com\/fr\/\",\"name\":\"Home\"}},{\"@type\":\"ListItem\",\"position\":2,\"item\":{\"@type\":\"WebPage\",\"@id\":\"https:\/\/www.generaldies.com\/fr\/services\/\",\"url\":\"https:\/\/www.generaldies.com\/fr\/services\/\",\"name\":\"Services\"}},{\"@type\":\"ListItem\",\"position\":3,\"item\":{\"@id\":\"https:\/\/www.generaldies.com\/fr\/services\/modernisation-des-installations\/#webpage\"}}]}]}<\/script>\n<!-- \/ Yoast SEO plugin. -->","_links":{"self":[{"href":"https:\/\/www.generaldies.com\/fr\/wp-json\/wp\/v2\/pages\/7624"}],"collection":[{"href":"https:\/\/www.generaldies.com\/fr\/wp-json\/wp\/v2\/pages"}],"about":[{"href":"https:\/\/www.generaldies.com\/fr\/wp-json\/wp\/v2\/types\/page"}],"author":[{"embeddable":true,"href":"https:\/\/www.generaldies.com\/fr\/wp-json\/wp\/v2\/users\/1"}],"replies":[{"embeddable":true,"href":"https:\/\/www.generaldies.com\/fr\/wp-json\/wp\/v2\/comments?post=7624"}],"version-history":[{"count":1,"href":"https:\/\/www.generaldies.com\/fr\/wp-json\/wp\/v2\/pages\/7624\/revisions"}],"predecessor-version":[{"id":7625,"href":"https:\/\/www.generaldies.com\/fr\/wp-json\/wp\/v2\/pages\/7624\/revisions\/7625"}],"up":[{"embeddable":true,"href":"https:\/\/www.generaldies.com\/fr\/wp-json\/wp\/v2\/pages\/7613"}],"wp:featuredmedia":[{"embeddable":true,"href":"https:\/\/www.generaldies.com\/fr\/wp-json\/wp\/v2\/media\/4309"}],"wp:attachment":[{"href":"https:\/\/www.generaldies.com\/fr\/wp-json\/wp\/v2\/media?parent=7624"}],"curies":[{"name":"wp","href":"https:\/\/api.w.org\/{rel}","templated":true}]}}