{"id":7622,"date":"2017-06-22T09:56:10","date_gmt":"2017-06-22T07:56:10","guid":{"rendered":"https:\/\/www.generaldies.com\/services\/conception-d-installations\/"},"modified":"2017-06-22T09:56:10","modified_gmt":"2017-06-22T07:56:10","slug":"conception-d-installations","status":"publish","type":"page","link":"https:\/\/www.generaldies.com\/fr\/services\/conception-d-installations\/","title":{"rendered":"Conception d\u2019installations"},"content":{"rendered":"<p>[vc_row][vc_column][vc_column_text]Nous prenons soin de la conception d\u2019installations compl\u00e8tes cl\u00e9 en main pour la production de granul\u00e9s pour l&rsquo;alimentation d&rsquo;animaux, bois et biomasse, compost, luzerne, paille, plastique etc. Nos ing\u00e9nieurs d\u00e9j\u00e0 en 1970 ont con\u00e7u la premi\u00e8re usine d\u2019aliment d&rsquo;animaux compl\u00e8te. <img loading=\"lazy\" class=\"wp-image-4826 size-medium alignright\" src=\"https:\/\/www.generaldies.com\/wp-content\/uploads\/2017\/03\/progettazione-impianti-pellettatura-300x152.jpg\" alt=\"progettazione impianti pellettatura\" width=\"300\" height=\"152\" srcset=\"https:\/\/www.generaldies.com\/wp-content\/uploads\/2017\/03\/progettazione-impianti-pellettatura-300x152.jpg 300w, https:\/\/www.generaldies.com\/wp-content\/uploads\/2017\/03\/progettazione-impianti-pellettatura-768x390.jpg 768w, https:\/\/www.generaldies.com\/wp-content\/uploads\/2017\/03\/progettazione-impianti-pellettatura.jpg 800w, https:\/\/www.generaldies.com\/wp-content\/uploads\/2017\/03\/progettazione-impianti-pellettatura-200x100.jpg 200w\" sizes=\"(max-width: 300px) 100vw, 300px\" \/> L&rsquo;exp\u00e9rience acquise dans divers secteurs nous permet d&rsquo;offrir un service complet et de comprendre les besoins du client proposant des solutions pratiques. Nos installations sont fabriqu\u00e9es sur mesure et se composent de nos machines et des composants fournis par les meilleures marques sur le march\u00e9 europ\u00e9en. Nous suivons le client \u00e0 partir de la conception initiale jusqu\u2019\u00e0 la mise en service, en offrant ainsi la meilleure et la plus compl\u00e8te assistance. [\/vc_column_text][\/vc_column][\/vc_row]<\/p>\n","protected":false},"excerpt":{"rendered":"<p>[vc_row][vc_column][vc_column_text]Nous prenons soin de la conception d\u2019installations compl\u00e8tes cl\u00e9 en main pour la production de granul\u00e9s pour l&rsquo;alimentation d&rsquo;animaux, bois et biomasse, compost, luzerne, paille, plastique etc. Nos ing\u00e9nieurs d\u00e9j\u00e0 en 1970 ont con\u00e7u la premi\u00e8re usine d\u2019aliment d&rsquo;animaux compl\u00e8te. L&rsquo;exp\u00e9rience acquise dans divers secteurs nous permet d&rsquo;offrir un service complet et de comprendre les [&hellip;]<\/p>\n","protected":false},"author":1,"featured_media":4816,"parent":7613,"menu_order":153,"comment_status":"closed","ping_status":"closed","template":"","meta":{"_mi_skip_tracking":false},"acf":{"barra_cta":true,"immagine_barra_cta":{"ID":9044,"id":9044,"title":"team-video_NEW3","filename":"team-video_NEW3.jpg","filesize":123562,"url":"https:\/\/www.generaldies.com\/wp-content\/uploads\/2026\/04\/team-video_NEW3.jpg","link":"https:\/\/www.generaldies.com\/fr\/team-video_new3-2\/","alt":"","author":"5","description":"","caption":"","name":"team-video_new3-2","status":"inherit","uploaded_to":0,"date":"2026-04-29 14:40:19","modified":"2026-04-29 14:40:19","menu_order":0,"mime_type":"image\/jpeg","type":"image","subtype":"jpeg","icon":"https:\/\/www.generaldies.com\/wp-includes\/images\/media\/default.png","width":689,"height":368,"sizes":{"thumbnail":"https:\/\/www.generaldies.com\/wp-content\/uploads\/2026\/04\/team-video_NEW3-150x150.jpg","thumbnail-width":150,"thumbnail-height":150,"medium":"https:\/\/www.generaldies.com\/wp-content\/uploads\/2026\/04\/team-video_NEW3-300x160.jpg","medium-width":300,"medium-height":160,"medium_large":"https:\/\/www.generaldies.com\/wp-content\/uploads\/2026\/04\/team-video_NEW3.jpg","medium_large-width":640,"medium_large-height":342,"large":"https:\/\/www.generaldies.com\/wp-content\/uploads\/2026\/04\/team-video_NEW3.jpg","large-width":640,"large-height":342,"1536x1536":"https:\/\/www.generaldies.com\/wp-content\/uploads\/2026\/04\/team-video_NEW3.jpg","1536x1536-width":689,"1536x1536-height":368,"2048x2048":"https:\/\/www.generaldies.com\/wp-content\/uploads\/2026\/04\/team-video_NEW3.jpg","2048x2048-width":689,"2048x2048-height":368,"list-image":"https:\/\/www.generaldies.com\/wp-content\/uploads\/2026\/04\/team-video_NEW3.jpg","list-image-width":689,"list-image-height":368,"square-image":"https:\/\/www.generaldies.com\/wp-content\/uploads\/2026\/04\/team-video_NEW3.jpg","square-image-width":689,"square-image-height":368,"square-image-mini":"https:\/\/www.generaldies.com\/wp-content\/uploads\/2026\/04\/team-video_NEW3-400x368.jpg","square-image-mini-width":400,"square-image-mini-height":368,"banner-image":"https:\/\/www.generaldies.com\/wp-content\/uploads\/2026\/04\/team-video_NEW3-689x270.jpg","banner-image-width":689,"banner-image-height":270,"pc-image":"https:\/\/www.generaldies.com\/wp-content\/uploads\/2026\/04\/team-video_NEW3-200x100.jpg","pc-image-width":200,"pc-image-height":100}}},"yoast_head":"<!-- This site is optimized with the Yoast SEO plugin v16.4 - https:\/\/yoast.com\/wordpress\/plugins\/seo\/ -->\n<title>Conception installations de granulation - General Dies<\/title>\n<meta name=\"description\" content=\"Nous dessinons des installations de granulation compl\u00e8tes cl\u00e9 en main pour aliment d&#039;animaux et autres. D\u00e9couvrez-vous plus information.\" \/>\n<meta name=\"robots\" content=\"index, follow, max-snippet:-1, max-image-preview:large, max-video-preview:-1\" \/>\n<link rel=\"canonical\" href=\"https:\/\/www.generaldies.com\/fr\/services\/conception-d-installations\/\" \/>\n<meta property=\"og:locale\" content=\"fr_FR\" \/>\n<meta property=\"og:type\" content=\"article\" \/>\n<meta property=\"og:title\" content=\"Conception installations de granulation - General Dies\" \/>\n<meta property=\"og:description\" content=\"Nous dessinons des installations de granulation compl\u00e8tes cl\u00e9 en main pour aliment d&#039;animaux et autres. D\u00e9couvrez-vous plus information.\" \/>\n<meta property=\"og:url\" content=\"https:\/\/www.generaldies.com\/fr\/services\/conception-d-installations\/\" \/>\n<meta property=\"og:site_name\" content=\"General Dies\" \/>\n<meta property=\"og:image\" content=\"https:\/\/www.generaldies.com\/wp-content\/uploads\/2017\/03\/Progettazione-testata.jpg\" \/>\n\t<meta property=\"og:image:width\" content=\"800\" \/>\n\t<meta property=\"og:image:height\" content=\"198\" \/>\n<meta name=\"twitter:card\" content=\"summary\" \/>\n<meta name=\"twitter:label1\" content=\"Dur\u00e9e de lecture est.\" \/>\n\t<meta name=\"twitter:data1\" content=\"1 minute\" \/>\n<script type=\"application\/ld+json\" class=\"yoast-schema-graph\">{\"@context\":\"https:\/\/schema.org\",\"@graph\":[{\"@type\":\"WebSite\",\"@id\":\"https:\/\/www.generaldies.com\/it\/#website\",\"url\":\"https:\/\/www.generaldies.com\/it\/\",\"name\":\"General Dies\",\"description\":\"Dal 1960 al servizio della pellettatura\",\"potentialAction\":[{\"@type\":\"SearchAction\",\"target\":\"https:\/\/www.generaldies.com\/it\/?s={search_term_string}\",\"query-input\":\"required name=search_term_string\"}],\"inLanguage\":\"fr-FR\"},{\"@type\":\"ImageObject\",\"@id\":\"https:\/\/www.generaldies.com\/fr\/services\/conception-d-installations\/#primaryimage\",\"inLanguage\":\"fr-FR\",\"url\":\"https:\/\/www.generaldies.com\/wp-content\/uploads\/2017\/03\/Progettazione-testata.jpg\",\"contentUrl\":\"https:\/\/www.generaldies.com\/wp-content\/uploads\/2017\/03\/Progettazione-testata.jpg\",\"width\":800,\"height\":198},{\"@type\":\"WebPage\",\"@id\":\"https:\/\/www.generaldies.com\/fr\/services\/conception-d-installations\/#webpage\",\"url\":\"https:\/\/www.generaldies.com\/fr\/services\/conception-d-installations\/\",\"name\":\"Conception installations de granulation - General Dies\",\"isPartOf\":{\"@id\":\"https:\/\/www.generaldies.com\/it\/#website\"},\"primaryImageOfPage\":{\"@id\":\"https:\/\/www.generaldies.com\/fr\/services\/conception-d-installations\/#primaryimage\"},\"datePublished\":\"2017-06-22T07:56:10+00:00\",\"dateModified\":\"2017-06-22T07:56:10+00:00\",\"description\":\"Nous dessinons des installations de granulation compl\\u00e8tes cl\\u00e9 en main pour aliment d'animaux et autres. D\\u00e9couvrez-vous plus information.\",\"breadcrumb\":{\"@id\":\"https:\/\/www.generaldies.com\/fr\/services\/conception-d-installations\/#breadcrumb\"},\"inLanguage\":\"fr-FR\",\"potentialAction\":[{\"@type\":\"ReadAction\",\"target\":[\"https:\/\/www.generaldies.com\/fr\/services\/conception-d-installations\/\"]}]},{\"@type\":\"BreadcrumbList\",\"@id\":\"https:\/\/www.generaldies.com\/fr\/services\/conception-d-installations\/#breadcrumb\",\"itemListElement\":[{\"@type\":\"ListItem\",\"position\":1,\"item\":{\"@type\":\"WebPage\",\"@id\":\"https:\/\/www.generaldies.com\/fr\/\",\"url\":\"https:\/\/www.generaldies.com\/fr\/\",\"name\":\"Home\"}},{\"@type\":\"ListItem\",\"position\":2,\"item\":{\"@type\":\"WebPage\",\"@id\":\"https:\/\/www.generaldies.com\/fr\/services\/\",\"url\":\"https:\/\/www.generaldies.com\/fr\/services\/\",\"name\":\"Services\"}},{\"@type\":\"ListItem\",\"position\":3,\"item\":{\"@id\":\"https:\/\/www.generaldies.com\/fr\/services\/conception-d-installations\/#webpage\"}}]}]}<\/script>\n<!-- \/ Yoast SEO plugin. -->","_links":{"self":[{"href":"https:\/\/www.generaldies.com\/fr\/wp-json\/wp\/v2\/pages\/7622"}],"collection":[{"href":"https:\/\/www.generaldies.com\/fr\/wp-json\/wp\/v2\/pages"}],"about":[{"href":"https:\/\/www.generaldies.com\/fr\/wp-json\/wp\/v2\/types\/page"}],"author":[{"embeddable":true,"href":"https:\/\/www.generaldies.com\/fr\/wp-json\/wp\/v2\/users\/1"}],"replies":[{"embeddable":true,"href":"https:\/\/www.generaldies.com\/fr\/wp-json\/wp\/v2\/comments?post=7622"}],"version-history":[{"count":1,"href":"https:\/\/www.generaldies.com\/fr\/wp-json\/wp\/v2\/pages\/7622\/revisions"}],"predecessor-version":[{"id":7623,"href":"https:\/\/www.generaldies.com\/fr\/wp-json\/wp\/v2\/pages\/7622\/revisions\/7623"}],"up":[{"embeddable":true,"href":"https:\/\/www.generaldies.com\/fr\/wp-json\/wp\/v2\/pages\/7613"}],"wp:featuredmedia":[{"embeddable":true,"href":"https:\/\/www.generaldies.com\/fr\/wp-json\/wp\/v2\/media\/4816"}],"wp:attachment":[{"href":"https:\/\/www.generaldies.com\/fr\/wp-json\/wp\/v2\/media?parent=7622"}],"curies":[{"name":"wp","href":"https:\/\/api.w.org\/{rel}","templated":true}]}}