{"id":7608,"date":"2017-06-21T17:27:12","date_gmt":"2017-06-21T15:27:12","guid":{"rendered":"https:\/\/www.generaldies.com\/installations-de-granulation\/installations-pour-plastique\/"},"modified":"2017-06-21T17:27:12","modified_gmt":"2017-06-21T15:27:12","slug":"installations-pour-plastique","status":"publish","type":"page","link":"https:\/\/www.generaldies.com\/fr\/installations-de-granulation\/installations-pour-plastique\/","title":{"rendered":"Installations pour plastique"},"content":{"rendered":"<p>[vc_row][vc_column width=\u00a0\u00bb2\/3&Prime;][vc_column_text]<img loading=\"lazy\" class=\"wp-image-4632 size-full alignleft\" src=\"https:\/\/www.generaldies.com\/wp-content\/uploads\/2017\/03\/cold-plast-black.jpg\" alt=\"cold plast black\" width=\"250\" height=\"269\" \/>Cold Plast est un acronyme pour une nouvelle technologie r\u00e9volutionnaire capable de pr\u00e9parer des mat\u00e9riaux thermoplastiques (masters, composites, blends, compounds) \u00e0 partir de polym\u00e8res de base non transform\u00e9s (non granul\u00e9s) qui sont trait\u00e9es avec un syst\u00e8me \u00e0 froid qui r\u00e9alise un granule de qualit\u00e9 excellente. Naturellement, ce processus froid permet d&rsquo;\u00e9conomiser de l&rsquo;\u00e9nergie et d&rsquo;obtenir des m\u00e9langes de particules homog\u00e8nes reli\u00e9es les unes aux autres au niveau microscopique et la pr\u00e9servation des propri\u00e9t\u00e9s technologiques.<\/p>\n<p>Cette nouvelle technologie produit des granules qui peuvent ensuite \u00eatre trait\u00e9es en utilisant un \u00e9quipement classique pour l&rsquo;extrusion, le moulage par injection, et ainsi de suite. Pour produire ces granules a \u00e9t\u00e9 con\u00e7ue une nouvelle machine sp\u00e9ciale qui gr\u00e2ce au proc\u00e9d\u00e9 Cold Plast permet d&rsquo;obtenir un produit homog\u00e8ne comprim\u00e9 \/ extrud\u00e9. Dans le tableau ci-dessous des donn\u00e9es d&rsquo;un m\u00e9lange complexe PC \/ ABS \/ SAN produit avec le syst\u00e8me Cold Plast sans l&rsquo;aide de comptabilisations chimiques. Par la suite, le m\u00e9lange PC \/ ABS \/ SAN a \u00e9t\u00e9 trait\u00e9 en utilisant une machine de moulage par injection et caract\u00e9ris\u00e9.[\/vc_column_text][\/vc_column][vc_column width=\u00a0\u00bb1\/3&Prime;][vc_single_image image=\u00a0\u00bb4638&Prime; img_size=\u00a0\u00bblarge\u00a0\u00bb][\/vc_column][\/vc_row][vc_row][vc_column][vc_column_text]<\/p>\n<h3 style=\"text-align: center;\"><strong>(65% PC + 25% ABS + 10% SAN) BLEND<\/strong><\/h3>\n<p>[\/vc_column_text][vc_table vc_table_theme=\u00a0\u00bbsimple_pink\u00a0\u00bb]Properties,ISO%20Standard,Measure%20Unit,Typical%20Values|M.F.I.%20260%C2%B0C%2F5%20Kg,1133,g%2F10&prime;,19.4|IZOD%20Resilience%20c.i.%204%20mm,180%2F1A,KJ%2Fm%C2%B2,37|CHARPY%20Resilience%20s.i.%204%20mm,179%2F1eU,KJ%2Fm%C2%B2,NB|VICAT%20B%2F%2050%C2%B0C,306,%C2%B0C,110|Flexural%20Max%20load,178,MPa,67|Elastic%20Modulus,178,MPa,2000|H.D.T.%201.82%20MPa,75,%C2%B0C,105|Tensile%20max%20load,527,MPa,At%20yield%2041.6%20%7C%20At%20break%2036.3|Tensile%20elongation,527,%25,At%20yield%206.4%20%7C%20At%20break%2040|Density,1183,g%2Fcm%C2%B3,01.10.00|Longitudinal%20shrinkage,internal,%25,1[\/vc_table][\/vc_column][\/vc_row]<\/p>\n","protected":false},"excerpt":{"rendered":"<p>[vc_row][vc_column width=\u00a0\u00bb2\/3&Prime;][vc_column_text]Cold Plast est un acronyme pour une nouvelle technologie r\u00e9volutionnaire capable de pr\u00e9parer des mat\u00e9riaux thermoplastiques (masters, composites, blends, compounds) \u00e0 partir de polym\u00e8res de base non transform\u00e9s (non granul\u00e9s) qui sont trait\u00e9es avec un syst\u00e8me \u00e0 froid qui r\u00e9alise un granule de qualit\u00e9 excellente. Naturellement, ce processus froid permet d&rsquo;\u00e9conomiser de l&rsquo;\u00e9nergie et [&hellip;]<\/p>\n","protected":false},"author":1,"featured_media":4776,"parent":7579,"menu_order":13,"comment_status":"closed","ping_status":"closed","template":"pages-templates\/page-with-contact-cta.php","meta":{"_mi_skip_tracking":false},"acf":{"barra_cta":null,"immagine_barra_cta":null},"yoast_head":"<!-- This site is optimized with the Yoast SEO plugin v16.4 - https:\/\/yoast.com\/wordpress\/plugins\/seo\/ -->\n<title>Cold Plast, production du granule de plastic - General Dies<\/title>\n<meta name=\"description\" content=\"On peut faire granules qui \u00e0 la suite peuvent \u00eatre trait\u00e9s dans installations traditionnelles pour extrusion, mouldage par injection etc.\" \/>\n<meta name=\"robots\" content=\"index, follow, max-snippet:-1, max-image-preview:large, max-video-preview:-1\" \/>\n<link rel=\"canonical\" href=\"https:\/\/www.generaldies.com\/fr\/installations-de-granulation\/installations-pour-plastique\/\" \/>\n<meta property=\"og:locale\" content=\"fr_FR\" \/>\n<meta property=\"og:type\" content=\"article\" \/>\n<meta property=\"og:title\" content=\"Cold Plast, production du granule de plastic - General Dies\" \/>\n<meta property=\"og:description\" content=\"On peut faire granules qui \u00e0 la suite peuvent \u00eatre trait\u00e9s dans installations traditionnelles pour extrusion, mouldage par injection etc.\" \/>\n<meta property=\"og:url\" content=\"https:\/\/www.generaldies.com\/fr\/installations-de-granulation\/installations-pour-plastique\/\" \/>\n<meta property=\"og:site_name\" content=\"General Dies\" \/>\n<meta property=\"og:image\" content=\"https:\/\/www.generaldies.com\/wp-content\/uploads\/2017\/03\/plastica.jpg\" \/>\n\t<meta property=\"og:image:width\" content=\"800\" \/>\n\t<meta property=\"og:image:height\" content=\"600\" \/>\n<meta name=\"twitter:card\" content=\"summary\" \/>\n<meta name=\"twitter:label1\" content=\"Dur\u00e9e de lecture est.\" \/>\n\t<meta name=\"twitter:data1\" content=\"2 minutes\" \/>\n<script type=\"application\/ld+json\" class=\"yoast-schema-graph\">{\"@context\":\"https:\/\/schema.org\",\"@graph\":[{\"@type\":\"WebSite\",\"@id\":\"https:\/\/www.generaldies.com\/it\/#website\",\"url\":\"https:\/\/www.generaldies.com\/it\/\",\"name\":\"General Dies\",\"description\":\"Dal 1960 al servizio della pellettatura\",\"potentialAction\":[{\"@type\":\"SearchAction\",\"target\":\"https:\/\/www.generaldies.com\/it\/?s={search_term_string}\",\"query-input\":\"required name=search_term_string\"}],\"inLanguage\":\"fr-FR\"},{\"@type\":\"ImageObject\",\"@id\":\"https:\/\/www.generaldies.com\/fr\/installations-de-granulation\/installations-pour-plastique\/#primaryimage\",\"inLanguage\":\"fr-FR\",\"url\":\"https:\/\/www.generaldies.com\/wp-content\/uploads\/2017\/03\/plastica.jpg\",\"contentUrl\":\"https:\/\/www.generaldies.com\/wp-content\/uploads\/2017\/03\/plastica.jpg\",\"width\":800,\"height\":600},{\"@type\":\"WebPage\",\"@id\":\"https:\/\/www.generaldies.com\/fr\/installations-de-granulation\/installations-pour-plastique\/#webpage\",\"url\":\"https:\/\/www.generaldies.com\/fr\/installations-de-granulation\/installations-pour-plastique\/\",\"name\":\"Cold Plast, production du granule de plastic - General Dies\",\"isPartOf\":{\"@id\":\"https:\/\/www.generaldies.com\/it\/#website\"},\"primaryImageOfPage\":{\"@id\":\"https:\/\/www.generaldies.com\/fr\/installations-de-granulation\/installations-pour-plastique\/#primaryimage\"},\"datePublished\":\"2017-06-21T15:27:12+00:00\",\"dateModified\":\"2017-06-21T15:27:12+00:00\",\"description\":\"On peut faire granules qui \\u00e0 la suite peuvent \\u00eatre trait\\u00e9s dans installations traditionnelles pour extrusion, mouldage par injection etc.\",\"breadcrumb\":{\"@id\":\"https:\/\/www.generaldies.com\/fr\/installations-de-granulation\/installations-pour-plastique\/#breadcrumb\"},\"inLanguage\":\"fr-FR\",\"potentialAction\":[{\"@type\":\"ReadAction\",\"target\":[\"https:\/\/www.generaldies.com\/fr\/installations-de-granulation\/installations-pour-plastique\/\"]}]},{\"@type\":\"BreadcrumbList\",\"@id\":\"https:\/\/www.generaldies.com\/fr\/installations-de-granulation\/installations-pour-plastique\/#breadcrumb\",\"itemListElement\":[{\"@type\":\"ListItem\",\"position\":1,\"item\":{\"@type\":\"WebPage\",\"@id\":\"https:\/\/www.generaldies.com\/fr\/\",\"url\":\"https:\/\/www.generaldies.com\/fr\/\",\"name\":\"Home\"}},{\"@type\":\"ListItem\",\"position\":2,\"item\":{\"@type\":\"WebPage\",\"@id\":\"https:\/\/www.generaldies.com\/fr\/installations-de-granulation\/\",\"url\":\"https:\/\/www.generaldies.com\/fr\/installations-de-granulation\/\",\"name\":\"Installations de granulation\"}},{\"@type\":\"ListItem\",\"position\":3,\"item\":{\"@id\":\"https:\/\/www.generaldies.com\/fr\/installations-de-granulation\/installations-pour-plastique\/#webpage\"}}]}]}<\/script>\n<!-- \/ Yoast SEO plugin. -->","_links":{"self":[{"href":"https:\/\/www.generaldies.com\/fr\/wp-json\/wp\/v2\/pages\/7608"}],"collection":[{"href":"https:\/\/www.generaldies.com\/fr\/wp-json\/wp\/v2\/pages"}],"about":[{"href":"https:\/\/www.generaldies.com\/fr\/wp-json\/wp\/v2\/types\/page"}],"author":[{"embeddable":true,"href":"https:\/\/www.generaldies.com\/fr\/wp-json\/wp\/v2\/users\/1"}],"replies":[{"embeddable":true,"href":"https:\/\/www.generaldies.com\/fr\/wp-json\/wp\/v2\/comments?post=7608"}],"version-history":[{"count":3,"href":"https:\/\/www.generaldies.com\/fr\/wp-json\/wp\/v2\/pages\/7608\/revisions"}],"predecessor-version":[{"id":7611,"href":"https:\/\/www.generaldies.com\/fr\/wp-json\/wp\/v2\/pages\/7608\/revisions\/7611"}],"up":[{"embeddable":true,"href":"https:\/\/www.generaldies.com\/fr\/wp-json\/wp\/v2\/pages\/7579"}],"wp:featuredmedia":[{"embeddable":true,"href":"https:\/\/www.generaldies.com\/fr\/wp-json\/wp\/v2\/media\/4776"}],"wp:attachment":[{"href":"https:\/\/www.generaldies.com\/fr\/wp-json\/wp\/v2\/media?parent=7608"}],"curies":[{"name":"wp","href":"https:\/\/api.w.org\/{rel}","templated":true}]}}