{"id":7601,"date":"2017-06-21T15:55:09","date_gmt":"2017-06-21T13:55:09","guid":{"rendered":"https:\/\/www.generaldies.com\/installations-de-granulation\/installations-de-granulations-pour-paille-foin-luzerne\/"},"modified":"2018-01-24T11:15:05","modified_gmt":"2018-01-24T10:15:05","slug":"installations-de-granulations-pour-paille-foin-luzerne","status":"publish","type":"page","link":"https:\/\/www.generaldies.com\/fr\/installations-de-granulation\/installations-de-granulations-pour-paille-foin-luzerne\/","title":{"rendered":"Installations de granulations pour paille, foin, luzerne"},"content":{"rendered":"<p>[vc_row][vc_column width=\u00a0\u00bb2\/3&Prime;][vc_column_text]<img loading=\"lazy\" class=\"wp-image-4592 size-medium alignleft\" src=\"https:\/\/www.generaldies.com\/wp-content\/uploads\/2017\/03\/balle-di-paglia-campo-300x200.jpg\" alt=\"balle di paglia\" width=\"300\" height=\"200\" \/> Nous offrons des installations compl\u00e8tes et lignes pour la production de granul\u00e9 de paille, foin, luzerne etc.<br \/>\nEn fonction des besoins du client et les caract\u00e9ristiques constructives, nos installations ont diff\u00e9rentes caract\u00e9ristiques constructives et capacit\u00e9 de production.<\/p>\n<p>Phases de processus:<\/p>\n<ul>\n<li>Phase A: D\u00e9coupage<\/li>\n<li>Phase B: S\u00e9chage<\/li>\n<li>Phase C: Raffinage<\/li>\n<li>Phase D: M\u00e9lange<\/li>\n<li>Phase E: Granulation<\/li>\n<li>Phase F: Refroidissement<\/li>\n<li>Phase G: Tamisage<\/li>\n<li>Phase H: Ensachement<\/li>\n<\/ul>\n<p>[\/vc_column_text][\/vc_column][vc_column width=\u00a0\u00bb1\/3&Prime;][vc_single_image image=\u00a0\u00bb4604&Prime; img_size=\u00a0\u00bblarge\u00a0\u00bb][vc_single_image image=\u00a0\u00bb4598&Prime; img_size=\u00a0\u00bblarge\u00a0\u00bb][\/vc_column][\/vc_row][vc_row][vc_column][vc_separator css=\u00a0\u00bb.vc_custom_1488874858284{margin-top: 50px !important;margin-bottom: 50px !important;}\u00a0\u00bb][\/vc_column][\/vc_row][vc_row][vc_column][vc_single_image image=\u00a0\u00bb4581&Prime; img_size=\u00a0\u00bblarge\u00a0\u00bb alignment=\u00a0\u00bbcenter\u00a0\u00bb][vc_column_text]<\/p>\n<h3>PHASE \u2018A\u2019: DECOUPAGE<\/h3>\n<p>Le processus de d\u00e9coupage est n\u00e9cessaire pour la r\u00e9duction des dimensions de la mati\u00e8re premi\u00e8re qui peut \u00eatre en 2 formes: &#8211; balles rectangulaires &#8211; balles cylindriques.<br \/>\nLe produit obtenu est \u00e9gal \u00e0 une fragmentation moyenne, appel\u00e9 d\u00e9chiquet\u00e9, propre pour \u00eatre transport\u00e9 par moyen des syst\u00e8mes de transport normales. Il peut \u00eatre sec ou humide, dans le premier cas, le produit passe directement \u00e0 la phase de raffinage. Dans le deuxi\u00e8me cas le produit doit \u00eatre s\u00e9ch\u00e9 pour obtenir une humidit\u00e9 telle sorte que le produit puisse \u00eatre ins\u00e9r\u00e9e dans la presse \u00e0 granuler.<\/p>\n<h3>PHASE \u2018B\u2019: SECHAGE<\/h3>\n<p>La phase de s\u00e9chage est n\u00e9cessaire pour r\u00e9duire la quantit\u00e9 d\u2019humidit\u00e9 du produit d\u2019environ 90% \u00e0 non plus de 12-13%. Le s\u00e9cheur peut \u00eatre du type \u00e0 tambour rotatif ou \u00e0 bande, il a une chaudi\u00e8re qui peut \u00eatre aliment\u00e9e avec huile combustible, gaz ou bois.<\/p>\n<h3>PHASE \u2018C\u2019: RAFFINAGE<\/h3>\n<p>Apr\u00e8s le s\u00e9chage un broyeur, complet d\u2019une unit\u00e9 d\u2019aspiration, va r\u00e9duire les dimensions du produit afin qu\u2019il puisse \u00eatre pr\u00e9par\u00e9 pour l\u2019op\u00e9ration de granulation. Pi\u00e8ces en fer ou autres, sont s\u00e9par\u00e9s par un aimant.<\/p>\n<h3>PHASE \u2018D\u2019: MELANGE<\/h3>\n<p>Un silo m\u00e9langeur sert pour rendre le produit homog\u00e8ne et aussi pour le stockage.<\/p>\n<h3>PHASE\u2019E\u2019: GRANULATION<\/h3>\n<p>Dans le conditionneur le produit est homog\u00e9n\u00e9is\u00e9 avec \u00e9ventuelle addition des substances (eau) avant d\u2019\u00eatre introduit dans le groupe de pression et \u00eatre transform\u00e9 en granul\u00e9 par la fili\u00e8re. A l\u2019ext\u00e9rieur de la fili\u00e8re, il y a des couteaux qui coupent les granules \u00e0 la longueur d\u00e9sir\u00e9e par le Client.<\/p>\n<h3>PHASE \u2018F\u2019: REFROIDISSEMENT<\/h3>\n<p>Apr\u00e8s la granulation le produit est tr\u00e8s chaud. Il est n\u00e9cessaire de le refroidir \u00e0 temp\u00e9rature ambiante d\u2019environ + 5\u00b0C pour lui donner la duret\u00e9 n\u00e9cessaire et l\u2019\u00e9tat optimal pour son stockage. La machine est un refroidisseur contre-courant complet de ligne d\u2019aspiration d\u2019air et de r\u00e9cup\u00e9ration des poussi\u00e8res.<\/p>\n<h3>PHASE \u2018G\u2019: TAMISAGE<\/h3>\n<p>La phase de tamisage sert pour le nettoyage du produit des poussi\u00e8res, qui seront r\u00e9introduites dans le cycle de production.<\/p>\n<h3>PHASE \u2018H\u2019: ENSACHEMENT<\/h3>\n<p>Le produit granul\u00e9 est transport\u00e9 dans les silos de stockage avant la livraison. Il peut \u00eatre ensach\u00e9 en sacs ou \u00ab big bag \u00bb\u202f; les machines peuvent \u00eatre manuelles, semi-automatiques ou automatiques, comme d\u00e9sir\u00e9e par le Client.[\/vc_column_text][\/vc_column][\/vc_row]<\/p>\n","protected":false},"excerpt":{"rendered":"<p>[vc_row][vc_column width=\u00a0\u00bb2\/3&Prime;][vc_column_text] Nous offrons des installations compl\u00e8tes et lignes pour la production de granul\u00e9 de paille, foin, luzerne etc. En fonction des besoins du client et les caract\u00e9ristiques constructives, nos installations ont diff\u00e9rentes caract\u00e9ristiques constructives et capacit\u00e9 de production. Phases de processus: Phase A: D\u00e9coupage Phase B: S\u00e9chage Phase C: Raffinage Phase D: M\u00e9lange Phase [&hellip;]<\/p>\n","protected":false},"author":1,"featured_media":4505,"parent":7579,"menu_order":32,"comment_status":"closed","ping_status":"closed","template":"pages-templates\/page-with-contact-cta.php","meta":{"_mi_skip_tracking":false},"acf":{"barra_cta":false},"yoast_head":"<!-- This site is optimized with the Yoast SEO plugin v16.4 - https:\/\/yoast.com\/wordpress\/plugins\/seo\/ -->\n<title>Installations de granulation paille foin luzerne - General Dies<\/title>\n<meta name=\"description\" content=\"Nous offrons installations compl\u00e8tes et lignes de granulation pour le traitement et production de paille, foin, luzerne etc. D\u00e9couvrez-vous plus information.\" \/>\n<meta name=\"robots\" content=\"index, follow, max-snippet:-1, max-image-preview:large, max-video-preview:-1\" \/>\n<link rel=\"canonical\" href=\"https:\/\/www.generaldies.com\/fr\/installations-de-granulation\/installations-de-granulations-pour-paille-foin-luzerne\/\" \/>\n<meta property=\"og:locale\" content=\"fr_FR\" \/>\n<meta property=\"og:type\" content=\"article\" \/>\n<meta property=\"og:title\" content=\"Installations de granulation paille foin luzerne - General Dies\" \/>\n<meta property=\"og:description\" content=\"Nous offrons installations compl\u00e8tes et lignes de granulation pour le traitement et production de paille, foin, luzerne etc. D\u00e9couvrez-vous plus information.\" \/>\n<meta property=\"og:url\" content=\"https:\/\/www.generaldies.com\/fr\/installations-de-granulation\/installations-de-granulations-pour-paille-foin-luzerne\/\" \/>\n<meta property=\"og:site_name\" content=\"General Dies\" \/>\n<meta property=\"article:modified_time\" content=\"2018-01-24T10:15:05+00:00\" \/>\n<meta property=\"og:image\" content=\"https:\/\/www.generaldies.com\/wp-content\/uploads\/2017\/03\/impianti-pellettatura-paglia.jpg\" \/>\n\t<meta property=\"og:image:width\" content=\"800\" \/>\n\t<meta property=\"og:image:height\" content=\"521\" \/>\n<meta name=\"twitter:card\" content=\"summary\" \/>\n<meta name=\"twitter:label1\" content=\"Dur\u00e9e de lecture est.\" \/>\n\t<meta name=\"twitter:data1\" content=\"3 minutes\" \/>\n<script type=\"application\/ld+json\" class=\"yoast-schema-graph\">{\"@context\":\"https:\/\/schema.org\",\"@graph\":[{\"@type\":\"WebSite\",\"@id\":\"https:\/\/www.generaldies.com\/it\/#website\",\"url\":\"https:\/\/www.generaldies.com\/it\/\",\"name\":\"General Dies\",\"description\":\"Dal 1960 al servizio della pellettatura\",\"potentialAction\":[{\"@type\":\"SearchAction\",\"target\":\"https:\/\/www.generaldies.com\/it\/?s={search_term_string}\",\"query-input\":\"required name=search_term_string\"}],\"inLanguage\":\"fr-FR\"},{\"@type\":\"ImageObject\",\"@id\":\"https:\/\/www.generaldies.com\/fr\/installations-de-granulation\/installations-de-granulations-pour-paille-foin-luzerne\/#primaryimage\",\"inLanguage\":\"fr-FR\",\"url\":\"https:\/\/www.generaldies.com\/wp-content\/uploads\/2017\/03\/impianti-pellettatura-paglia.jpg\",\"contentUrl\":\"https:\/\/www.generaldies.com\/wp-content\/uploads\/2017\/03\/impianti-pellettatura-paglia.jpg\",\"width\":800,\"height\":521},{\"@type\":\"WebPage\",\"@id\":\"https:\/\/www.generaldies.com\/fr\/installations-de-granulation\/installations-de-granulations-pour-paille-foin-luzerne\/#webpage\",\"url\":\"https:\/\/www.generaldies.com\/fr\/installations-de-granulation\/installations-de-granulations-pour-paille-foin-luzerne\/\",\"name\":\"Installations de granulation paille foin luzerne - General Dies\",\"isPartOf\":{\"@id\":\"https:\/\/www.generaldies.com\/it\/#website\"},\"primaryImageOfPage\":{\"@id\":\"https:\/\/www.generaldies.com\/fr\/installations-de-granulation\/installations-de-granulations-pour-paille-foin-luzerne\/#primaryimage\"},\"datePublished\":\"2017-06-21T13:55:09+00:00\",\"dateModified\":\"2018-01-24T10:15:05+00:00\",\"description\":\"Nous offrons installations compl\\u00e8tes et lignes de granulation pour le traitement et production de paille, foin, luzerne etc. D\\u00e9couvrez-vous plus information.\",\"breadcrumb\":{\"@id\":\"https:\/\/www.generaldies.com\/fr\/installations-de-granulation\/installations-de-granulations-pour-paille-foin-luzerne\/#breadcrumb\"},\"inLanguage\":\"fr-FR\",\"potentialAction\":[{\"@type\":\"ReadAction\",\"target\":[\"https:\/\/www.generaldies.com\/fr\/installations-de-granulation\/installations-de-granulations-pour-paille-foin-luzerne\/\"]}]},{\"@type\":\"BreadcrumbList\",\"@id\":\"https:\/\/www.generaldies.com\/fr\/installations-de-granulation\/installations-de-granulations-pour-paille-foin-luzerne\/#breadcrumb\",\"itemListElement\":[{\"@type\":\"ListItem\",\"position\":1,\"item\":{\"@type\":\"WebPage\",\"@id\":\"https:\/\/www.generaldies.com\/fr\/\",\"url\":\"https:\/\/www.generaldies.com\/fr\/\",\"name\":\"Home\"}},{\"@type\":\"ListItem\",\"position\":2,\"item\":{\"@type\":\"WebPage\",\"@id\":\"https:\/\/www.generaldies.com\/fr\/installations-de-granulation\/\",\"url\":\"https:\/\/www.generaldies.com\/fr\/installations-de-granulation\/\",\"name\":\"Installations de granulation\"}},{\"@type\":\"ListItem\",\"position\":3,\"item\":{\"@id\":\"https:\/\/www.generaldies.com\/fr\/installations-de-granulation\/installations-de-granulations-pour-paille-foin-luzerne\/#webpage\"}}]}]}<\/script>\n<!-- \/ Yoast SEO plugin. -->","_links":{"self":[{"href":"https:\/\/www.generaldies.com\/fr\/wp-json\/wp\/v2\/pages\/7601"}],"collection":[{"href":"https:\/\/www.generaldies.com\/fr\/wp-json\/wp\/v2\/pages"}],"about":[{"href":"https:\/\/www.generaldies.com\/fr\/wp-json\/wp\/v2\/types\/page"}],"author":[{"embeddable":true,"href":"https:\/\/www.generaldies.com\/fr\/wp-json\/wp\/v2\/users\/1"}],"replies":[{"embeddable":true,"href":"https:\/\/www.generaldies.com\/fr\/wp-json\/wp\/v2\/comments?post=7601"}],"version-history":[{"count":6,"href":"https:\/\/www.generaldies.com\/fr\/wp-json\/wp\/v2\/pages\/7601\/revisions"}],"predecessor-version":[{"id":8018,"href":"https:\/\/www.generaldies.com\/fr\/wp-json\/wp\/v2\/pages\/7601\/revisions\/8018"}],"up":[{"embeddable":true,"href":"https:\/\/www.generaldies.com\/fr\/wp-json\/wp\/v2\/pages\/7579"}],"wp:featuredmedia":[{"embeddable":true,"href":"https:\/\/www.generaldies.com\/fr\/wp-json\/wp\/v2\/media\/4505"}],"wp:attachment":[{"href":"https:\/\/www.generaldies.com\/fr\/wp-json\/wp\/v2\/media?parent=7601"}],"curies":[{"name":"wp","href":"https:\/\/api.w.org\/{rel}","templated":true}]}}