{"id":7598,"date":"2017-06-21T15:50:40","date_gmt":"2017-06-21T13:50:40","guid":{"rendered":"https:\/\/www.generaldies.com\/installations-de-granulation\/installations-de-granulation-de-compost\/"},"modified":"2017-06-21T15:50:40","modified_gmt":"2017-06-21T13:50:40","slug":"installations-de-granulation-de-compost","status":"publish","type":"page","link":"https:\/\/www.generaldies.com\/fr\/installations-de-granulation\/installations-de-granulation-de-compost\/","title":{"rendered":"Installations de granulation de compost"},"content":{"rendered":"<p>[vc_row][vc_column width=\u00a0\u00bb2\/3&Prime;][vc_column_text]<img loading=\"lazy\" class=\"wp-image-4550 size-medium alignleft\" src=\"https:\/\/www.generaldies.com\/wp-content\/uploads\/2017\/03\/compost-2-300x200.jpg\" alt=\"\" width=\"300\" height=\"200\" srcset=\"https:\/\/www.generaldies.com\/wp-content\/uploads\/2017\/03\/compost-2-300x200.jpg 300w, https:\/\/www.generaldies.com\/wp-content\/uploads\/2017\/03\/compost-2.jpg 400w\" sizes=\"(max-width: 300px) 100vw, 300px\" \/>Nous offrons des installations compl\u00e8tes et lignes pour la production de granul\u00e9 de compost.<br \/>\nEn fonction des besoins du client et les caract\u00e9ristiques constructives, nos installations ont diff\u00e9rentes caract\u00e9ristiques constructives et capacit\u00e9 de production.<\/p>\n<p>Phases du processus<\/p>\n<p>Les phases caract\u00e9ristiques d&rsquo;une installation pour la production de granul\u00e9s de compost sont:<\/p>\n<ul>\n<li>Phase A: Premier criblage<\/li>\n<li>Phase B: Compostage<\/li>\n<li>Phase C: Elimination des touffes<\/li>\n<li>Phase D: Raffinage<\/li>\n<li>Phase E: Granulation<\/li>\n<li>Phase F: Refroidissement<\/li>\n<li>Phase G: Tamisage<\/li>\n<li>Phase H: Ensachement<\/li>\n<\/ul>\n<p>[\/vc_column_text][\/vc_column][vc_column width=\u00a0\u00bb1\/3&Prime;][vc_single_image image=\u00a0\u00bb4544&Prime; img_size=\u00a0\u00bblarge\u00a0\u00bb][vc_single_image image=\u00a0\u00bb4556&Prime; img_size=\u00a0\u00bblarge\u00a0\u00bb][\/vc_column][\/vc_row][vc_row][vc_column][vc_separator css=\u00a0\u00bb.vc_custom_1488874858284{margin-top: 50px !important;margin-bottom: 50px !important;}\u00a0\u00bb][\/vc_column][\/vc_row][vc_row][vc_column][vc_single_image image=\u00a0\u00bb4563&Prime; img_size=\u00a0\u00bblarge\u00a0\u00bb alignment=\u00a0\u00bbcenter\u00a0\u00bb][vc_column_text]<\/p>\n<h3>PHASE \u2018A\u2019: PREMIER CRIBLAGE<\/h3>\n<p>Le processus relatif au premier concassage devient n\u00e9cessaire pour obtenir un premier nettoyage du produit des corps \u00e9trangers, tels que des pierres, des morceaux de m\u00e9tal, bois, plumes, etc. La machine peut \u00eatre du type avec tambour rotatif ou \u00e0 courroie.<\/p>\n<h3>PHASE \u2018B\u2019: COMPOSTAGE<\/h3>\n<p>Le processus se fait \u00e0 l\u2019ouvert, lorsque le produit est plac\u00e9 sur des piles, qui sont p\u00e9riodiquement agit\u00e9s par un inverseur m\u00e9canique pour obtenir un s\u00e9chage et une fermentation corrects.<\/p>\n<h3>PHASE \u2018C\u2019: ELIMINATION DES TOUFFES<\/h3>\n<p>On utilise une machine autopropuls\u00e9e qui peut \u00eatre plac\u00e9 \u00e0 proximit\u00e9 imm\u00e9diate du produit pour le pouvoir transporter pr\u00e8s du chargement de la ligne de production. La machine veille \u00e0 briser les morceaux et m\u00e9langer le produit.<\/p>\n<h3>PHASE \u2018D\u2019: RAFFINAGE<\/h3>\n<p>La machine se compose d&rsquo;un tambour rotatif dans lequel le produit est transmis \u00e0 travers les grilles d\u2019une taille appropri\u00e9e pour obtenir une particule correcte du m\u00e9lange et nettoy\u00e9 de corps \u00e9trangers.<\/p>\n<h3>PHASE \u2018E\u2019: GRANULATION<\/h3>\n<p>Dans le conditionneur le produit est homog\u00e9n\u00e9is\u00e9 avec \u00e9ventuelle addition des substances (eau) avant d\u2019\u00eatre introduit dans le groupe de pression et \u00eatre transform\u00e9 en granul\u00e9 par la fili\u00e8re. A l\u2019ext\u00e9rieur de la fili\u00e8re, il y a des couteaux qui coupent les granules \u00e0 la longueur d\u00e9sir\u00e9e.<\/p>\n<h3>PHASE \u2018F\u2019: REFROIDISSEMENT<\/h3>\n<p>Apr\u00e8s la granulation le produit est tr\u00e8s chaud. Il est n\u00e9cessaire de le refroidir \u00e0 temp\u00e9rature ambiante d\u2019environ + 5\u00b0C pour lui donner la duret\u00e9 n\u00e9cessaire et l\u2019\u00e9tat optimal pour son stockage. La machine est un refroidisseur contre-courant complet de ligne d\u2019aspiration d\u2019air et de r\u00e9cup\u00e9ration des poussi\u00e8res.<\/p>\n<h3>PHASE \u2018G\u2019: TAMISAGE<\/h3>\n<p>La phase de tamisage sert pour le nettoyage du produit des poussi\u00e8res, qui seront r\u00e9introduites dans le cycle de production.<\/p>\n<h3>PHASE \u2018H\u2019: ENSACHEMENT<\/h3>\n<p>Le produit granul\u00e9 est transport\u00e9 dans les silos de stockage avant la livraison. Il peut \u00eatre ensach\u00e9 en sacs ou \u00ab big bag \u00bb\u202f; les machines peuvent \u00eatre manuelles, semi-automatiques ou automatiques, comme d\u00e9sir\u00e9e par le Client.[\/vc_column_text][\/vc_column][\/vc_row]<\/p>\n","protected":false},"excerpt":{"rendered":"<p>[vc_row][vc_column width=\u00a0\u00bb2\/3&Prime;][vc_column_text]Nous offrons des installations compl\u00e8tes et lignes pour la production de granul\u00e9 de compost. En fonction des besoins du client et les caract\u00e9ristiques constructives, nos installations ont diff\u00e9rentes caract\u00e9ristiques constructives et capacit\u00e9 de production. Phases du processus Les phases caract\u00e9ristiques d&rsquo;une installation pour la production de granul\u00e9s de compost sont: Phase A: Premier criblage [&hellip;]<\/p>\n","protected":false},"author":1,"featured_media":6562,"parent":7579,"menu_order":35,"comment_status":"closed","ping_status":"closed","template":"pages-templates\/page-with-contact-cta.php","meta":{"_mi_skip_tracking":false},"acf":{"barra_cta":null,"immagine_barra_cta":null},"yoast_head":"<!-- This site is optimized with the Yoast SEO plugin v16.4 - https:\/\/yoast.com\/wordpress\/plugins\/seo\/ -->\n<title>Installations traitement et production compost - General Dies<\/title>\n<meta name=\"description\" content=\"Nous offrons installations compl\u00e8tes et lignes de granulation pour la production de granules de compost. D\u00e9couvrez-vous plus information et nous contactez.\" \/>\n<meta name=\"robots\" content=\"index, follow, max-snippet:-1, max-image-preview:large, max-video-preview:-1\" \/>\n<link rel=\"canonical\" href=\"https:\/\/www.generaldies.com\/fr\/installations-de-granulation\/installations-de-granulation-de-compost\/\" \/>\n<meta property=\"og:locale\" content=\"fr_FR\" \/>\n<meta property=\"og:type\" content=\"article\" \/>\n<meta property=\"og:title\" content=\"Installations traitement et production compost - General Dies\" \/>\n<meta property=\"og:description\" content=\"Nous offrons installations compl\u00e8tes et lignes de granulation pour la production de granules de compost. D\u00e9couvrez-vous plus information et nous contactez.\" \/>\n<meta property=\"og:url\" content=\"https:\/\/www.generaldies.com\/fr\/installations-de-granulation\/installations-de-granulation-de-compost\/\" \/>\n<meta property=\"og:site_name\" content=\"General Dies\" \/>\n<meta property=\"og:image\" content=\"https:\/\/www.generaldies.com\/wp-content\/uploads\/2017\/03\/compost.jpg\" \/>\n\t<meta property=\"og:image:width\" content=\"1249\" \/>\n\t<meta property=\"og:image:height\" content=\"600\" \/>\n<meta name=\"twitter:card\" content=\"summary\" \/>\n<meta name=\"twitter:label1\" content=\"Dur\u00e9e de lecture est.\" \/>\n\t<meta name=\"twitter:data1\" content=\"3 minutes\" \/>\n<script type=\"application\/ld+json\" class=\"yoast-schema-graph\">{\"@context\":\"https:\/\/schema.org\",\"@graph\":[{\"@type\":\"WebSite\",\"@id\":\"https:\/\/www.generaldies.com\/it\/#website\",\"url\":\"https:\/\/www.generaldies.com\/it\/\",\"name\":\"General Dies\",\"description\":\"Dal 1960 al servizio della pellettatura\",\"potentialAction\":[{\"@type\":\"SearchAction\",\"target\":\"https:\/\/www.generaldies.com\/it\/?s={search_term_string}\",\"query-input\":\"required name=search_term_string\"}],\"inLanguage\":\"fr-FR\"},{\"@type\":\"ImageObject\",\"@id\":\"https:\/\/www.generaldies.com\/fr\/installations-de-granulation\/installations-de-granulation-de-compost\/#primaryimage\",\"inLanguage\":\"fr-FR\",\"url\":\"https:\/\/www.generaldies.com\/wp-content\/uploads\/2017\/03\/compost.jpg\",\"contentUrl\":\"https:\/\/www.generaldies.com\/wp-content\/uploads\/2017\/03\/compost.jpg\",\"width\":1249,\"height\":600,\"caption\":\"dav\"},{\"@type\":\"WebPage\",\"@id\":\"https:\/\/www.generaldies.com\/fr\/installations-de-granulation\/installations-de-granulation-de-compost\/#webpage\",\"url\":\"https:\/\/www.generaldies.com\/fr\/installations-de-granulation\/installations-de-granulation-de-compost\/\",\"name\":\"Installations traitement et production compost - General Dies\",\"isPartOf\":{\"@id\":\"https:\/\/www.generaldies.com\/it\/#website\"},\"primaryImageOfPage\":{\"@id\":\"https:\/\/www.generaldies.com\/fr\/installations-de-granulation\/installations-de-granulation-de-compost\/#primaryimage\"},\"datePublished\":\"2017-06-21T13:50:40+00:00\",\"dateModified\":\"2017-06-21T13:50:40+00:00\",\"description\":\"Nous offrons installations compl\\u00e8tes et lignes de granulation pour la production de granules de compost. D\\u00e9couvrez-vous plus information et nous contactez.\",\"breadcrumb\":{\"@id\":\"https:\/\/www.generaldies.com\/fr\/installations-de-granulation\/installations-de-granulation-de-compost\/#breadcrumb\"},\"inLanguage\":\"fr-FR\",\"potentialAction\":[{\"@type\":\"ReadAction\",\"target\":[\"https:\/\/www.generaldies.com\/fr\/installations-de-granulation\/installations-de-granulation-de-compost\/\"]}]},{\"@type\":\"BreadcrumbList\",\"@id\":\"https:\/\/www.generaldies.com\/fr\/installations-de-granulation\/installations-de-granulation-de-compost\/#breadcrumb\",\"itemListElement\":[{\"@type\":\"ListItem\",\"position\":1,\"item\":{\"@type\":\"WebPage\",\"@id\":\"https:\/\/www.generaldies.com\/fr\/\",\"url\":\"https:\/\/www.generaldies.com\/fr\/\",\"name\":\"Home\"}},{\"@type\":\"ListItem\",\"position\":2,\"item\":{\"@type\":\"WebPage\",\"@id\":\"https:\/\/www.generaldies.com\/fr\/installations-de-granulation\/\",\"url\":\"https:\/\/www.generaldies.com\/fr\/installations-de-granulation\/\",\"name\":\"Installations de granulation\"}},{\"@type\":\"ListItem\",\"position\":3,\"item\":{\"@id\":\"https:\/\/www.generaldies.com\/fr\/installations-de-granulation\/installations-de-granulation-de-compost\/#webpage\"}}]}]}<\/script>\n<!-- \/ Yoast SEO plugin. -->","_links":{"self":[{"href":"https:\/\/www.generaldies.com\/fr\/wp-json\/wp\/v2\/pages\/7598"}],"collection":[{"href":"https:\/\/www.generaldies.com\/fr\/wp-json\/wp\/v2\/pages"}],"about":[{"href":"https:\/\/www.generaldies.com\/fr\/wp-json\/wp\/v2\/types\/page"}],"author":[{"embeddable":true,"href":"https:\/\/www.generaldies.com\/fr\/wp-json\/wp\/v2\/users\/1"}],"replies":[{"embeddable":true,"href":"https:\/\/www.generaldies.com\/fr\/wp-json\/wp\/v2\/comments?post=7598"}],"version-history":[{"count":2,"href":"https:\/\/www.generaldies.com\/fr\/wp-json\/wp\/v2\/pages\/7598\/revisions"}],"predecessor-version":[{"id":7600,"href":"https:\/\/www.generaldies.com\/fr\/wp-json\/wp\/v2\/pages\/7598\/revisions\/7600"}],"up":[{"embeddable":true,"href":"https:\/\/www.generaldies.com\/fr\/wp-json\/wp\/v2\/pages\/7579"}],"wp:featuredmedia":[{"embeddable":true,"href":"https:\/\/www.generaldies.com\/fr\/wp-json\/wp\/v2\/media\/6562"}],"wp:attachment":[{"href":"https:\/\/www.generaldies.com\/fr\/wp-json\/wp\/v2\/media?parent=7598"}],"curies":[{"name":"wp","href":"https:\/\/api.w.org\/{rel}","templated":true}]}}