{"id":7595,"date":"2017-06-21T15:43:43","date_gmt":"2017-06-21T13:43:43","guid":{"rendered":"https:\/\/www.generaldies.com\/installations-de-granulation\/usine-d-alimentation-d-animaux\/"},"modified":"2017-06-21T15:43:44","modified_gmt":"2017-06-21T13:43:44","slug":"usine-d-alimentation-d-animaux","status":"publish","type":"page","link":"https:\/\/www.generaldies.com\/fr\/installations-de-granulation\/usine-d-alimentation-d-animaux\/","title":{"rendered":"Usine d\u2019alimentation d\u2019animaux"},"content":{"rendered":"<p>[vc_row][vc_column width=\u00a0\u00bb2\/3&Prime;][vc_column_text]<img loading=\"lazy\" class=\"wp-image-4482 size-medium alignleft\" src=\"https:\/\/www.generaldies.com\/wp-content\/uploads\/2017\/03\/Linea-pellettatura-mangime-300x225.jpg\" alt=\"linee pellettatura mangime\" width=\"300\" height=\"225\" srcset=\"https:\/\/www.generaldies.com\/wp-content\/uploads\/2017\/03\/Linea-pellettatura-mangime-300x225.jpg 300w, https:\/\/www.generaldies.com\/wp-content\/uploads\/2017\/03\/Linea-pellettatura-mangime-768x576.jpg 768w, https:\/\/www.generaldies.com\/wp-content\/uploads\/2017\/03\/Linea-pellettatura-mangime.jpg 800w\" sizes=\"(max-width: 300px) 100vw, 300px\" \/>Nous offrons des installations compl\u00e8tes et des lignes de granulation pour le traitement et la production d&rsquo;aliments pour animaux granul\u00e9s. En fonction des besoins du client et les caract\u00e9ristiques constructives, nos installations ont des caract\u00e9ristiques constructives e des capacit\u00e9s productives diff\u00e9rentes.<\/p>\n<p>Les phases caract\u00e9ristiques d&rsquo;une installation pour la production de granules d\u2019aliment pour animaux sont:<\/p>\n<ul>\n<li>Phase A: R\u00e9ception et stockage mati\u00e8res premi\u00e8res<\/li>\n<li>Phase B: Dosage des \u00e9l\u00e9ments<\/li>\n<li>Phase C: Broyage<\/li>\n<li>Phase D: M\u00e9lange et ajout de micro\u00e9l\u00e9ments<\/li>\n<li>Phase E: Stockage farine et granulation<\/li>\n<li>Phase F: Refroidissement, tamisage, r\u00e9cup\u00e9ration des poussi\u00e8res<\/li>\n<li>Phase G: Stockage produit fini<\/li>\n<li>Phase H: Ensachement<\/li>\n<\/ul>\n<p>[\/vc_column_text][\/vc_column][vc_column width=\u00a0\u00bb1\/3&Prime;][vc_single_image image=\u00a0\u00bb3360&Prime; img_size=\u00a0\u00bblarge\u00a0\u00bb][vc_single_image image=\u00a0\u00bb4455&Prime; img_size=\u00a0\u00bblarge\u00a0\u00bb][\/vc_column][\/vc_row][vc_row][vc_column][vc_separator css=\u00a0\u00bb.vc_custom_1488874858284{margin-top: 50px !important;margin-bottom: 50px !important;}\u00a0\u00bb][\/vc_column][\/vc_row][vc_row][vc_column][vc_single_image image=\u00a0\u00bb4575&Prime; img_size=\u00a0\u00bblarge\u00a0\u00bb alignment=\u00a0\u00bbcenter\u00a0\u00bb][vc_column_text]<\/p>\n<h3>PHASE A: RECEPTION ET STOCKAGE MATIERES PREMIERES<\/h3>\n<p>C&rsquo;est la phase initiale du processus, dans laquelle on d\u00e9termine la fourniture de substances n\u00e9cessaires \u00e0 la formulation du m\u00e9lange pour produire le produit granul\u00e9 sp\u00e9cifique. Normalement, il est pr\u00e9vu une fosse de r\u00e9ception o\u00f9 sont \u00e9vacu\u00e9es les mati\u00e8res premi\u00e8res en vrac destin\u00e9es \u00e0 la formulation du m\u00e9lange. Par des vis d&rsquo;extraction et \u00e9l\u00e9vateurs les substances sont charg\u00e9es dans les silos de stockage.<\/p>\n<h3>PHASE B: DOSAGE DES ELEMENTS:<\/h3>\n<p>Les mati\u00e8res premi\u00e8res sont transport\u00e9es par des vis \u00e0 la balance pour \u00eatre pes\u00e9s et dos\u00e9s pour la cr\u00e9ation de la formulation de base.<\/p>\n<h3>PHASE C: BROYAGE<\/h3>\n<p>Les mat\u00e9rielles qui n\u00e9cessitent une r\u00e9duction de la taille, passent \u00e0 travers un broyeur \u00e0 marteaux pour obtenir la granulom\u00e9trie requise pour les phases suivantes.<\/p>\n<h3>PHASE D: MELANGE ET AJOUT MICROELEMENTS<\/h3>\n<p>Le produit est charg\u00e9 dans un m\u00e9langeur horizontal o\u00f9, pendant un temps d\u00e9termin\u00e9, est m\u00e9lang\u00e9 et homog\u00e9n\u00e9is\u00e9; \u00e0 cette phase, on peut \u00e9galement ajouter d&rsquo;autres micro\u00e9l\u00e9ments, tels que les suppl\u00e9ments ou additifs n\u00e9cessaires \u00e0 la formulation de m\u00e9langes.<\/p>\n<h3>PHASE E: STOCKAGE ET GRANULATION<\/h3>\n<p>Le produit est pr\u00eat et peut \u00eatre stock\u00e9 pour la livraison ou envoy\u00e9 \u00e0 la presse \u00e0 granuler pour un traitement ult\u00e9rieur.<br \/>\nLe produit est plac\u00e9 dans la presse et par le conditionneur est m\u00e9lang\u00e9 et homog\u00e9n\u00e9is\u00e9. On peut aussi ajouter de la vapeur, m\u00e9lasse, graisse ou d&rsquo;autres ingr\u00e9dients, avant l&rsquo;entr\u00e9e dans l&rsquo;unit\u00e9 de pression o\u00f9 il y aura la transformation en granules \u00e0 travers la fili\u00e8re. En dehors de celle-ci les couteaux r\u00e9glables coupent les granules \u00e0 la longueur d\u00e9sir\u00e9e.<\/p>\n<h3>PHASE F: REFROIDISSEMENT, TAMISAGE, R\u00c9CUP\u00c9RATION DES POUSSI\u00c8RES<\/h3>\n<p>Apr\u00e8s la granulation le produit est tr\u00e8s chaud. Il est n\u00e9cessaire de le refroidir \u00e0 temp\u00e9rature ambiante d\u2019environ + 5\u00b0C pour lui donner la duret\u00e9 n\u00e9cessaire et l\u2019\u00e9tat optimal pour son stockage. La phase de tamisage sert pour le nettoyage du produit des poussi\u00e8res, qui seront r\u00e9introduites dans le cycle de production.<\/p>\n<h3>PHASE G: STOCKAGE PRODUIT FINI<\/h3>\n<p>Les granules sont transf\u00e9r\u00e9s dans les silos de stockage avant la livraison; le produit peut \u00eatre charg\u00e9 sur des camions en vrac ou transf\u00e9r\u00e9 \u00e0 la phase d&rsquo;ensachement.<\/p>\n<h3>PHASE H: ENSACHEMENT<\/h3>\n<p>Le produit granul\u00e9 est transport\u00e9 dans les silos de stockage avant la livraison. Il peut \u00eatre ensach\u00e9 en sacs ou \u00ab big bag \u00bb\u202f; les machines peuvent \u00eatre manuelles, semi-automatiques ou automatiques, comme d\u00e9sir\u00e9e par le Client.[\/vc_column_text][\/vc_column][\/vc_row]<\/p>\n","protected":false},"excerpt":{"rendered":"<p>[vc_row][vc_column width=\u00a0\u00bb2\/3&Prime;][vc_column_text]Nous offrons des installations compl\u00e8tes et des lignes de granulation pour le traitement et la production d&rsquo;aliments pour animaux granul\u00e9s. En fonction des besoins du client et les caract\u00e9ristiques constructives, nos installations ont des caract\u00e9ristiques constructives e des capacit\u00e9s productives diff\u00e9rentes. Les phases caract\u00e9ristiques d&rsquo;une installation pour la production de granules d\u2019aliment pour animaux [&hellip;]<\/p>\n","protected":false},"author":1,"featured_media":6556,"parent":7579,"menu_order":41,"comment_status":"closed","ping_status":"closed","template":"pages-templates\/page-with-contact-cta.php","meta":{"_mi_skip_tracking":false},"acf":{"barra_cta":null,"immagine_barra_cta":null},"yoast_head":"<!-- This site is optimized with the Yoast SEO plugin v16.4 - https:\/\/yoast.com\/wordpress\/plugins\/seo\/ -->\n<title>Installations de granulation aliment d&#039;animaux - General Dies<\/title>\n<meta name=\"description\" content=\"Nous offrons installations compl\u00e8tes et lignes de granulation pour le traitement et production de aliment d&#039;animaux.\" \/>\n<meta name=\"robots\" content=\"index, follow, max-snippet:-1, max-image-preview:large, max-video-preview:-1\" \/>\n<link rel=\"canonical\" href=\"https:\/\/www.generaldies.com\/fr\/installations-de-granulation\/usine-d-alimentation-d-animaux\/\" \/>\n<meta property=\"og:locale\" content=\"fr_FR\" \/>\n<meta property=\"og:type\" content=\"article\" \/>\n<meta property=\"og:title\" content=\"Installations de granulation aliment d&#039;animaux - General Dies\" \/>\n<meta property=\"og:description\" content=\"Nous offrons installations compl\u00e8tes et lignes de granulation pour le traitement et production de aliment d&#039;animaux.\" \/>\n<meta property=\"og:url\" content=\"https:\/\/www.generaldies.com\/fr\/installations-de-granulation\/usine-d-alimentation-d-animaux\/\" \/>\n<meta property=\"og:site_name\" content=\"General Dies\" \/>\n<meta property=\"article:modified_time\" content=\"2017-06-21T13:43:44+00:00\" \/>\n<meta property=\"og:image\" content=\"https:\/\/www.generaldies.com\/wp-content\/uploads\/2017\/03\/mangime-1.jpg\" \/>\n\t<meta property=\"og:image:width\" content=\"1202\" \/>\n\t<meta property=\"og:image:height\" content=\"600\" \/>\n<meta name=\"twitter:card\" content=\"summary\" \/>\n<meta name=\"twitter:label1\" content=\"Dur\u00e9e de lecture est.\" \/>\n\t<meta name=\"twitter:data1\" content=\"3 minutes\" \/>\n<script type=\"application\/ld+json\" class=\"yoast-schema-graph\">{\"@context\":\"https:\/\/schema.org\",\"@graph\":[{\"@type\":\"WebSite\",\"@id\":\"https:\/\/www.generaldies.com\/it\/#website\",\"url\":\"https:\/\/www.generaldies.com\/it\/\",\"name\":\"General Dies\",\"description\":\"Dal 1960 al servizio della pellettatura\",\"potentialAction\":[{\"@type\":\"SearchAction\",\"target\":\"https:\/\/www.generaldies.com\/it\/?s={search_term_string}\",\"query-input\":\"required name=search_term_string\"}],\"inLanguage\":\"fr-FR\"},{\"@type\":\"ImageObject\",\"@id\":\"https:\/\/www.generaldies.com\/fr\/installations-de-granulation\/usine-d-alimentation-d-animaux\/#primaryimage\",\"inLanguage\":\"fr-FR\",\"url\":\"https:\/\/www.generaldies.com\/wp-content\/uploads\/2017\/03\/mangime-1.jpg\",\"contentUrl\":\"https:\/\/www.generaldies.com\/wp-content\/uploads\/2017\/03\/mangime-1.jpg\",\"width\":1202,\"height\":600,\"caption\":\"dav\"},{\"@type\":\"WebPage\",\"@id\":\"https:\/\/www.generaldies.com\/fr\/installations-de-granulation\/usine-d-alimentation-d-animaux\/#webpage\",\"url\":\"https:\/\/www.generaldies.com\/fr\/installations-de-granulation\/usine-d-alimentation-d-animaux\/\",\"name\":\"Installations de granulation aliment d'animaux - General Dies\",\"isPartOf\":{\"@id\":\"https:\/\/www.generaldies.com\/it\/#website\"},\"primaryImageOfPage\":{\"@id\":\"https:\/\/www.generaldies.com\/fr\/installations-de-granulation\/usine-d-alimentation-d-animaux\/#primaryimage\"},\"datePublished\":\"2017-06-21T13:43:43+00:00\",\"dateModified\":\"2017-06-21T13:43:44+00:00\",\"description\":\"Nous offrons installations compl\\u00e8tes et lignes de granulation pour le traitement et production de aliment d'animaux.\",\"breadcrumb\":{\"@id\":\"https:\/\/www.generaldies.com\/fr\/installations-de-granulation\/usine-d-alimentation-d-animaux\/#breadcrumb\"},\"inLanguage\":\"fr-FR\",\"potentialAction\":[{\"@type\":\"ReadAction\",\"target\":[\"https:\/\/www.generaldies.com\/fr\/installations-de-granulation\/usine-d-alimentation-d-animaux\/\"]}]},{\"@type\":\"BreadcrumbList\",\"@id\":\"https:\/\/www.generaldies.com\/fr\/installations-de-granulation\/usine-d-alimentation-d-animaux\/#breadcrumb\",\"itemListElement\":[{\"@type\":\"ListItem\",\"position\":1,\"item\":{\"@type\":\"WebPage\",\"@id\":\"https:\/\/www.generaldies.com\/fr\/\",\"url\":\"https:\/\/www.generaldies.com\/fr\/\",\"name\":\"Home\"}},{\"@type\":\"ListItem\",\"position\":2,\"item\":{\"@type\":\"WebPage\",\"@id\":\"https:\/\/www.generaldies.com\/fr\/installations-de-granulation\/\",\"url\":\"https:\/\/www.generaldies.com\/fr\/installations-de-granulation\/\",\"name\":\"Installations de granulation\"}},{\"@type\":\"ListItem\",\"position\":3,\"item\":{\"@id\":\"https:\/\/www.generaldies.com\/fr\/installations-de-granulation\/usine-d-alimentation-d-animaux\/#webpage\"}}]}]}<\/script>\n<!-- \/ Yoast SEO plugin. -->","_links":{"self":[{"href":"https:\/\/www.generaldies.com\/fr\/wp-json\/wp\/v2\/pages\/7595"}],"collection":[{"href":"https:\/\/www.generaldies.com\/fr\/wp-json\/wp\/v2\/pages"}],"about":[{"href":"https:\/\/www.generaldies.com\/fr\/wp-json\/wp\/v2\/types\/page"}],"author":[{"embeddable":true,"href":"https:\/\/www.generaldies.com\/fr\/wp-json\/wp\/v2\/users\/1"}],"replies":[{"embeddable":true,"href":"https:\/\/www.generaldies.com\/fr\/wp-json\/wp\/v2\/comments?post=7595"}],"version-history":[{"count":2,"href":"https:\/\/www.generaldies.com\/fr\/wp-json\/wp\/v2\/pages\/7595\/revisions"}],"predecessor-version":[{"id":7597,"href":"https:\/\/www.generaldies.com\/fr\/wp-json\/wp\/v2\/pages\/7595\/revisions\/7597"}],"up":[{"embeddable":true,"href":"https:\/\/www.generaldies.com\/fr\/wp-json\/wp\/v2\/pages\/7579"}],"wp:featuredmedia":[{"embeddable":true,"href":"https:\/\/www.generaldies.com\/fr\/wp-json\/wp\/v2\/media\/6556"}],"wp:attachment":[{"href":"https:\/\/www.generaldies.com\/fr\/wp-json\/wp\/v2\/media?parent=7595"}],"curies":[{"name":"wp","href":"https:\/\/api.w.org\/{rel}","templated":true}]}}