{"id":7592,"date":"2017-06-21T15:29:37","date_gmt":"2017-06-21T13:29:37","guid":{"rendered":"https:\/\/www.generaldies.com\/installations-de-granulation\/ligne-de-granulation\/"},"modified":"2017-06-21T15:29:38","modified_gmt":"2017-06-21T13:29:38","slug":"ligne-de-granulation","status":"publish","type":"page","link":"https:\/\/www.generaldies.com\/fr\/installations-de-granulation\/ligne-de-granulation\/","title":{"rendered":"Ligne de granulation"},"content":{"rendered":"<p>[vc_row][vc_column width=\u00a0\u00bb2\/3&Prime;][vc_column_text]<img loading=\"lazy\" class=\"wp-image-33 size-medium alignleft\" src=\"https:\/\/www.generaldies.com\/wp-content\/uploads\/2017\/01\/slide4-300x169.jpg\" alt=\"\" width=\"300\" height=\"169\" srcset=\"https:\/\/www.generaldies.com\/wp-content\/uploads\/2017\/01\/slide4-300x169.jpg 300w, https:\/\/www.generaldies.com\/wp-content\/uploads\/2017\/01\/slide4-768x432.jpg 768w, https:\/\/www.generaldies.com\/wp-content\/uploads\/2017\/01\/slide4-1024x576.jpg 1024w, https:\/\/www.generaldies.com\/wp-content\/uploads\/2017\/01\/slide4.jpg 1920w\" sizes=\"(max-width: 300px) 100vw, 300px\" \/>La ligne de granulation trouve ses principales applications o\u00f9 il est n\u00e9cessaire de r\u00e9duire le volume de la mati\u00e8re, ajouter des ingr\u00e9dients sp\u00e9cifiques, le stocker et le transporter facilement etc.<\/p>\n<p>A l&rsquo;entr\u00e9e de la presse \u00e0 granuler le produit doit avoir une granulom\u00e9trie fine et doit \u00eatre uniforme \u00e0 une humidit\u00e9 ne d\u00e9passant pas le 15% en moyenne.<br \/>\nLa compression du produit au cours de la granulation am\u00e9liore le produit parce qu\u2019il aura un poids sp\u00e9cifique plus \u00e9lev\u00e9, il devient facilement transportable et n\u00e9cessite moins d&rsquo;espace pour le stockage.<\/p>\n<h3>Les principaux domaines d&rsquo;application sont :<\/h3>\n<ul>\n<li>Aliment d\u2019animaux (aliments pour le b\u00e9tail, les poulets, les porcs, les moutons, les lapins, les autruches, les poissons, les crevettes et autres animaux);<\/li>\n<li>sucreries (pulpe de betterave);<\/li>\n<li>producteurs de granules de luzerne, de paille, de foin, tiges de ma\u00efs, fourrage;<\/li>\n<li>MSW d\u00e9chets solides municipaux;<\/li>\n<li>compost de fumier de poulet et d&rsquo;autres animaux;<\/li>\n<li>les engrais organiques et organe-min\u00e9raux;<\/li>\n<li>les restes de nourriture et d&rsquo;autres d\u00e9chets (nourriture qui a expir\u00e9, restes de la restauration, etc.);<\/li>\n<li>minoteries (granulation de son et de m\u00e9langes de c\u00e9r\u00e9ales, farines, et produits c\u00e9r\u00e9aliers);<\/li>\n<li>colza;<\/li>\n<li>d\u00e9chets de papier;<\/li>\n<li>d\u00e9chets de plastiques;<\/li>\n<li>sciure, copeaux de bois, des boutures de bois, d\u00e9chets forestiers, sarments, bois de cultures d\u00e9di\u00e9es;<\/li>\n<li>d\u00e9riv\u00e9s de d\u00e9chets RDF;<\/li>\n<li>produits chimiques;<\/li>\n<li>anti-limaces;<\/li>\n<li>poudres;<\/li>\n<li>graphite;<\/li>\n<li>boues;<\/li>\n<li>pelures d\u2019orange \/ citron\u202f;<\/li>\n<li>coques de raisin;<\/li>\n<li>grignons d&rsquo;olive, de colza, de soja, de tournesol, de ma\u00efs et autres d\u00e9chets d\u2019huileries;<\/li>\n<li>houblon (d\u00e9chets de traitement des brasseries);<\/li>\n<li>farine de viande, de poisson, etc.;<\/li>\n<li>sous-produits et biomasse agro-industrielle.<\/li>\n<\/ul>\n<h3>Les \u00e9tapes du proc\u00e9d\u00e9<\/h3>\n<p>Les phases caract\u00e9ristiques d&rsquo;une ligne standard de granulation sont les suivants:<\/p>\n<ul>\n<li>Phase A: Granulation<\/li>\n<li>Phase B: Refroidissement<\/li>\n<li>Phase C: Eventuellement \u00e9mietter<\/li>\n<li>Phase D: Tamiser<\/li>\n<\/ul>\n<p>[\/vc_column_text][\/vc_column][vc_column width=\u00a0\u00bb1\/3&Prime;][vc_single_image image=\u00a0\u00bb3359&Prime; img_size=\u00a0\u00bblarge\u00a0\u00bb][vc_single_image image=\u00a0\u00bb4482&Prime; img_size=\u00a0\u00bblarge\u00a0\u00bb][vc_btn title=\u00a0\u00bbDEMANDEZ UN TEST DE GRANULATION\u00a0\u00bb style=\u00a0\u00bbflat\u00a0\u00bb shape=\u00a0\u00bbsquare\u00a0\u00bb color=\u00a0\u00bbdanger\u00a0\u00bb size=\u00a0\u00bblg\u00a0\u00bb link=\u00a0\u00bburl:http%3A%2F%2Fwww.generaldies.com%2Fit%2Fazienda%2Fcontatti%2F|||\u00a0\u00bb][\/vc_column][\/vc_row][vc_row][vc_column][vc_single_image image=\u00a0\u00bb4475&Prime; img_size=\u00a0\u00bbfull\u00a0\u00bb alignment=\u00a0\u00bbcenter\u00a0\u00bb][\/vc_column][\/vc_row][vc_row][vc_column][vc_separator css=\u00a0\u00bb.vc_custom_1488874858284{margin-top: 50px !important;margin-bottom: 50px !important;}\u00a0\u00bb][\/vc_column][\/vc_row]<\/p>\n","protected":false},"excerpt":{"rendered":"<p>[vc_row][vc_column width=\u00a0\u00bb2\/3&Prime;][vc_column_text]La ligne de granulation trouve ses principales applications o\u00f9 il est n\u00e9cessaire de r\u00e9duire le volume de la mati\u00e8re, ajouter des ingr\u00e9dients sp\u00e9cifiques, le stocker et le transporter facilement etc. A l&rsquo;entr\u00e9e de la presse \u00e0 granuler le produit doit avoir une granulom\u00e9trie fine et doit \u00eatre uniforme \u00e0 une humidit\u00e9 ne d\u00e9passant pas [&hellip;]<\/p>\n","protected":false},"author":1,"featured_media":4471,"parent":7579,"menu_order":127,"comment_status":"closed","ping_status":"closed","template":"","meta":{"_mi_skip_tracking":false},"acf":{"barra_cta":true,"immagine_barra_cta":{"ID":9044,"id":9044,"title":"team-video_NEW3","filename":"team-video_NEW3.jpg","filesize":123562,"url":"https:\/\/www.generaldies.com\/wp-content\/uploads\/2026\/04\/team-video_NEW3.jpg","link":"https:\/\/www.generaldies.com\/fr\/team-video_new3-2\/","alt":"","author":"5","description":"","caption":"","name":"team-video_new3-2","status":"inherit","uploaded_to":0,"date":"2026-04-29 14:40:19","modified":"2026-04-29 14:40:19","menu_order":0,"mime_type":"image\/jpeg","type":"image","subtype":"jpeg","icon":"https:\/\/www.generaldies.com\/wp-includes\/images\/media\/default.png","width":689,"height":368,"sizes":{"thumbnail":"https:\/\/www.generaldies.com\/wp-content\/uploads\/2026\/04\/team-video_NEW3-150x150.jpg","thumbnail-width":150,"thumbnail-height":150,"medium":"https:\/\/www.generaldies.com\/wp-content\/uploads\/2026\/04\/team-video_NEW3-300x160.jpg","medium-width":300,"medium-height":160,"medium_large":"https:\/\/www.generaldies.com\/wp-content\/uploads\/2026\/04\/team-video_NEW3.jpg","medium_large-width":640,"medium_large-height":342,"large":"https:\/\/www.generaldies.com\/wp-content\/uploads\/2026\/04\/team-video_NEW3.jpg","large-width":640,"large-height":342,"1536x1536":"https:\/\/www.generaldies.com\/wp-content\/uploads\/2026\/04\/team-video_NEW3.jpg","1536x1536-width":689,"1536x1536-height":368,"2048x2048":"https:\/\/www.generaldies.com\/wp-content\/uploads\/2026\/04\/team-video_NEW3.jpg","2048x2048-width":689,"2048x2048-height":368,"list-image":"https:\/\/www.generaldies.com\/wp-content\/uploads\/2026\/04\/team-video_NEW3.jpg","list-image-width":689,"list-image-height":368,"square-image":"https:\/\/www.generaldies.com\/wp-content\/uploads\/2026\/04\/team-video_NEW3.jpg","square-image-width":689,"square-image-height":368,"square-image-mini":"https:\/\/www.generaldies.com\/wp-content\/uploads\/2026\/04\/team-video_NEW3-400x368.jpg","square-image-mini-width":400,"square-image-mini-height":368,"banner-image":"https:\/\/www.generaldies.com\/wp-content\/uploads\/2026\/04\/team-video_NEW3-689x270.jpg","banner-image-width":689,"banner-image-height":270,"pc-image":"https:\/\/www.generaldies.com\/wp-content\/uploads\/2026\/04\/team-video_NEW3-200x100.jpg","pc-image-width":200,"pc-image-height":100}}},"yoast_head":"<!-- This site is optimized with the Yoast SEO plugin v16.4 - https:\/\/yoast.com\/wordpress\/plugins\/seo\/ -->\n<title>Installations et lignes di granulation - General Dies<\/title>\n<meta name=\"description\" content=\"D\u00e9crouvez-vous comment nous vous pouvons aider \u00e0 r\u00e9aliser une installation de granulation efficace.\" \/>\n<meta name=\"robots\" content=\"index, follow, max-snippet:-1, max-image-preview:large, max-video-preview:-1\" \/>\n<link rel=\"canonical\" href=\"https:\/\/www.generaldies.com\/fr\/installations-de-granulation\/ligne-de-granulation\/\" \/>\n<meta property=\"og:locale\" content=\"fr_FR\" \/>\n<meta property=\"og:type\" content=\"article\" \/>\n<meta property=\"og:title\" content=\"Installations et lignes di granulation - General Dies\" \/>\n<meta property=\"og:description\" content=\"D\u00e9crouvez-vous comment nous vous pouvons aider \u00e0 r\u00e9aliser une installation de granulation efficace.\" \/>\n<meta property=\"og:url\" content=\"https:\/\/www.generaldies.com\/fr\/installations-de-granulation\/ligne-de-granulation\/\" \/>\n<meta property=\"og:site_name\" content=\"General Dies\" \/>\n<meta property=\"article:modified_time\" content=\"2017-06-21T13:29:38+00:00\" \/>\n<meta property=\"og:image\" content=\"https:\/\/www.generaldies.com\/wp-content\/uploads\/2017\/03\/Linea-di-cubettatura-testata.jpg\" \/>\n\t<meta property=\"og:image:width\" content=\"1024\" \/>\n\t<meta property=\"og:image:height\" content=\"768\" \/>\n<meta name=\"twitter:card\" content=\"summary\" \/>\n<meta name=\"twitter:label1\" content=\"Dur\u00e9e de lecture est.\" \/>\n\t<meta name=\"twitter:data1\" content=\"2 minutes\" \/>\n<script type=\"application\/ld+json\" class=\"yoast-schema-graph\">{\"@context\":\"https:\/\/schema.org\",\"@graph\":[{\"@type\":\"WebSite\",\"@id\":\"https:\/\/www.generaldies.com\/it\/#website\",\"url\":\"https:\/\/www.generaldies.com\/it\/\",\"name\":\"General Dies\",\"description\":\"Dal 1960 al servizio della pellettatura\",\"potentialAction\":[{\"@type\":\"SearchAction\",\"target\":\"https:\/\/www.generaldies.com\/it\/?s={search_term_string}\",\"query-input\":\"required name=search_term_string\"}],\"inLanguage\":\"fr-FR\"},{\"@type\":\"ImageObject\",\"@id\":\"https:\/\/www.generaldies.com\/fr\/installations-de-granulation\/ligne-de-granulation\/#primaryimage\",\"inLanguage\":\"fr-FR\",\"url\":\"https:\/\/www.generaldies.com\/wp-content\/uploads\/2017\/03\/Linea-di-cubettatura-testata.jpg\",\"contentUrl\":\"https:\/\/www.generaldies.com\/wp-content\/uploads\/2017\/03\/Linea-di-cubettatura-testata.jpg\",\"width\":1024,\"height\":768},{\"@type\":\"WebPage\",\"@id\":\"https:\/\/www.generaldies.com\/fr\/installations-de-granulation\/ligne-de-granulation\/#webpage\",\"url\":\"https:\/\/www.generaldies.com\/fr\/installations-de-granulation\/ligne-de-granulation\/\",\"name\":\"Installations et lignes di granulation - General Dies\",\"isPartOf\":{\"@id\":\"https:\/\/www.generaldies.com\/it\/#website\"},\"primaryImageOfPage\":{\"@id\":\"https:\/\/www.generaldies.com\/fr\/installations-de-granulation\/ligne-de-granulation\/#primaryimage\"},\"datePublished\":\"2017-06-21T13:29:37+00:00\",\"dateModified\":\"2017-06-21T13:29:38+00:00\",\"description\":\"D\\u00e9crouvez-vous comment nous vous pouvons aider \\u00e0 r\\u00e9aliser une installation de granulation efficace.\",\"breadcrumb\":{\"@id\":\"https:\/\/www.generaldies.com\/fr\/installations-de-granulation\/ligne-de-granulation\/#breadcrumb\"},\"inLanguage\":\"fr-FR\",\"potentialAction\":[{\"@type\":\"ReadAction\",\"target\":[\"https:\/\/www.generaldies.com\/fr\/installations-de-granulation\/ligne-de-granulation\/\"]}]},{\"@type\":\"BreadcrumbList\",\"@id\":\"https:\/\/www.generaldies.com\/fr\/installations-de-granulation\/ligne-de-granulation\/#breadcrumb\",\"itemListElement\":[{\"@type\":\"ListItem\",\"position\":1,\"item\":{\"@type\":\"WebPage\",\"@id\":\"https:\/\/www.generaldies.com\/fr\/\",\"url\":\"https:\/\/www.generaldies.com\/fr\/\",\"name\":\"Home\"}},{\"@type\":\"ListItem\",\"position\":2,\"item\":{\"@type\":\"WebPage\",\"@id\":\"https:\/\/www.generaldies.com\/fr\/installations-de-granulation\/\",\"url\":\"https:\/\/www.generaldies.com\/fr\/installations-de-granulation\/\",\"name\":\"Installations de granulation\"}},{\"@type\":\"ListItem\",\"position\":3,\"item\":{\"@id\":\"https:\/\/www.generaldies.com\/fr\/installations-de-granulation\/ligne-de-granulation\/#webpage\"}}]}]}<\/script>\n<!-- \/ Yoast SEO plugin. -->","_links":{"self":[{"href":"https:\/\/www.generaldies.com\/fr\/wp-json\/wp\/v2\/pages\/7592"}],"collection":[{"href":"https:\/\/www.generaldies.com\/fr\/wp-json\/wp\/v2\/pages"}],"about":[{"href":"https:\/\/www.generaldies.com\/fr\/wp-json\/wp\/v2\/types\/page"}],"author":[{"embeddable":true,"href":"https:\/\/www.generaldies.com\/fr\/wp-json\/wp\/v2\/users\/1"}],"replies":[{"embeddable":true,"href":"https:\/\/www.generaldies.com\/fr\/wp-json\/wp\/v2\/comments?post=7592"}],"version-history":[{"count":2,"href":"https:\/\/www.generaldies.com\/fr\/wp-json\/wp\/v2\/pages\/7592\/revisions"}],"predecessor-version":[{"id":7594,"href":"https:\/\/www.generaldies.com\/fr\/wp-json\/wp\/v2\/pages\/7592\/revisions\/7594"}],"up":[{"embeddable":true,"href":"https:\/\/www.generaldies.com\/fr\/wp-json\/wp\/v2\/pages\/7579"}],"wp:featuredmedia":[{"embeddable":true,"href":"https:\/\/www.generaldies.com\/fr\/wp-json\/wp\/v2\/media\/4471"}],"wp:attachment":[{"href":"https:\/\/www.generaldies.com\/fr\/wp-json\/wp\/v2\/media?parent=7592"}],"curies":[{"name":"wp","href":"https:\/\/api.w.org\/{rel}","templated":true}]}}