{"id":7582,"date":"2017-06-21T15:23:33","date_gmt":"2017-06-21T13:23:33","guid":{"rendered":"https:\/\/www.generaldies.com\/installations-de-granulation\/installations-de-granulation\/"},"modified":"2017-06-29T14:53:16","modified_gmt":"2017-06-29T12:53:16","slug":"installations-de-granulation","status":"publish","type":"page","link":"https:\/\/www.generaldies.com\/fr\/installations-de-granulation\/installations-de-granulation\/","title":{"rendered":"Installations de granulation"},"content":{"rendered":"<p>[vc_row][vc_column width=\u00a0\u00bb2\/3&Prime;][vc_column_text]<img loading=\"lazy\" class=\"wp-image-3360 size-medium alignleft\" src=\"https:\/\/www.generaldies.com\/wp-content\/uploads\/2017\/03\/Mangimifico-Animal-feed-plant-300x225.jpg\" alt=\"\" width=\"300\" height=\"225\" srcset=\"https:\/\/www.generaldies.com\/wp-content\/uploads\/2017\/03\/Mangimifico-Animal-feed-plant-300x225.jpg 300w, https:\/\/www.generaldies.com\/wp-content\/uploads\/2017\/03\/Mangimifico-Animal-feed-plant-768x576.jpg 768w, https:\/\/www.generaldies.com\/wp-content\/uploads\/2017\/03\/Mangimifico-Animal-feed-plant-1024x768.jpg 1024w, https:\/\/www.generaldies.com\/wp-content\/uploads\/2017\/03\/Mangimifico-Animal-feed-plant-800x600.jpg 800w, https:\/\/www.generaldies.com\/wp-content\/uploads\/2017\/03\/Mangimifico-Animal-feed-plant.jpg 1400w\" sizes=\"(max-width: 300px) 100vw, 300px\" \/><\/p>\n<p>L&rsquo;\u00e9tude approfondie des probl\u00e8mes des clients nous a permis de cr\u00e9er une grande s\u00e9rie de solutions qui, combin\u00e9 avec le talent de nos ing\u00e9nieurs, nous permet d&rsquo;offrir et de garantir un service total pour chaque type de produit; de l\u2019analyse des besoins, \u00e0 la conception, \u00e0 la r\u00e9alisation du projet, \u00e0 l&rsquo;installation et la mise en service des installations et des lignes de granulation.<\/p>\n<p>Nos techniciens sont employ\u00e9s \u00e0 des travaux de recherche et de solution de probl\u00e8mes, ils assurent une efficacit\u00e9 optimale dans la r\u00e9alisation du projet, ils participent \u00e0 la phase d&rsquo;assemblage sur le chantier et au d\u00e9marrage et\u00a0 tests d\u2019installation.[\/vc_column_text][\/vc_column][vc_column width=\u00a0\u00bb1\/3&Prime;][vc_single_image image=\u00a0\u00bb4455&Prime; img_size=\u00a0\u00bblarge\u00a0\u00bb][\/vc_column][\/vc_row][vc_row][vc_column][vc_separator css=\u00a0\u00bb.vc_custom_1488874858284{margin-top: 50px !important;margin-bottom: 50px !important;}\u00a0\u00bb][\/vc_column][\/vc_row][vc_row][vc_column el_class=\u00a0\u00bbbox-altra-pagina\u00a0\u00bb][vc_single_image image=\u00a0\u00bb6554&Prime; img_size=\u00a0\u00bbfull\u00a0\u00bb onclick=\u00a0\u00bbcustom_link\u00a0\u00bb link=\u00a0\u00bbhttps:\/\/www.generaldies.com\/impianti-pellet\/impianti-per-mangime\/\u00a0\u00bb][vc_column_text]USINE D\u2019ALIMENTATION D\u2019ANIMAUX[\/vc_column_text][\/vc_column][vc_column width=\u00a0\u00bb1\/2&Prime; el_class=\u00a0\u00bbbox-altra-pagina\u00a0\u00bb][vc_single_image image=\u00a0\u00bb6560&Prime; img_size=\u00a0\u00bblist-image\u00a0\u00bb onclick=\u00a0\u00bbcustom_link\u00a0\u00bb link=\u00a0\u00bbhttps:\/\/www.generaldies.com\/it\/impianti-pellet\/impianti-per-compost\/\u00a0\u00bb][vc_column_text]INSTALLATIONS DE GRANULATION DE COMPOST[\/vc_column_text][\/vc_column][vc_column width=\u00a0\u00bb1\/2&Prime; el_class=\u00a0\u00bbbox-altra-pagina\u00a0\u00bb][vc_single_image image=\u00a0\u00bb6567&Prime; img_size=\u00a0\u00bblist-image\u00a0\u00bb onclick=\u00a0\u00bbcustom_link\u00a0\u00bb link=\u00a0\u00bbhttps:\/\/www.generaldies.com\/it\/impianti-pellet\/impianti-paglia-fieno-erba\/\u00a0\u00bb][vc_column_text]INSTALLATIONS DE GRANULATIONS POUR PAILLE, FOIN, LUZERNE[\/vc_column_text][\/vc_column][\/vc_row][vc_row][vc_column width=\u00a0\u00bb1\/2&Prime; el_class=\u00a0\u00bbbox-altra-pagina\u00a0\u00bb][vc_single_image image=\u00a0\u00bb33&Prime; img_size=\u00a0\u00bblist-image\u00a0\u00bb onclick=\u00a0\u00bbcustom_link\u00a0\u00bb link=\u00a0\u00bbhttps:\/\/www.generaldies.com\/it\/impianti-pellet\/impianti-legno-biomassa\/\u00a0\u00bb][vc_column_text]INSTALLATIONS POUR LA GRANULATION DE BOIS ET DE BIOMASSE[\/vc_column_text][\/vc_column][vc_column width=\u00a0\u00bb1\/2&Prime; el_class=\u00a0\u00bbbox-altra-pagina\u00a0\u00bb][vc_single_image image=\u00a0\u00bb4774&Prime; img_size=\u00a0\u00bblist-image\u00a0\u00bb onclick=\u00a0\u00bbcustom_link\u00a0\u00bb link=\u00a0\u00bbhttps:\/\/www.generaldies.com\/it\/impianti-pellet\/impianti-per-plastica\/\u00a0\u00bb][vc_column_text]INSTALLATIONS POUR PLASTIQUE[\/vc_column_text][\/vc_column][\/vc_row][vc_row][vc_column][vc_column_text]<\/p>\n<h3>Voir aussi:<\/h3>\n<ul>\n<li><a href=\"https:\/\/www.generaldies.com\/fr\/services\/conception-d-installations\/\">Conception d\u2019installations<\/a><\/li>\n<li><a href=\"https:\/\/www.generaldies.com\/fr\/services\/modernisation-des-installations\/\">Modernisation des installations<\/a><\/li>\n<li><a href=\"https:\/\/www.generaldies.com\/fr\/services\/conseils-et-assistance\/\">Conseils et assistance<\/a><\/li>\n<li><a href=\"https:\/\/www.generaldies.com\/fr\/services\/service-et-entretien\/\">Service et entretien<\/a><\/li>\n<li><a href=\"https:\/\/www.generaldies.com\/fr\/services\/automation-des-machines-et-installations\/\">Automation des machines et installations<\/a><\/li>\n<\/ul>\n<p>[\/vc_column_text][\/vc_column][\/vc_row]<\/p>\n","protected":false},"excerpt":{"rendered":"<p>[vc_row][vc_column width=\u00a0\u00bb2\/3&Prime;][vc_column_text] L&rsquo;\u00e9tude approfondie des probl\u00e8mes des clients nous a permis de cr\u00e9er une grande s\u00e9rie de solutions qui, combin\u00e9 avec le talent de nos ing\u00e9nieurs, nous permet d&rsquo;offrir et de garantir un service total pour chaque type de produit; de l\u2019analyse des besoins, \u00e0 la conception, \u00e0 la r\u00e9alisation du projet, \u00e0 l&rsquo;installation et [&hellip;]<\/p>\n","protected":false},"author":1,"featured_media":4492,"parent":7579,"menu_order":102,"comment_status":"closed","ping_status":"closed","template":"","meta":{"_mi_skip_tracking":false},"acf":{"barra_cta":false},"yoast_head":"<!-- This site is optimized with the Yoast SEO plugin v16.4 - https:\/\/yoast.com\/wordpress\/plugins\/seo\/ -->\n<title>Installations compl\u00e8tes pour la production granule - General Dies<\/title>\n<meta name=\"description\" content=\"Nous dessinons et produisons installations de granulation, nous offrons une large gamme de solutions personnalis\u00e9es. D\u00e9couvrez-vous plus information.\" \/>\n<meta name=\"robots\" content=\"index, follow, max-snippet:-1, max-image-preview:large, max-video-preview:-1\" \/>\n<link rel=\"canonical\" href=\"https:\/\/www.generaldies.com\/fr\/installations-de-granulation\/installations-de-granulation\/\" \/>\n<meta property=\"og:locale\" content=\"fr_FR\" \/>\n<meta property=\"og:type\" content=\"article\" \/>\n<meta property=\"og:title\" content=\"Installations compl\u00e8tes pour la production granule - General Dies\" \/>\n<meta property=\"og:description\" content=\"Nous dessinons et produisons installations de granulation, nous offrons une large gamme de solutions personnalis\u00e9es. D\u00e9couvrez-vous plus information.\" \/>\n<meta property=\"og:url\" content=\"https:\/\/www.generaldies.com\/fr\/installations-de-granulation\/installations-de-granulation\/\" \/>\n<meta property=\"og:site_name\" content=\"General Dies\" \/>\n<meta property=\"article:modified_time\" content=\"2017-06-29T12:53:16+00:00\" \/>\n<meta property=\"og:image\" content=\"https:\/\/www.generaldies.com\/wp-content\/uploads\/2017\/03\/impianti-completi-testata.jpeg\" \/>\n\t<meta property=\"og:image:width\" content=\"1024\" \/>\n\t<meta property=\"og:image:height\" content=\"698\" \/>\n<meta name=\"twitter:card\" content=\"summary\" \/>\n<meta name=\"twitter:label1\" content=\"Dur\u00e9e de lecture est.\" \/>\n\t<meta name=\"twitter:data1\" content=\"2 minutes\" \/>\n<script type=\"application\/ld+json\" class=\"yoast-schema-graph\">{\"@context\":\"https:\/\/schema.org\",\"@graph\":[{\"@type\":\"WebSite\",\"@id\":\"https:\/\/www.generaldies.com\/it\/#website\",\"url\":\"https:\/\/www.generaldies.com\/it\/\",\"name\":\"General Dies\",\"description\":\"Dal 1960 al servizio della pellettatura\",\"potentialAction\":[{\"@type\":\"SearchAction\",\"target\":\"https:\/\/www.generaldies.com\/it\/?s={search_term_string}\",\"query-input\":\"required name=search_term_string\"}],\"inLanguage\":\"fr-FR\"},{\"@type\":\"ImageObject\",\"@id\":\"https:\/\/www.generaldies.com\/fr\/installations-de-granulation\/installations-de-granulation\/#primaryimage\",\"inLanguage\":\"fr-FR\",\"url\":\"https:\/\/www.generaldies.com\/wp-content\/uploads\/2017\/03\/impianti-completi-testata.jpeg\",\"contentUrl\":\"https:\/\/www.generaldies.com\/wp-content\/uploads\/2017\/03\/impianti-completi-testata.jpeg\",\"width\":1024,\"height\":698},{\"@type\":\"WebPage\",\"@id\":\"https:\/\/www.generaldies.com\/fr\/installations-de-granulation\/installations-de-granulation\/#webpage\",\"url\":\"https:\/\/www.generaldies.com\/fr\/installations-de-granulation\/installations-de-granulation\/\",\"name\":\"Installations compl\\u00e8tes pour la production granule - General Dies\",\"isPartOf\":{\"@id\":\"https:\/\/www.generaldies.com\/it\/#website\"},\"primaryImageOfPage\":{\"@id\":\"https:\/\/www.generaldies.com\/fr\/installations-de-granulation\/installations-de-granulation\/#primaryimage\"},\"datePublished\":\"2017-06-21T13:23:33+00:00\",\"dateModified\":\"2017-06-29T12:53:16+00:00\",\"description\":\"Nous dessinons et produisons installations de granulation, nous offrons une large gamme de solutions personnalis\\u00e9es. D\\u00e9couvrez-vous plus information.\",\"breadcrumb\":{\"@id\":\"https:\/\/www.generaldies.com\/fr\/installations-de-granulation\/installations-de-granulation\/#breadcrumb\"},\"inLanguage\":\"fr-FR\",\"potentialAction\":[{\"@type\":\"ReadAction\",\"target\":[\"https:\/\/www.generaldies.com\/fr\/installations-de-granulation\/installations-de-granulation\/\"]}]},{\"@type\":\"BreadcrumbList\",\"@id\":\"https:\/\/www.generaldies.com\/fr\/installations-de-granulation\/installations-de-granulation\/#breadcrumb\",\"itemListElement\":[{\"@type\":\"ListItem\",\"position\":1,\"item\":{\"@type\":\"WebPage\",\"@id\":\"https:\/\/www.generaldies.com\/fr\/\",\"url\":\"https:\/\/www.generaldies.com\/fr\/\",\"name\":\"Home\"}},{\"@type\":\"ListItem\",\"position\":2,\"item\":{\"@type\":\"WebPage\",\"@id\":\"https:\/\/www.generaldies.com\/fr\/installations-de-granulation\/\",\"url\":\"https:\/\/www.generaldies.com\/fr\/installations-de-granulation\/\",\"name\":\"Installations de granulation\"}},{\"@type\":\"ListItem\",\"position\":3,\"item\":{\"@id\":\"https:\/\/www.generaldies.com\/fr\/installations-de-granulation\/installations-de-granulation\/#webpage\"}}]}]}<\/script>\n<!-- \/ Yoast SEO plugin. -->","_links":{"self":[{"href":"https:\/\/www.generaldies.com\/fr\/wp-json\/wp\/v2\/pages\/7582"}],"collection":[{"href":"https:\/\/www.generaldies.com\/fr\/wp-json\/wp\/v2\/pages"}],"about":[{"href":"https:\/\/www.generaldies.com\/fr\/wp-json\/wp\/v2\/types\/page"}],"author":[{"embeddable":true,"href":"https:\/\/www.generaldies.com\/fr\/wp-json\/wp\/v2\/users\/1"}],"replies":[{"embeddable":true,"href":"https:\/\/www.generaldies.com\/fr\/wp-json\/wp\/v2\/comments?post=7582"}],"version-history":[{"count":8,"href":"https:\/\/www.generaldies.com\/fr\/wp-json\/wp\/v2\/pages\/7582\/revisions"}],"predecessor-version":[{"id":7689,"href":"https:\/\/www.generaldies.com\/fr\/wp-json\/wp\/v2\/pages\/7582\/revisions\/7689"}],"up":[{"embeddable":true,"href":"https:\/\/www.generaldies.com\/fr\/wp-json\/wp\/v2\/pages\/7579"}],"wp:featuredmedia":[{"embeddable":true,"href":"https:\/\/www.generaldies.com\/fr\/wp-json\/wp\/v2\/media\/4492"}],"wp:attachment":[{"href":"https:\/\/www.generaldies.com\/fr\/wp-json\/wp\/v2\/media?parent=7582"}],"curies":[{"name":"wp","href":"https:\/\/api.w.org\/{rel}","templated":true}]}}