{"id":7535,"date":"2017-06-20T14:56:04","date_gmt":"2017-06-20T12:56:04","guid":{"rendered":"https:\/\/www.generaldies.com\/presses-a-granuler-ed-autres-machines\/"},"modified":"2017-06-20T14:56:05","modified_gmt":"2017-06-20T12:56:05","slug":"presses-a-granuler-ed-autres-machines","status":"publish","type":"page","link":"https:\/\/www.generaldies.com\/fr\/presses-a-granuler-ed-autres-machines\/","title":{"rendered":"Presses a granuler ed autres machines"},"content":{"rendered":"<p>[vc_row][vc_column][vc_column_text]Les machines de notre production, surtout les\u00a0 presses \u00e0 granuler, les refroidisseurs, les\u00a0\u00e9mietteurs\u00a0et les tamiseurs sont le r\u00e9sultat d\u2019un demi-si\u00e8cle d\u2019exp\u00e9riences fructueuses dans la production de machines, dans la fabrication de pi\u00e8ces de rechange pour toutes les machines \u00e0 granuler existantes sur le march\u00e9, dans la gestion et dans la maintenance des machines \u00e0 granuler et des installations vari\u00e9es, dans les contr\u00f4les, les modifications, les r\u00e9parations de nos propres machines tout comme celles des autres marques.<\/p>\n<p>Une \u00e9valuation soigneuse\u00a0 des demandes et des n\u00e9cessit\u00e9s de nos Clients, une conception men\u00e9e avec soin, des outils de production technologiquement de pointe, un personnel de production hautement qualifi\u00e9 jouissant d\u2019une longue exp\u00e9rience, tout cela contribue \u00e0 garantir \u00e0 nos Clients des machines fiables au fil du temps, d\u2019une productivit\u00e9 remarquable et faciles tant \u00e0 utiliser qu\u2019\u00e0 entretenir.[\/vc_column_text][\/vc_column][\/vc_row][vc_row][vc_column][vc_separator css=\u00a0\u00bb.vc_custom_1488874858284{margin-top: 50px !important;margin-bottom: 50px !important;}\u00a0\u00bb][\/vc_column][\/vc_row][vc_row][vc_column width=\u00a0\u00bb1\/3&Prime; el_class=\u00a0\u00bbbox-altra-pagina\u00a0\u00bb][vc_single_image image=\u00a0\u00bb87&Prime; img_size=\u00a0\u00bblist-image\u00a0\u00bb onclick=\u00a0\u00bbcustom_link\u00a0\u00bb link=\u00a0\u00bbhttps:\/\/www.generaldies.com\/macchine\/presse-pellettatrici\/\u00a0\u00bb][vc_column_text]Presses \u00e0 granuler[\/vc_column_text][\/vc_column][vc_column width=\u00a0\u00bb1\/3&Prime; el_class=\u00a0\u00bbbox-altra-pagina\u00a0\u00bb][vc_single_image image=\u00a0\u00bb4966&Prime; img_size=\u00a0\u00bblist-image\u00a0\u00bb onclick=\u00a0\u00bbcustom_link\u00a0\u00bb link=\u00a0\u00bbhttps:\/\/www.generaldies.com\/macchine\/raffreddatori\/\u00a0\u00bb][vc_column_text]Refroidisseur[\/vc_column_text][\/vc_column][vc_column width=\u00a0\u00bb1\/3&Prime; el_class=\u00a0\u00bbbox-altra-pagina\u00a0\u00bb][vc_single_image image=\u00a0\u00bb4420&Prime; img_size=\u00a0\u00bblist-image\u00a0\u00bb onclick=\u00a0\u00bbcustom_link\u00a0\u00bb link=\u00a0\u00bbhttps:\/\/www.generaldies.com\/macchine\/sbriciolatori\/\u00a0\u00bb][vc_column_text]Emietteurs[\/vc_column_text][\/vc_column][\/vc_row][vc_row][vc_column width=\u00a0\u00bb1\/3&Prime; el_class=\u00a0\u00bbbox-altra-pagina\u00a0\u00bb][vc_single_image image=\u00a0\u00bb4977&Prime; img_size=\u00a0\u00bblist-image\u00a0\u00bb onclick=\u00a0\u00bbcustom_link\u00a0\u00bb link=\u00a0\u00bbhttps:\/\/www.generaldies.com\/macchine\/setacci\/\u00a0\u00bb][vc_column_text]Tamiseurs[\/vc_column_text][\/vc_column][vc_column width=\u00a0\u00bb1\/3&Prime; el_class=\u00a0\u00bbbox-altra-pagina\u00a0\u00bb][vc_single_image image=\u00a0\u00bb1747&Prime; img_size=\u00a0\u00bblist-image\u00a0\u00bb onclick=\u00a0\u00bbcustom_link\u00a0\u00bb link=\u00a0\u00bbhttps:\/\/www.generaldies.com\/macchine\/altre-macchine\/\u00a0\u00bb][vc_column_text]Autres machines[\/vc_column_text][\/vc_column][vc_column width=\u00a0\u00bb1\/3&Prime; el_class=\u00a0\u00bbbox-altra-pagina\u00a0\u00bb][vc_single_image image=\u00a0\u00bb4365&Prime; img_size=\u00a0\u00bblist-image\u00a0\u00bb onclick=\u00a0\u00bbcustom_link\u00a0\u00bb link=\u00a0\u00bbhttps:\/\/www.generaldies.com\/it\/macchine\/materiale-pronta-consegna\/\u00a0\u00bb][vc_column_text]Materiel livraison immediate[\/vc_column_text][\/vc_column][\/vc_row]<\/p>\n","protected":false},"excerpt":{"rendered":"<p>[vc_row][vc_column][vc_column_text]Les machines de notre production, surtout les\u00a0 presses \u00e0 granuler, les refroidisseurs, les\u00a0\u00e9mietteurs\u00a0et les tamiseurs sont le r\u00e9sultat d\u2019un demi-si\u00e8cle d\u2019exp\u00e9riences fructueuses dans la production de machines, dans la fabrication de pi\u00e8ces de rechange pour toutes les machines \u00e0 granuler existantes sur le march\u00e9, dans la gestion et dans la maintenance des machines \u00e0 granuler [&hellip;]<\/p>\n","protected":false},"author":1,"featured_media":5463,"parent":0,"menu_order":132,"comment_status":"closed","ping_status":"closed","template":"","meta":{"_mi_skip_tracking":false},"acf":{"barra_cta":null,"immagine_barra_cta":null},"yoast_head":"<!-- This site is optimized with the Yoast SEO plugin v16.4 - https:\/\/yoast.com\/wordpress\/plugins\/seo\/ -->\n<title>Presses \u00e0 granuler, refroidisseurs, \u00e9mietteurs - General Dies<\/title>\n<meta name=\"description\" content=\"D\u00e9crouvez-vous nos machines et les pi\u00e8ces de rechange, r\u00e9sultat d&#039;un exp\u00e9rience de 50 ans de nos technicians.\" \/>\n<meta name=\"robots\" content=\"index, follow, max-snippet:-1, max-image-preview:large, max-video-preview:-1\" \/>\n<link rel=\"canonical\" href=\"https:\/\/www.generaldies.com\/fr\/presses-a-granuler-ed-autres-machines\/\" \/>\n<meta property=\"og:locale\" content=\"fr_FR\" \/>\n<meta property=\"og:type\" content=\"article\" \/>\n<meta property=\"og:title\" content=\"Presses \u00e0 granuler, refroidisseurs, \u00e9mietteurs - General Dies\" \/>\n<meta property=\"og:description\" content=\"D\u00e9crouvez-vous nos machines et les pi\u00e8ces de rechange, r\u00e9sultat d&#039;un exp\u00e9rience de 50 ans de nos technicians.\" \/>\n<meta property=\"og:url\" content=\"https:\/\/www.generaldies.com\/fr\/presses-a-granuler-ed-autres-machines\/\" \/>\n<meta property=\"og:site_name\" content=\"General Dies\" \/>\n<meta property=\"article:modified_time\" content=\"2017-06-20T12:56:05+00:00\" \/>\n<meta property=\"og:image\" content=\"https:\/\/www.generaldies.com\/wp-content\/uploads\/2017\/02\/slide4.jpg\" \/>\n\t<meta property=\"og:image:width\" content=\"1920\" \/>\n\t<meta property=\"og:image:height\" content=\"1080\" \/>\n<meta name=\"twitter:card\" content=\"summary\" \/>\n<meta name=\"twitter:label1\" content=\"Dur\u00e9e de lecture est.\" \/>\n\t<meta name=\"twitter:data1\" content=\"2 minutes\" \/>\n<script type=\"application\/ld+json\" class=\"yoast-schema-graph\">{\"@context\":\"https:\/\/schema.org\",\"@graph\":[{\"@type\":\"WebSite\",\"@id\":\"https:\/\/www.generaldies.com\/it\/#website\",\"url\":\"https:\/\/www.generaldies.com\/it\/\",\"name\":\"General Dies\",\"description\":\"Dal 1960 al servizio della pellettatura\",\"potentialAction\":[{\"@type\":\"SearchAction\",\"target\":\"https:\/\/www.generaldies.com\/it\/?s={search_term_string}\",\"query-input\":\"required name=search_term_string\"}],\"inLanguage\":\"fr-FR\"},{\"@type\":\"ImageObject\",\"@id\":\"https:\/\/www.generaldies.com\/fr\/presses-a-granuler-ed-autres-machines\/#primaryimage\",\"inLanguage\":\"fr-FR\",\"url\":\"https:\/\/www.generaldies.com\/wp-content\/uploads\/2017\/02\/slide4.jpg\",\"contentUrl\":\"https:\/\/www.generaldies.com\/wp-content\/uploads\/2017\/02\/slide4.jpg\",\"width\":1920,\"height\":1080},{\"@type\":\"WebPage\",\"@id\":\"https:\/\/www.generaldies.com\/fr\/presses-a-granuler-ed-autres-machines\/#webpage\",\"url\":\"https:\/\/www.generaldies.com\/fr\/presses-a-granuler-ed-autres-machines\/\",\"name\":\"Presses \\u00e0 granuler, refroidisseurs, \\u00e9mietteurs - General Dies\",\"isPartOf\":{\"@id\":\"https:\/\/www.generaldies.com\/it\/#website\"},\"primaryImageOfPage\":{\"@id\":\"https:\/\/www.generaldies.com\/fr\/presses-a-granuler-ed-autres-machines\/#primaryimage\"},\"datePublished\":\"2017-06-20T12:56:04+00:00\",\"dateModified\":\"2017-06-20T12:56:05+00:00\",\"description\":\"D\\u00e9crouvez-vous nos machines et les pi\\u00e8ces de rechange, r\\u00e9sultat d'un exp\\u00e9rience de 50 ans de nos technicians.\",\"breadcrumb\":{\"@id\":\"https:\/\/www.generaldies.com\/fr\/presses-a-granuler-ed-autres-machines\/#breadcrumb\"},\"inLanguage\":\"fr-FR\",\"potentialAction\":[{\"@type\":\"ReadAction\",\"target\":[\"https:\/\/www.generaldies.com\/fr\/presses-a-granuler-ed-autres-machines\/\"]}]},{\"@type\":\"BreadcrumbList\",\"@id\":\"https:\/\/www.generaldies.com\/fr\/presses-a-granuler-ed-autres-machines\/#breadcrumb\",\"itemListElement\":[{\"@type\":\"ListItem\",\"position\":1,\"item\":{\"@type\":\"WebPage\",\"@id\":\"https:\/\/www.generaldies.com\/fr\/\",\"url\":\"https:\/\/www.generaldies.com\/fr\/\",\"name\":\"Home\"}},{\"@type\":\"ListItem\",\"position\":2,\"item\":{\"@id\":\"https:\/\/www.generaldies.com\/fr\/presses-a-granuler-ed-autres-machines\/#webpage\"}}]}]}<\/script>\n<!-- \/ Yoast SEO plugin. -->","_links":{"self":[{"href":"https:\/\/www.generaldies.com\/fr\/wp-json\/wp\/v2\/pages\/7535"}],"collection":[{"href":"https:\/\/www.generaldies.com\/fr\/wp-json\/wp\/v2\/pages"}],"about":[{"href":"https:\/\/www.generaldies.com\/fr\/wp-json\/wp\/v2\/types\/page"}],"author":[{"embeddable":true,"href":"https:\/\/www.generaldies.com\/fr\/wp-json\/wp\/v2\/users\/1"}],"replies":[{"embeddable":true,"href":"https:\/\/www.generaldies.com\/fr\/wp-json\/wp\/v2\/comments?post=7535"}],"version-history":[{"count":7,"href":"https:\/\/www.generaldies.com\/fr\/wp-json\/wp\/v2\/pages\/7535\/revisions"}],"predecessor-version":[{"id":7542,"href":"https:\/\/www.generaldies.com\/fr\/wp-json\/wp\/v2\/pages\/7535\/revisions\/7542"}],"wp:featuredmedia":[{"embeddable":true,"href":"https:\/\/www.generaldies.com\/fr\/wp-json\/wp\/v2\/media\/5463"}],"wp:attachment":[{"href":"https:\/\/www.generaldies.com\/fr\/wp-json\/wp\/v2\/media?parent=7535"}],"curies":[{"name":"wp","href":"https:\/\/api.w.org\/{rel}","templated":true}]}}