{"id":7431,"date":"2017-06-16T15:34:59","date_gmt":"2017-06-16T13:34:59","guid":{"rendered":"https:\/\/www.generaldies.com\/filieres-et-autres-pieces-de-rechange\/"},"modified":"2017-06-16T15:34:59","modified_gmt":"2017-06-16T13:34:59","slug":"filieres-et-autres-pieces-de-rechange","status":"publish","type":"page","link":"https:\/\/www.generaldies.com\/fr\/filieres-et-autres-pieces-de-rechange\/","title":{"rendered":"Fili\u00e8res et autres pieces de rechange"},"content":{"rendered":"<p>Une exp\u00e9rience de presque 60 ans et une incroyable gamme de plans permettent \u00e0 General Dies de produire des fili\u00e8res, coquilles, rouleaux et autres pi\u00e8ces de rechange pour toutes les machines \u00e0 granuler pr\u00e9sentes sur le march\u00e9.<\/p>\n<p>Nous produisons \u00e9galement des pi\u00e8ces sur mesure \u00e0 base d&rsquo;un plan ou d&rsquo;un \u00e9chantillon et nous nous vantons d\u2019une production extr\u00eamement flexible. Outre la large gamme de pi\u00e8ces de rechange pour presses \u00e0 granuler, nous fournissons pi\u00e8ces de rechange pour broyeurs, \u00e9metteurs et\u00a0extrudeuses.<\/p>\n<p>Mat\u00e9riaux de premier choix, des processus sophistiqu\u00e9s d\u2019usinage, machines de haut de gamme \u00e0 contr\u00f4le num\u00e9rique ou compl\u00e8tement automatis\u00e9es, personnel de production hautement sp\u00e9cialis\u00e9 jouissant d\u2019une longue exp\u00e9rience sur le terrain, traitements thermiques ad\u00e9quats, contr\u00f4les de qualit\u00e9 avant la livraison, v\u00e9rification soign\u00e9e des donn\u00e9es formul\u00e9es par le Client, rodage de la fili\u00e8re\u00a0 pour une mise en service imm\u00e9diate. Tout cela contribue \u00e0 garantir aux utilisateurs des pi\u00e8ces de rechange fiables, de longue dur\u00e9e et avec une haute productivit\u00e9.<\/p>\n","protected":false},"excerpt":{"rendered":"<p>Une exp\u00e9rience de presque 60 ans et une incroyable gamme de plans permettent \u00e0 General Dies de produire des fili\u00e8res, coquilles, rouleaux et autres pi\u00e8ces de rechange pour toutes les machines \u00e0 granuler pr\u00e9sentes sur le march\u00e9. Nous produisons \u00e9galement des pi\u00e8ces sur mesure \u00e0 base d&rsquo;un plan ou d&rsquo;un \u00e9chantillon et nous nous vantons [&hellip;]<\/p>\n","protected":false},"author":1,"featured_media":4319,"parent":0,"menu_order":194,"comment_status":"closed","ping_status":"closed","template":"pages-templates\/ricambi-template.php","meta":{"_mi_skip_tracking":false},"acf":{"barra_cta":null,"immagine_barra_cta":null},"yoast_head":"<!-- This site is optimized with the Yoast SEO plugin v16.4 - https:\/\/yoast.com\/wordpress\/plugins\/seo\/ -->\n<title>Fili\u00e8res et autres pi\u00e8ces de rechange - General Dies<\/title>\n<meta name=\"description\" content=\"General Dies peut produire fili\u00e8res, coquilles, rouleaux et autres pi\u00e8ces de rechange pour toutes les presses \u00e0 granuler. D\u00e9couvrez-vous plus information.\" \/>\n<meta name=\"robots\" content=\"index, follow, max-snippet:-1, max-image-preview:large, max-video-preview:-1\" \/>\n<link rel=\"canonical\" href=\"https:\/\/www.generaldies.com\/fr\/filieres-et-autres-pieces-de-rechange\/\" \/>\n<meta property=\"og:locale\" content=\"fr_FR\" \/>\n<meta property=\"og:type\" content=\"article\" \/>\n<meta property=\"og:title\" content=\"Fili\u00e8res et autres pi\u00e8ces de rechange - General Dies\" \/>\n<meta property=\"og:description\" content=\"General Dies peut produire fili\u00e8res, coquilles, rouleaux et autres pi\u00e8ces de rechange pour toutes les presses \u00e0 granuler. D\u00e9couvrez-vous plus information.\" \/>\n<meta property=\"og:url\" content=\"https:\/\/www.generaldies.com\/fr\/filieres-et-autres-pieces-de-rechange\/\" \/>\n<meta property=\"og:site_name\" content=\"General Dies\" \/>\n<meta property=\"og:image\" content=\"https:\/\/www.generaldies.com\/wp-content\/uploads\/2017\/03\/IMG_0867.jpg\" \/>\n\t<meta property=\"og:image:width\" content=\"1920\" \/>\n\t<meta property=\"og:image:height\" content=\"1280\" \/>\n<meta name=\"twitter:card\" content=\"summary\" \/>\n<meta name=\"twitter:label1\" content=\"Dur\u00e9e de lecture est.\" \/>\n\t<meta name=\"twitter:data1\" content=\"1 minute\" \/>\n<script type=\"application\/ld+json\" class=\"yoast-schema-graph\">{\"@context\":\"https:\/\/schema.org\",\"@graph\":[{\"@type\":\"WebSite\",\"@id\":\"https:\/\/www.generaldies.com\/it\/#website\",\"url\":\"https:\/\/www.generaldies.com\/it\/\",\"name\":\"General Dies\",\"description\":\"Dal 1960 al servizio della pellettatura\",\"potentialAction\":[{\"@type\":\"SearchAction\",\"target\":\"https:\/\/www.generaldies.com\/it\/?s={search_term_string}\",\"query-input\":\"required name=search_term_string\"}],\"inLanguage\":\"fr-FR\"},{\"@type\":\"ImageObject\",\"@id\":\"https:\/\/www.generaldies.com\/fr\/filieres-et-autres-pieces-de-rechange\/#primaryimage\",\"inLanguage\":\"fr-FR\",\"url\":\"https:\/\/www.generaldies.com\/wp-content\/uploads\/2017\/03\/IMG_0867.jpg\",\"contentUrl\":\"https:\/\/www.generaldies.com\/wp-content\/uploads\/2017\/03\/IMG_0867.jpg\",\"width\":1920,\"height\":1280},{\"@type\":\"WebPage\",\"@id\":\"https:\/\/www.generaldies.com\/fr\/filieres-et-autres-pieces-de-rechange\/#webpage\",\"url\":\"https:\/\/www.generaldies.com\/fr\/filieres-et-autres-pieces-de-rechange\/\",\"name\":\"Fili\\u00e8res et autres pi\\u00e8ces de rechange - General Dies\",\"isPartOf\":{\"@id\":\"https:\/\/www.generaldies.com\/it\/#website\"},\"primaryImageOfPage\":{\"@id\":\"https:\/\/www.generaldies.com\/fr\/filieres-et-autres-pieces-de-rechange\/#primaryimage\"},\"datePublished\":\"2017-06-16T13:34:59+00:00\",\"dateModified\":\"2017-06-16T13:34:59+00:00\",\"description\":\"General Dies peut produire fili\\u00e8res, coquilles, rouleaux et autres pi\\u00e8ces de rechange pour toutes les presses \\u00e0 granuler. D\\u00e9couvrez-vous plus information.\",\"breadcrumb\":{\"@id\":\"https:\/\/www.generaldies.com\/fr\/filieres-et-autres-pieces-de-rechange\/#breadcrumb\"},\"inLanguage\":\"fr-FR\",\"potentialAction\":[{\"@type\":\"ReadAction\",\"target\":[\"https:\/\/www.generaldies.com\/fr\/filieres-et-autres-pieces-de-rechange\/\"]}]},{\"@type\":\"BreadcrumbList\",\"@id\":\"https:\/\/www.generaldies.com\/fr\/filieres-et-autres-pieces-de-rechange\/#breadcrumb\",\"itemListElement\":[{\"@type\":\"ListItem\",\"position\":1,\"item\":{\"@type\":\"WebPage\",\"@id\":\"https:\/\/www.generaldies.com\/fr\/\",\"url\":\"https:\/\/www.generaldies.com\/fr\/\",\"name\":\"Home\"}},{\"@type\":\"ListItem\",\"position\":2,\"item\":{\"@id\":\"https:\/\/www.generaldies.com\/fr\/filieres-et-autres-pieces-de-rechange\/#webpage\"}}]}]}<\/script>\n<!-- \/ Yoast SEO plugin. -->","_links":{"self":[{"href":"https:\/\/www.generaldies.com\/fr\/wp-json\/wp\/v2\/pages\/7431"}],"collection":[{"href":"https:\/\/www.generaldies.com\/fr\/wp-json\/wp\/v2\/pages"}],"about":[{"href":"https:\/\/www.generaldies.com\/fr\/wp-json\/wp\/v2\/types\/page"}],"author":[{"embeddable":true,"href":"https:\/\/www.generaldies.com\/fr\/wp-json\/wp\/v2\/users\/1"}],"replies":[{"embeddable":true,"href":"https:\/\/www.generaldies.com\/fr\/wp-json\/wp\/v2\/comments?post=7431"}],"version-history":[{"count":0,"href":"https:\/\/www.generaldies.com\/fr\/wp-json\/wp\/v2\/pages\/7431\/revisions"}],"wp:featuredmedia":[{"embeddable":true,"href":"https:\/\/www.generaldies.com\/fr\/wp-json\/wp\/v2\/media\/4319"}],"wp:attachment":[{"href":"https:\/\/www.generaldies.com\/fr\/wp-json\/wp\/v2\/media?parent=7431"}],"curies":[{"name":"wp","href":"https:\/\/api.w.org\/{rel}","templated":true}]}}