{"id":7425,"date":"2017-06-16T15:15:00","date_gmt":"2017-06-16T13:15:00","guid":{"rendered":"https:\/\/www.generaldies.com\/entreprise\/nos-coordonnees\/"},"modified":"2017-06-16T15:15:00","modified_gmt":"2017-06-16T13:15:00","slug":"nos-coordonnees","status":"publish","type":"page","link":"https:\/\/www.generaldies.com\/fr\/entreprise\/nos-coordonnees\/","title":{"rendered":"Nos coordonnees"},"content":{"rendered":"<p>[vc_row][vc_column width=\u00a0\u00bb2\/3&Prime;][vc_empty_space height=\u00a0\u00bb45px\u00a0\u00bb][vc_gmaps link=\u00a0\u00bb#E-8_JTNDaWZyYW1lJTIwc3JjJTNEJTIyaHR0cHMlM0ElMkYlMkZ3d3cuZ29vZ2xlLmNvbSUyRm1hcHMlMkZlbWJlZCUzRnBiJTNEJTIxMW0xOCUyMTFtMTIlMjExbTMlMjExZDI4MDAuNTI0NjgyODU3OTA0MyUyMTJkMTEuMTQ1MzI3ODE1NTU1OTM3JTIxM2Q0NS40MTg5MjM2NzkxMDAzOCUyMTJtMyUyMTFmMCUyMTJmMCUyMTNmMCUyMTNtMiUyMTFpMTAyNCUyMTJpNzY4JTIxNGYxMy4xJTIxM20zJTIxMW0yJTIxMXMweDQ3N2Y1Y2I5Yjk2NjM1M2IlMjUzQTB4OWRhOTkyMDE2NjZkMjNhOCUyMTJzR2VuZXJhbCUyQkRpZXMlMjE1ZTAlMjEzbTIlMjExc2l0JTIxMnNpdCUyMTR2MTQ4ODE4NjExMjgyNSUyMiUyMHdpZHRoJTNEJTIyNjAwJTIyJTIwaGVpZ2h0JTNEJTIyNDUwJTIyJTIwZnJhbWVib3JkZXIlM0QlMjIwJTIyJTIwc3R5bGUlM0QlMjJib3JkZXIlM0EwJTIyJTIwYWxsb3dmdWxsc2NyZWVuJTNFJTNDJTJGaWZyYW1lJTNF\u00a0\u00bb][\/vc_column][vc_column width=\u00a0\u00bb1\/3&Prime;][vc_custom_heading text=\u00a0\u00bbCOMMENT NOUS REJOINDRE\u00a0\u00bb font_container=\u00a0\u00bbtag:h3|text_align:left\u00a0\u00bb use_theme_fonts=\u00a0\u00bbyes\u00a0\u00bb][vc_column_text]<\/p>\n<p align=\"left\"><b>EN VOITURE<\/b><\/p>\n<p>Venant de Milan sur l\u2019autoroute A4 Milan-Venise, prendre la sortie V\u00e9rone Est (deuxi\u00e8me sortie en direction de Venise apr\u00e8s la jonction avec l\u2019autoroute A22 Brennero-Modena). Continuer pour environ 5 km en direction de Vicenza. 500m apr\u00e8s le village de Vago di Lavagno, apr\u00e8s un grand rond-point, \u00e0 gauche vous voyez une scierie de marbre et juste \u00e0 cote il y a General Dies.<\/p>\n<p align=\"left\"><b>EN TRAIN<\/b><\/p>\n<p>Les gares plus proches sont Caldiero et San Bonifacio. La gare avec plus des trains est Verona Porta Nuova \u00e0 environ 20 km de l&rsquo;entreprise.<\/p>\n<p align=\"left\"><b>PAR AVION<\/b><\/p>\n<p>L&rsquo;a\u00e9roport plus proche est le Valerio Catullo de V\u00e9rone.<br \/>\nEn plus vous pouvez prendre en consid\u00e9ration aussi \u2018Orio al Serio\u2019 \u00e0 Bergamo (proche de Milan), &lsquo;Milan-Linate&rsquo;, &lsquo;Milan-Malpensa&rsquo;, \u2018Marconi\u2019 \u00e0 Bologne, \u2018Marco Polo\u2019 \u00e0 Venise et tous les a\u00e9roports du nord d\u2019Italie.[\/vc_column_text][\/vc_column][\/vc_row]<\/p>\n","protected":false},"excerpt":{"rendered":"<p>[vc_row][vc_column width=\u00a0\u00bb2\/3&Prime;][vc_empty_space height=\u00a0\u00bb45px\u00a0\u00bb][vc_gmaps link=\u00a0\u00bb#E-8_JTNDaWZyYW1lJTIwc3JjJTNEJTIyaHR0cHMlM0ElMkYlMkZ3d3cuZ29vZ2xlLmNvbSUyRm1hcHMlMkZlbWJlZCUzRnBiJTNEJTIxMW0xOCUyMTFtMTIlMjExbTMlMjExZDI4MDAuNTI0NjgyODU3OTA0MyUyMTJkMTEuMTQ1MzI3ODE1NTU1OTM3JTIxM2Q0NS40MTg5MjM2NzkxMDAzOCUyMTJtMyUyMTFmMCUyMTJmMCUyMTNmMCUyMTNtMiUyMTFpMTAyNCUyMTJpNzY4JTIxNGYxMy4xJTIxM20zJTIxMW0yJTIxMXMweDQ3N2Y1Y2I5Yjk2NjM1M2IlMjUzQTB4OWRhOTkyMDE2NjZkMjNhOCUyMTJzR2VuZXJhbCUyQkRpZXMlMjE1ZTAlMjEzbTIlMjExc2l0JTIxMnNpdCUyMTR2MTQ4ODE4NjExMjgyNSUyMiUyMHdpZHRoJTNEJTIyNjAwJTIyJTIwaGVpZ2h0JTNEJTIyNDUwJTIyJTIwZnJhbWVib3JkZXIlM0QlMjIwJTIyJTIwc3R5bGUlM0QlMjJib3JkZXIlM0EwJTIyJTIwYWxsb3dmdWxsc2NyZWVuJTNFJTNDJTJGaWZyYW1lJTNF\u00a0\u00bb][\/vc_column][vc_column width=\u00a0\u00bb1\/3&Prime;][vc_custom_heading text=\u00a0\u00bbCOMMENT NOUS REJOINDRE\u00a0\u00bb font_container=\u00a0\u00bbtag:h3|text_align:left\u00a0\u00bb use_theme_fonts=\u00a0\u00bbyes\u00a0\u00bb][vc_column_text] EN VOITURE Venant de Milan sur l\u2019autoroute A4 Milan-Venise, prendre la sortie V\u00e9rone Est (deuxi\u00e8me sortie en direction de Venise apr\u00e8s la jonction avec l\u2019autoroute A22 Brennero-Modena). Continuer pour environ 5 km en direction de Vicenza. 500m apr\u00e8s le village de Vago di Lavagno, apr\u00e8s [&hellip;]<\/p>\n","protected":false},"author":1,"featured_media":8644,"parent":7386,"menu_order":25,"comment_status":"closed","ping_status":"closed","template":"","meta":{"_mi_skip_tracking":false},"acf":{"barra_cta":null,"immagine_barra_cta":null},"yoast_head":"<!-- This site is optimized with the Yoast SEO plugin v16.4 - https:\/\/yoast.com\/wordpress\/plugins\/seo\/ -->\n<title>Location et nos coordonn\u00e9es - General Dies<\/title>\n<meta name=\"description\" content=\"Adresse et information pour arriver en notre si\u00e8ge. D\u00e8couvrez-vous General Dies.\" \/>\n<meta name=\"robots\" content=\"index, follow, max-snippet:-1, max-image-preview:large, max-video-preview:-1\" \/>\n<link rel=\"canonical\" href=\"https:\/\/www.generaldies.com\/fr\/entreprise\/nos-coordonnees\/\" \/>\n<meta property=\"og:locale\" content=\"fr_FR\" \/>\n<meta property=\"og:type\" content=\"article\" \/>\n<meta property=\"og:title\" content=\"Location et nos coordonn\u00e9es - General Dies\" \/>\n<meta property=\"og:description\" content=\"Adresse et information pour arriver en notre si\u00e8ge. D\u00e8couvrez-vous General Dies.\" \/>\n<meta property=\"og:url\" content=\"https:\/\/www.generaldies.com\/fr\/entreprise\/nos-coordonnees\/\" \/>\n<meta property=\"og:site_name\" content=\"General Dies\" \/>\n<meta property=\"og:image\" content=\"https:\/\/www.generaldies.com\/wp-content\/uploads\/2017\/02\/slide3.jpg\" \/>\n\t<meta property=\"og:image:width\" content=\"1920\" \/>\n\t<meta property=\"og:image:height\" content=\"1080\" \/>\n<meta name=\"twitter:card\" content=\"summary\" \/>\n<meta name=\"twitter:label1\" content=\"Dur\u00e9e de lecture est.\" \/>\n\t<meta name=\"twitter:data1\" content=\"1 minute\" \/>\n<script type=\"application\/ld+json\" class=\"yoast-schema-graph\">{\"@context\":\"https:\/\/schema.org\",\"@graph\":[{\"@type\":\"WebSite\",\"@id\":\"https:\/\/www.generaldies.com\/it\/#website\",\"url\":\"https:\/\/www.generaldies.com\/it\/\",\"name\":\"General Dies\",\"description\":\"Dal 1960 al servizio della pellettatura\",\"potentialAction\":[{\"@type\":\"SearchAction\",\"target\":\"https:\/\/www.generaldies.com\/it\/?s={search_term_string}\",\"query-input\":\"required name=search_term_string\"}],\"inLanguage\":\"fr-FR\"},{\"@type\":\"ImageObject\",\"@id\":\"https:\/\/www.generaldies.com\/fr\/entreprise\/nos-coordonnees\/#primaryimage\",\"inLanguage\":\"fr-FR\",\"url\":\"https:\/\/www.generaldies.com\/wp-content\/uploads\/2023\/08\/1-scaled-e1693216254370.jpg\",\"contentUrl\":\"https:\/\/www.generaldies.com\/wp-content\/uploads\/2023\/08\/1-scaled-e1693216254370.jpg\",\"width\":2560,\"height\":1707},{\"@type\":\"WebPage\",\"@id\":\"https:\/\/www.generaldies.com\/fr\/entreprise\/nos-coordonnees\/#webpage\",\"url\":\"https:\/\/www.generaldies.com\/fr\/entreprise\/nos-coordonnees\/\",\"name\":\"Location et nos coordonn\\u00e9es - General Dies\",\"isPartOf\":{\"@id\":\"https:\/\/www.generaldies.com\/it\/#website\"},\"primaryImageOfPage\":{\"@id\":\"https:\/\/www.generaldies.com\/fr\/entreprise\/nos-coordonnees\/#primaryimage\"},\"datePublished\":\"2017-06-16T13:15:00+00:00\",\"dateModified\":\"2017-06-16T13:15:00+00:00\",\"description\":\"Adresse et information pour arriver en notre si\\u00e8ge. D\\u00e8couvrez-vous General Dies.\",\"breadcrumb\":{\"@id\":\"https:\/\/www.generaldies.com\/fr\/entreprise\/nos-coordonnees\/#breadcrumb\"},\"inLanguage\":\"fr-FR\",\"potentialAction\":[{\"@type\":\"ReadAction\",\"target\":[\"https:\/\/www.generaldies.com\/fr\/entreprise\/nos-coordonnees\/\"]}]},{\"@type\":\"BreadcrumbList\",\"@id\":\"https:\/\/www.generaldies.com\/fr\/entreprise\/nos-coordonnees\/#breadcrumb\",\"itemListElement\":[{\"@type\":\"ListItem\",\"position\":1,\"item\":{\"@type\":\"WebPage\",\"@id\":\"https:\/\/www.generaldies.com\/fr\/\",\"url\":\"https:\/\/www.generaldies.com\/fr\/\",\"name\":\"Home\"}},{\"@type\":\"ListItem\",\"position\":2,\"item\":{\"@type\":\"WebPage\",\"@id\":\"https:\/\/www.generaldies.com\/fr\/entreprise\/\",\"url\":\"https:\/\/www.generaldies.com\/fr\/entreprise\/\",\"name\":\"Entreprise\"}},{\"@type\":\"ListItem\",\"position\":3,\"item\":{\"@id\":\"https:\/\/www.generaldies.com\/fr\/entreprise\/nos-coordonnees\/#webpage\"}}]}]}<\/script>\n<!-- \/ Yoast SEO plugin. -->","_links":{"self":[{"href":"https:\/\/www.generaldies.com\/fr\/wp-json\/wp\/v2\/pages\/7425"}],"collection":[{"href":"https:\/\/www.generaldies.com\/fr\/wp-json\/wp\/v2\/pages"}],"about":[{"href":"https:\/\/www.generaldies.com\/fr\/wp-json\/wp\/v2\/types\/page"}],"author":[{"embeddable":true,"href":"https:\/\/www.generaldies.com\/fr\/wp-json\/wp\/v2\/users\/1"}],"replies":[{"embeddable":true,"href":"https:\/\/www.generaldies.com\/fr\/wp-json\/wp\/v2\/comments?post=7425"}],"version-history":[{"count":2,"href":"https:\/\/www.generaldies.com\/fr\/wp-json\/wp\/v2\/pages\/7425\/revisions"}],"predecessor-version":[{"id":7427,"href":"https:\/\/www.generaldies.com\/fr\/wp-json\/wp\/v2\/pages\/7425\/revisions\/7427"}],"up":[{"embeddable":true,"href":"https:\/\/www.generaldies.com\/fr\/wp-json\/wp\/v2\/pages\/7386"}],"wp:featuredmedia":[{"embeddable":true,"href":"https:\/\/www.generaldies.com\/fr\/wp-json\/wp\/v2\/media\/8644"}],"wp:attachment":[{"href":"https:\/\/www.generaldies.com\/fr\/wp-json\/wp\/v2\/media?parent=7425"}],"curies":[{"name":"wp","href":"https:\/\/api.w.org\/{rel}","templated":true}]}}