{"id":7424,"date":"2017-06-16T15:10:36","date_gmt":"2017-06-16T13:10:36","guid":{"rendered":"https:\/\/www.generaldies.com\/entreprise\/evenements-et-expositions\/"},"modified":"2017-06-16T15:10:36","modified_gmt":"2017-06-16T13:10:36","slug":"evenements-et-expositions","status":"publish","type":"page","link":"https:\/\/www.generaldies.com\/fr\/entreprise\/evenements-et-expositions\/","title":{"rendered":"Evenements et expositions"},"content":{"rendered":"","protected":false},"excerpt":{"rendered":"","protected":false},"author":1,"featured_media":5904,"parent":7386,"menu_order":91,"comment_status":"closed","ping_status":"closed","template":"pages-templates\/fiere-eventi-template.php","meta":{"_mi_skip_tracking":false},"acf":{"barra_cta":null,"immagine_barra_cta":null},"yoast_head":"<!-- This site is optimized with the Yoast SEO plugin v16.4 - https:\/\/yoast.com\/wordpress\/plugins\/seo\/ -->\n<title>Evenements et exhibitions - General Dies<\/title>\n<meta name=\"description\" content=\"Nous avons particip\u00e9 pour beaucoup ans \u00e0 \u00e9venements et exhibitions. D\u00e9couvrez-vous o\u00f9 nous avons \u00e9t\u00e9 et o\u00f9 vous pouvez nous rencontrer.\" \/>\n<meta name=\"robots\" content=\"index, follow, max-snippet:-1, max-image-preview:large, max-video-preview:-1\" \/>\n<link rel=\"canonical\" href=\"https:\/\/www.generaldies.com\/fr\/entreprise\/evenements-et-expositions\/\" \/>\n<meta property=\"og:locale\" content=\"fr_FR\" \/>\n<meta property=\"og:type\" content=\"article\" \/>\n<meta property=\"og:title\" content=\"Evenements et exhibitions - General Dies\" \/>\n<meta property=\"og:description\" content=\"Nous avons particip\u00e9 pour beaucoup ans \u00e0 \u00e9venements et exhibitions. D\u00e9couvrez-vous o\u00f9 nous avons \u00e9t\u00e9 et o\u00f9 vous pouvez nous rencontrer.\" \/>\n<meta property=\"og:url\" content=\"https:\/\/www.generaldies.com\/fr\/entreprise\/evenements-et-expositions\/\" \/>\n<meta property=\"og:site_name\" content=\"General Dies\" \/>\n<meta property=\"og:image\" content=\"https:\/\/www.generaldies.com\/wp-content\/uploads\/2017\/02\/DSCN2560-1024x768.jpg\" \/>\n\t<meta property=\"og:image:width\" content=\"1024\" \/>\n\t<meta property=\"og:image:height\" content=\"768\" \/>\n<meta name=\"twitter:card\" content=\"summary\" \/>\n<script type=\"application\/ld+json\" class=\"yoast-schema-graph\">{\"@context\":\"https:\/\/schema.org\",\"@graph\":[{\"@type\":\"WebSite\",\"@id\":\"https:\/\/www.generaldies.com\/it\/#website\",\"url\":\"https:\/\/www.generaldies.com\/it\/\",\"name\":\"General Dies\",\"description\":\"Dal 1960 al servizio della pellettatura\",\"potentialAction\":[{\"@type\":\"SearchAction\",\"target\":\"https:\/\/www.generaldies.com\/it\/?s={search_term_string}\",\"query-input\":\"required name=search_term_string\"}],\"inLanguage\":\"fr-FR\"},{\"@type\":\"ImageObject\",\"@id\":\"https:\/\/www.generaldies.com\/fr\/entreprise\/evenements-et-expositions\/#primaryimage\",\"inLanguage\":\"fr-FR\",\"url\":\"https:\/\/www.generaldies.com\/wp-content\/uploads\/2017\/02\/DSCN2560.jpg\",\"contentUrl\":\"https:\/\/www.generaldies.com\/wp-content\/uploads\/2017\/02\/DSCN2560.jpg\",\"width\":4000,\"height\":3000},{\"@type\":\"WebPage\",\"@id\":\"https:\/\/www.generaldies.com\/fr\/entreprise\/evenements-et-expositions\/#webpage\",\"url\":\"https:\/\/www.generaldies.com\/fr\/entreprise\/evenements-et-expositions\/\",\"name\":\"Evenements et exhibitions - General Dies\",\"isPartOf\":{\"@id\":\"https:\/\/www.generaldies.com\/it\/#website\"},\"primaryImageOfPage\":{\"@id\":\"https:\/\/www.generaldies.com\/fr\/entreprise\/evenements-et-expositions\/#primaryimage\"},\"datePublished\":\"2017-06-16T13:10:36+00:00\",\"dateModified\":\"2017-06-16T13:10:36+00:00\",\"description\":\"Nous avons particip\\u00e9 pour beaucoup ans \\u00e0 \\u00e9venements et exhibitions. D\\u00e9couvrez-vous o\\u00f9 nous avons \\u00e9t\\u00e9 et o\\u00f9 vous pouvez nous rencontrer.\",\"breadcrumb\":{\"@id\":\"https:\/\/www.generaldies.com\/fr\/entreprise\/evenements-et-expositions\/#breadcrumb\"},\"inLanguage\":\"fr-FR\",\"potentialAction\":[{\"@type\":\"ReadAction\",\"target\":[\"https:\/\/www.generaldies.com\/fr\/entreprise\/evenements-et-expositions\/\"]}]},{\"@type\":\"BreadcrumbList\",\"@id\":\"https:\/\/www.generaldies.com\/fr\/entreprise\/evenements-et-expositions\/#breadcrumb\",\"itemListElement\":[{\"@type\":\"ListItem\",\"position\":1,\"item\":{\"@type\":\"WebPage\",\"@id\":\"https:\/\/www.generaldies.com\/fr\/\",\"url\":\"https:\/\/www.generaldies.com\/fr\/\",\"name\":\"Home\"}},{\"@type\":\"ListItem\",\"position\":2,\"item\":{\"@type\":\"WebPage\",\"@id\":\"https:\/\/www.generaldies.com\/fr\/entreprise\/\",\"url\":\"https:\/\/www.generaldies.com\/fr\/entreprise\/\",\"name\":\"Entreprise\"}},{\"@type\":\"ListItem\",\"position\":3,\"item\":{\"@id\":\"https:\/\/www.generaldies.com\/fr\/entreprise\/evenements-et-expositions\/#webpage\"}}]}]}<\/script>\n<!-- \/ Yoast SEO plugin. -->","_links":{"self":[{"href":"https:\/\/www.generaldies.com\/fr\/wp-json\/wp\/v2\/pages\/7424"}],"collection":[{"href":"https:\/\/www.generaldies.com\/fr\/wp-json\/wp\/v2\/pages"}],"about":[{"href":"https:\/\/www.generaldies.com\/fr\/wp-json\/wp\/v2\/types\/page"}],"author":[{"embeddable":true,"href":"https:\/\/www.generaldies.com\/fr\/wp-json\/wp\/v2\/users\/1"}],"replies":[{"embeddable":true,"href":"https:\/\/www.generaldies.com\/fr\/wp-json\/wp\/v2\/comments?post=7424"}],"version-history":[{"count":0,"href":"https:\/\/www.generaldies.com\/fr\/wp-json\/wp\/v2\/pages\/7424\/revisions"}],"up":[{"embeddable":true,"href":"https:\/\/www.generaldies.com\/fr\/wp-json\/wp\/v2\/pages\/7386"}],"wp:featuredmedia":[{"embeddable":true,"href":"https:\/\/www.generaldies.com\/fr\/wp-json\/wp\/v2\/media\/5904"}],"wp:attachment":[{"href":"https:\/\/www.generaldies.com\/fr\/wp-json\/wp\/v2\/media?parent=7424"}],"curies":[{"name":"wp","href":"https:\/\/api.w.org\/{rel}","templated":true}]}}