{"id":7418,"date":"2017-06-16T15:08:11","date_gmt":"2017-06-16T13:08:11","guid":{"rendered":"https:\/\/www.generaldies.com\/entreprise\/production\/"},"modified":"2024-11-13T11:55:00","modified_gmt":"2024-11-13T10:55:00","slug":"production-machines-a-granules-et-pieces-de-rechange-general-dies","status":"publish","type":"page","link":"https:\/\/www.generaldies.com\/fr\/entreprise\/production-machines-a-granules-et-pieces-de-rechange-general-dies\/","title":{"rendered":"Production"},"content":{"rendered":"<p>[vc_row][vc_column][vc_custom_heading text=\u00a0\u00bbQualit\u00e9 italienne authentique\u00a0\u00bb font_container=\u00a0\u00bbtag:h3|text_align:left\u00a0\u00bb use_theme_fonts=\u00a0\u00bbyes\u00a0\u00bb][vc_column_text]Nos produits sont fabriqu\u00e9s dans l&rsquo;usine de General Dies \u00e0 Colognola Ai Colli, V\u00e9rone, en utilisant des mati\u00e8res premi\u00e8res soigneusement s\u00e9lectionn\u00e9es aupr\u00e8s de fournisseurs qualifi\u00e9s.<\/p>\n<p>Nous maintenons fi\u00e8rement notre production en Italie, garantissant toujours une haute qualit\u00e9, une technologie avanc\u00e9e et de l&rsquo;innovation, avec une connaissance approfondie des processus de fabrication.[\/vc_column_text][vc_custom_heading text=\u00a0\u00bbAller \u00e0 la galerie\u00a0\u00bb font_container=\u00a0\u00bbtag:h4|text_align:left\u00a0\u00bb use_theme_fonts=\u00a0\u00bbyes\u00a0\u00bb][vc_media_grid style=\u00a0\u00bblazy\u00a0\u00bb element_width=\u00a0\u00bb2&Prime; gap=\u00a0\u00bb1&Prime; item=\u00a0\u00bb3420&Prime; grid_id=\u00a0\u00bbvc_gid:1495029132075-e7a8ace1-6b83-9&Prime; include=\u00a0\u00bb6364,6360,6356,6352,6348,6344,6340,6336,6332,6328,6324,6320,6316,6312,6308,6276,6272,6268,4934,6264,6260,6256,6252,6248,6244,6240,6236,6232,6228,6224,6220,6216,6212,6192,6188,6184,6180,6176,6168&Prime;][\/vc_column][\/vc_row]<\/p>\n","protected":false},"excerpt":{"rendered":"<p>[vc_row][vc_column][vc_custom_heading text=\u00a0\u00bbQualit\u00e9 italienne authentique\u00a0\u00bb font_container=\u00a0\u00bbtag:h3|text_align:left\u00a0\u00bb use_theme_fonts=\u00a0\u00bbyes\u00a0\u00bb][vc_column_text]Nos produits sont fabriqu\u00e9s dans l&rsquo;usine de General Dies \u00e0 Colognola Ai Colli, V\u00e9rone, en utilisant des mati\u00e8res premi\u00e8res soigneusement s\u00e9lectionn\u00e9es aupr\u00e8s de fournisseurs qualifi\u00e9s. Nous maintenons fi\u00e8rement notre production en Italie, garantissant toujours une haute qualit\u00e9, une technologie avanc\u00e9e et de l&rsquo;innovation, avec une connaissance approfondie des processus de [&hellip;]<\/p>\n","protected":false},"author":1,"featured_media":5399,"parent":7386,"menu_order":74,"comment_status":"closed","ping_status":"closed","template":"","meta":{"_mi_skip_tracking":false},"acf":{"barra_cta":false},"yoast_head":"<!-- This site is optimized with the Yoast SEO plugin v16.4 - https:\/\/yoast.com\/wordpress\/plugins\/seo\/ -->\n<title>L&#039;usine de production de machines \u00e0 granul\u00e9s et de pi\u00e8ces de rechange<\/title>\n<meta name=\"description\" content=\"Fiers d&#039;avoir maintenu, au fil des ans, une production enti\u00e8rement italienne. D\u00e9couvrez comment et o\u00f9 nous fabriquons les pi\u00e8ces de rechange et les machines \u00e0 granul\u00e9s.\" \/>\n<meta name=\"robots\" content=\"index, follow, max-snippet:-1, max-image-preview:large, max-video-preview:-1\" \/>\n<link rel=\"canonical\" href=\"https:\/\/www.generaldies.com\/fr\/entreprise\/production-machines-a-granules-et-pieces-de-rechange-general-dies\/\" \/>\n<meta property=\"og:locale\" content=\"fr_FR\" \/>\n<meta property=\"og:type\" content=\"article\" \/>\n<meta property=\"og:title\" content=\"L&#039;usine de production de machines \u00e0 granul\u00e9s et de pi\u00e8ces de rechange\" \/>\n<meta property=\"og:description\" content=\"Fiers d&#039;avoir maintenu, au fil des ans, une production enti\u00e8rement italienne. D\u00e9couvrez comment et o\u00f9 nous fabriquons les pi\u00e8ces de rechange et les machines \u00e0 granul\u00e9s.\" \/>\n<meta property=\"og:url\" content=\"https:\/\/www.generaldies.com\/fr\/entreprise\/production-machines-a-granules-et-pieces-de-rechange-general-dies\/\" \/>\n<meta property=\"og:site_name\" content=\"General Dies\" \/>\n<meta property=\"article:modified_time\" content=\"2024-11-13T10:55:00+00:00\" \/>\n<meta property=\"og:image\" content=\"https:\/\/www.generaldies.com\/wp-content\/uploads\/2017\/01\/slide2.jpg\" \/>\n\t<meta property=\"og:image:width\" content=\"1920\" \/>\n\t<meta property=\"og:image:height\" content=\"1080\" \/>\n<meta name=\"twitter:card\" content=\"summary\" \/>\n<meta name=\"twitter:label1\" content=\"Dur\u00e9e de lecture est.\" \/>\n\t<meta name=\"twitter:data1\" content=\"1 minute\" \/>\n<script type=\"application\/ld+json\" class=\"yoast-schema-graph\">{\"@context\":\"https:\/\/schema.org\",\"@graph\":[{\"@type\":\"WebSite\",\"@id\":\"https:\/\/www.generaldies.com\/it\/#website\",\"url\":\"https:\/\/www.generaldies.com\/it\/\",\"name\":\"General Dies\",\"description\":\"Dal 1960 al servizio della pellettatura\",\"potentialAction\":[{\"@type\":\"SearchAction\",\"target\":\"https:\/\/www.generaldies.com\/it\/?s={search_term_string}\",\"query-input\":\"required name=search_term_string\"}],\"inLanguage\":\"fr-FR\"},{\"@type\":\"ImageObject\",\"@id\":\"https:\/\/www.generaldies.com\/fr\/entreprise\/production-machines-a-granules-et-pieces-de-rechange-general-dies\/#primaryimage\",\"inLanguage\":\"fr-FR\",\"url\":\"https:\/\/www.generaldies.com\/wp-content\/uploads\/2017\/01\/slide2.jpg\",\"contentUrl\":\"https:\/\/www.generaldies.com\/wp-content\/uploads\/2017\/01\/slide2.jpg\",\"width\":1920,\"height\":1080},{\"@type\":\"WebPage\",\"@id\":\"https:\/\/www.generaldies.com\/fr\/entreprise\/production-machines-a-granules-et-pieces-de-rechange-general-dies\/#webpage\",\"url\":\"https:\/\/www.generaldies.com\/fr\/entreprise\/production-machines-a-granules-et-pieces-de-rechange-general-dies\/\",\"name\":\"L'usine de production de machines \\u00e0 granul\\u00e9s et de pi\\u00e8ces de rechange\",\"isPartOf\":{\"@id\":\"https:\/\/www.generaldies.com\/it\/#website\"},\"primaryImageOfPage\":{\"@id\":\"https:\/\/www.generaldies.com\/fr\/entreprise\/production-machines-a-granules-et-pieces-de-rechange-general-dies\/#primaryimage\"},\"datePublished\":\"2017-06-16T13:08:11+00:00\",\"dateModified\":\"2024-11-13T10:55:00+00:00\",\"description\":\"Fiers d'avoir maintenu, au fil des ans, une production enti\\u00e8rement italienne. D\\u00e9couvrez comment et o\\u00f9 nous fabriquons les pi\\u00e8ces de rechange et les machines \\u00e0 granul\\u00e9s.\",\"breadcrumb\":{\"@id\":\"https:\/\/www.generaldies.com\/fr\/entreprise\/production-machines-a-granules-et-pieces-de-rechange-general-dies\/#breadcrumb\"},\"inLanguage\":\"fr-FR\",\"potentialAction\":[{\"@type\":\"ReadAction\",\"target\":[\"https:\/\/www.generaldies.com\/fr\/entreprise\/production-machines-a-granules-et-pieces-de-rechange-general-dies\/\"]}]},{\"@type\":\"BreadcrumbList\",\"@id\":\"https:\/\/www.generaldies.com\/fr\/entreprise\/production-machines-a-granules-et-pieces-de-rechange-general-dies\/#breadcrumb\",\"itemListElement\":[{\"@type\":\"ListItem\",\"position\":1,\"item\":{\"@type\":\"WebPage\",\"@id\":\"https:\/\/www.generaldies.com\/fr\/\",\"url\":\"https:\/\/www.generaldies.com\/fr\/\",\"name\":\"Home\"}},{\"@type\":\"ListItem\",\"position\":2,\"item\":{\"@type\":\"WebPage\",\"@id\":\"https:\/\/www.generaldies.com\/fr\/entreprise\/\",\"url\":\"https:\/\/www.generaldies.com\/fr\/entreprise\/\",\"name\":\"Entreprise\"}},{\"@type\":\"ListItem\",\"position\":3,\"item\":{\"@id\":\"https:\/\/www.generaldies.com\/fr\/entreprise\/production-machines-a-granules-et-pieces-de-rechange-general-dies\/#webpage\"}}]}]}<\/script>\n<!-- \/ Yoast SEO plugin. -->","_links":{"self":[{"href":"https:\/\/www.generaldies.com\/fr\/wp-json\/wp\/v2\/pages\/7418"}],"collection":[{"href":"https:\/\/www.generaldies.com\/fr\/wp-json\/wp\/v2\/pages"}],"about":[{"href":"https:\/\/www.generaldies.com\/fr\/wp-json\/wp\/v2\/types\/page"}],"author":[{"embeddable":true,"href":"https:\/\/www.generaldies.com\/fr\/wp-json\/wp\/v2\/users\/1"}],"replies":[{"embeddable":true,"href":"https:\/\/www.generaldies.com\/fr\/wp-json\/wp\/v2\/comments?post=7418"}],"version-history":[{"count":6,"href":"https:\/\/www.generaldies.com\/fr\/wp-json\/wp\/v2\/pages\/7418\/revisions"}],"predecessor-version":[{"id":8901,"href":"https:\/\/www.generaldies.com\/fr\/wp-json\/wp\/v2\/pages\/7418\/revisions\/8901"}],"up":[{"embeddable":true,"href":"https:\/\/www.generaldies.com\/fr\/wp-json\/wp\/v2\/pages\/7386"}],"wp:featuredmedia":[{"embeddable":true,"href":"https:\/\/www.generaldies.com\/fr\/wp-json\/wp\/v2\/media\/5399"}],"wp:attachment":[{"href":"https:\/\/www.generaldies.com\/fr\/wp-json\/wp\/v2\/media?parent=7418"}],"curies":[{"name":"wp","href":"https:\/\/api.w.org\/{rel}","templated":true}]}}