{"id":7415,"date":"2017-06-16T15:05:02","date_gmt":"2017-06-16T13:05:02","guid":{"rendered":"https:\/\/www.generaldies.com\/entreprise\/pourquoi-gd\/"},"modified":"2024-12-10T11:19:10","modified_gmt":"2024-12-10T10:19:10","slug":"pourquoi-gd","status":"publish","type":"page","link":"https:\/\/www.generaldies.com\/fr\/entreprise\/pourquoi-gd\/","title":{"rendered":"POURQUOI GD?"},"content":{"rendered":"<p>[vc_row][vc_column width=\u00a0\u00bb2\/3&Prime;][vc_row_inner][vc_column_inner width=\u00a0\u00bb1\/2&Prime;][vc_single_image image=\u00a0\u00bb6260&Prime; img_size=\u00a0\u00bblarge\u00a0\u00bb][\/vc_column_inner][vc_column_inner width=\u00a0\u00bb1\/2&Prime;][vc_column_text]<\/p>\n<h3>Pourquoi on choisit General Dies?<\/h3>\n<p>Dans un march\u00e9 de plus en plus large, avec la naissance de nombreuses nouvelles r\u00e9alit\u00e9s, nous nous sommes toujours efforc\u00e9s de combiner notre longue exp\u00e9rience avec les meilleurs processus technologiques: cela nous a permis d&rsquo;atteindre les plus hauts standards de qualit\u00e9.<br \/>\nNous visons aussi, dans un moment o\u00f9 l&rsquo;accent est mis sur la quantit\u00e9, \u00e0 offrir un service \u00e0 la client\u00e8le et un soutien d&rsquo;une qualit\u00e9 incontestable.[\/vc_column_text][\/vc_column_inner][\/vc_row_inner][vc_row_inner][vc_column_inner][vc_column_text]<\/p>\n<h3>Voici quelques raisons de choisir General Dies:<\/h3>\n<ul>\n<li>Presque 60 ans de pr\u00e9sence sur le march\u00e9<\/li>\n<li>La pr\u00e9sence du personnel avec plus de 50 ans d&rsquo;exp\u00e9rience qui peut conseiller et recommander les meilleures options pour satisfaire les besoins du client<\/li>\n<li>R\u00e9f\u00e9rences dans le monde entier<\/li>\n<li>Une production dans notre usine en Italie et pour les mati\u00e8res premi\u00e8res de la meilleure qualit\u00e9<\/li>\n<li>Le professionnalisme, la pr\u00e9paration et l&rsquo;expertise de notre personnel<\/li>\n<li>Le service apr\u00e8s-vente beaucoup pr\u00e9cis<\/li>\n<li>La disponibilit\u00e9 compl\u00e8te pour visiter nos installations \u00e0 nos clients<\/li>\n<li>Parce que nous ne laissons jamais seul le client, mais nous l\u2019assistons dans tous les probl\u00e8mes, nous sommes toujours disponibles, aussi pour une visite sur le site<\/li>\n<li>La fiabilit\u00e9: nous sommes une entreprise solide, pr\u00e9sente sur le march\u00e9 national et international avec collaborateurs anim\u00e9s des valeurs qui ont toujours caract\u00e9ris\u00e9 l&rsquo;entreprise comme capacit\u00e9 et correction<\/li>\n<li>Nous avons de nombreux agents qui op\u00e8rent directement sur territoire, qui permettent au client de communiquer dans sa propre langue et d\u2019avoir un contact direct avec coutumes, habitudes et bureaucratie d&rsquo;un pays.<\/li>\n<li>Parce que vous pouvez parler dans votre langue: notre personnel commercial parle Fran\u00e7ais, Italien, Anglais, Allemand, Espagnol, Portugais, Russe, Arabe, Roumain, Ukrainien, Moldave, Serbe et Polonais<\/li>\n<li>Parce que nous sommes non seulement commerciales, mais nous sommes aussi des techniciens<\/li>\n<li>La flexibilit\u00e9 de la production des machines et des pi\u00e8ces de rechange: nous \u00e9coutons les besoins du client et nous \u00e9tudions une solution ad hoc, aussi hors du standard<\/li>\n<li>Flexibilit\u00e9 des paiements, quand l&rsquo;exactitude du client est v\u00e9rifi\u00e9<\/li>\n<li>La qualit\u00e9 des machines et des pi\u00e8ces de rechange: l&rsquo;am\u00e9lioration continue de la production et un attention constante \u00e0 la qualit\u00e9 des mati\u00e8res premi\u00e8res<\/li>\n<li>La possibilit\u00e9 de faire essais de granulation gratuit (si on ach\u00e8te) dans notre laboratoire, pour v\u00e9rifier la possibilit\u00e9 de granulation des produits innovants<\/li>\n<li>Le service d&rsquo;entretien pr\u00e9ventif en Italie et payses limitrophes. Ce service pr\u00e9vienne \u00e9ventuelles d\u00e9faillances<\/li>\n<li>Nous croyons tellement dans nos machines, que nous les achetons quand un client s&rsquo;arr\u00eate et apr\u00e8s r\u00e9vision, nous les revendons comme machines d\u2019occasion garanties.<\/li>\n<li>La disponibilit\u00e9 des machines r\u00e9vis\u00e9s, avec prix comp\u00e9titives<\/li>\n<li>Parce que nous ne voulons pas \u00eatre votre fournisseur, mais votre partenaire!<\/li>\n<\/ul>\n<p>[\/vc_column_text][\/vc_column_inner][\/vc_row_inner][\/vc_column][vc_column width=\u00a0\u00bb1\/3&Prime;][vc_single_image image=\u00a0\u00bb5408&Prime; img_size=\u00a0\u00bblarge\u00a0\u00bb][vc_single_image image=\u00a0\u00bb8941&Prime; img_size=\u00a0\u00bblarge\u00a0\u00bb][vc_single_image image=\u00a0\u00bb4309&Prime; img_size=\u00a0\u00bblarge\u00a0\u00bb][\/vc_column][\/vc_row]<\/p>\n","protected":false},"excerpt":{"rendered":"<p>[vc_row][vc_column width=\u00a0\u00bb2\/3&Prime;][vc_row_inner][vc_column_inner width=\u00a0\u00bb1\/2&Prime;][vc_single_image image=\u00a0\u00bb6260&Prime; img_size=\u00a0\u00bblarge\u00a0\u00bb][\/vc_column_inner][vc_column_inner width=\u00a0\u00bb1\/2&Prime;][vc_column_text] Pourquoi on choisit General Dies? Dans un march\u00e9 de plus en plus large, avec la naissance de nombreuses nouvelles r\u00e9alit\u00e9s, nous nous sommes toujours efforc\u00e9s de combiner notre longue exp\u00e9rience avec les meilleurs processus technologiques: cela nous a permis d&rsquo;atteindre les plus hauts standards de qualit\u00e9. Nous visons aussi, [&hellip;]<\/p>\n","protected":false},"author":1,"featured_media":6208,"parent":7386,"menu_order":58,"comment_status":"closed","ping_status":"closed","template":"","meta":{"_mi_skip_tracking":false},"acf":{"barra_cta":false},"yoast_head":"<!-- This site is optimized with the Yoast SEO plugin v16.4 - https:\/\/yoast.com\/wordpress\/plugins\/seo\/ -->\n<title>Pourquoi nous choisir - General Dies<\/title>\n<meta name=\"description\" content=\"D\u00e9couvrez-vous les raisons pourquoi on choisit General Dies comme associ\u00e9.\" \/>\n<meta name=\"robots\" content=\"index, follow, max-snippet:-1, max-image-preview:large, max-video-preview:-1\" \/>\n<link rel=\"canonical\" href=\"https:\/\/www.generaldies.com\/fr\/entreprise\/pourquoi-gd\/\" \/>\n<meta property=\"og:locale\" content=\"fr_FR\" \/>\n<meta property=\"og:type\" content=\"article\" \/>\n<meta property=\"og:title\" content=\"Pourquoi nous choisir - General Dies\" \/>\n<meta property=\"og:description\" content=\"D\u00e9couvrez-vous les raisons pourquoi on choisit General Dies comme associ\u00e9.\" \/>\n<meta property=\"og:url\" content=\"https:\/\/www.generaldies.com\/fr\/entreprise\/pourquoi-gd\/\" \/>\n<meta property=\"og:site_name\" content=\"General Dies\" \/>\n<meta property=\"article:modified_time\" content=\"2024-12-10T10:19:10+00:00\" \/>\n<meta property=\"og:image\" content=\"https:\/\/www.generaldies.com\/wp-content\/uploads\/2017\/01\/PERCHE-GD.jpg\" \/>\n\t<meta property=\"og:image:width\" content=\"1280\" \/>\n\t<meta property=\"og:image:height\" content=\"1024\" \/>\n<meta name=\"twitter:card\" content=\"summary\" \/>\n<meta name=\"twitter:label1\" content=\"Dur\u00e9e de lecture est.\" \/>\n\t<meta name=\"twitter:data1\" content=\"2 minutes\" \/>\n<script type=\"application\/ld+json\" class=\"yoast-schema-graph\">{\"@context\":\"https:\/\/schema.org\",\"@graph\":[{\"@type\":\"WebSite\",\"@id\":\"https:\/\/www.generaldies.com\/it\/#website\",\"url\":\"https:\/\/www.generaldies.com\/it\/\",\"name\":\"General Dies\",\"description\":\"Dal 1960 al servizio della pellettatura\",\"potentialAction\":[{\"@type\":\"SearchAction\",\"target\":\"https:\/\/www.generaldies.com\/it\/?s={search_term_string}\",\"query-input\":\"required name=search_term_string\"}],\"inLanguage\":\"fr-FR\"},{\"@type\":\"ImageObject\",\"@id\":\"https:\/\/www.generaldies.com\/fr\/entreprise\/pourquoi-gd\/#primaryimage\",\"inLanguage\":\"fr-FR\",\"url\":\"https:\/\/www.generaldies.com\/wp-content\/uploads\/2017\/01\/PERCHE-GD.jpg\",\"contentUrl\":\"https:\/\/www.generaldies.com\/wp-content\/uploads\/2017\/01\/PERCHE-GD.jpg\",\"width\":1280,\"height\":1024},{\"@type\":\"WebPage\",\"@id\":\"https:\/\/www.generaldies.com\/fr\/entreprise\/pourquoi-gd\/#webpage\",\"url\":\"https:\/\/www.generaldies.com\/fr\/entreprise\/pourquoi-gd\/\",\"name\":\"Pourquoi nous choisir - General Dies\",\"isPartOf\":{\"@id\":\"https:\/\/www.generaldies.com\/it\/#website\"},\"primaryImageOfPage\":{\"@id\":\"https:\/\/www.generaldies.com\/fr\/entreprise\/pourquoi-gd\/#primaryimage\"},\"datePublished\":\"2017-06-16T13:05:02+00:00\",\"dateModified\":\"2024-12-10T10:19:10+00:00\",\"description\":\"D\\u00e9couvrez-vous les raisons pourquoi on choisit General Dies comme associ\\u00e9.\",\"breadcrumb\":{\"@id\":\"https:\/\/www.generaldies.com\/fr\/entreprise\/pourquoi-gd\/#breadcrumb\"},\"inLanguage\":\"fr-FR\",\"potentialAction\":[{\"@type\":\"ReadAction\",\"target\":[\"https:\/\/www.generaldies.com\/fr\/entreprise\/pourquoi-gd\/\"]}]},{\"@type\":\"BreadcrumbList\",\"@id\":\"https:\/\/www.generaldies.com\/fr\/entreprise\/pourquoi-gd\/#breadcrumb\",\"itemListElement\":[{\"@type\":\"ListItem\",\"position\":1,\"item\":{\"@type\":\"WebPage\",\"@id\":\"https:\/\/www.generaldies.com\/fr\/\",\"url\":\"https:\/\/www.generaldies.com\/fr\/\",\"name\":\"Home\"}},{\"@type\":\"ListItem\",\"position\":2,\"item\":{\"@type\":\"WebPage\",\"@id\":\"https:\/\/www.generaldies.com\/fr\/entreprise\/\",\"url\":\"https:\/\/www.generaldies.com\/fr\/entreprise\/\",\"name\":\"Entreprise\"}},{\"@type\":\"ListItem\",\"position\":3,\"item\":{\"@id\":\"https:\/\/www.generaldies.com\/fr\/entreprise\/pourquoi-gd\/#webpage\"}}]}]}<\/script>\n<!-- \/ Yoast SEO plugin. -->","_links":{"self":[{"href":"https:\/\/www.generaldies.com\/fr\/wp-json\/wp\/v2\/pages\/7415"}],"collection":[{"href":"https:\/\/www.generaldies.com\/fr\/wp-json\/wp\/v2\/pages"}],"about":[{"href":"https:\/\/www.generaldies.com\/fr\/wp-json\/wp\/v2\/types\/page"}],"author":[{"embeddable":true,"href":"https:\/\/www.generaldies.com\/fr\/wp-json\/wp\/v2\/users\/1"}],"replies":[{"embeddable":true,"href":"https:\/\/www.generaldies.com\/fr\/wp-json\/wp\/v2\/comments?post=7415"}],"version-history":[{"count":5,"href":"https:\/\/www.generaldies.com\/fr\/wp-json\/wp\/v2\/pages\/7415\/revisions"}],"predecessor-version":[{"id":8967,"href":"https:\/\/www.generaldies.com\/fr\/wp-json\/wp\/v2\/pages\/7415\/revisions\/8967"}],"up":[{"embeddable":true,"href":"https:\/\/www.generaldies.com\/fr\/wp-json\/wp\/v2\/pages\/7386"}],"wp:featuredmedia":[{"embeddable":true,"href":"https:\/\/www.generaldies.com\/fr\/wp-json\/wp\/v2\/media\/6208"}],"wp:attachment":[{"href":"https:\/\/www.generaldies.com\/fr\/wp-json\/wp\/v2\/media?parent=7415"}],"curies":[{"name":"wp","href":"https:\/\/api.w.org\/{rel}","templated":true}]}}