{"id":7412,"date":"2017-06-16T14:54:03","date_gmt":"2017-06-16T12:54:03","guid":{"rendered":"https:\/\/www.generaldies.com\/entreprise\/valeurs-et-objectifs\/"},"modified":"2024-12-10T11:08:19","modified_gmt":"2024-12-10T10:08:19","slug":"valeurs-et-objectifs","status":"publish","type":"page","link":"https:\/\/www.generaldies.com\/fr\/entreprise\/valeurs-et-objectifs\/","title":{"rendered":"Valeurs et objectifs"},"content":{"rendered":"<p>[vc_row][vc_column width=\u00a0\u00bb2\/3&Prime;][vc_column_text]<\/p>\n<div id=\"lipsum\">\n<h2>Valeurs<\/h2>\n<p>Les valeurs qui ont toujours caract\u00e9ris\u00e9 notre entreprise:<\/p>\n<ul>\n<li>notre engagement continu \u00e0 la poursuite des objectifs et \u00e0 l&rsquo;am\u00e9lioration des r\u00e9sultats pour r\u00e9pondre aux besoins du client<\/li>\n<li>la responsabilit\u00e9: responsabilit\u00e9 vers les employ\u00e9s de l&rsquo;entreprise, vers les clients, vers l&rsquo;environnement, aussi bien que le respect scrupuleux des normes nationales et internationales<\/li>\n<li>la professionnalisme et la comp\u00e9tence: une entreprise avec presque 60 ans d&rsquo;exp\u00e9rience dans le m\u00eame domaine, dirig\u00e9 par la m\u00eame famille avec la m\u00eame raison sociale. On peut proposer des solutions sp\u00e9cifiques, suivre et de conseiller le client dans tous les besoins, on est disponible pour tous pr\u00e9cisions et pour la r\u00e9solution de n&rsquo;importe quel probl\u00e8me. On b\u00e9n\u00e9ficie de la pr\u00e9sence de collaborateurs qui ont vu la naissance de l&rsquo;entreprise et continuent \u00e0 collaborer avec l&rsquo;entreprise, fournissant leur exceptionnelle richesse de connaissances<\/li>\n<li>l&rsquo;am\u00e9lioration continue: la longue histoire de General Dies d\u00e9montre les efforts constants pour suivre le rythme avec le temps, pour am\u00e9liorer la production, pour s&rsquo;adapter \u00e0 un march\u00e9 de plus en plus exigeant<\/li>\n<li>le bien-\u00eatre de l&rsquo;entreprise: tant pour les gens qui travaillent tous les jours chez General Dies quant pour tous ceux qui entrent en contact avec cette r\u00e9alit\u00e9<\/li>\n<li>le partage des objectifs et des r\u00e9sultats<\/li>\n<li>la qualit\u00e9 des mati\u00e8res premi\u00e8res utilis\u00e9es et du produit final<\/li>\n<\/ul>\n<h2>Objectifs:<\/h2>\n<p><img loading=\"lazy\" class=\"alignleft wp-image-3327 size-medium\" src=\"https:\/\/www.generaldies.com\/wp-content\/uploads\/2017\/02\/038_IMG_7157-300x200.jpg\" alt=\"\" width=\"300\" height=\"200\" srcset=\"https:\/\/www.generaldies.com\/wp-content\/uploads\/2017\/02\/038_IMG_7157-300x200.jpg 300w, https:\/\/www.generaldies.com\/wp-content\/uploads\/2017\/02\/038_IMG_7157-768x512.jpg 768w, https:\/\/www.generaldies.com\/wp-content\/uploads\/2017\/02\/038_IMG_7157-1024x683.jpg 1024w, https:\/\/www.generaldies.com\/wp-content\/uploads\/2017\/02\/038_IMG_7157.jpg 1200w\" sizes=\"(max-width: 300px) 100vw, 300px\" \/><\/p>\n<ul>\n<li>Le fonctionnement harmonieux de l&rsquo;entreprise, pour le bien-\u00eatre de tous<\/li>\n<li>La satisfaction de la client\u00e8le pour \u00eatre constamment choisi<\/li>\n<li>Avoir un b\u00e9n\u00e9fice de bilan chaque ann\u00e9e, pour r\u00e9compenser, investir et programmer<\/li>\n<li>L\u2019innovation<\/li>\n<\/ul>\n<p>Du 1960 nous tenons \u00e0 promouvoir une tradition d\u2019\u00e9thique technique et commerciale et nous offrons en outre la loyaut\u00e9, l\u2019exp\u00e9rience, la comp\u00e9tence, le professionnalisme, le dynamisme et la totale disponibilit\u00e9; notre soci\u00e9t\u00e9 propose des produits pionniers, et met toujours dans les rangs de ses priorit\u00e9s le respect dans les temps de livraison, tout en sachant modeler ses prix et faisant preuve d\u2019une grande flexibilit\u00e9 dans ses capacit\u00e9s productives.<\/p>\n<p>Volontiers nous agissons pour r\u00e9pondre aux besoins urgents et r\u00e9soudre les probl\u00e8mes impr\u00e9vus. General Dies Srl souhaite toujours se proposer comme une Entreprise s\u00e9rieuse, \u00e9thiquement irr\u00e9prochable et fiable qui sait \u00e9couter puis \u00e9laborer et enfin satisfaire les besoins de ses Clients. En effet notre Soci\u00e9t\u00e9 peut offrir des produits de qualit\u00e9 m\u00eame sur mesure, hors des standards, avec un rapport qualit\u00e9 prix ad\u00e9quat et comp\u00e9titif.<\/p>\n<\/div>\n<p>[\/vc_column_text][\/vc_column][vc_column width=\u00a0\u00bb1\/3&Prime;][vc_single_image image=\u00a0\u00bb5408&Prime; img_size=\u00a0\u00bblarge\u00a0\u00bb][vc_single_image image=\u00a0\u00bb8941&Prime; img_size=\u00a0\u00bblarge\u00a0\u00bb][vc_single_image image=\u00a0\u00bb4309&Prime; img_size=\u00a0\u00bblarge\u00a0\u00bb][\/vc_column][\/vc_row]<\/p>\n","protected":false},"excerpt":{"rendered":"<p>[vc_row][vc_column width=\u00a0\u00bb2\/3&Prime;][vc_column_text] Valeurs Les valeurs qui ont toujours caract\u00e9ris\u00e9 notre entreprise: notre engagement continu \u00e0 la poursuite des objectifs et \u00e0 l&rsquo;am\u00e9lioration des r\u00e9sultats pour r\u00e9pondre aux besoins du client la responsabilit\u00e9: responsabilit\u00e9 vers les employ\u00e9s de l&rsquo;entreprise, vers les clients, vers l&rsquo;environnement, aussi bien que le respect scrupuleux des normes nationales et internationales la [&hellip;]<\/p>\n","protected":false},"author":1,"featured_media":6200,"parent":7386,"menu_order":77,"comment_status":"closed","ping_status":"closed","template":"","meta":{"_mi_skip_tracking":false},"acf":{"barra_cta":false},"yoast_head":"<!-- This site is optimized with the Yoast SEO plugin v16.4 - https:\/\/yoast.com\/wordpress\/plugins\/seo\/ -->\n<title>Valeurs et objectifs d&#039;entreprise - General Dies<\/title>\n<meta name=\"description\" content=\"Peine, responsabilit\u00e9, professionnalisme et comp\u00e9tence sont des valeurs che nous d\u00e9crivent. D\u00e9crouvez-vouz les autres et nos objectifs.\" \/>\n<meta name=\"robots\" content=\"index, follow, max-snippet:-1, max-image-preview:large, max-video-preview:-1\" \/>\n<link rel=\"canonical\" href=\"https:\/\/www.generaldies.com\/fr\/entreprise\/valeurs-et-objectifs\/\" \/>\n<meta property=\"og:locale\" content=\"fr_FR\" \/>\n<meta property=\"og:type\" content=\"article\" \/>\n<meta property=\"og:title\" content=\"Valeurs et objectifs d&#039;entreprise - General Dies\" \/>\n<meta property=\"og:description\" content=\"Peine, responsabilit\u00e9, professionnalisme et comp\u00e9tence sont des valeurs che nous d\u00e9crivent. D\u00e9crouvez-vouz les autres et nos objectifs.\" \/>\n<meta property=\"og:url\" content=\"https:\/\/www.generaldies.com\/fr\/entreprise\/valeurs-et-objectifs\/\" \/>\n<meta property=\"og:site_name\" content=\"General Dies\" \/>\n<meta property=\"article:modified_time\" content=\"2024-12-10T10:08:19+00:00\" \/>\n<meta property=\"og:image\" content=\"https:\/\/www.generaldies.com\/wp-content\/uploads\/2017\/01\/VALORI-E-OBIETTIVI.jpg\" \/>\n\t<meta property=\"og:image:width\" content=\"1280\" \/>\n\t<meta property=\"og:image:height\" content=\"852\" \/>\n<meta name=\"twitter:card\" content=\"summary\" \/>\n<meta name=\"twitter:label1\" content=\"Dur\u00e9e de lecture est.\" \/>\n\t<meta name=\"twitter:data1\" content=\"2 minutes\" \/>\n<script type=\"application\/ld+json\" class=\"yoast-schema-graph\">{\"@context\":\"https:\/\/schema.org\",\"@graph\":[{\"@type\":\"WebSite\",\"@id\":\"https:\/\/www.generaldies.com\/it\/#website\",\"url\":\"https:\/\/www.generaldies.com\/it\/\",\"name\":\"General Dies\",\"description\":\"Dal 1960 al servizio della pellettatura\",\"potentialAction\":[{\"@type\":\"SearchAction\",\"target\":\"https:\/\/www.generaldies.com\/it\/?s={search_term_string}\",\"query-input\":\"required name=search_term_string\"}],\"inLanguage\":\"fr-FR\"},{\"@type\":\"ImageObject\",\"@id\":\"https:\/\/www.generaldies.com\/fr\/entreprise\/valeurs-et-objectifs\/#primaryimage\",\"inLanguage\":\"fr-FR\",\"url\":\"https:\/\/www.generaldies.com\/wp-content\/uploads\/2017\/01\/VALORI-E-OBIETTIVI.jpg\",\"contentUrl\":\"https:\/\/www.generaldies.com\/wp-content\/uploads\/2017\/01\/VALORI-E-OBIETTIVI.jpg\",\"width\":1280,\"height\":852},{\"@type\":\"WebPage\",\"@id\":\"https:\/\/www.generaldies.com\/fr\/entreprise\/valeurs-et-objectifs\/#webpage\",\"url\":\"https:\/\/www.generaldies.com\/fr\/entreprise\/valeurs-et-objectifs\/\",\"name\":\"Valeurs et objectifs d'entreprise - General Dies\",\"isPartOf\":{\"@id\":\"https:\/\/www.generaldies.com\/it\/#website\"},\"primaryImageOfPage\":{\"@id\":\"https:\/\/www.generaldies.com\/fr\/entreprise\/valeurs-et-objectifs\/#primaryimage\"},\"datePublished\":\"2017-06-16T12:54:03+00:00\",\"dateModified\":\"2024-12-10T10:08:19+00:00\",\"description\":\"Peine, responsabilit\\u00e9, professionnalisme et comp\\u00e9tence sont des valeurs che nous d\\u00e9crivent. D\\u00e9crouvez-vouz les autres et nos objectifs.\",\"breadcrumb\":{\"@id\":\"https:\/\/www.generaldies.com\/fr\/entreprise\/valeurs-et-objectifs\/#breadcrumb\"},\"inLanguage\":\"fr-FR\",\"potentialAction\":[{\"@type\":\"ReadAction\",\"target\":[\"https:\/\/www.generaldies.com\/fr\/entreprise\/valeurs-et-objectifs\/\"]}]},{\"@type\":\"BreadcrumbList\",\"@id\":\"https:\/\/www.generaldies.com\/fr\/entreprise\/valeurs-et-objectifs\/#breadcrumb\",\"itemListElement\":[{\"@type\":\"ListItem\",\"position\":1,\"item\":{\"@type\":\"WebPage\",\"@id\":\"https:\/\/www.generaldies.com\/fr\/\",\"url\":\"https:\/\/www.generaldies.com\/fr\/\",\"name\":\"Home\"}},{\"@type\":\"ListItem\",\"position\":2,\"item\":{\"@type\":\"WebPage\",\"@id\":\"https:\/\/www.generaldies.com\/fr\/entreprise\/\",\"url\":\"https:\/\/www.generaldies.com\/fr\/entreprise\/\",\"name\":\"Entreprise\"}},{\"@type\":\"ListItem\",\"position\":3,\"item\":{\"@id\":\"https:\/\/www.generaldies.com\/fr\/entreprise\/valeurs-et-objectifs\/#webpage\"}}]}]}<\/script>\n<!-- \/ Yoast SEO plugin. -->","_links":{"self":[{"href":"https:\/\/www.generaldies.com\/fr\/wp-json\/wp\/v2\/pages\/7412"}],"collection":[{"href":"https:\/\/www.generaldies.com\/fr\/wp-json\/wp\/v2\/pages"}],"about":[{"href":"https:\/\/www.generaldies.com\/fr\/wp-json\/wp\/v2\/types\/page"}],"author":[{"embeddable":true,"href":"https:\/\/www.generaldies.com\/fr\/wp-json\/wp\/v2\/users\/1"}],"replies":[{"embeddable":true,"href":"https:\/\/www.generaldies.com\/fr\/wp-json\/wp\/v2\/comments?post=7412"}],"version-history":[{"count":9,"href":"https:\/\/www.generaldies.com\/fr\/wp-json\/wp\/v2\/pages\/7412\/revisions"}],"predecessor-version":[{"id":8957,"href":"https:\/\/www.generaldies.com\/fr\/wp-json\/wp\/v2\/pages\/7412\/revisions\/8957"}],"up":[{"embeddable":true,"href":"https:\/\/www.generaldies.com\/fr\/wp-json\/wp\/v2\/pages\/7386"}],"wp:featuredmedia":[{"embeddable":true,"href":"https:\/\/www.generaldies.com\/fr\/wp-json\/wp\/v2\/media\/6200"}],"wp:attachment":[{"href":"https:\/\/www.generaldies.com\/fr\/wp-json\/wp\/v2\/media?parent=7412"}],"curies":[{"name":"wp","href":"https:\/\/api.w.org\/{rel}","templated":true}]}}