{"id":7386,"date":"2017-06-16T12:29:25","date_gmt":"2017-06-16T10:29:25","guid":{"rendered":"https:\/\/www.generaldies.com\/entreprise\/"},"modified":"2019-07-03T16:59:09","modified_gmt":"2019-07-03T14:59:09","slug":"entreprise","status":"publish","type":"page","link":"https:\/\/www.generaldies.com\/fr\/entreprise\/","title":{"rendered":"Entreprise"},"content":{"rendered":"<p>[vc_row][vc_column width=\u00a0\u00bb1\/2&Prime;][vc_custom_heading text=\u00a0\u00bbBienvenue \u00e0 General Dies\u00a0\u00bb google_fonts=\u00a0\u00bbfont_family:Open%20Sans%3A300%2C300italic%2Cregular%2Citalic%2C600%2C600italic%2C700%2C700italic%2C800%2C800italic|font_style:400%20regular%3A400%3Anormal\u00a0\u00bb el_class=\u00a0\u00bbsection-heading\u00a0\u00bb][vc_column_text]Du 1960 nous dessinons et fabriquons pi\u00e8ces de rechange pour toutes les presses \u00e0 granuler pr\u00e9sentes sur le march\u00e9 (fili\u00e8res, rouleaux compl\u00e8tes, coquilles et autres pi\u00e8ces d\u2019usure), du 1962 nous fabriquons des machines pour lignes de granulation et du 1970 nous r\u00e9alisons installations compl\u00e8tes.<br \/>\nGeneral Dies a \u00e9t\u00e9 fond\u00e9 par l&rsquo;Ing\u00e9nieur Ettore Meneghello au d\u00e9but des ann\u00e9es 60 lorsque les pi\u00e8ces de rechange pour les machines \u00e0 granuler, qui existaient d\u00e9j\u00e0, n&rsquo;\u00e9taient pas fabriqu\u00e9es en Italie ; on ne pouvait les trouver qu\u2019\u00e0 l&rsquo;\u00e9tranger \u00e0 des co\u00fbts \u00e9lev\u00e9s et de plus accompagn\u00e9es d&rsquo;inconv\u00e9nients consid\u00e9rables: longs d\u00e9lais de livraison, probl\u00e8mes li\u00e9s aux douanes etc.<br \/>\nImm\u00e9diatement apr\u00e8s la r\u00e9alisation des premi\u00e8res fili\u00e8res, fabriqu\u00e9es pour satisfaire les exigences d&rsquo;un ami en difficult\u00e9, le souhait et la n\u00e9cessit\u00e9 de fabriquer la premi\u00e8re machine \u00e0 granuler, avec une technologie toute italienne, se firent sentir.<br \/>\nAujourd\u2019hui les fili\u00e8res, les pi\u00e8ces de rechange et les Installations General Dies sont pr\u00e9sentes dans le monde entier.<br \/>\nGeneral Dies s\u2019adresse \u00e0 tous ceux qui ont besoin du processus de granulation pour les motifs les plus divers: r\u00e9duction de volume, meilleure conservation du produit, facilit\u00e9 de transport et de manipulation etc.[\/vc_column_text][\/vc_column][vc_column width=\u00a0\u00bb1\/2&Prime;][vc_raw_html]JTNDZGl2JTIwc3R5bGUlM0QlMjJwb3NpdGlvbiUzQXJlbGF0aXZlJTNCaGVpZ2h0JTNBMCUzQnBhZGRpbmctYm90dG9tJTNBNTYuMjUlMjUlMjIlM0UlM0NpZnJhbWUlMjBzcmMlM0QlMjJodHRwcyUzQSUyRiUyRnd3dy55b3V0dWJlLmNvbSUyRmVtYmVkJTJGUFJJY05YLUc5X3clMjIlMjB3aWR0aCUzRCUyMjY0MCUyMiUyMGhlaWdodCUzRCUyMjM2MCUyMiUyMGZyYW1lYm9yZGVyJTNEJTIyMCUyMiUyMHN0eWxlJTNEJTIycG9zaXRpb24lM0FhYnNvbHV0ZSUzQndpZHRoJTNBMTAwJTI1JTNCaGVpZ2h0JTNBMTAwJTI1JTNCbGVmdCUzQTAlMjIlMjBhbGxvd2Z1bGxzY3JlZW4lM0UlM0MlMkZpZnJhbWUlM0UlM0MlMkZkaXYlM0U=[\/vc_raw_html][\/vc_column][\/vc_row][vc_row][vc_column][vc_separator css=\u00a0\u00bb.vc_custom_1491839144096{margin-top: 50px !important;margin-bottom: 25px !important;}\u00a0\u00bb][vc_column_text]Nous sommes orgueilleux d\u2019\u00eatre toujours pr\u00e9sents et en condition de pouvoir continuer le travail entrepris d\u00e9sormais depuis tant d\u2019ann\u00e9es; nous le faisons toujours en compagnie des techniciens qui se souviennent encore des premiers pas de l\u2019Entreprise et \u00e9galement avec des jeunes, qualifi\u00e9s et enthousiastes, anim\u00e9s des valeurs inchang\u00e9es de comp\u00e9tence et de loyaut\u00e9 qui ont caract\u00e9ris\u00e9 note activit\u00e9 \u00e0 partir du d\u00e9but.[\/vc_column_text][\/vc_column][\/vc_row][vc_row][vc_column width=\u00a0\u00bb1\/4&Prime; el_class=\u00a0\u00bbbox-altra-pagina\u00a0\u00bb][vc_single_image image=\u00a0\u00bb1766&Prime; img_size=\u00a0\u00bblist-image\u00a0\u00bb onclick=\u00a0\u00bbcustom_link\u00a0\u00bb link=\u00a0\u00bbhttps:\/\/www.generaldies.com\/azienda\/origini\/\u00a0\u00bb][vc_column_text]ORIGINE[\/vc_column_text][\/vc_column][vc_column width=\u00a0\u00bb1\/4&Prime; el_class=\u00a0\u00bbbox-altra-pagina\u00a0\u00bb][vc_single_image image=\u00a0\u00bb3304&Prime; img_size=\u00a0\u00bblist-image\u00a0\u00bb onclick=\u00a0\u00bbcustom_link\u00a0\u00bb link=\u00a0\u00bbhttps:\/\/www.generaldies.com\/azienda\/valori-e-obiettivi\/\u00a0\u00bb][vc_column_text]VALEURS ET OBJECTIFS[\/vc_column_text][\/vc_column][vc_column width=\u00a0\u00bb1\/4&Prime; el_class=\u00a0\u00bbbox-altra-pagina\u00a0\u00bb][vc_single_image image=\u00a0\u00bb3306&Prime; img_size=\u00a0\u00bblist-image\u00a0\u00bb onclick=\u00a0\u00bbcustom_link\u00a0\u00bb link=\u00a0\u00bbhttps:\/\/www.generaldies.com\/azienda\/perche-gd\/\u00a0\u00bb][vc_column_text]POURQUOI GD?[\/vc_column_text][\/vc_column][vc_column width=\u00a0\u00bb1\/4&Prime; el_class=\u00a0\u00bbbox-altra-pagina\u00a0\u00bb][vc_single_image image=\u00a0\u00bb86&Prime; img_size=\u00a0\u00bblist-image\u00a0\u00bb onclick=\u00a0\u00bbcustom_link\u00a0\u00bb link=\u00a0\u00bbhttps:\/\/www.generaldies.com\/it\/azienda\/produzione\/\u00a0\u00bb][vc_column_text]PRODUCTION[\/vc_column_text][\/vc_column][\/vc_row][vc_row][vc_column width=\u00a0\u00bb1\/4&Prime; el_class=\u00a0\u00bbbox-altra-pagina\u00a0\u00bb][vc_single_image image=\u00a0\u00bb4528&Prime; img_size=\u00a0\u00bblist-image\u00a0\u00bb onclick=\u00a0\u00bbcustom_link\u00a0\u00bb link=\u00a0\u00bbhttps:\/\/www.generaldies.com\/azienda\/referenze-nel-mondo\/\u00a0\u00bb][vc_column_text]REFERENCES DANS LE MONDE[\/vc_column_text][\/vc_column][vc_column width=\u00a0\u00bb1\/4&Prime; el_class=\u00a0\u00bbbox-altra-pagina\u00a0\u00bb][vc_single_image image=\u00a0\u00bb3182&Prime; img_size=\u00a0\u00bblist-image\u00a0\u00bb onclick=\u00a0\u00bbcustom_link\u00a0\u00bb link=\u00a0\u00bbhttps:\/\/www.generaldies.com\/azienda\/eventi-e-fiere\/\u00a0\u00bb][vc_column_text]EVENEMENTS ET EXPOSITIONS[\/vc_column_text][\/vc_column][vc_column width=\u00a0\u00bb1\/4&Prime; el_class=\u00a0\u00bbbox-altra-pagina\u00a0\u00bb][vc_single_image image=\u00a0\u00bb1757&Prime; img_size=\u00a0\u00bblist-image\u00a0\u00bb onclick=\u00a0\u00bbcustom_link\u00a0\u00bb link=\u00a0\u00bbhttps:\/\/www.generaldies.com\/azienda\/dove-siamo\/\u00a0\u00bb][vc_column_text]NOS COORDONNEES[\/vc_column_text][\/vc_column][vc_column width=\u00a0\u00bb1\/4&Prime; el_class=\u00a0\u00bbbox-altra-pagina\u00a0\u00bb][vc_single_image image=\u00a0\u00bb4521&Prime; img_size=\u00a0\u00bblist-image\u00a0\u00bb onclick=\u00a0\u00bbcustom_link\u00a0\u00bb link=\u00a0\u00bbhttps:\/\/www.generaldies.com\/azienda\/contatti\/\u00a0\u00bb][vc_column_text]CONTACTS[\/vc_column_text][\/vc_column][\/vc_row][vc_row][vc_column][vc_separator css=\u00a0\u00bb.vc_custom_1488875290328{margin-top: 50px !important;margin-bottom: 100px !important;}\u00a0\u00bb][\/vc_column][\/vc_row][vc_row][vc_column width=\u00a0\u00bb1\/4&Prime;]<div class=\"stats-block stats-top \"><div class=\"aio-icon-top\"><div class=\"ult-just-icon-wrapper \"><div class=\"align-icon\" style=\"text-align:center;\">\n<div class=\"aio-icon none \"  style=\"color:#ff001b;font-size:48px;display:inline-block;\">\n\t<i class=\"Defaults-thumbs-o-up\"><\/i>\n<\/div><\/div><\/div><\/div><div class=\"stats-desc\" id=\"counter-responsv-wrap-3878\"><div id=\"counter_117947056469f254cc49595\" data-id=\"counter_117947056469f254cc49595\"  data-ultimate-target='#counter-responsv-wrap-3878 .stats-number'  data-responsive-json-new='{\"font-size\":\"desktop:48px;\",\"line-height\":\"\"}'  class=\"stats-number ult-responsive\" style=\" color:#777777; font-weight:bold;color:#333333;\" data-speed=\"3\" data-counter-value=\"18126\" data-separator=\".\" data-decimal=\",\">0<\/div><div counter-responsv-wrap-3878  data-ultimate-target='#counter-responsv-wrap-3878 .stats-text'  data-responsive-json-new='{\"font-size\":\"\",\"line-height\":\"\"}'  class=\"stats-text ult-responsive\" style=\"font-size:18px; color:#777777; \">Types de fili\u00e8res fabriqu\u00e9es <\/div><\/div><\/div>[\/vc_column][vc_column width=\u00a0\u00bb1\/4&Prime;]<div class=\"stats-block stats-top \"><div class=\"aio-icon-top\"><div class=\"ult-just-icon-wrapper \"><div class=\"align-icon\" style=\"text-align:center;\">\n<div class=\"aio-icon none \"  style=\"color:#ff001b;font-size:48px;display:inline-block;\">\n\t<i class=\"Defaults-cogs gears\"><\/i>\n<\/div><\/div><\/div><\/div><div class=\"stats-desc\" id=\"counter-responsv-wrap-9153\"><div id=\"counter_153340781469f254cc49622\" data-id=\"counter_153340781469f254cc49622\"  data-ultimate-target='#counter-responsv-wrap-9153 .stats-number'  data-responsive-json-new='{\"font-size\":\"desktop:48px;\",\"line-height\":\"\"}'  class=\"stats-number ult-responsive\" style=\" color:#777777; font-weight:bold;color:#333333;\" data-speed=\"3\" data-counter-value=\"35896\" data-separator=\".\" data-decimal=\",\">0<\/div><div counter-responsv-wrap-9153  data-ultimate-target='#counter-responsv-wrap-9153 .stats-text'  data-responsive-json-new='{\"font-size\":\"\",\"line-height\":\"\"}'  class=\"stats-text ult-responsive\" style=\"font-size:18px; color:#777777; \">Plans de coquilles et pi\u00e8ces de rechange <\/div><\/div><\/div>[\/vc_column][vc_column width=\u00a0\u00bb1\/4&Prime;]<div class=\"stats-block stats-top \"><div class=\"aio-icon-top\"><div class=\"ult-just-icon-wrapper \"><div class=\"align-icon\" style=\"text-align:center;\">\n<div class=\"aio-icon none \"  style=\"color:#ff001b;font-size:48px;display:inline-block;\">\n\t<i class=\"Defaults-flag\"><\/i>\n<\/div><\/div><\/div><\/div><div class=\"stats-desc\" id=\"counter-responsv-wrap-2955\"><div id=\"counter_146212326869f254cc4968e\" data-id=\"counter_146212326869f254cc4968e\"  data-ultimate-target='#counter-responsv-wrap-2955 .stats-number'  data-responsive-json-new='{\"font-size\":\"desktop:48px;\",\"line-height\":\"\"}'  class=\"stats-number ult-responsive\" style=\" color:#777777; font-weight:bold;color:#333333;\" data-speed=\"3\" data-counter-value=\"13\" data-separator=\".\" data-decimal=\",\">0<\/div><div counter-responsv-wrap-2955  data-ultimate-target='#counter-responsv-wrap-2955 .stats-text'  data-responsive-json-new='{\"font-size\":\"\",\"line-height\":\"\"}'  class=\"stats-text ult-responsive\" style=\"font-size:18px; color:#777777; \">Langues parl\u00e9es dans le bureau commercial <\/div><\/div><\/div>[\/vc_column][vc_column width=\u00a0\u00bb1\/4&Prime;]<div class=\"stats-block stats-top \"><div class=\"aio-icon-top\"><div class=\"ult-just-icon-wrapper \"><div class=\"align-icon\" style=\"text-align:center;\">\n<div class=\"aio-icon none \"  style=\"color:#ff001b;font-size:48px;display:inline-block;\">\n\t<i class=\"Defaults-map-marker\"><\/i>\n<\/div><\/div><\/div><\/div><div class=\"stats-desc\" id=\"counter-responsv-wrap-6691\"><div id=\"counter_97574606769f254cc496f5\" data-id=\"counter_97574606769f254cc496f5\"  data-ultimate-target='#counter-responsv-wrap-6691 .stats-number'  data-responsive-json-new='{\"font-size\":\"desktop:48px;\",\"line-height\":\"\"}'  class=\"stats-number ult-responsive\" style=\" color:#777777; font-weight:bold;color:#333333;\" data-speed=\"3\" data-counter-value=\"70\" data-separator=\".\" data-decimal=\",\">0<\/div><div counter-responsv-wrap-6691  data-ultimate-target='#counter-responsv-wrap-6691 .stats-text'  data-responsive-json-new='{\"font-size\":\"\",\"line-height\":\"\"}'  class=\"stats-text ult-responsive\" style=\"font-size:18px; color:#777777; \">Plus que 70 pays avec nos r\u00e9f\u00e9rences<\/div><\/div><\/div>[\/vc_column][\/vc_row]<\/p>\n","protected":false},"excerpt":{"rendered":"<p>[vc_row][vc_column width=\u00a0\u00bb1\/2&Prime;][vc_custom_heading text=\u00a0\u00bbBienvenue \u00e0 General Dies\u00a0\u00bb google_fonts=\u00a0\u00bbfont_family:Open%20Sans%3A300%2C300italic%2Cregular%2Citalic%2C600%2C600italic%2C700%2C700italic%2C800%2C800italic|font_style:400%20regular%3A400%3Anormal\u00a0\u00bb el_class=\u00a0\u00bbsection-heading\u00a0\u00bb][vc_column_text]Du 1960 nous dessinons et fabriquons pi\u00e8ces de rechange pour toutes les presses \u00e0 granuler pr\u00e9sentes sur le march\u00e9 (fili\u00e8res, rouleaux compl\u00e8tes, coquilles et autres pi\u00e8ces d\u2019usure), du 1962 nous fabriquons des machines pour lignes de granulation et du 1970 nous r\u00e9alisons installations compl\u00e8tes. General Dies a \u00e9t\u00e9 [&hellip;]<\/p>\n","protected":false},"author":1,"featured_media":8644,"parent":0,"menu_order":4,"comment_status":"closed","ping_status":"closed","template":"","meta":{"_mi_skip_tracking":false},"acf":{"barra_cta":false},"yoast_head":"<!-- This site is optimized with the Yoast SEO plugin v16.4 - https:\/\/yoast.com\/wordpress\/plugins\/seo\/ -->\n<title>General Dies - production fili\u00e8res et machines de granulation<\/title>\n<meta name=\"description\" content=\"D\u00e9crouvez-vous nos machines et les pi\u00e8ces de rechange, r\u00e9sultat d&#039;un exp\u00e9rience de 50 ans de nos technicians.\" \/>\n<meta name=\"robots\" content=\"index, follow, max-snippet:-1, max-image-preview:large, max-video-preview:-1\" \/>\n<link rel=\"canonical\" href=\"https:\/\/www.generaldies.com\/fr\/entreprise\/\" \/>\n<meta property=\"og:locale\" content=\"fr_FR\" \/>\n<meta property=\"og:type\" content=\"article\" \/>\n<meta property=\"og:title\" content=\"General Dies - production fili\u00e8res et machines de granulation\" \/>\n<meta property=\"og:description\" content=\"D\u00e9crouvez-vous nos machines et les pi\u00e8ces de rechange, r\u00e9sultat d&#039;un exp\u00e9rience de 50 ans de nos technicians.\" \/>\n<meta property=\"og:url\" content=\"https:\/\/www.generaldies.com\/fr\/entreprise\/\" \/>\n<meta property=\"og:site_name\" content=\"General Dies\" \/>\n<meta property=\"article:modified_time\" content=\"2019-07-03T14:59:09+00:00\" \/>\n<meta property=\"og:image\" content=\"https:\/\/www.generaldies.com\/wp-content\/uploads\/2017\/02\/azienda.jpg\" \/>\n\t<meta property=\"og:image:width\" content=\"1462\" \/>\n\t<meta property=\"og:image:height\" content=\"350\" \/>\n<meta name=\"twitter:card\" content=\"summary\" \/>\n<meta name=\"twitter:label1\" content=\"Dur\u00e9e de lecture est.\" \/>\n\t<meta name=\"twitter:data1\" content=\"5 minutes\" \/>\n<script type=\"application\/ld+json\" class=\"yoast-schema-graph\">{\"@context\":\"https:\/\/schema.org\",\"@graph\":[{\"@type\":\"WebSite\",\"@id\":\"https:\/\/www.generaldies.com\/it\/#website\",\"url\":\"https:\/\/www.generaldies.com\/it\/\",\"name\":\"General Dies\",\"description\":\"Dal 1960 al servizio della pellettatura\",\"potentialAction\":[{\"@type\":\"SearchAction\",\"target\":\"https:\/\/www.generaldies.com\/it\/?s={search_term_string}\",\"query-input\":\"required name=search_term_string\"}],\"inLanguage\":\"fr-FR\"},{\"@type\":\"ImageObject\",\"@id\":\"https:\/\/www.generaldies.com\/fr\/entreprise\/#primaryimage\",\"inLanguage\":\"fr-FR\",\"url\":\"https:\/\/www.generaldies.com\/wp-content\/uploads\/2023\/08\/1-scaled-e1693216254370.jpg\",\"contentUrl\":\"https:\/\/www.generaldies.com\/wp-content\/uploads\/2023\/08\/1-scaled-e1693216254370.jpg\",\"width\":2560,\"height\":1707},{\"@type\":\"WebPage\",\"@id\":\"https:\/\/www.generaldies.com\/fr\/entreprise\/#webpage\",\"url\":\"https:\/\/www.generaldies.com\/fr\/entreprise\/\",\"name\":\"General Dies - production fili\\u00e8res et machines de granulation\",\"isPartOf\":{\"@id\":\"https:\/\/www.generaldies.com\/it\/#website\"},\"primaryImageOfPage\":{\"@id\":\"https:\/\/www.generaldies.com\/fr\/entreprise\/#primaryimage\"},\"datePublished\":\"2017-06-16T10:29:25+00:00\",\"dateModified\":\"2019-07-03T14:59:09+00:00\",\"description\":\"D\\u00e9crouvez-vous nos machines et les pi\\u00e8ces de rechange, r\\u00e9sultat d'un exp\\u00e9rience de 50 ans de nos technicians.\",\"breadcrumb\":{\"@id\":\"https:\/\/www.generaldies.com\/fr\/entreprise\/#breadcrumb\"},\"inLanguage\":\"fr-FR\",\"potentialAction\":[{\"@type\":\"ReadAction\",\"target\":[\"https:\/\/www.generaldies.com\/fr\/entreprise\/\"]}]},{\"@type\":\"BreadcrumbList\",\"@id\":\"https:\/\/www.generaldies.com\/fr\/entreprise\/#breadcrumb\",\"itemListElement\":[{\"@type\":\"ListItem\",\"position\":1,\"item\":{\"@type\":\"WebPage\",\"@id\":\"https:\/\/www.generaldies.com\/fr\/\",\"url\":\"https:\/\/www.generaldies.com\/fr\/\",\"name\":\"Home\"}},{\"@type\":\"ListItem\",\"position\":2,\"item\":{\"@id\":\"https:\/\/www.generaldies.com\/fr\/entreprise\/#webpage\"}}]}]}<\/script>\n<!-- \/ Yoast SEO plugin. -->","_links":{"self":[{"href":"https:\/\/www.generaldies.com\/fr\/wp-json\/wp\/v2\/pages\/7386"}],"collection":[{"href":"https:\/\/www.generaldies.com\/fr\/wp-json\/wp\/v2\/pages"}],"about":[{"href":"https:\/\/www.generaldies.com\/fr\/wp-json\/wp\/v2\/types\/page"}],"author":[{"embeddable":true,"href":"https:\/\/www.generaldies.com\/fr\/wp-json\/wp\/v2\/users\/1"}],"replies":[{"embeddable":true,"href":"https:\/\/www.generaldies.com\/fr\/wp-json\/wp\/v2\/comments?post=7386"}],"version-history":[{"count":18,"href":"https:\/\/www.generaldies.com\/fr\/wp-json\/wp\/v2\/pages\/7386\/revisions"}],"predecessor-version":[{"id":8203,"href":"https:\/\/www.generaldies.com\/fr\/wp-json\/wp\/v2\/pages\/7386\/revisions\/8203"}],"wp:featuredmedia":[{"embeddable":true,"href":"https:\/\/www.generaldies.com\/fr\/wp-json\/wp\/v2\/media\/8644"}],"wp:attachment":[{"href":"https:\/\/www.generaldies.com\/fr\/wp-json\/wp\/v2\/media?parent=7386"}],"curies":[{"name":"wp","href":"https:\/\/api.w.org\/{rel}","templated":true}]}}