{"id":5249,"date":"2017-05-30T11:30:40","date_gmt":"2017-05-30T09:30:40","guid":{"rendered":"https:\/\/www.generaldies.com\/servicios\/automatizacion-maquinas-y-plantas\/"},"modified":"2017-05-30T11:37:51","modified_gmt":"2017-05-30T09:37:51","slug":"automatizacion-maquinas-y-plantas","status":"publish","type":"page","link":"https:\/\/www.generaldies.com\/es\/servicios\/automatizacion-maquinas-y-plantas\/","title":{"rendered":"Automatizaci\u00f3n m\u00e1quinas y plantas"},"content":{"rendered":"<p>[vc_row][vc_column][vc_column_text]<img loading=\"lazy\" class=\"alignright size-medium wp-image-4728\" src=\"https:\/\/www.generaldies.com\/wp-content\/uploads\/2017\/03\/menu_generale_MOD-300x180.png\" alt=\"\" width=\"300\" height=\"180\" srcset=\"https:\/\/www.generaldies.com\/wp-content\/uploads\/2017\/03\/menu_generale_MOD-300x180.png 300w, https:\/\/www.generaldies.com\/wp-content\/uploads\/2017\/03\/menu_generale_MOD-768x461.png 768w, https:\/\/www.generaldies.com\/wp-content\/uploads\/2017\/03\/menu_generale_MOD.png 800w\" sizes=\"(max-width: 300px) 100vw, 300px\" \/>La solidez y los 60 a\u00f1os aprox. de trabajo est\u00e1n ligados a la atenci\u00f3n, a la innovaci\u00f3n tecnol\u00f3gica para seguir el ritmo con los tiempos y ofrecer soluciones de vanguardia.<\/p>\n<p>Ofrecemos:<\/p>\n<ul>\n<li>Cuadros de mando de m\u00e1quinas, l\u00edneas y plantas, nuevas o usadas existentes.<\/li>\n<li>Sistemas de automatizaci\u00f3n de m\u00e1quinas, l\u00edneas y plantas completas, nuevas o existentes para:\n<p style=\"padding-left: 60px;\">control de proceso;<br \/>\nsupervisi\u00f3n;<br \/>\nintegraci\u00f3n con el sistema inform\u00e1tico de la empresa;<br \/>\nrecogida y an\u00e1lisis de los datos de producci\u00f3n;<br \/>\ntrazabilidad de toda la cadena productiva.<\/p>\n<\/li>\n<\/ul>\n<p><img loading=\"lazy\" class=\"alignleft size-medium wp-image-4734\" src=\"https:\/\/www.generaldies.com\/wp-content\/uploads\/2017\/03\/comandi-manuali_MOD-300x180.png\" alt=\"\" width=\"300\" height=\"180\" srcset=\"https:\/\/www.generaldies.com\/wp-content\/uploads\/2017\/03\/comandi-manuali_MOD-300x180.png 300w, https:\/\/www.generaldies.com\/wp-content\/uploads\/2017\/03\/comandi-manuali_MOD-768x461.png 768w, https:\/\/www.generaldies.com\/wp-content\/uploads\/2017\/03\/comandi-manuali_MOD.png 800w\" sizes=\"(max-width: 300px) 100vw, 300px\" \/><\/p>\n<ul>\n<li>Sistemas electr\u00f3nicos de mando, regulaci\u00f3n y optimizaci\u00f3n autom\u00e1tica de las peletizadoras y de las l\u00edneas de peletizaci\u00f3n que permiten de obtener en el proceso de peletizaci\u00f3n:\n<p style=\"padding-left: 60px;\">repetibilidad del producto;<br \/>\nahorro de energ\u00eda;<br \/>\naumento de la productividad;<br \/>\nmenos desgaste de las partes de repuestos;<br \/>\nposibilidad de supervisi\u00f3n a distancia;<br \/>\nconducci\u00f3n autom\u00e1tica de la m\u00e1quinas sin presencia del operador;<br \/>\ncontrol amperim\u00e9tricos del motor principal y regulaci\u00f3n autom\u00e1tica de la velocidad del dosator;<br \/>\ncontrol de la temperatura de la mezcla en entrada;<br \/>\ncontrol del porcentaje de l\u00edquidos a\u00f1adidos en el acondicionador de la peletizadora;<br \/>\ncontrol de la adici\u00f3n de vapor;<br \/>\nestrategias de remedio para evitar engolfamiento de la m\u00e1quina;<br \/>\ncontrol deslizamiento cintas;<br \/>\ncontrol deslizamiento rodillos;<br \/>\ncontrol presencia puente en la tolva de alimentaci\u00f3n.<\/p>\n<\/li>\n<li>Sistema electr\u00f3nico de mando y control de todo el proceso de producci\u00f3n de la planta, desde la fosa de recepci\u00f3n de las materias primas, hasta el embolsado y la entrega a granel, manejando y automatizando todas las elaboraciones intermedias como:\n<p style=\"padding-left: 60px;\">dosis y formulaci\u00f3n;<br \/>\nmando y control de la l\u00ednea de molienda (molinos);<br \/>\ncontrol y optimizaci\u00f3n de las peletizadoras, de los extrusores, de los sanificadores,\u2026;<br \/>\ncontrol de la l\u00ednea de ensaque y de la l\u00ednea de entrega a granel.<\/p>\n<\/li>\n<\/ul>\n<p>[\/vc_column_text][\/vc_column][\/vc_row]<\/p>\n","protected":false},"excerpt":{"rendered":"<p>[vc_row][vc_column][vc_column_text]La solidez y los 60 a\u00f1os aprox. de trabajo est\u00e1n ligados a la atenci\u00f3n, a la innovaci\u00f3n tecnol\u00f3gica para seguir el ritmo con los tiempos y ofrecer soluciones de vanguardia. Ofrecemos: Cuadros de mando de m\u00e1quinas, l\u00edneas y plantas, nuevas o usadas existentes. Sistemas de automatizaci\u00f3n de m\u00e1quinas, l\u00edneas y plantas completas, nuevas o existentes [&hellip;]<\/p>\n","protected":false},"author":1,"featured_media":4677,"parent":5216,"menu_order":57,"comment_status":"closed","ping_status":"closed","template":"","meta":{"_mi_skip_tracking":false},"acf":{"barra_cta":false},"yoast_head":"<!-- This site is optimized with the Yoast SEO plugin v16.4 - https:\/\/yoast.com\/wordpress\/plugins\/seo\/ -->\n<title>Automatizaci\u00f3n M\u00e1quinas y Plantas - General Dies<\/title>\n<meta name=\"description\" content=\"Ofrecemos cuadros de control de m\u00e1quinas, l\u00edneas y plantas completas, sistemas de automatizaci\u00f3n de m\u00e1quinas, l\u00edneas y plantas completas. Descubre m\u00e1s.\" \/>\n<meta name=\"robots\" content=\"index, follow, max-snippet:-1, max-image-preview:large, max-video-preview:-1\" \/>\n<link rel=\"canonical\" href=\"https:\/\/www.generaldies.com\/es\/servicios\/automatizacion-maquinas-y-plantas\/\" \/>\n<meta property=\"og:locale\" content=\"es_ES\" \/>\n<meta property=\"og:type\" content=\"article\" \/>\n<meta property=\"og:title\" content=\"Automatizaci\u00f3n M\u00e1quinas y Plantas - General Dies\" \/>\n<meta property=\"og:description\" content=\"Ofrecemos cuadros de control de m\u00e1quinas, l\u00edneas y plantas completas, sistemas de automatizaci\u00f3n de m\u00e1quinas, l\u00edneas y plantas completas. Descubre m\u00e1s.\" \/>\n<meta property=\"og:url\" content=\"https:\/\/www.generaldies.com\/es\/servicios\/automatizacion-maquinas-y-plantas\/\" \/>\n<meta property=\"og:site_name\" content=\"General Dies\" \/>\n<meta property=\"article:modified_time\" content=\"2017-05-30T09:37:51+00:00\" \/>\n<meta property=\"og:image\" content=\"https:\/\/www.generaldies.com\/wp-content\/uploads\/2017\/03\/sinotico-iota-25MOD.png\" \/>\n\t<meta property=\"og:image:width\" content=\"800\" \/>\n\t<meta property=\"og:image:height\" content=\"480\" \/>\n<meta name=\"twitter:card\" content=\"summary\" \/>\n<meta name=\"twitter:label1\" content=\"Tiempo de lectura\" \/>\n\t<meta name=\"twitter:data1\" content=\"2 minutos\" \/>\n<script type=\"application\/ld+json\" class=\"yoast-schema-graph\">{\"@context\":\"https:\/\/schema.org\",\"@graph\":[{\"@type\":\"WebSite\",\"@id\":\"https:\/\/www.generaldies.com\/it\/#website\",\"url\":\"https:\/\/www.generaldies.com\/it\/\",\"name\":\"General Dies\",\"description\":\"Dal 1960 al servizio della pellettatura\",\"potentialAction\":[{\"@type\":\"SearchAction\",\"target\":\"https:\/\/www.generaldies.com\/it\/?s={search_term_string}\",\"query-input\":\"required name=search_term_string\"}],\"inLanguage\":\"es\"},{\"@type\":\"ImageObject\",\"@id\":\"https:\/\/www.generaldies.com\/es\/servicios\/automatizacion-maquinas-y-plantas\/#primaryimage\",\"inLanguage\":\"es\",\"url\":\"https:\/\/www.generaldies.com\/wp-content\/uploads\/2017\/03\/sinotico-iota-25MOD.png\",\"contentUrl\":\"https:\/\/www.generaldies.com\/wp-content\/uploads\/2017\/03\/sinotico-iota-25MOD.png\",\"width\":800,\"height\":480},{\"@type\":\"WebPage\",\"@id\":\"https:\/\/www.generaldies.com\/es\/servicios\/automatizacion-maquinas-y-plantas\/#webpage\",\"url\":\"https:\/\/www.generaldies.com\/es\/servicios\/automatizacion-maquinas-y-plantas\/\",\"name\":\"Automatizaci\\u00f3n M\\u00e1quinas y Plantas - General Dies\",\"isPartOf\":{\"@id\":\"https:\/\/www.generaldies.com\/it\/#website\"},\"primaryImageOfPage\":{\"@id\":\"https:\/\/www.generaldies.com\/es\/servicios\/automatizacion-maquinas-y-plantas\/#primaryimage\"},\"datePublished\":\"2017-05-30T09:30:40+00:00\",\"dateModified\":\"2017-05-30T09:37:51+00:00\",\"description\":\"Ofrecemos cuadros de control de m\\u00e1quinas, l\\u00edneas y plantas completas, sistemas de automatizaci\\u00f3n de m\\u00e1quinas, l\\u00edneas y plantas completas. Descubre m\\u00e1s.\",\"breadcrumb\":{\"@id\":\"https:\/\/www.generaldies.com\/es\/servicios\/automatizacion-maquinas-y-plantas\/#breadcrumb\"},\"inLanguage\":\"es\",\"potentialAction\":[{\"@type\":\"ReadAction\",\"target\":[\"https:\/\/www.generaldies.com\/es\/servicios\/automatizacion-maquinas-y-plantas\/\"]}]},{\"@type\":\"BreadcrumbList\",\"@id\":\"https:\/\/www.generaldies.com\/es\/servicios\/automatizacion-maquinas-y-plantas\/#breadcrumb\",\"itemListElement\":[{\"@type\":\"ListItem\",\"position\":1,\"item\":{\"@type\":\"WebPage\",\"@id\":\"https:\/\/www.generaldies.com\/es\/\",\"url\":\"https:\/\/www.generaldies.com\/es\/\",\"name\":\"Home\"}},{\"@type\":\"ListItem\",\"position\":2,\"item\":{\"@type\":\"WebPage\",\"@id\":\"https:\/\/www.generaldies.com\/es\/servicios\/\",\"url\":\"https:\/\/www.generaldies.com\/es\/servicios\/\",\"name\":\"Servicios\"}},{\"@type\":\"ListItem\",\"position\":3,\"item\":{\"@id\":\"https:\/\/www.generaldies.com\/es\/servicios\/automatizacion-maquinas-y-plantas\/#webpage\"}}]}]}<\/script>\n<!-- \/ Yoast SEO plugin. -->","_links":{"self":[{"href":"https:\/\/www.generaldies.com\/es\/wp-json\/wp\/v2\/pages\/5249"}],"collection":[{"href":"https:\/\/www.generaldies.com\/es\/wp-json\/wp\/v2\/pages"}],"about":[{"href":"https:\/\/www.generaldies.com\/es\/wp-json\/wp\/v2\/types\/page"}],"author":[{"embeddable":true,"href":"https:\/\/www.generaldies.com\/es\/wp-json\/wp\/v2\/users\/1"}],"replies":[{"embeddable":true,"href":"https:\/\/www.generaldies.com\/es\/wp-json\/wp\/v2\/comments?post=5249"}],"version-history":[{"count":12,"href":"https:\/\/www.generaldies.com\/es\/wp-json\/wp\/v2\/pages\/5249\/revisions"}],"predecessor-version":[{"id":5261,"href":"https:\/\/www.generaldies.com\/es\/wp-json\/wp\/v2\/pages\/5249\/revisions\/5261"}],"up":[{"embeddable":true,"href":"https:\/\/www.generaldies.com\/es\/wp-json\/wp\/v2\/pages\/5216"}],"wp:featuredmedia":[{"embeddable":true,"href":"https:\/\/www.generaldies.com\/es\/wp-json\/wp\/v2\/media\/4677"}],"wp:attachment":[{"href":"https:\/\/www.generaldies.com\/es\/wp-json\/wp\/v2\/media?parent=5249"}],"curies":[{"name":"wp","href":"https:\/\/api.w.org\/{rel}","templated":true}]}}