{"id":5246,"date":"2017-05-30T11:22:08","date_gmt":"2017-05-30T09:22:08","guid":{"rendered":"https:\/\/www.generaldies.com\/servicios\/sala-de-pruebas\/"},"modified":"2017-05-30T11:25:28","modified_gmt":"2017-05-30T09:25:28","slug":"sala-de-pruebas","status":"publish","type":"page","link":"https:\/\/www.generaldies.com\/es\/servicios\/sala-de-pruebas\/","title":{"rendered":"Sala de pruebas"},"content":{"rendered":"<p>[vc_row][vc_column][vc_column_text]<img loading=\"lazy\" class=\"alignright size-medium wp-image-4715\" src=\"https:\/\/www.generaldies.com\/wp-content\/uploads\/2017\/03\/malto-micronizzato-300x169.jpg\" alt=\"malto micronizzato\" width=\"300\" height=\"169\" srcset=\"https:\/\/www.generaldies.com\/wp-content\/uploads\/2017\/03\/malto-micronizzato-300x169.jpg 300w, https:\/\/www.generaldies.com\/wp-content\/uploads\/2017\/03\/malto-micronizzato-768x432.jpg 768w, https:\/\/www.generaldies.com\/wp-content\/uploads\/2017\/03\/malto-micronizzato.jpg 800w\" sizes=\"(max-width: 300px) 100vw, 300px\" \/>En nuestra f\u00e1brica tenemos una sala de pruebas que permite comprobar la peletizaci\u00f3n del producto.<br \/>\nYa hemos probado, con \u00e9xito, muchos productos innovadores entre los cuales:<\/p>\n<ul>\n<li>PET<\/li>\n<li>PE<\/li>\n<li>SANGRE ANIMAL<\/li>\n<li>FIBRA DE PALMA<\/li>\n<li>PIELE TOSTADA<\/li>\n<li>POLIURETANO PU<\/li>\n<li>NYLON<\/li>\n<li>POLIESTER+JEANS<\/li>\n<li>CELULOSA<\/li>\n<li>C\u00c1SCARAS DE MALTA MICRONIZADO<\/li>\n<li>\u00d3XIDO DE HIERRO<\/li>\n<\/ul>\n<p><img loading=\"lazy\" class=\"alignleft size-medium wp-image-4721\" src=\"https:\/\/www.generaldies.com\/wp-content\/uploads\/2017\/03\/cellulosa-da-macinare-225x300.jpg\" alt=\"cellulosa\" width=\"225\" height=\"300\" srcset=\"https:\/\/www.generaldies.com\/wp-content\/uploads\/2017\/03\/cellulosa-da-macinare-225x300.jpg 225w, https:\/\/www.generaldies.com\/wp-content\/uploads\/2017\/03\/cellulosa-da-macinare.jpg 600w\" sizes=\"(max-width: 225px) 100vw, 225px\" \/>Estos productos se a\u00f1aden a los productos tradicionales como alimentos para animales, madera y biomasa, paja, heno, alfalfa, fertilizantes, orujos de aceituna, etc<br \/>\nLAS PRUEBAS SON GRATUITAS EN CASO DE COMPRA![\/vc_column_text][\/vc_column][\/vc_row][vc_row][vc_column][vc_column_text]<\/p>\n<p>[\/vc_column_text][\/vc_column][\/vc_row]<\/p>\n","protected":false},"excerpt":{"rendered":"<p>[vc_row][vc_column][vc_column_text]En nuestra f\u00e1brica tenemos una sala de pruebas que permite comprobar la peletizaci\u00f3n del producto. Ya hemos probado, con \u00e9xito, muchos productos innovadores entre los cuales: PET PE SANGRE ANIMAL FIBRA DE PALMA PIELE TOSTADA POLIURETANO PU NYLON POLIESTER+JEANS CELULOSA C\u00c1SCARAS DE MALTA MICRONIZADO \u00d3XIDO DE HIERRO Estos productos se a\u00f1aden a los productos tradicionales [&hellip;]<\/p>\n","protected":false},"author":1,"featured_media":3485,"parent":5216,"menu_order":173,"comment_status":"closed","ping_status":"closed","template":"","meta":{"_mi_skip_tracking":false},"acf":{"barra_cta":false},"yoast_head":"<!-- This site is optimized with the Yoast SEO plugin v16.4 - https:\/\/yoast.com\/wordpress\/plugins\/seo\/ -->\n<title>Sala de pruebas peletizaci\u00f3n - General Dies<\/title>\n<meta name=\"description\" content=\"Nuestra sala de prueba interna permite de probar la posibilidad de peletizar el producto. Descubre todos los productos innovadores ya probados con \u00e9xito.\" \/>\n<meta name=\"robots\" content=\"index, follow, max-snippet:-1, max-image-preview:large, max-video-preview:-1\" \/>\n<link rel=\"canonical\" href=\"https:\/\/www.generaldies.com\/es\/servicios\/sala-de-pruebas\/\" \/>\n<meta property=\"og:locale\" content=\"es_ES\" \/>\n<meta property=\"og:type\" content=\"article\" \/>\n<meta property=\"og:title\" content=\"Sala de pruebas peletizaci\u00f3n - General Dies\" \/>\n<meta property=\"og:description\" content=\"Nuestra sala de prueba interna permite de probar la posibilidad de peletizar el producto. Descubre todos los productos innovadores ya probados con \u00e9xito.\" \/>\n<meta property=\"og:url\" content=\"https:\/\/www.generaldies.com\/es\/servicios\/sala-de-pruebas\/\" \/>\n<meta property=\"og:site_name\" content=\"General Dies\" \/>\n<meta property=\"article:modified_time\" content=\"2017-05-30T09:25:28+00:00\" \/>\n<meta property=\"og:image\" content=\"https:\/\/www.generaldies.com\/wp-content\/uploads\/2017\/02\/041_IMG_7214.jpg\" \/>\n\t<meta property=\"og:image:width\" content=\"1200\" \/>\n\t<meta property=\"og:image:height\" content=\"805\" \/>\n<meta name=\"twitter:card\" content=\"summary\" \/>\n<meta name=\"twitter:label1\" content=\"Tiempo de lectura\" \/>\n\t<meta name=\"twitter:data1\" content=\"1 minuto\" \/>\n<script type=\"application\/ld+json\" class=\"yoast-schema-graph\">{\"@context\":\"https:\/\/schema.org\",\"@graph\":[{\"@type\":\"WebSite\",\"@id\":\"https:\/\/www.generaldies.com\/it\/#website\",\"url\":\"https:\/\/www.generaldies.com\/it\/\",\"name\":\"General Dies\",\"description\":\"Dal 1960 al servizio della pellettatura\",\"potentialAction\":[{\"@type\":\"SearchAction\",\"target\":\"https:\/\/www.generaldies.com\/it\/?s={search_term_string}\",\"query-input\":\"required name=search_term_string\"}],\"inLanguage\":\"es\"},{\"@type\":\"ImageObject\",\"@id\":\"https:\/\/www.generaldies.com\/es\/servicios\/sala-de-pruebas\/#primaryimage\",\"inLanguage\":\"es\",\"url\":\"https:\/\/www.generaldies.com\/wp-content\/uploads\/2017\/02\/041_IMG_7214.jpg\",\"contentUrl\":\"https:\/\/www.generaldies.com\/wp-content\/uploads\/2017\/02\/041_IMG_7214.jpg\",\"width\":1200,\"height\":805,\"caption\":\"Sala de pruebas\"},{\"@type\":\"WebPage\",\"@id\":\"https:\/\/www.generaldies.com\/es\/servicios\/sala-de-pruebas\/#webpage\",\"url\":\"https:\/\/www.generaldies.com\/es\/servicios\/sala-de-pruebas\/\",\"name\":\"Sala de pruebas peletizaci\\u00f3n - General Dies\",\"isPartOf\":{\"@id\":\"https:\/\/www.generaldies.com\/it\/#website\"},\"primaryImageOfPage\":{\"@id\":\"https:\/\/www.generaldies.com\/es\/servicios\/sala-de-pruebas\/#primaryimage\"},\"datePublished\":\"2017-05-30T09:22:08+00:00\",\"dateModified\":\"2017-05-30T09:25:28+00:00\",\"description\":\"Nuestra sala de prueba interna permite de probar la posibilidad de peletizar el producto. Descubre todos los productos innovadores ya probados con \\u00e9xito.\",\"breadcrumb\":{\"@id\":\"https:\/\/www.generaldies.com\/es\/servicios\/sala-de-pruebas\/#breadcrumb\"},\"inLanguage\":\"es\",\"potentialAction\":[{\"@type\":\"ReadAction\",\"target\":[\"https:\/\/www.generaldies.com\/es\/servicios\/sala-de-pruebas\/\"]}]},{\"@type\":\"BreadcrumbList\",\"@id\":\"https:\/\/www.generaldies.com\/es\/servicios\/sala-de-pruebas\/#breadcrumb\",\"itemListElement\":[{\"@type\":\"ListItem\",\"position\":1,\"item\":{\"@type\":\"WebPage\",\"@id\":\"https:\/\/www.generaldies.com\/es\/\",\"url\":\"https:\/\/www.generaldies.com\/es\/\",\"name\":\"Home\"}},{\"@type\":\"ListItem\",\"position\":2,\"item\":{\"@type\":\"WebPage\",\"@id\":\"https:\/\/www.generaldies.com\/es\/servicios\/\",\"url\":\"https:\/\/www.generaldies.com\/es\/servicios\/\",\"name\":\"Servicios\"}},{\"@type\":\"ListItem\",\"position\":3,\"item\":{\"@id\":\"https:\/\/www.generaldies.com\/es\/servicios\/sala-de-pruebas\/#webpage\"}}]}]}<\/script>\n<!-- \/ Yoast SEO plugin. -->","_links":{"self":[{"href":"https:\/\/www.generaldies.com\/es\/wp-json\/wp\/v2\/pages\/5246"}],"collection":[{"href":"https:\/\/www.generaldies.com\/es\/wp-json\/wp\/v2\/pages"}],"about":[{"href":"https:\/\/www.generaldies.com\/es\/wp-json\/wp\/v2\/types\/page"}],"author":[{"embeddable":true,"href":"https:\/\/www.generaldies.com\/es\/wp-json\/wp\/v2\/users\/1"}],"replies":[{"embeddable":true,"href":"https:\/\/www.generaldies.com\/es\/wp-json\/wp\/v2\/comments?post=5246"}],"version-history":[{"count":2,"href":"https:\/\/www.generaldies.com\/es\/wp-json\/wp\/v2\/pages\/5246\/revisions"}],"predecessor-version":[{"id":5248,"href":"https:\/\/www.generaldies.com\/es\/wp-json\/wp\/v2\/pages\/5246\/revisions\/5248"}],"up":[{"embeddable":true,"href":"https:\/\/www.generaldies.com\/es\/wp-json\/wp\/v2\/pages\/5216"}],"wp:featuredmedia":[{"embeddable":true,"href":"https:\/\/www.generaldies.com\/es\/wp-json\/wp\/v2\/media\/3485"}],"wp:attachment":[{"href":"https:\/\/www.generaldies.com\/es\/wp-json\/wp\/v2\/media?parent=5246"}],"curies":[{"name":"wp","href":"https:\/\/api.w.org\/{rel}","templated":true}]}}