{"id":5243,"date":"2017-05-30T11:14:02","date_gmt":"2017-05-30T09:14:02","guid":{"rendered":"https:\/\/www.generaldies.com\/servicios\/reparacion-maquinas\/"},"modified":"2017-05-30T11:18:20","modified_gmt":"2017-05-30T09:18:20","slug":"reparacion-maquinas","status":"publish","type":"page","link":"https:\/\/www.generaldies.com\/es\/servicios\/reparacion-maquinas\/","title":{"rendered":"Reparaci\u00f3n maquinas"},"content":{"rendered":"<p>[vc_row][vc_column][vc_column_text]Nuestros t\u00e9cnicos son capaces de hacer intervenciones de mantenimiento y revisi\u00f3n sobre plantas y peletizadoras no solo de nuestra fabricaci\u00f3n, sino tambi\u00e9n de cada marca y modelo de mercado.<br \/>\nVendemos m\u00e1quinas usadas en f\u00f3rmula *vista y confirmada* o totalmente revisadas con garant\u00eda de 12 meses sobre piezas nuevas. Las m\u00e1quinas revisadas tienen precios competitivos y funcionalidad correspondientes al nuevo.<\/p>\n<p>Verifica nuestra disponibilidad![\/vc_column_text][\/vc_column][\/vc_row][vc_row][vc_column width=\u00bb1\/2&#8243;][vc_single_image image=\u00bb4702&#8243; img_size=\u00bblist-image\u00bb][\/vc_column][vc_column width=\u00bb1\/2&#8243;][vc_single_image image=\u00bb4840&#8243; img_size=\u00bblist-image\u00bb][\/vc_column][\/vc_row]<\/p>\n","protected":false},"excerpt":{"rendered":"<p>[vc_row][vc_column][vc_column_text]Nuestros t\u00e9cnicos son capaces de hacer intervenciones de mantenimiento y revisi\u00f3n sobre plantas y peletizadoras no solo de nuestra fabricaci\u00f3n, sino tambi\u00e9n de cada marca y modelo de mercado. Vendemos m\u00e1quinas usadas en f\u00f3rmula *vista y confirmada* o totalmente revisadas con garant\u00eda de 12 meses sobre piezas nuevas. Las m\u00e1quinas revisadas tienen precios competitivos y [&hellip;]<\/p>\n","protected":false},"author":1,"featured_media":4856,"parent":5216,"menu_order":160,"comment_status":"closed","ping_status":"closed","template":"","meta":{"_mi_skip_tracking":false},"acf":{"barra_cta":true,"immagine_barra_cta":{"ID":8944,"id":8944,"title":"Team General Dies","filename":"team-video_NEW2.jpg","filesize":117644,"url":"https:\/\/www.generaldies.com\/wp-content\/uploads\/2024\/12\/team-video_NEW2.jpg","link":"https:\/\/www.generaldies.com\/es\/empresa\/team-video_new2-2\/","alt":"","author":"5","description":"","caption":"","name":"team-video_new2-2","status":"inherit","uploaded_to":3447,"date":"2024-12-10 09:46:43","modified":"2024-12-10 13:02:38","menu_order":0,"mime_type":"image\/jpeg","type":"image","subtype":"jpeg","icon":"https:\/\/www.generaldies.com\/wp-includes\/images\/media\/default.png","width":689,"height":321,"sizes":{"thumbnail":"https:\/\/www.generaldies.com\/wp-content\/uploads\/2024\/12\/team-video_NEW2-150x150.jpg","thumbnail-width":150,"thumbnail-height":150,"medium":"https:\/\/www.generaldies.com\/wp-content\/uploads\/2024\/12\/team-video_NEW2-300x140.jpg","medium-width":300,"medium-height":140,"medium_large":"https:\/\/www.generaldies.com\/wp-content\/uploads\/2024\/12\/team-video_NEW2.jpg","medium_large-width":640,"medium_large-height":298,"large":"https:\/\/www.generaldies.com\/wp-content\/uploads\/2024\/12\/team-video_NEW2.jpg","large-width":640,"large-height":298,"1536x1536":"https:\/\/www.generaldies.com\/wp-content\/uploads\/2024\/12\/team-video_NEW2.jpg","1536x1536-width":689,"1536x1536-height":321,"2048x2048":"https:\/\/www.generaldies.com\/wp-content\/uploads\/2024\/12\/team-video_NEW2.jpg","2048x2048-width":689,"2048x2048-height":321,"list-image":"https:\/\/www.generaldies.com\/wp-content\/uploads\/2024\/12\/team-video_NEW2.jpg","list-image-width":689,"list-image-height":321,"square-image":"https:\/\/www.generaldies.com\/wp-content\/uploads\/2024\/12\/team-video_NEW2.jpg","square-image-width":689,"square-image-height":321,"square-image-mini":"https:\/\/www.generaldies.com\/wp-content\/uploads\/2024\/12\/team-video_NEW2-400x321.jpg","square-image-mini-width":400,"square-image-mini-height":321,"banner-image":"https:\/\/www.generaldies.com\/wp-content\/uploads\/2024\/12\/team-video_NEW2-689x270.jpg","banner-image-width":689,"banner-image-height":270,"pc-image":"https:\/\/www.generaldies.com\/wp-content\/uploads\/2024\/12\/team-video_NEW2-200x100.jpg","pc-image-width":200,"pc-image-height":100}}},"yoast_head":"<!-- This site is optimized with the Yoast SEO plugin v16.4 - https:\/\/yoast.com\/wordpress\/plugins\/seo\/ -->\n<title>Reparaci\u00f3n m\u00e1quinas peletizadoras - General Dies<\/title>\n<meta name=\"description\" content=\"Nuestros t\u00e9cnicos son capaz de hacer interventos de mantenimiento y revisi\u00f3n sobre plantas y peletizadoras de cada marca y modelo. Pide un asesoramiento.\" \/>\n<meta name=\"robots\" content=\"index, follow, max-snippet:-1, max-image-preview:large, max-video-preview:-1\" \/>\n<link rel=\"canonical\" href=\"https:\/\/www.generaldies.com\/es\/servicios\/reparacion-maquinas\/\" \/>\n<meta property=\"og:locale\" content=\"es_ES\" \/>\n<meta property=\"og:type\" content=\"article\" \/>\n<meta property=\"og:title\" content=\"Reparaci\u00f3n m\u00e1quinas peletizadoras - General Dies\" \/>\n<meta property=\"og:description\" content=\"Nuestros t\u00e9cnicos son capaz de hacer interventos de mantenimiento y revisi\u00f3n sobre plantas y peletizadoras de cada marca y modelo. Pide un asesoramiento.\" \/>\n<meta property=\"og:url\" content=\"https:\/\/www.generaldies.com\/es\/servicios\/reparacion-maquinas\/\" \/>\n<meta property=\"og:site_name\" content=\"General Dies\" \/>\n<meta property=\"article:modified_time\" content=\"2017-05-30T09:18:20+00:00\" \/>\n<meta property=\"og:image\" content=\"https:\/\/www.generaldies.com\/wp-content\/uploads\/2017\/03\/riparazione-macchine-testata.jpg\" \/>\n\t<meta property=\"og:image:width\" content=\"1024\" \/>\n\t<meta property=\"og:image:height\" content=\"768\" \/>\n<meta name=\"twitter:card\" content=\"summary\" \/>\n<meta name=\"twitter:label1\" content=\"Tiempo de lectura\" \/>\n\t<meta name=\"twitter:data1\" content=\"1 minuto\" \/>\n<script type=\"application\/ld+json\" class=\"yoast-schema-graph\">{\"@context\":\"https:\/\/schema.org\",\"@graph\":[{\"@type\":\"WebSite\",\"@id\":\"https:\/\/www.generaldies.com\/it\/#website\",\"url\":\"https:\/\/www.generaldies.com\/it\/\",\"name\":\"General Dies\",\"description\":\"Dal 1960 al servizio della pellettatura\",\"potentialAction\":[{\"@type\":\"SearchAction\",\"target\":\"https:\/\/www.generaldies.com\/it\/?s={search_term_string}\",\"query-input\":\"required name=search_term_string\"}],\"inLanguage\":\"es\"},{\"@type\":\"ImageObject\",\"@id\":\"https:\/\/www.generaldies.com\/es\/servicios\/reparacion-maquinas\/#primaryimage\",\"inLanguage\":\"es\",\"url\":\"https:\/\/www.generaldies.com\/wp-content\/uploads\/2017\/03\/riparazione-macchine-testata.jpg\",\"contentUrl\":\"https:\/\/www.generaldies.com\/wp-content\/uploads\/2017\/03\/riparazione-macchine-testata.jpg\",\"width\":1024,\"height\":768,\"caption\":\"riparazione macchine\"},{\"@type\":\"WebPage\",\"@id\":\"https:\/\/www.generaldies.com\/es\/servicios\/reparacion-maquinas\/#webpage\",\"url\":\"https:\/\/www.generaldies.com\/es\/servicios\/reparacion-maquinas\/\",\"name\":\"Reparaci\\u00f3n m\\u00e1quinas peletizadoras - General Dies\",\"isPartOf\":{\"@id\":\"https:\/\/www.generaldies.com\/it\/#website\"},\"primaryImageOfPage\":{\"@id\":\"https:\/\/www.generaldies.com\/es\/servicios\/reparacion-maquinas\/#primaryimage\"},\"datePublished\":\"2017-05-30T09:14:02+00:00\",\"dateModified\":\"2017-05-30T09:18:20+00:00\",\"description\":\"Nuestros t\\u00e9cnicos son capaz de hacer interventos de mantenimiento y revisi\\u00f3n sobre plantas y peletizadoras de cada marca y modelo. Pide un asesoramiento.\",\"breadcrumb\":{\"@id\":\"https:\/\/www.generaldies.com\/es\/servicios\/reparacion-maquinas\/#breadcrumb\"},\"inLanguage\":\"es\",\"potentialAction\":[{\"@type\":\"ReadAction\",\"target\":[\"https:\/\/www.generaldies.com\/es\/servicios\/reparacion-maquinas\/\"]}]},{\"@type\":\"BreadcrumbList\",\"@id\":\"https:\/\/www.generaldies.com\/es\/servicios\/reparacion-maquinas\/#breadcrumb\",\"itemListElement\":[{\"@type\":\"ListItem\",\"position\":1,\"item\":{\"@type\":\"WebPage\",\"@id\":\"https:\/\/www.generaldies.com\/es\/\",\"url\":\"https:\/\/www.generaldies.com\/es\/\",\"name\":\"Home\"}},{\"@type\":\"ListItem\",\"position\":2,\"item\":{\"@type\":\"WebPage\",\"@id\":\"https:\/\/www.generaldies.com\/es\/servicios\/\",\"url\":\"https:\/\/www.generaldies.com\/es\/servicios\/\",\"name\":\"Servicios\"}},{\"@type\":\"ListItem\",\"position\":3,\"item\":{\"@id\":\"https:\/\/www.generaldies.com\/es\/servicios\/reparacion-maquinas\/#webpage\"}}]}]}<\/script>\n<!-- \/ Yoast SEO plugin. -->","_links":{"self":[{"href":"https:\/\/www.generaldies.com\/es\/wp-json\/wp\/v2\/pages\/5243"}],"collection":[{"href":"https:\/\/www.generaldies.com\/es\/wp-json\/wp\/v2\/pages"}],"about":[{"href":"https:\/\/www.generaldies.com\/es\/wp-json\/wp\/v2\/types\/page"}],"author":[{"embeddable":true,"href":"https:\/\/www.generaldies.com\/es\/wp-json\/wp\/v2\/users\/1"}],"replies":[{"embeddable":true,"href":"https:\/\/www.generaldies.com\/es\/wp-json\/wp\/v2\/comments?post=5243"}],"version-history":[{"count":2,"href":"https:\/\/www.generaldies.com\/es\/wp-json\/wp\/v2\/pages\/5243\/revisions"}],"predecessor-version":[{"id":5245,"href":"https:\/\/www.generaldies.com\/es\/wp-json\/wp\/v2\/pages\/5243\/revisions\/5245"}],"up":[{"embeddable":true,"href":"https:\/\/www.generaldies.com\/es\/wp-json\/wp\/v2\/pages\/5216"}],"wp:featuredmedia":[{"embeddable":true,"href":"https:\/\/www.generaldies.com\/es\/wp-json\/wp\/v2\/media\/4856"}],"wp:attachment":[{"href":"https:\/\/www.generaldies.com\/es\/wp-json\/wp\/v2\/media?parent=5243"}],"curies":[{"name":"wp","href":"https:\/\/api.w.org\/{rel}","templated":true}]}}