{"id":5240,"date":"2017-05-30T10:57:24","date_gmt":"2017-05-30T08:57:24","guid":{"rendered":"https:\/\/www.generaldies.com\/servicios\/reparacion-de-matrices-rolos-y-camisas\/"},"modified":"2017-05-30T10:58:47","modified_gmt":"2017-05-30T08:58:47","slug":"reparacion-de-matrices-rolos-y-camisas","status":"publish","type":"page","link":"https:\/\/www.generaldies.com\/es\/servicios\/reparacion-de-matrices-rolos-y-camisas\/","title":{"rendered":"Reparaci\u00f3n de matrices, rolos  y camisas"},"content":{"rendered":"<p>[vc_row][vc_column][vc_column_text]<img loading=\"lazy\" class=\"size-medium wp-image-4694 alignright\" src=\"https:\/\/www.generaldies.com\/wp-content\/uploads\/2017\/03\/Riparazione-trafila-300x264.jpg\" alt=\"Riparazione trafila\" width=\"300\" height=\"264\" srcset=\"https:\/\/www.generaldies.com\/wp-content\/uploads\/2017\/03\/Riparazione-trafila-300x264.jpg 300w, https:\/\/www.generaldies.com\/wp-content\/uploads\/2017\/03\/Riparazione-trafila-768x676.jpg 768w, https:\/\/www.generaldies.com\/wp-content\/uploads\/2017\/03\/Riparazione-trafila.jpg 800w\" sizes=\"(max-width: 300px) 100vw, 300px\" \/>Reparamos matrices, anulares y llanas, rolos, camisas de rolos y piezas de desgaste de todas las peletizadoras.<br \/>\nLa experiencia adquirida nos permite de ofrecer sugerencias \u00fatiles a los clientes para mejorar la producci\u00f3n de m\u00e1quinas y plantas.<br \/>\nAdem\u00e1s, nuestro servicio innovador de MANTENIMIENTO PROGRAMADO prev\u00e9 el retiro de las partes de desgaste para revisi\u00f3n y su entrega verificando del correcto funcionamiento de la planta.[\/vc_column_text][\/vc_column][\/vc_row]<\/p>\n","protected":false},"excerpt":{"rendered":"<p>[vc_row][vc_column][vc_column_text]Reparamos matrices, anulares y llanas, rolos, camisas de rolos y piezas de desgaste de todas las peletizadoras. La experiencia adquirida nos permite de ofrecer sugerencias \u00fatiles a los clientes para mejorar la producci\u00f3n de m\u00e1quinas y plantas. Adem\u00e1s, nuestro servicio innovador de MANTENIMIENTO PROGRAMADO prev\u00e9 el retiro de las partes de desgaste para revisi\u00f3n y [&hellip;]<\/p>\n","protected":false},"author":1,"featured_media":4664,"parent":5216,"menu_order":169,"comment_status":"closed","ping_status":"closed","template":"","meta":{"_mi_skip_tracking":false},"acf":{"barra_cta":true,"immagine_barra_cta":{"ID":8944,"id":8944,"title":"Team General Dies","filename":"team-video_NEW2.jpg","filesize":117644,"url":"https:\/\/www.generaldies.com\/wp-content\/uploads\/2024\/12\/team-video_NEW2.jpg","link":"https:\/\/www.generaldies.com\/es\/empresa\/team-video_new2-2\/","alt":"","author":"5","description":"","caption":"","name":"team-video_new2-2","status":"inherit","uploaded_to":3447,"date":"2024-12-10 09:46:43","modified":"2024-12-10 13:02:38","menu_order":0,"mime_type":"image\/jpeg","type":"image","subtype":"jpeg","icon":"https:\/\/www.generaldies.com\/wp-includes\/images\/media\/default.png","width":689,"height":321,"sizes":{"thumbnail":"https:\/\/www.generaldies.com\/wp-content\/uploads\/2024\/12\/team-video_NEW2-150x150.jpg","thumbnail-width":150,"thumbnail-height":150,"medium":"https:\/\/www.generaldies.com\/wp-content\/uploads\/2024\/12\/team-video_NEW2-300x140.jpg","medium-width":300,"medium-height":140,"medium_large":"https:\/\/www.generaldies.com\/wp-content\/uploads\/2024\/12\/team-video_NEW2.jpg","medium_large-width":640,"medium_large-height":298,"large":"https:\/\/www.generaldies.com\/wp-content\/uploads\/2024\/12\/team-video_NEW2.jpg","large-width":640,"large-height":298,"1536x1536":"https:\/\/www.generaldies.com\/wp-content\/uploads\/2024\/12\/team-video_NEW2.jpg","1536x1536-width":689,"1536x1536-height":321,"2048x2048":"https:\/\/www.generaldies.com\/wp-content\/uploads\/2024\/12\/team-video_NEW2.jpg","2048x2048-width":689,"2048x2048-height":321,"list-image":"https:\/\/www.generaldies.com\/wp-content\/uploads\/2024\/12\/team-video_NEW2.jpg","list-image-width":689,"list-image-height":321,"square-image":"https:\/\/www.generaldies.com\/wp-content\/uploads\/2024\/12\/team-video_NEW2.jpg","square-image-width":689,"square-image-height":321,"square-image-mini":"https:\/\/www.generaldies.com\/wp-content\/uploads\/2024\/12\/team-video_NEW2-400x321.jpg","square-image-mini-width":400,"square-image-mini-height":321,"banner-image":"https:\/\/www.generaldies.com\/wp-content\/uploads\/2024\/12\/team-video_NEW2-689x270.jpg","banner-image-width":689,"banner-image-height":270,"pc-image":"https:\/\/www.generaldies.com\/wp-content\/uploads\/2024\/12\/team-video_NEW2-200x100.jpg","pc-image-width":200,"pc-image-height":100}}},"yoast_head":"<!-- This site is optimized with the Yoast SEO plugin v16.4 - https:\/\/yoast.com\/wordpress\/plugins\/seo\/ -->\n<title>Reparaci\u00f3n Matrices, Rolos y Camisas - General Dies<\/title>\n<meta name=\"description\" content=\"Reparamos matrices, anulares y llanas, rolos, camisas de rolos y particulares de desgaste de todas las peletizadoras. Descubre todos nuestros servicios.\" \/>\n<meta name=\"robots\" content=\"index, follow, max-snippet:-1, max-image-preview:large, max-video-preview:-1\" \/>\n<link rel=\"canonical\" href=\"https:\/\/www.generaldies.com\/es\/servicios\/reparacion-de-matrices-rolos-y-camisas\/\" \/>\n<meta property=\"og:locale\" content=\"es_ES\" \/>\n<meta property=\"og:type\" content=\"article\" \/>\n<meta property=\"og:title\" content=\"Reparaci\u00f3n Matrices, Rolos y Camisas - General Dies\" \/>\n<meta property=\"og:description\" content=\"Reparamos matrices, anulares y llanas, rolos, camisas de rolos y particulares de desgaste de todas las peletizadoras. Descubre todos nuestros servicios.\" \/>\n<meta property=\"og:url\" content=\"https:\/\/www.generaldies.com\/es\/servicios\/reparacion-de-matrices-rolos-y-camisas\/\" \/>\n<meta property=\"og:site_name\" content=\"General Dies\" \/>\n<meta property=\"article:modified_time\" content=\"2017-05-30T08:58:47+00:00\" \/>\n<meta property=\"og:image\" content=\"https:\/\/www.generaldies.com\/wp-content\/uploads\/2017\/03\/revisione-trafile.jpg\" \/>\n\t<meta property=\"og:image:width\" content=\"800\" \/>\n\t<meta property=\"og:image:height\" content=\"518\" \/>\n<meta name=\"twitter:card\" content=\"summary\" \/>\n<script type=\"application\/ld+json\" class=\"yoast-schema-graph\">{\"@context\":\"https:\/\/schema.org\",\"@graph\":[{\"@type\":\"WebSite\",\"@id\":\"https:\/\/www.generaldies.com\/it\/#website\",\"url\":\"https:\/\/www.generaldies.com\/it\/\",\"name\":\"General Dies\",\"description\":\"Dal 1960 al servizio della pellettatura\",\"potentialAction\":[{\"@type\":\"SearchAction\",\"target\":\"https:\/\/www.generaldies.com\/it\/?s={search_term_string}\",\"query-input\":\"required name=search_term_string\"}],\"inLanguage\":\"es\"},{\"@type\":\"ImageObject\",\"@id\":\"https:\/\/www.generaldies.com\/es\/servicios\/reparacion-de-matrices-rolos-y-camisas\/#primaryimage\",\"inLanguage\":\"es\",\"url\":\"https:\/\/www.generaldies.com\/wp-content\/uploads\/2017\/03\/revisione-trafile.jpg\",\"contentUrl\":\"https:\/\/www.generaldies.com\/wp-content\/uploads\/2017\/03\/revisione-trafile.jpg\",\"width\":800,\"height\":518,\"caption\":\"revisione trafile\"},{\"@type\":\"WebPage\",\"@id\":\"https:\/\/www.generaldies.com\/es\/servicios\/reparacion-de-matrices-rolos-y-camisas\/#webpage\",\"url\":\"https:\/\/www.generaldies.com\/es\/servicios\/reparacion-de-matrices-rolos-y-camisas\/\",\"name\":\"Reparaci\\u00f3n Matrices, Rolos y Camisas - General Dies\",\"isPartOf\":{\"@id\":\"https:\/\/www.generaldies.com\/it\/#website\"},\"primaryImageOfPage\":{\"@id\":\"https:\/\/www.generaldies.com\/es\/servicios\/reparacion-de-matrices-rolos-y-camisas\/#primaryimage\"},\"datePublished\":\"2017-05-30T08:57:24+00:00\",\"dateModified\":\"2017-05-30T08:58:47+00:00\",\"description\":\"Reparamos matrices, anulares y llanas, rolos, camisas de rolos y particulares de desgaste de todas las peletizadoras. Descubre todos nuestros servicios.\",\"breadcrumb\":{\"@id\":\"https:\/\/www.generaldies.com\/es\/servicios\/reparacion-de-matrices-rolos-y-camisas\/#breadcrumb\"},\"inLanguage\":\"es\",\"potentialAction\":[{\"@type\":\"ReadAction\",\"target\":[\"https:\/\/www.generaldies.com\/es\/servicios\/reparacion-de-matrices-rolos-y-camisas\/\"]}]},{\"@type\":\"BreadcrumbList\",\"@id\":\"https:\/\/www.generaldies.com\/es\/servicios\/reparacion-de-matrices-rolos-y-camisas\/#breadcrumb\",\"itemListElement\":[{\"@type\":\"ListItem\",\"position\":1,\"item\":{\"@type\":\"WebPage\",\"@id\":\"https:\/\/www.generaldies.com\/es\/\",\"url\":\"https:\/\/www.generaldies.com\/es\/\",\"name\":\"Home\"}},{\"@type\":\"ListItem\",\"position\":2,\"item\":{\"@type\":\"WebPage\",\"@id\":\"https:\/\/www.generaldies.com\/es\/servicios\/\",\"url\":\"https:\/\/www.generaldies.com\/es\/servicios\/\",\"name\":\"Servicios\"}},{\"@type\":\"ListItem\",\"position\":3,\"item\":{\"@id\":\"https:\/\/www.generaldies.com\/es\/servicios\/reparacion-de-matrices-rolos-y-camisas\/#webpage\"}}]}]}<\/script>\n<!-- \/ Yoast SEO plugin. -->","_links":{"self":[{"href":"https:\/\/www.generaldies.com\/es\/wp-json\/wp\/v2\/pages\/5240"}],"collection":[{"href":"https:\/\/www.generaldies.com\/es\/wp-json\/wp\/v2\/pages"}],"about":[{"href":"https:\/\/www.generaldies.com\/es\/wp-json\/wp\/v2\/types\/page"}],"author":[{"embeddable":true,"href":"https:\/\/www.generaldies.com\/es\/wp-json\/wp\/v2\/users\/1"}],"replies":[{"embeddable":true,"href":"https:\/\/www.generaldies.com\/es\/wp-json\/wp\/v2\/comments?post=5240"}],"version-history":[{"count":2,"href":"https:\/\/www.generaldies.com\/es\/wp-json\/wp\/v2\/pages\/5240\/revisions"}],"predecessor-version":[{"id":5242,"href":"https:\/\/www.generaldies.com\/es\/wp-json\/wp\/v2\/pages\/5240\/revisions\/5242"}],"up":[{"embeddable":true,"href":"https:\/\/www.generaldies.com\/es\/wp-json\/wp\/v2\/pages\/5216"}],"wp:featuredmedia":[{"embeddable":true,"href":"https:\/\/www.generaldies.com\/es\/wp-json\/wp\/v2\/media\/4664"}],"wp:attachment":[{"href":"https:\/\/www.generaldies.com\/es\/wp-json\/wp\/v2\/media?parent=5240"}],"curies":[{"name":"wp","href":"https:\/\/api.w.org\/{rel}","templated":true}]}}