{"id":5237,"date":"2017-05-30T10:53:06","date_gmt":"2017-05-30T08:53:06","guid":{"rendered":"https:\/\/www.generaldies.com\/servicios\/servicio-y-mantenimiento\/"},"modified":"2017-05-30T10:54:45","modified_gmt":"2017-05-30T08:54:45","slug":"servicio-y-mantenimiento","status":"publish","type":"page","link":"https:\/\/www.generaldies.com\/es\/servicios\/servicio-y-mantenimiento\/","title":{"rendered":"Servicio y mantenimiento"},"content":{"rendered":"<p>[vc_row][vc_column][vc_column_text]<img loading=\"lazy\" class=\"size-medium wp-image-4687 alignright\" src=\"https:\/\/www.generaldies.com\/wp-content\/uploads\/2017\/03\/service-e-manutenzione-300x222.jpg\" alt=\"service e manutenzione\" width=\"300\" height=\"222\" srcset=\"https:\/\/www.generaldies.com\/wp-content\/uploads\/2017\/03\/service-e-manutenzione-300x222.jpg 300w, https:\/\/www.generaldies.com\/wp-content\/uploads\/2017\/03\/service-e-manutenzione-768x568.jpg 768w, https:\/\/www.generaldies.com\/wp-content\/uploads\/2017\/03\/service-e-manutenzione.jpg 800w\" sizes=\"(max-width: 300px) 100vw, 300px\" \/>Creemos firmemente en el servicio posventa, como un valor fundamental.<br \/>\nTener m\u00e1quinas eficientes, y supervisarlos en concepto de un gasto m\u00ednimo, garantiza la reducci\u00f3n al m\u00ednimo de las paradas de las l\u00edneas.<br \/>\nConsideramos el cliente como propio y sus problemas son los nuestros, por esto nos esforzamos para encontrar soluciones compartidas y eficientes, para intervenir con rapidez, seriedad y equidad.<br \/>\nDesde hace algunos a\u00f1os ofrecemos, para Italia y pa\u00edses vecinos, un innovador servicio de MANTENIMIENTO PROGRAMADO: nuestros t\u00e9cnicos vienen, a bajo coste, en vuestra planta semestralmente, o a convenir, para verificar las condiciones de la planta y de las vuestras m\u00e1quinas, de todas las marcas o modelo, para prevenir rupturas o mal funcionamiento y entonces in\u00fatiles y evitables paradas de producci\u00f3n.<br \/>\nEste servicio incluye la entrega de piezas de repuestos revisados y el retiro de piezas de revisar. Intervenimos en su planta, acompa\u00f1ados de su t\u00e9cnicos para reducir los costos y para operar, al mismo tiempo, una formaci\u00f3n en campo.<br \/>\nAdem\u00e1s, a los clientes que deciden de optar para este servicio, les garantizamos especiales descuentos sobre los precios de lista.<br \/>\nRevisamos, adem\u00e1s, en nuestra f\u00e1brica de m\u00e1quinas y peletizadoras llanas y anulares con transmisi\u00f3n a correa y a engranajes.[\/vc_column_text][\/vc_column][\/vc_row]<\/p>\n","protected":false},"excerpt":{"rendered":"<p>[vc_row][vc_column][vc_column_text]Creemos firmemente en el servicio posventa, como un valor fundamental. Tener m\u00e1quinas eficientes, y supervisarlos en concepto de un gasto m\u00ednimo, garantiza la reducci\u00f3n al m\u00ednimo de las paradas de las l\u00edneas. Consideramos el cliente como propio y sus problemas son los nuestros, por esto nos esforzamos para encontrar soluciones compartidas y eficientes, para intervenir [&hellip;]<\/p>\n","protected":false},"author":1,"featured_media":4658,"parent":5216,"menu_order":181,"comment_status":"closed","ping_status":"closed","template":"","meta":{"_mi_skip_tracking":false},"acf":{"barra_cta":true,"immagine_barra_cta":{"ID":8944,"id":8944,"title":"Team General Dies","filename":"team-video_NEW2.jpg","filesize":117644,"url":"https:\/\/www.generaldies.com\/wp-content\/uploads\/2024\/12\/team-video_NEW2.jpg","link":"https:\/\/www.generaldies.com\/es\/empresa\/team-video_new2-2\/","alt":"","author":"5","description":"","caption":"","name":"team-video_new2-2","status":"inherit","uploaded_to":3447,"date":"2024-12-10 09:46:43","modified":"2024-12-10 13:02:38","menu_order":0,"mime_type":"image\/jpeg","type":"image","subtype":"jpeg","icon":"https:\/\/www.generaldies.com\/wp-includes\/images\/media\/default.png","width":689,"height":321,"sizes":{"thumbnail":"https:\/\/www.generaldies.com\/wp-content\/uploads\/2024\/12\/team-video_NEW2-150x150.jpg","thumbnail-width":150,"thumbnail-height":150,"medium":"https:\/\/www.generaldies.com\/wp-content\/uploads\/2024\/12\/team-video_NEW2-300x140.jpg","medium-width":300,"medium-height":140,"medium_large":"https:\/\/www.generaldies.com\/wp-content\/uploads\/2024\/12\/team-video_NEW2.jpg","medium_large-width":640,"medium_large-height":298,"large":"https:\/\/www.generaldies.com\/wp-content\/uploads\/2024\/12\/team-video_NEW2.jpg","large-width":640,"large-height":298,"1536x1536":"https:\/\/www.generaldies.com\/wp-content\/uploads\/2024\/12\/team-video_NEW2.jpg","1536x1536-width":689,"1536x1536-height":321,"2048x2048":"https:\/\/www.generaldies.com\/wp-content\/uploads\/2024\/12\/team-video_NEW2.jpg","2048x2048-width":689,"2048x2048-height":321,"list-image":"https:\/\/www.generaldies.com\/wp-content\/uploads\/2024\/12\/team-video_NEW2.jpg","list-image-width":689,"list-image-height":321,"square-image":"https:\/\/www.generaldies.com\/wp-content\/uploads\/2024\/12\/team-video_NEW2.jpg","square-image-width":689,"square-image-height":321,"square-image-mini":"https:\/\/www.generaldies.com\/wp-content\/uploads\/2024\/12\/team-video_NEW2-400x321.jpg","square-image-mini-width":400,"square-image-mini-height":321,"banner-image":"https:\/\/www.generaldies.com\/wp-content\/uploads\/2024\/12\/team-video_NEW2-689x270.jpg","banner-image-width":689,"banner-image-height":270,"pc-image":"https:\/\/www.generaldies.com\/wp-content\/uploads\/2024\/12\/team-video_NEW2-200x100.jpg","pc-image-width":200,"pc-image-height":100}}},"yoast_head":"<!-- This site is optimized with the Yoast SEO plugin v16.4 - https:\/\/yoast.com\/wordpress\/plugins\/seo\/ -->\n<title>Servicio y mantenimiento - General Dies<\/title>\n<meta name=\"description\" content=\"Ofrecemos un servicio innovador de mantenimiento programado. Podr\u00e9is tener nuestros t\u00e9cnicos en la Vuestra planta semestralmente.\" \/>\n<meta name=\"robots\" content=\"index, follow, max-snippet:-1, max-image-preview:large, max-video-preview:-1\" \/>\n<link rel=\"canonical\" href=\"https:\/\/www.generaldies.com\/es\/servicios\/servicio-y-mantenimiento\/\" \/>\n<meta property=\"og:locale\" content=\"es_ES\" \/>\n<meta property=\"og:type\" content=\"article\" \/>\n<meta property=\"og:title\" content=\"Servicio y mantenimiento - General Dies\" \/>\n<meta property=\"og:description\" content=\"Ofrecemos un servicio innovador de mantenimiento programado. Podr\u00e9is tener nuestros t\u00e9cnicos en la Vuestra planta semestralmente.\" \/>\n<meta property=\"og:url\" content=\"https:\/\/www.generaldies.com\/es\/servicios\/servicio-y-mantenimiento\/\" \/>\n<meta property=\"og:site_name\" content=\"General Dies\" \/>\n<meta property=\"article:modified_time\" content=\"2017-05-30T08:54:45+00:00\" \/>\n<meta property=\"og:image\" content=\"https:\/\/www.generaldies.com\/wp-content\/uploads\/2017\/03\/Service.jpg\" \/>\n\t<meta property=\"og:image:width\" content=\"800\" \/>\n\t<meta property=\"og:image:height\" content=\"600\" \/>\n<meta name=\"twitter:card\" content=\"summary\" \/>\n<meta name=\"twitter:label1\" content=\"Tiempo de lectura\" \/>\n\t<meta name=\"twitter:data1\" content=\"1 minuto\" \/>\n<script type=\"application\/ld+json\" class=\"yoast-schema-graph\">{\"@context\":\"https:\/\/schema.org\",\"@graph\":[{\"@type\":\"WebSite\",\"@id\":\"https:\/\/www.generaldies.com\/it\/#website\",\"url\":\"https:\/\/www.generaldies.com\/it\/\",\"name\":\"General Dies\",\"description\":\"Dal 1960 al servizio della pellettatura\",\"potentialAction\":[{\"@type\":\"SearchAction\",\"target\":\"https:\/\/www.generaldies.com\/it\/?s={search_term_string}\",\"query-input\":\"required name=search_term_string\"}],\"inLanguage\":\"es\"},{\"@type\":\"ImageObject\",\"@id\":\"https:\/\/www.generaldies.com\/es\/servicios\/servicio-y-mantenimiento\/#primaryimage\",\"inLanguage\":\"es\",\"url\":\"https:\/\/www.generaldies.com\/wp-content\/uploads\/2017\/03\/Service.jpg\",\"contentUrl\":\"https:\/\/www.generaldies.com\/wp-content\/uploads\/2017\/03\/Service.jpg\",\"width\":800,\"height\":600,\"caption\":\"Service\"},{\"@type\":\"WebPage\",\"@id\":\"https:\/\/www.generaldies.com\/es\/servicios\/servicio-y-mantenimiento\/#webpage\",\"url\":\"https:\/\/www.generaldies.com\/es\/servicios\/servicio-y-mantenimiento\/\",\"name\":\"Servicio y mantenimiento - General Dies\",\"isPartOf\":{\"@id\":\"https:\/\/www.generaldies.com\/it\/#website\"},\"primaryImageOfPage\":{\"@id\":\"https:\/\/www.generaldies.com\/es\/servicios\/servicio-y-mantenimiento\/#primaryimage\"},\"datePublished\":\"2017-05-30T08:53:06+00:00\",\"dateModified\":\"2017-05-30T08:54:45+00:00\",\"description\":\"Ofrecemos un servicio innovador de mantenimiento programado. Podr\\u00e9is tener nuestros t\\u00e9cnicos en la Vuestra planta semestralmente.\",\"breadcrumb\":{\"@id\":\"https:\/\/www.generaldies.com\/es\/servicios\/servicio-y-mantenimiento\/#breadcrumb\"},\"inLanguage\":\"es\",\"potentialAction\":[{\"@type\":\"ReadAction\",\"target\":[\"https:\/\/www.generaldies.com\/es\/servicios\/servicio-y-mantenimiento\/\"]}]},{\"@type\":\"BreadcrumbList\",\"@id\":\"https:\/\/www.generaldies.com\/es\/servicios\/servicio-y-mantenimiento\/#breadcrumb\",\"itemListElement\":[{\"@type\":\"ListItem\",\"position\":1,\"item\":{\"@type\":\"WebPage\",\"@id\":\"https:\/\/www.generaldies.com\/es\/\",\"url\":\"https:\/\/www.generaldies.com\/es\/\",\"name\":\"Home\"}},{\"@type\":\"ListItem\",\"position\":2,\"item\":{\"@type\":\"WebPage\",\"@id\":\"https:\/\/www.generaldies.com\/es\/servicios\/\",\"url\":\"https:\/\/www.generaldies.com\/es\/servicios\/\",\"name\":\"Servicios\"}},{\"@type\":\"ListItem\",\"position\":3,\"item\":{\"@id\":\"https:\/\/www.generaldies.com\/es\/servicios\/servicio-y-mantenimiento\/#webpage\"}}]}]}<\/script>\n<!-- \/ Yoast SEO plugin. -->","_links":{"self":[{"href":"https:\/\/www.generaldies.com\/es\/wp-json\/wp\/v2\/pages\/5237"}],"collection":[{"href":"https:\/\/www.generaldies.com\/es\/wp-json\/wp\/v2\/pages"}],"about":[{"href":"https:\/\/www.generaldies.com\/es\/wp-json\/wp\/v2\/types\/page"}],"author":[{"embeddable":true,"href":"https:\/\/www.generaldies.com\/es\/wp-json\/wp\/v2\/users\/1"}],"replies":[{"embeddable":true,"href":"https:\/\/www.generaldies.com\/es\/wp-json\/wp\/v2\/comments?post=5237"}],"version-history":[{"count":2,"href":"https:\/\/www.generaldies.com\/es\/wp-json\/wp\/v2\/pages\/5237\/revisions"}],"predecessor-version":[{"id":5239,"href":"https:\/\/www.generaldies.com\/es\/wp-json\/wp\/v2\/pages\/5237\/revisions\/5239"}],"up":[{"embeddable":true,"href":"https:\/\/www.generaldies.com\/es\/wp-json\/wp\/v2\/pages\/5216"}],"wp:featuredmedia":[{"embeddable":true,"href":"https:\/\/www.generaldies.com\/es\/wp-json\/wp\/v2\/media\/4658"}],"wp:attachment":[{"href":"https:\/\/www.generaldies.com\/es\/wp-json\/wp\/v2\/media?parent=5237"}],"curies":[{"name":"wp","href":"https:\/\/api.w.org\/{rel}","templated":true}]}}