{"id":5234,"date":"2017-05-30T10:48:27","date_gmt":"2017-05-30T08:48:27","guid":{"rendered":"https:\/\/www.generaldies.com\/servicios\/asesoramiento-y-asistencia\/"},"modified":"2017-05-30T10:49:42","modified_gmt":"2017-05-30T08:49:42","slug":"asesoramiento-y-asistencia","status":"publish","type":"page","link":"https:\/\/www.generaldies.com\/es\/servicios\/asesoramiento-y-asistencia\/","title":{"rendered":"Asesoramiento y asistencia"},"content":{"rendered":"<p>[vc_row][vc_column][vc_column_text]<img loading=\"lazy\" class=\"alignleft size-medium wp-image-4787\" src=\"https:\/\/www.generaldies.com\/wp-content\/uploads\/2017\/03\/ufficio-tecnico-300x200.jpg\" alt=\"ufficio tecnico general dies\" width=\"300\" height=\"200\" srcset=\"https:\/\/www.generaldies.com\/wp-content\/uploads\/2017\/03\/ufficio-tecnico-300x200.jpg 300w, https:\/\/www.generaldies.com\/wp-content\/uploads\/2017\/03\/ufficio-tecnico-768x512.jpg 768w, https:\/\/www.generaldies.com\/wp-content\/uploads\/2017\/03\/ufficio-tecnico.jpg 800w\" sizes=\"(max-width: 300px) 100vw, 300px\" \/>Ofrecemos asesoramiento continuo al cliente en todas las formas necesarias: segerencias telef\u00f3nicas, visitas in situ, asistencia sobre demanda, revisi\u00f3n de m\u00e1quinas y plantas, retiros, revisiones de matrices, rolos, camisas y entrega de las piezas revisadas.<br \/>\nEl asesoramiento que podemos ofrecer al cliente y nuestra dedicaci\u00f3n y capacidad en la asistencia son para nosotros raz\u00f3n de compromiso y orgullo.<\/p>\n<p>Estamos constantemente comprometidos en prestar un servicio de alto nivel, nunca dejamos el cliente solo con problemas de producci\u00f3n y\/o de repuestos. Estamos siempre a disposici\u00f3n, tambi\u00e9n en los d\u00edas festivos o durante las vacaciones, porque sabemos lo importante que es para usted que la planta funcione siempre y siempre bien.<\/p>\n<p><img loading=\"lazy\" class=\"size-medium wp-image-4793 alignright\" src=\"https:\/\/www.generaldies.com\/wp-content\/uploads\/2017\/03\/consulenza-300x300.jpg\" alt=\"\" width=\"300\" height=\"300\" srcset=\"https:\/\/www.generaldies.com\/wp-content\/uploads\/2017\/03\/consulenza-300x300.jpg 300w, https:\/\/www.generaldies.com\/wp-content\/uploads\/2017\/03\/consulenza-150x150.jpg 150w, https:\/\/www.generaldies.com\/wp-content\/uploads\/2017\/03\/consulenza.jpg 600w, https:\/\/www.generaldies.com\/wp-content\/uploads\/2017\/03\/consulenza-400x400.jpg 400w\" sizes=\"(max-width: 300px) 100vw, 300px\" \/>Nos apasiona nuestro trabajo y esto transforma el problema del Cliente en nuestro problema, cualquiera que sean las causas, problema a resolver en el modo m\u00e1s barato y duradero, adoptando siempre componentes de alt\u00edsima calidad y t\u00e9cnicos de indiscutible profesionalidad.[\/vc_column_text][\/vc_column][\/vc_row]<\/p>\n","protected":false},"excerpt":{"rendered":"<p>[vc_row][vc_column][vc_column_text]Ofrecemos asesoramiento continuo al cliente en todas las formas necesarias: segerencias telef\u00f3nicas, visitas in situ, asistencia sobre demanda, revisi\u00f3n de m\u00e1quinas y plantas, retiros, revisiones de matrices, rolos, camisas y entrega de las piezas revisadas. El asesoramiento que podemos ofrecer al cliente y nuestra dedicaci\u00f3n y capacidad en la asistencia son para nosotros raz\u00f3n de [&hellip;]<\/p>\n","protected":false},"author":1,"featured_media":4312,"parent":5216,"menu_order":59,"comment_status":"closed","ping_status":"closed","template":"","meta":{"_mi_skip_tracking":false},"acf":{"barra_cta":false},"yoast_head":"<!-- This site is optimized with the Yoast SEO plugin v16.4 - https:\/\/yoast.com\/wordpress\/plugins\/seo\/ -->\n<title>Asesoramiento de las empresas - General Dies<\/title>\n<meta name=\"description\" content=\"Ofrecemos asistencia al cliente en todas las formas: sugerencias telef\u00f3nicas, visitas in situ, revisi\u00f3n de m\u00e1quinas y plantas y no s\u00f3lo.\" \/>\n<meta name=\"robots\" content=\"index, follow, max-snippet:-1, max-image-preview:large, max-video-preview:-1\" \/>\n<link rel=\"canonical\" href=\"https:\/\/www.generaldies.com\/es\/servicios\/asesoramiento-y-asistencia\/\" \/>\n<meta property=\"og:locale\" content=\"es_ES\" \/>\n<meta property=\"og:type\" content=\"article\" \/>\n<meta property=\"og:title\" content=\"Asesoramiento de las empresas - General Dies\" \/>\n<meta property=\"og:description\" content=\"Ofrecemos asistencia al cliente en todas las formas: sugerencias telef\u00f3nicas, visitas in situ, revisi\u00f3n de m\u00e1quinas y plantas y no s\u00f3lo.\" \/>\n<meta property=\"og:url\" content=\"https:\/\/www.generaldies.com\/es\/servicios\/asesoramiento-y-asistencia\/\" \/>\n<meta property=\"og:site_name\" content=\"General Dies\" \/>\n<meta property=\"article:modified_time\" content=\"2017-05-30T08:49:42+00:00\" \/>\n<meta property=\"og:image\" content=\"https:\/\/www.generaldies.com\/wp-content\/uploads\/2017\/02\/Consulenza-Consulting-Service.jpg\" \/>\n\t<meta property=\"og:image:width\" content=\"800\" \/>\n\t<meta property=\"og:image:height\" content=\"603\" \/>\n<meta name=\"twitter:card\" content=\"summary\" \/>\n<meta name=\"twitter:label1\" content=\"Tiempo de lectura\" \/>\n\t<meta name=\"twitter:data1\" content=\"1 minuto\" \/>\n<script type=\"application\/ld+json\" class=\"yoast-schema-graph\">{\"@context\":\"https:\/\/schema.org\",\"@graph\":[{\"@type\":\"WebSite\",\"@id\":\"https:\/\/www.generaldies.com\/it\/#website\",\"url\":\"https:\/\/www.generaldies.com\/it\/\",\"name\":\"General Dies\",\"description\":\"Dal 1960 al servizio della pellettatura\",\"potentialAction\":[{\"@type\":\"SearchAction\",\"target\":\"https:\/\/www.generaldies.com\/it\/?s={search_term_string}\",\"query-input\":\"required name=search_term_string\"}],\"inLanguage\":\"es\"},{\"@type\":\"ImageObject\",\"@id\":\"https:\/\/www.generaldies.com\/es\/servicios\/asesoramiento-y-asistencia\/#primaryimage\",\"inLanguage\":\"es\",\"url\":\"https:\/\/www.generaldies.com\/wp-content\/uploads\/2017\/02\/Consulenza-Consulting-Service.jpg\",\"contentUrl\":\"https:\/\/www.generaldies.com\/wp-content\/uploads\/2017\/02\/Consulenza-Consulting-Service.jpg\",\"width\":800,\"height\":603,\"caption\":\"Consulenza - Consulting Service\"},{\"@type\":\"WebPage\",\"@id\":\"https:\/\/www.generaldies.com\/es\/servicios\/asesoramiento-y-asistencia\/#webpage\",\"url\":\"https:\/\/www.generaldies.com\/es\/servicios\/asesoramiento-y-asistencia\/\",\"name\":\"Asesoramiento de las empresas - General Dies\",\"isPartOf\":{\"@id\":\"https:\/\/www.generaldies.com\/it\/#website\"},\"primaryImageOfPage\":{\"@id\":\"https:\/\/www.generaldies.com\/es\/servicios\/asesoramiento-y-asistencia\/#primaryimage\"},\"datePublished\":\"2017-05-30T08:48:27+00:00\",\"dateModified\":\"2017-05-30T08:49:42+00:00\",\"description\":\"Ofrecemos asistencia al cliente en todas las formas: sugerencias telef\\u00f3nicas, visitas in situ, revisi\\u00f3n de m\\u00e1quinas y plantas y no s\\u00f3lo.\",\"breadcrumb\":{\"@id\":\"https:\/\/www.generaldies.com\/es\/servicios\/asesoramiento-y-asistencia\/#breadcrumb\"},\"inLanguage\":\"es\",\"potentialAction\":[{\"@type\":\"ReadAction\",\"target\":[\"https:\/\/www.generaldies.com\/es\/servicios\/asesoramiento-y-asistencia\/\"]}]},{\"@type\":\"BreadcrumbList\",\"@id\":\"https:\/\/www.generaldies.com\/es\/servicios\/asesoramiento-y-asistencia\/#breadcrumb\",\"itemListElement\":[{\"@type\":\"ListItem\",\"position\":1,\"item\":{\"@type\":\"WebPage\",\"@id\":\"https:\/\/www.generaldies.com\/es\/\",\"url\":\"https:\/\/www.generaldies.com\/es\/\",\"name\":\"Home\"}},{\"@type\":\"ListItem\",\"position\":2,\"item\":{\"@type\":\"WebPage\",\"@id\":\"https:\/\/www.generaldies.com\/es\/servicios\/\",\"url\":\"https:\/\/www.generaldies.com\/es\/servicios\/\",\"name\":\"Servicios\"}},{\"@type\":\"ListItem\",\"position\":3,\"item\":{\"@id\":\"https:\/\/www.generaldies.com\/es\/servicios\/asesoramiento-y-asistencia\/#webpage\"}}]}]}<\/script>\n<!-- \/ Yoast SEO plugin. -->","_links":{"self":[{"href":"https:\/\/www.generaldies.com\/es\/wp-json\/wp\/v2\/pages\/5234"}],"collection":[{"href":"https:\/\/www.generaldies.com\/es\/wp-json\/wp\/v2\/pages"}],"about":[{"href":"https:\/\/www.generaldies.com\/es\/wp-json\/wp\/v2\/types\/page"}],"author":[{"embeddable":true,"href":"https:\/\/www.generaldies.com\/es\/wp-json\/wp\/v2\/users\/1"}],"replies":[{"embeddable":true,"href":"https:\/\/www.generaldies.com\/es\/wp-json\/wp\/v2\/comments?post=5234"}],"version-history":[{"count":2,"href":"https:\/\/www.generaldies.com\/es\/wp-json\/wp\/v2\/pages\/5234\/revisions"}],"predecessor-version":[{"id":5236,"href":"https:\/\/www.generaldies.com\/es\/wp-json\/wp\/v2\/pages\/5234\/revisions\/5236"}],"up":[{"embeddable":true,"href":"https:\/\/www.generaldies.com\/es\/wp-json\/wp\/v2\/pages\/5216"}],"wp:featuredmedia":[{"embeddable":true,"href":"https:\/\/www.generaldies.com\/es\/wp-json\/wp\/v2\/media\/4312"}],"wp:attachment":[{"href":"https:\/\/www.generaldies.com\/es\/wp-json\/wp\/v2\/media?parent=5234"}],"curies":[{"name":"wp","href":"https:\/\/api.w.org\/{rel}","templated":true}]}}