{"id":5225,"date":"2017-05-30T10:35:03","date_gmt":"2017-05-30T08:35:03","guid":{"rendered":"https:\/\/www.generaldies.com\/servicios\/modernizacion-plantas\/"},"modified":"2017-05-30T10:44:57","modified_gmt":"2017-05-30T08:44:57","slug":"modernizacion-plantas","status":"publish","type":"page","link":"https:\/\/www.generaldies.com\/es\/servicios\/modernizacion-plantas\/","title":{"rendered":"Modernizaci\u00f3n plantas"},"content":{"rendered":"<p>[vc_row][vc_column][vc_column_text]<img loading=\"lazy\" class=\"size-medium wp-image-4679 alignright\" src=\"https:\/\/www.generaldies.com\/wp-content\/uploads\/2017\/03\/ammodernamento-impianti-pellet-222x300.jpg\" alt=\"ammodernamento impianti pellet\" width=\"222\" height=\"300\" srcset=\"https:\/\/www.generaldies.com\/wp-content\/uploads\/2017\/03\/ammodernamento-impianti-pellet-222x300.jpg 222w, https:\/\/www.generaldies.com\/wp-content\/uploads\/2017\/03\/ammodernamento-impianti-pellet.jpg 592w\" sizes=\"(max-width: 222px) 100vw, 222px\" \/>La experiencia adquirida en el dise\u00f1o de las plantas nos permite de atender a las necesidades de modernizaci\u00f3n de plantas obsoletas. Esto permite de aprovechar los espacios existentes, de revisar las m\u00e1quinas en buen estado, de introducir m\u00e1quinas nuevas, en caso necesario, y de poner eficiente todo lo que es ya presente en la planta.<br \/>\nAl hacerlo se reducen considerablemente los costes, evitando in\u00fatiles obras y in\u00fatiles compras, pero con la posibilidad de aumentar la producci\u00f3n y de mejorar y innovar los procesos.[\/vc_column_text][\/vc_column][\/vc_row]<\/p>\n","protected":false},"excerpt":{"rendered":"<p>[vc_row][vc_column][vc_column_text]La experiencia adquirida en el dise\u00f1o de las plantas nos permite de atender a las necesidades de modernizaci\u00f3n de plantas obsoletas. Esto permite de aprovechar los espacios existentes, de revisar las m\u00e1quinas en buen estado, de introducir m\u00e1quinas nuevas, en caso necesario, y de poner eficiente todo lo que es ya presente en la planta. [&hellip;]<\/p>\n","protected":false},"author":1,"featured_media":4312,"parent":5216,"menu_order":46,"comment_status":"closed","ping_status":"closed","template":"","meta":{"_mi_skip_tracking":false},"acf":{"barra_cta":true,"immagine_barra_cta":{"ID":8944,"id":8944,"title":"Team General Dies","filename":"team-video_NEW2.jpg","filesize":117644,"url":"https:\/\/www.generaldies.com\/wp-content\/uploads\/2024\/12\/team-video_NEW2.jpg","link":"https:\/\/www.generaldies.com\/es\/empresa\/team-video_new2-2\/","alt":"","author":"5","description":"","caption":"","name":"team-video_new2-2","status":"inherit","uploaded_to":3447,"date":"2024-12-10 09:46:43","modified":"2024-12-10 13:02:38","menu_order":0,"mime_type":"image\/jpeg","type":"image","subtype":"jpeg","icon":"https:\/\/www.generaldies.com\/wp-includes\/images\/media\/default.png","width":689,"height":321,"sizes":{"thumbnail":"https:\/\/www.generaldies.com\/wp-content\/uploads\/2024\/12\/team-video_NEW2-150x150.jpg","thumbnail-width":150,"thumbnail-height":150,"medium":"https:\/\/www.generaldies.com\/wp-content\/uploads\/2024\/12\/team-video_NEW2-300x140.jpg","medium-width":300,"medium-height":140,"medium_large":"https:\/\/www.generaldies.com\/wp-content\/uploads\/2024\/12\/team-video_NEW2.jpg","medium_large-width":640,"medium_large-height":298,"large":"https:\/\/www.generaldies.com\/wp-content\/uploads\/2024\/12\/team-video_NEW2.jpg","large-width":640,"large-height":298,"1536x1536":"https:\/\/www.generaldies.com\/wp-content\/uploads\/2024\/12\/team-video_NEW2.jpg","1536x1536-width":689,"1536x1536-height":321,"2048x2048":"https:\/\/www.generaldies.com\/wp-content\/uploads\/2024\/12\/team-video_NEW2.jpg","2048x2048-width":689,"2048x2048-height":321,"list-image":"https:\/\/www.generaldies.com\/wp-content\/uploads\/2024\/12\/team-video_NEW2.jpg","list-image-width":689,"list-image-height":321,"square-image":"https:\/\/www.generaldies.com\/wp-content\/uploads\/2024\/12\/team-video_NEW2.jpg","square-image-width":689,"square-image-height":321,"square-image-mini":"https:\/\/www.generaldies.com\/wp-content\/uploads\/2024\/12\/team-video_NEW2-400x321.jpg","square-image-mini-width":400,"square-image-mini-height":321,"banner-image":"https:\/\/www.generaldies.com\/wp-content\/uploads\/2024\/12\/team-video_NEW2-689x270.jpg","banner-image-width":689,"banner-image-height":270,"pc-image":"https:\/\/www.generaldies.com\/wp-content\/uploads\/2024\/12\/team-video_NEW2-200x100.jpg","pc-image-width":200,"pc-image-height":100}}},"yoast_head":"<!-- This site is optimized with the Yoast SEO plugin v16.4 - https:\/\/yoast.com\/wordpress\/plugins\/seo\/ -->\n<title>Modernizaci\u00f3n plantas pellet - General Dies<\/title>\n<meta name=\"description\" content=\"La experiencia en el dise\u00f1o de las plantas nos permite de satisfacer las necesidades de modernizaci\u00f3n de plantas obsoletas.\" \/>\n<meta name=\"robots\" content=\"index, follow, max-snippet:-1, max-image-preview:large, max-video-preview:-1\" \/>\n<link rel=\"canonical\" href=\"https:\/\/www.generaldies.com\/es\/servicios\/modernizacion-plantas\/\" \/>\n<meta property=\"og:locale\" content=\"es_ES\" \/>\n<meta property=\"og:type\" content=\"article\" \/>\n<meta property=\"og:title\" content=\"Modernizaci\u00f3n plantas pellet - General Dies\" \/>\n<meta property=\"og:description\" content=\"La experiencia en el dise\u00f1o de las plantas nos permite de satisfacer las necesidades de modernizaci\u00f3n de plantas obsoletas.\" \/>\n<meta property=\"og:url\" content=\"https:\/\/www.generaldies.com\/es\/servicios\/modernizacion-plantas\/\" \/>\n<meta property=\"og:site_name\" content=\"General Dies\" \/>\n<meta property=\"article:modified_time\" content=\"2017-05-30T08:44:57+00:00\" \/>\n<meta property=\"og:image\" content=\"https:\/\/www.generaldies.com\/wp-content\/uploads\/2017\/02\/Consulenza-Consulting-Service.jpg\" \/>\n\t<meta property=\"og:image:width\" content=\"800\" \/>\n\t<meta property=\"og:image:height\" content=\"603\" \/>\n<meta name=\"twitter:card\" content=\"summary\" \/>\n<meta name=\"twitter:label1\" content=\"Tiempo de lectura\" \/>\n\t<meta name=\"twitter:data1\" content=\"1 minuto\" \/>\n<script type=\"application\/ld+json\" class=\"yoast-schema-graph\">{\"@context\":\"https:\/\/schema.org\",\"@graph\":[{\"@type\":\"WebSite\",\"@id\":\"https:\/\/www.generaldies.com\/it\/#website\",\"url\":\"https:\/\/www.generaldies.com\/it\/\",\"name\":\"General Dies\",\"description\":\"Dal 1960 al servizio della pellettatura\",\"potentialAction\":[{\"@type\":\"SearchAction\",\"target\":\"https:\/\/www.generaldies.com\/it\/?s={search_term_string}\",\"query-input\":\"required name=search_term_string\"}],\"inLanguage\":\"es\"},{\"@type\":\"ImageObject\",\"@id\":\"https:\/\/www.generaldies.com\/es\/servicios\/modernizacion-plantas\/#primaryimage\",\"inLanguage\":\"es\",\"url\":\"https:\/\/www.generaldies.com\/wp-content\/uploads\/2017\/02\/Consulenza-Consulting-Service.jpg\",\"contentUrl\":\"https:\/\/www.generaldies.com\/wp-content\/uploads\/2017\/02\/Consulenza-Consulting-Service.jpg\",\"width\":800,\"height\":603,\"caption\":\"Consulenza - Consulting Service\"},{\"@type\":\"WebPage\",\"@id\":\"https:\/\/www.generaldies.com\/es\/servicios\/modernizacion-plantas\/#webpage\",\"url\":\"https:\/\/www.generaldies.com\/es\/servicios\/modernizacion-plantas\/\",\"name\":\"Modernizaci\\u00f3n plantas pellet - General Dies\",\"isPartOf\":{\"@id\":\"https:\/\/www.generaldies.com\/it\/#website\"},\"primaryImageOfPage\":{\"@id\":\"https:\/\/www.generaldies.com\/es\/servicios\/modernizacion-plantas\/#primaryimage\"},\"datePublished\":\"2017-05-30T08:35:03+00:00\",\"dateModified\":\"2017-05-30T08:44:57+00:00\",\"description\":\"La experiencia en el dise\\u00f1o de las plantas nos permite de satisfacer las necesidades de modernizaci\\u00f3n de plantas obsoletas.\",\"breadcrumb\":{\"@id\":\"https:\/\/www.generaldies.com\/es\/servicios\/modernizacion-plantas\/#breadcrumb\"},\"inLanguage\":\"es\",\"potentialAction\":[{\"@type\":\"ReadAction\",\"target\":[\"https:\/\/www.generaldies.com\/es\/servicios\/modernizacion-plantas\/\"]}]},{\"@type\":\"BreadcrumbList\",\"@id\":\"https:\/\/www.generaldies.com\/es\/servicios\/modernizacion-plantas\/#breadcrumb\",\"itemListElement\":[{\"@type\":\"ListItem\",\"position\":1,\"item\":{\"@type\":\"WebPage\",\"@id\":\"https:\/\/www.generaldies.com\/es\/\",\"url\":\"https:\/\/www.generaldies.com\/es\/\",\"name\":\"Home\"}},{\"@type\":\"ListItem\",\"position\":2,\"item\":{\"@type\":\"WebPage\",\"@id\":\"https:\/\/www.generaldies.com\/es\/servicios\/\",\"url\":\"https:\/\/www.generaldies.com\/es\/servicios\/\",\"name\":\"Servicios\"}},{\"@type\":\"ListItem\",\"position\":3,\"item\":{\"@id\":\"https:\/\/www.generaldies.com\/es\/servicios\/modernizacion-plantas\/#webpage\"}}]}]}<\/script>\n<!-- \/ Yoast SEO plugin. -->","_links":{"self":[{"href":"https:\/\/www.generaldies.com\/es\/wp-json\/wp\/v2\/pages\/5225"}],"collection":[{"href":"https:\/\/www.generaldies.com\/es\/wp-json\/wp\/v2\/pages"}],"about":[{"href":"https:\/\/www.generaldies.com\/es\/wp-json\/wp\/v2\/types\/page"}],"author":[{"embeddable":true,"href":"https:\/\/www.generaldies.com\/es\/wp-json\/wp\/v2\/users\/1"}],"replies":[{"embeddable":true,"href":"https:\/\/www.generaldies.com\/es\/wp-json\/wp\/v2\/comments?post=5225"}],"version-history":[{"count":4,"href":"https:\/\/www.generaldies.com\/es\/wp-json\/wp\/v2\/pages\/5225\/revisions"}],"predecessor-version":[{"id":5229,"href":"https:\/\/www.generaldies.com\/es\/wp-json\/wp\/v2\/pages\/5225\/revisions\/5229"}],"up":[{"embeddable":true,"href":"https:\/\/www.generaldies.com\/es\/wp-json\/wp\/v2\/pages\/5216"}],"wp:featuredmedia":[{"embeddable":true,"href":"https:\/\/www.generaldies.com\/es\/wp-json\/wp\/v2\/media\/4312"}],"wp:attachment":[{"href":"https:\/\/www.generaldies.com\/es\/wp-json\/wp\/v2\/media?parent=5225"}],"curies":[{"name":"wp","href":"https:\/\/api.w.org\/{rel}","templated":true}]}}