{"id":5216,"date":"2017-05-30T10:31:17","date_gmt":"2017-05-30T08:31:17","guid":{"rendered":"https:\/\/www.generaldies.com\/servicios\/"},"modified":"2017-05-30T10:32:40","modified_gmt":"2017-05-30T08:32:40","slug":"servicios","status":"publish","type":"page","link":"https:\/\/www.generaldies.com\/es\/servicios\/","title":{"rendered":"Servicios"},"content":{"rendered":"<p>[vc_row][vc_column width=\u00bb1\/4&#8243; el_class=\u00bbbox-altra-pagina\u00bb][vc_single_image image=\u00bb4647&#8243; img_size=\u00bblist-image\u00bb onclick=\u00bbcustom_link\u00bb link=\u00bbhttps:\/\/www.generaldies.com\/servizi\/progettazione-impianti\/\u00bb][vc_column_text]Dise\u00f1o de plantas[\/vc_column_text][\/vc_column][vc_column width=\u00bb1\/4&#8243; el_class=\u00bbbox-altra-pagina\u00bb][vc_single_image image=\u00bb87&#8243; img_size=\u00bblist-image\u00bb onclick=\u00bbcustom_link\u00bb link=\u00bbhttps:\/\/www.generaldies.com\/servizi\/ammodernamento-impianti\/\u00bb][vc_column_text]Modernizaci\u00f3n plantas[\/vc_column_text][\/vc_column][vc_column width=\u00bb1\/4&#8243; el_class=\u00bbbox-altra-pagina\u00bb][vc_single_image image=\u00bb4307&#8243; img_size=\u00bblist-image\u00bb onclick=\u00bbcustom_link\u00bb link=\u00bbhttps:\/\/www.generaldies.com\/servizi\/consulenza\/\u00bb][vc_column_text]Asesoramiento y asistencia[\/vc_column_text][\/vc_column][vc_column width=\u00bb1\/4&#8243; el_class=\u00bbbox-altra-pagina\u00bb][vc_single_image image=\u00bb4653&#8243; img_size=\u00bblist-image\u00bb onclick=\u00bbcustom_link\u00bb link=\u00bbhttps:\/\/www.generaldies.com\/servizi\/service-e-manutenzione\/\u00bb][vc_column_text]Servicio y mantenimiento[\/vc_column_text][\/vc_column][\/vc_row][vc_row][vc_column width=\u00bb1\/4&#8243; el_class=\u00bbbox-altra-pagina\u00bb][vc_single_image image=\u00bb4659&#8243; img_size=\u00bblist-image\u00bb onclick=\u00bbcustom_link\u00bb link=\u00bbhttps:\/\/www.generaldies.com\/servizi\/riparazione-rulli-camicie\/\u00bb][vc_column_text]Reparaci\u00f3n de matrices, rolos y camisas[\/vc_column_text][\/vc_column][vc_column width=\u00bb1\/4&#8243; el_class=\u00bbbox-altra-pagina\u00bb][vc_single_image image=\u00bb4702&#8243; img_size=\u00bblist-image\u00bb onclick=\u00bbcustom_link\u00bb link=\u00bbhttps:\/\/www.generaldies.com\/servizi\/riparazione-macchine\/\u00bb][vc_column_text]Reparaci\u00f3n maquinas[\/vc_column_text][\/vc_column][vc_column width=\u00bb1\/4&#8243; el_class=\u00bbbox-altra-pagina\u00bb][vc_single_image image=\u00bb4666&#8243; img_size=\u00bblist-image\u00bb onclick=\u00bbcustom_link\u00bb link=\u00bbhttps:\/\/www.generaldies.com\/servizi\/sala-prove\/\u00bb][vc_column_text]Sala de pruebas[\/vc_column_text][\/vc_column][vc_column width=\u00bb1\/4&#8243; el_class=\u00bbbox-altra-pagina\u00bb][vc_single_image image=\u00bb4672&#8243; img_size=\u00bblist-image\u00bb onclick=\u00bbcustom_link\u00bb link=\u00bbhttps:\/\/www.generaldies.com\/servizi\/automazione-macchine-impianti\/\u00bb][vc_column_text]Automatizaci\u00f3n m\u00e1quinas y plantas[\/vc_column_text][\/vc_column][\/vc_row]<\/p>\n","protected":false},"excerpt":{"rendered":"<p>[vc_row][vc_column width=\u00bb1\/4&#8243; el_class=\u00bbbox-altra-pagina\u00bb][vc_single_image image=\u00bb4647&#8243; img_size=\u00bblist-image\u00bb onclick=\u00bbcustom_link\u00bb link=\u00bbhttps:\/\/www.generaldies.com\/servizi\/progettazione-impianti\/\u00bb][vc_column_text]Dise\u00f1o de plantas[\/vc_column_text][\/vc_column][vc_column width=\u00bb1\/4&#8243; el_class=\u00bbbox-altra-pagina\u00bb][vc_single_image image=\u00bb87&#8243; img_size=\u00bblist-image\u00bb onclick=\u00bbcustom_link\u00bb link=\u00bbhttps:\/\/www.generaldies.com\/servizi\/ammodernamento-impianti\/\u00bb][vc_column_text]Modernizaci\u00f3n plantas[\/vc_column_text][\/vc_column][vc_column width=\u00bb1\/4&#8243; el_class=\u00bbbox-altra-pagina\u00bb][vc_single_image image=\u00bb4307&#8243; img_size=\u00bblist-image\u00bb onclick=\u00bbcustom_link\u00bb link=\u00bbhttps:\/\/www.generaldies.com\/servizi\/consulenza\/\u00bb][vc_column_text]Asesoramiento y asistencia[\/vc_column_text][\/vc_column][vc_column width=\u00bb1\/4&#8243; el_class=\u00bbbox-altra-pagina\u00bb][vc_single_image image=\u00bb4653&#8243; img_size=\u00bblist-image\u00bb onclick=\u00bbcustom_link\u00bb link=\u00bbhttps:\/\/www.generaldies.com\/servizi\/service-e-manutenzione\/\u00bb][vc_column_text]Servicio y mantenimiento[\/vc_column_text][\/vc_column][\/vc_row][vc_row][vc_column width=\u00bb1\/4&#8243; el_class=\u00bbbox-altra-pagina\u00bb][vc_single_image image=\u00bb4659&#8243; img_size=\u00bblist-image\u00bb onclick=\u00bbcustom_link\u00bb link=\u00bbhttps:\/\/www.generaldies.com\/servizi\/riparazione-rulli-camicie\/\u00bb][vc_column_text]Reparaci\u00f3n de matrices, rolos y camisas[\/vc_column_text][\/vc_column][vc_column width=\u00bb1\/4&#8243; el_class=\u00bbbox-altra-pagina\u00bb][vc_single_image image=\u00bb4702&#8243; img_size=\u00bblist-image\u00bb onclick=\u00bbcustom_link\u00bb link=\u00bbhttps:\/\/www.generaldies.com\/servizi\/riparazione-macchine\/\u00bb][vc_column_text]Reparaci\u00f3n maquinas[\/vc_column_text][\/vc_column][vc_column width=\u00bb1\/4&#8243; el_class=\u00bbbox-altra-pagina\u00bb][vc_single_image image=\u00bb4666&#8243; img_size=\u00bblist-image\u00bb onclick=\u00bbcustom_link\u00bb [&hellip;]<\/p>\n","protected":false},"author":1,"featured_media":4862,"parent":0,"menu_order":185,"comment_status":"closed","ping_status":"closed","template":"","meta":{"_mi_skip_tracking":false},"acf":{"barra_cta":false},"yoast_head":"<!-- This site is optimized with the Yoast SEO plugin v16.4 - https:\/\/yoast.com\/wordpress\/plugins\/seo\/ -->\n<title>Todos los servicios - General Dies<\/title>\n<meta name=\"description\" content=\"General Dies puede ofrecerte servicios y asesoramiento para la realizaci\u00f3n de plantas completas, para el mantenimiento y no s\u00f3lo. Descubre m\u00e1s.\" \/>\n<meta name=\"robots\" content=\"index, follow, max-snippet:-1, max-image-preview:large, max-video-preview:-1\" \/>\n<link rel=\"canonical\" href=\"https:\/\/www.generaldies.com\/es\/servicios\/\" \/>\n<meta property=\"og:locale\" content=\"es_ES\" \/>\n<meta property=\"og:type\" content=\"article\" \/>\n<meta property=\"og:title\" content=\"Todos los servicios - General Dies\" \/>\n<meta property=\"og:description\" content=\"General Dies puede ofrecerte servicios y asesoramiento para la realizaci\u00f3n de plantas completas, para el mantenimiento y no s\u00f3lo. Descubre m\u00e1s.\" \/>\n<meta property=\"og:url\" content=\"https:\/\/www.generaldies.com\/es\/servicios\/\" \/>\n<meta property=\"og:site_name\" content=\"General Dies\" \/>\n<meta property=\"article:modified_time\" content=\"2017-05-30T08:32:40+00:00\" \/>\n<meta property=\"og:image\" content=\"https:\/\/www.generaldies.com\/wp-content\/uploads\/2017\/03\/servizi.jpg\" \/>\n\t<meta property=\"og:image:width\" content=\"1995\" \/>\n\t<meta property=\"og:image:height\" content=\"685\" \/>\n<meta name=\"twitter:card\" content=\"summary\" \/>\n<meta name=\"twitter:label1\" content=\"Tiempo de lectura\" \/>\n\t<meta name=\"twitter:data1\" content=\"1 minuto\" \/>\n<script type=\"application\/ld+json\" class=\"yoast-schema-graph\">{\"@context\":\"https:\/\/schema.org\",\"@graph\":[{\"@type\":\"WebSite\",\"@id\":\"https:\/\/www.generaldies.com\/it\/#website\",\"url\":\"https:\/\/www.generaldies.com\/it\/\",\"name\":\"General Dies\",\"description\":\"Dal 1960 al servizio della pellettatura\",\"potentialAction\":[{\"@type\":\"SearchAction\",\"target\":\"https:\/\/www.generaldies.com\/it\/?s={search_term_string}\",\"query-input\":\"required name=search_term_string\"}],\"inLanguage\":\"es\"},{\"@type\":\"ImageObject\",\"@id\":\"https:\/\/www.generaldies.com\/es\/servicios\/#primaryimage\",\"inLanguage\":\"es\",\"url\":\"https:\/\/www.generaldies.com\/wp-content\/uploads\/2017\/03\/servizi.jpg\",\"contentUrl\":\"https:\/\/www.generaldies.com\/wp-content\/uploads\/2017\/03\/servizi.jpg\",\"width\":1995,\"height\":685,\"caption\":\"servizi\"},{\"@type\":\"WebPage\",\"@id\":\"https:\/\/www.generaldies.com\/es\/servicios\/#webpage\",\"url\":\"https:\/\/www.generaldies.com\/es\/servicios\/\",\"name\":\"Todos los servicios - General Dies\",\"isPartOf\":{\"@id\":\"https:\/\/www.generaldies.com\/it\/#website\"},\"primaryImageOfPage\":{\"@id\":\"https:\/\/www.generaldies.com\/es\/servicios\/#primaryimage\"},\"datePublished\":\"2017-05-30T08:31:17+00:00\",\"dateModified\":\"2017-05-30T08:32:40+00:00\",\"description\":\"General Dies puede ofrecerte servicios y asesoramiento para la realizaci\\u00f3n de plantas completas, para el mantenimiento y no s\\u00f3lo. Descubre m\\u00e1s.\",\"breadcrumb\":{\"@id\":\"https:\/\/www.generaldies.com\/es\/servicios\/#breadcrumb\"},\"inLanguage\":\"es\",\"potentialAction\":[{\"@type\":\"ReadAction\",\"target\":[\"https:\/\/www.generaldies.com\/es\/servicios\/\"]}]},{\"@type\":\"BreadcrumbList\",\"@id\":\"https:\/\/www.generaldies.com\/es\/servicios\/#breadcrumb\",\"itemListElement\":[{\"@type\":\"ListItem\",\"position\":1,\"item\":{\"@type\":\"WebPage\",\"@id\":\"https:\/\/www.generaldies.com\/es\/\",\"url\":\"https:\/\/www.generaldies.com\/es\/\",\"name\":\"Home\"}},{\"@type\":\"ListItem\",\"position\":2,\"item\":{\"@id\":\"https:\/\/www.generaldies.com\/es\/servicios\/#webpage\"}}]}]}<\/script>\n<!-- \/ Yoast SEO plugin. -->","_links":{"self":[{"href":"https:\/\/www.generaldies.com\/es\/wp-json\/wp\/v2\/pages\/5216"}],"collection":[{"href":"https:\/\/www.generaldies.com\/es\/wp-json\/wp\/v2\/pages"}],"about":[{"href":"https:\/\/www.generaldies.com\/es\/wp-json\/wp\/v2\/types\/page"}],"author":[{"embeddable":true,"href":"https:\/\/www.generaldies.com\/es\/wp-json\/wp\/v2\/users\/1"}],"replies":[{"embeddable":true,"href":"https:\/\/www.generaldies.com\/es\/wp-json\/wp\/v2\/comments?post=5216"}],"version-history":[{"count":8,"href":"https:\/\/www.generaldies.com\/es\/wp-json\/wp\/v2\/pages\/5216\/revisions"}],"predecessor-version":[{"id":5224,"href":"https:\/\/www.generaldies.com\/es\/wp-json\/wp\/v2\/pages\/5216\/revisions\/5224"}],"wp:featuredmedia":[{"embeddable":true,"href":"https:\/\/www.generaldies.com\/es\/wp-json\/wp\/v2\/media\/4862"}],"wp:attachment":[{"href":"https:\/\/www.generaldies.com\/es\/wp-json\/wp\/v2\/media?parent=5216"}],"curies":[{"name":"wp","href":"https:\/\/api.w.org\/{rel}","templated":true}]}}