{"id":5211,"date":"2017-05-30T10:26:10","date_gmt":"2017-05-30T08:26:10","guid":{"rendered":"https:\/\/www.generaldies.com\/plantas-de-pellet\/plantas-para-plastico\/"},"modified":"2017-05-30T10:27:37","modified_gmt":"2017-05-30T08:27:37","slug":"plantas-para-plastico","status":"publish","type":"page","link":"https:\/\/www.generaldies.com\/es\/plantas-de-pellet\/plantas-para-plastico\/","title":{"rendered":"Plantas para pl\u00e1stico"},"content":{"rendered":"<p>[vc_row][vc_column width=\u00bb2\/3&#8243;][vc_column_text]<img loading=\"lazy\" class=\"wp-image-4632 size-full alignleft\" src=\"https:\/\/www.generaldies.com\/wp-content\/uploads\/2017\/03\/cold-plast-black.jpg\" alt=\"cold plast black\" width=\"250\" height=\"269\" \/><\/p>\n<p>Cold Plast es el sin\u00f3nimo de una nueva tecnolog\u00eda revolucionaria capaz de preparar materiales termopl\u00e1sticos (masters, comp\u00f3sitos, blends, comounds) a partir de pol\u00edmeros de base no procesados (no peletizados) que se procesan con un sistema en fr\u00edo que realiza un gr\u00e1nulo de excelente calidad.<\/p>\n<p>Naturalmente este proceso en fr\u00edo permite de ahorrar energ\u00eda y de obtener mezclas de part\u00edculas homog\u00e9neas conectadas entre ellos a nivel microsc\u00f3pico y conservaci\u00f3n de las propiedades tecnol\u00f3gicas.<\/p>\n<p>Esta nueva tecnolog\u00eda produce pellet que pueden ser despu\u00e9s procesados utilizando plantas tradicionales para extrusi\u00f3n, preforma mediante la inyecci\u00f3n etc.<\/p>\n<p>Para producir estos pellet fue dise\u00f1ada una otra m\u00e1quina especial que gracias al proceso Cold Plasting permite de obtener un producto homog\u00e9neo complejo\/extruso.<\/p>\n<p>En el cuadro siguiente, hay algunos datos de un blend complejo PC \/ ABS \/ SAN producido con el sistema Cold Plast sin la ayuda de compactibilizantes qu\u00edmicos. Despu\u00e9s, el blend PC \/ ABS \/ SAN fue procesado utilizando una m\u00e1quina para la preforma mediante la inyecci\u00f3n y caracterizados.[\/vc_column_text][\/vc_column][vc_column width=\u00bb1\/3&#8243;][vc_single_image image=\u00bb4638&#8243; img_size=\u00bblarge\u00bb][\/vc_column][\/vc_row][vc_row][vc_column][vc_column_text]<\/p>\n<h3 style=\"text-align: center;\"><strong>(65% PC + 25% ABS + 10% SAN) BLEND<\/strong><\/h3>\n<p>[\/vc_column_text][vc_table vc_table_theme=\u00bbsimple_pink\u00bb]Properties,ISO%20Standard,Measure%20Unit,Typical%20Values|M.F.I.%20260%C2%B0C%2F5%20Kg,1133,g%2F10&#8242;,19.4|IZOD%20Resilience%20c.i.%204%20mm,180%2F1A,KJ%2Fm%C2%B2,37|CHARPY%20Resilience%20s.i.%204%20mm,179%2F1eU,KJ%2Fm%C2%B2,NB|VICAT%20B%2F%2050%C2%B0C,306,%C2%B0C,110|Flexural%20Max%20load,178,MPa,67|Elastic%20Modulus,178,MPa,2000|H.D.T.%201.82%20MPa,75,%C2%B0C,105|Tensile%20max%20load,527,MPa,At%20yield%2041.6%20%7C%20At%20break%2036.3|Tensile%20elongation,527,%25,At%20yield%206.4%20%7C%20At%20break%2040|Density,1183,g%2Fcm%C2%B3,01.10.00|Longitudinal%20shrinkage,internal,%25,1[\/vc_table][\/vc_column][\/vc_row]<\/p>\n","protected":false},"excerpt":{"rendered":"<p>[vc_row][vc_column width=\u00bb2\/3&#8243;][vc_column_text] Cold Plast es el sin\u00f3nimo de una nueva tecnolog\u00eda revolucionaria capaz de preparar materiales termopl\u00e1sticos (masters, comp\u00f3sitos, blends, comounds) a partir de pol\u00edmeros de base no procesados (no peletizados) que se procesan con un sistema en fr\u00edo que realiza un gr\u00e1nulo de excelente calidad. Naturalmente este proceso en fr\u00edo permite de ahorrar energ\u00eda [&hellip;]<\/p>\n","protected":false},"author":1,"featured_media":4779,"parent":5171,"menu_order":16,"comment_status":"closed","ping_status":"closed","template":"pages-templates\/page-with-contact-cta.php","meta":{"_mi_skip_tracking":false},"acf":{"barra_cta":false},"yoast_head":"<!-- This site is optimized with the Yoast SEO plugin v16.4 - https:\/\/yoast.com\/wordpress\/plugins\/seo\/ -->\n<title>Cold Plast, producci\u00f3n pellet pl\u00e1stico - General Dies<\/title>\n<meta name=\"description\" content=\"Podemos producir pellet que pueden ser despu\u00e9s procesados utilizando plantas tradicionales para extrusion, preforma mediante la inyecci\u00f3n y no s\u00f3lo.\" \/>\n<meta name=\"robots\" content=\"index, follow, max-snippet:-1, max-image-preview:large, max-video-preview:-1\" \/>\n<link rel=\"canonical\" href=\"https:\/\/www.generaldies.com\/es\/plantas-de-pellet\/plantas-para-plastico\/\" \/>\n<meta property=\"og:locale\" content=\"es_ES\" \/>\n<meta property=\"og:type\" content=\"article\" \/>\n<meta property=\"og:title\" content=\"Cold Plast, producci\u00f3n pellet pl\u00e1stico - General Dies\" \/>\n<meta property=\"og:description\" content=\"Podemos producir pellet que pueden ser despu\u00e9s procesados utilizando plantas tradicionales para extrusion, preforma mediante la inyecci\u00f3n y no s\u00f3lo.\" \/>\n<meta property=\"og:url\" content=\"https:\/\/www.generaldies.com\/es\/plantas-de-pellet\/plantas-para-plastico\/\" \/>\n<meta property=\"og:site_name\" content=\"General Dies\" \/>\n<meta property=\"article:modified_time\" content=\"2017-05-30T08:27:37+00:00\" \/>\n<meta property=\"og:image\" content=\"https:\/\/www.generaldies.com\/wp-content\/uploads\/2017\/03\/plastica.jpg\" \/>\n\t<meta property=\"og:image:width\" content=\"800\" \/>\n\t<meta property=\"og:image:height\" content=\"600\" \/>\n<meta name=\"twitter:card\" content=\"summary\" \/>\n<meta name=\"twitter:label1\" content=\"Tiempo de lectura\" \/>\n\t<meta name=\"twitter:data1\" content=\"2 minutos\" \/>\n<script type=\"application\/ld+json\" class=\"yoast-schema-graph\">{\"@context\":\"https:\/\/schema.org\",\"@graph\":[{\"@type\":\"WebSite\",\"@id\":\"https:\/\/www.generaldies.com\/it\/#website\",\"url\":\"https:\/\/www.generaldies.com\/it\/\",\"name\":\"General Dies\",\"description\":\"Dal 1960 al servizio della pellettatura\",\"potentialAction\":[{\"@type\":\"SearchAction\",\"target\":\"https:\/\/www.generaldies.com\/it\/?s={search_term_string}\",\"query-input\":\"required name=search_term_string\"}],\"inLanguage\":\"es\"},{\"@type\":\"ImageObject\",\"@id\":\"https:\/\/www.generaldies.com\/es\/plantas-de-pellet\/plantas-para-plastico\/#primaryimage\",\"inLanguage\":\"es\",\"url\":\"https:\/\/www.generaldies.com\/wp-content\/uploads\/2017\/03\/plastica.jpg\",\"contentUrl\":\"https:\/\/www.generaldies.com\/wp-content\/uploads\/2017\/03\/plastica.jpg\",\"width\":800,\"height\":600,\"caption\":\"plastica\"},{\"@type\":\"WebPage\",\"@id\":\"https:\/\/www.generaldies.com\/es\/plantas-de-pellet\/plantas-para-plastico\/#webpage\",\"url\":\"https:\/\/www.generaldies.com\/es\/plantas-de-pellet\/plantas-para-plastico\/\",\"name\":\"Cold Plast, producci\\u00f3n pellet pl\\u00e1stico - General Dies\",\"isPartOf\":{\"@id\":\"https:\/\/www.generaldies.com\/it\/#website\"},\"primaryImageOfPage\":{\"@id\":\"https:\/\/www.generaldies.com\/es\/plantas-de-pellet\/plantas-para-plastico\/#primaryimage\"},\"datePublished\":\"2017-05-30T08:26:10+00:00\",\"dateModified\":\"2017-05-30T08:27:37+00:00\",\"description\":\"Podemos producir pellet que pueden ser despu\\u00e9s procesados utilizando plantas tradicionales para extrusion, preforma mediante la inyecci\\u00f3n y no s\\u00f3lo.\",\"breadcrumb\":{\"@id\":\"https:\/\/www.generaldies.com\/es\/plantas-de-pellet\/plantas-para-plastico\/#breadcrumb\"},\"inLanguage\":\"es\",\"potentialAction\":[{\"@type\":\"ReadAction\",\"target\":[\"https:\/\/www.generaldies.com\/es\/plantas-de-pellet\/plantas-para-plastico\/\"]}]},{\"@type\":\"BreadcrumbList\",\"@id\":\"https:\/\/www.generaldies.com\/es\/plantas-de-pellet\/plantas-para-plastico\/#breadcrumb\",\"itemListElement\":[{\"@type\":\"ListItem\",\"position\":1,\"item\":{\"@type\":\"WebPage\",\"@id\":\"https:\/\/www.generaldies.com\/es\/\",\"url\":\"https:\/\/www.generaldies.com\/es\/\",\"name\":\"Home\"}},{\"@type\":\"ListItem\",\"position\":2,\"item\":{\"@type\":\"WebPage\",\"@id\":\"https:\/\/www.generaldies.com\/es\/plantas-de-pellet\/\",\"url\":\"https:\/\/www.generaldies.com\/es\/plantas-de-pellet\/\",\"name\":\"Plantas de pellet\"}},{\"@type\":\"ListItem\",\"position\":3,\"item\":{\"@id\":\"https:\/\/www.generaldies.com\/es\/plantas-de-pellet\/plantas-para-plastico\/#webpage\"}}]}]}<\/script>\n<!-- \/ Yoast SEO plugin. -->","_links":{"self":[{"href":"https:\/\/www.generaldies.com\/es\/wp-json\/wp\/v2\/pages\/5211"}],"collection":[{"href":"https:\/\/www.generaldies.com\/es\/wp-json\/wp\/v2\/pages"}],"about":[{"href":"https:\/\/www.generaldies.com\/es\/wp-json\/wp\/v2\/types\/page"}],"author":[{"embeddable":true,"href":"https:\/\/www.generaldies.com\/es\/wp-json\/wp\/v2\/users\/1"}],"replies":[{"embeddable":true,"href":"https:\/\/www.generaldies.com\/es\/wp-json\/wp\/v2\/comments?post=5211"}],"version-history":[{"count":4,"href":"https:\/\/www.generaldies.com\/es\/wp-json\/wp\/v2\/pages\/5211\/revisions"}],"predecessor-version":[{"id":5215,"href":"https:\/\/www.generaldies.com\/es\/wp-json\/wp\/v2\/pages\/5211\/revisions\/5215"}],"up":[{"embeddable":true,"href":"https:\/\/www.generaldies.com\/es\/wp-json\/wp\/v2\/pages\/5171"}],"wp:featuredmedia":[{"embeddable":true,"href":"https:\/\/www.generaldies.com\/es\/wp-json\/wp\/v2\/media\/4779"}],"wp:attachment":[{"href":"https:\/\/www.generaldies.com\/es\/wp-json\/wp\/v2\/media?parent=5211"}],"curies":[{"name":"wp","href":"https:\/\/api.w.org\/{rel}","templated":true}]}}