{"id":5196,"date":"2017-05-30T10:05:07","date_gmt":"2017-05-30T08:05:07","guid":{"rendered":"https:\/\/www.generaldies.com\/plantas-de-pellet\/plantas-para-paja-heno-hierba\/"},"modified":"2017-05-30T10:15:21","modified_gmt":"2017-05-30T08:15:21","slug":"plantas-para-paja-heno-hierba","status":"publish","type":"page","link":"https:\/\/www.generaldies.com\/es\/plantas-de-pellet\/plantas-para-paja-heno-hierba\/","title":{"rendered":"Plantas para paja, heno, hierba"},"content":{"rendered":"<p>[vc_row][vc_column width=\u00bb2\/3&#8243;][vc_column_text]<img loading=\"lazy\" class=\"wp-image-4592 size-medium alignleft\" src=\"https:\/\/www.generaldies.com\/wp-content\/uploads\/2017\/03\/balle-di-paglia-campo-300x200.jpg\" alt=\"balle di paglia\" width=\"300\" height=\"200\" \/><\/p>\n<p>Ofrecemos plantas completas y l\u00edneas de peletizaci\u00f3n para el tratamiento y la producci\u00f3n de paja, heno, alfalfa, forraje etc.<br \/>\nSeg\u00fan las demandas del cliente y de las caracter\u00edsticas constructivas, nuestras plantas presentan caracter\u00edsticas constructivas y capacidades de producci\u00f3n diferentes.<\/p>\n<p>Fases de proceso:<\/p>\n<ul>\n<li>Fase A: Trinchadura<\/li>\n<li>Fase B: Desecaci\u00f3n<\/li>\n<li>Fase C: Refinaci\u00f3n &#8211; Molienda<\/li>\n<li>Fase D: Mezcla<\/li>\n<li>Fase E: Peletizaci\u00f3n<\/li>\n<li>Fase F: Enfriamiento<\/li>\n<li>Fase G: Tamizaci\u00f3n<\/li>\n<li>Fase H: Embolsado<\/li>\n<\/ul>\n<p>[\/vc_column_text][\/vc_column][vc_column width=\u00bb1\/3&#8243;][vc_single_image image=\u00bb4604&#8243; img_size=\u00bblarge\u00bb][vc_single_image image=\u00bb4598&#8243; img_size=\u00bblarge\u00bb][\/vc_column][\/vc_row][vc_row][vc_column][vc_separator css=\u00bb.vc_custom_1488874858284{margin-top: 50px !important;margin-bottom: 50px !important;}\u00bb][\/vc_column][\/vc_row][vc_row][vc_column][vc_single_image image=\u00bb4581&#8243; img_size=\u00bblarge\u00bb alignment=\u00bbcenter\u00bb][vc_column_text]<\/p>\n<h3>FASE \u2018A\u2019: TRINCHADURA<\/h3>\n<p>El proceso de trinchadura del producto es necesario para la reducci\u00f3n de las dimensiones de la materia prima, construida principalmente de 2 formas: &#8211; Balas prism\u00e1ticas &#8211; rotobalas cil\u00edndricas. El producto que se obtiene es una trituraci\u00f3n media denominada \u201ctrinchado\u201d adecuado a ser transportado a trav\u00e9s de normales sistemas de transporte. Puede ser seco o h\u00famedo, en el primer caso el producto pasa directamente a la fase de refinaci\u00f3n. En el segundo caso el producto tiene que ser secado para obtener una humedad correcta para poder ser introducido en la m\u00e1quina.<\/p>\n<h3>FASE \u2018B\u2019: DESECACI\u00d3N<\/h3>\n<p>La fase de desecaci\u00f3n es necesaria para reducir la cantidad de humedad del producto desde unos 80-90% hasta no m\u00e1s de 12-13%. La m\u00e1quina puede ser de tipo a tambor rotativo o a cinta, tiene un quemador que puede ser alimentado a fuel o gas.<\/p>\n<h3>FASE \u2018C\u2019: REFINACI\u00d3N \u2013 MOLIENDA<\/h3>\n<p>Despu\u00e9s de la desecaci\u00f3n, un refinador completo de unidad de aspiraci\u00f3n, reduce las dimensiones del producto para poderlo preparar a la fase de peletizaci\u00f3n. Adem\u00e1s el producto se limpia de posibles piezas met\u00e1licas o otros.<\/p>\n<h3>FASE \u2018D\u2019: MEZCLA<\/h3>\n<p>Un silo mezclador homogeneiza el producto de modo que se pueda almacenar.<\/p>\n<h3>FASE\u2019E\u2019: PELETIZACI\u00d3N<\/h3>\n<p>El producto se despacha en la m\u00e1quina y a trav\u00e9s del acondicionador pueden ser a\u00f1adidos ingredientes, antes de entrar en el grupo prensor y antes de ser transformado en pellet a trav\u00e9s de la matriz. Fuera de \u00e9sta, hay cuchillas regulables que cortan el pellet a la longitud que se quiere.<\/p>\n<h3>FASE \u2018F\u2019: ENFRIAMIENTO<\/h3>\n<p>Despu\u00e9s de la peletizaci\u00f3n, el producto es muy caliente. Es necesario enfriar el producto hasta la temperatura de unos +5\u00b0C para dar la necesaria dureza o el estado \u00f3ptimo para su almacenamiento. La m\u00e1quina es un enfriador contracorriente completo de la l\u00ednea de aspiraci\u00f3n de \u2019aire y de la recuperaci\u00f3n del polvo<\/p>\n<h3>FASE \u2018G\u2019: TAMIZACION<\/h3>\n<p>La fase de tamizaci\u00f3n limpia el producto del polvo, las que se reintroducen en el ciclo productivo.<\/p>\n<h3>FASE \u2018H\u2019: EMBOLSADO<\/h3>\n<p>El producto peletizado se muda en la zona de embolsado antes de la entrega. Puede ser envasado en big bags o en sacos; las m\u00e1quinas para el embolsado pueden ser manuales, semi autom\u00e1ticas o autom\u00e1ticas seg\u00fan la producci\u00f3n solicitada.[\/vc_column_text][\/vc_column][\/vc_row]<\/p>\n","protected":false},"excerpt":{"rendered":"<p>[vc_row][vc_column width=\u00bb2\/3&#8243;][vc_column_text] Ofrecemos plantas completas y l\u00edneas de peletizaci\u00f3n para el tratamiento y la producci\u00f3n de paja, heno, alfalfa, forraje etc. Seg\u00fan las demandas del cliente y de las caracter\u00edsticas constructivas, nuestras plantas presentan caracter\u00edsticas constructivas y capacidades de producci\u00f3n diferentes. Fases de proceso: Fase A: Trinchadura Fase B: Desecaci\u00f3n Fase C: Refinaci\u00f3n &#8211; Molienda [&hellip;]<\/p>\n","protected":false},"author":1,"featured_media":4508,"parent":5171,"menu_order":33,"comment_status":"closed","ping_status":"closed","template":"pages-templates\/page-with-contact-cta.php","meta":{"_mi_skip_tracking":false},"acf":{"barra_cta":false},"yoast_head":"<!-- This site is optimized with the Yoast SEO plugin v16.4 - https:\/\/yoast.com\/wordpress\/plugins\/seo\/ -->\n<title>Plantas de peletizaci\u00f3n paja heno alfalfa - General Dies<\/title>\n<meta name=\"description\" content=\"Ofrecemos plantas completas y l\u00edneas de peletizaci\u00f3n para el tratamiento y la producci\u00f3n de paja, heno, alfalfa, forraje y no s\u00f3lo. Descubre m\u00e1s.\" \/>\n<meta name=\"robots\" content=\"index, follow, max-snippet:-1, max-image-preview:large, max-video-preview:-1\" \/>\n<link rel=\"canonical\" href=\"https:\/\/www.generaldies.com\/es\/plantas-de-pellet\/plantas-para-paja-heno-hierba\/\" \/>\n<meta property=\"og:locale\" content=\"es_ES\" \/>\n<meta property=\"og:type\" content=\"article\" \/>\n<meta property=\"og:title\" content=\"Plantas de peletizaci\u00f3n paja heno alfalfa - General Dies\" \/>\n<meta property=\"og:description\" content=\"Ofrecemos plantas completas y l\u00edneas de peletizaci\u00f3n para el tratamiento y la producci\u00f3n de paja, heno, alfalfa, forraje y no s\u00f3lo. Descubre m\u00e1s.\" \/>\n<meta property=\"og:url\" content=\"https:\/\/www.generaldies.com\/es\/plantas-de-pellet\/plantas-para-paja-heno-hierba\/\" \/>\n<meta property=\"og:site_name\" content=\"General Dies\" \/>\n<meta property=\"article:modified_time\" content=\"2017-05-30T08:15:21+00:00\" \/>\n<meta property=\"og:image\" content=\"https:\/\/www.generaldies.com\/wp-content\/uploads\/2017\/03\/impianti-pellettatura-paglia.jpg\" \/>\n\t<meta property=\"og:image:width\" content=\"800\" \/>\n\t<meta property=\"og:image:height\" content=\"521\" \/>\n<meta name=\"twitter:card\" content=\"summary\" \/>\n<meta name=\"twitter:label1\" content=\"Tiempo de lectura\" \/>\n\t<meta name=\"twitter:data1\" content=\"3 minutos\" \/>\n<script type=\"application\/ld+json\" class=\"yoast-schema-graph\">{\"@context\":\"https:\/\/schema.org\",\"@graph\":[{\"@type\":\"WebSite\",\"@id\":\"https:\/\/www.generaldies.com\/it\/#website\",\"url\":\"https:\/\/www.generaldies.com\/it\/\",\"name\":\"General Dies\",\"description\":\"Dal 1960 al servizio della pellettatura\",\"potentialAction\":[{\"@type\":\"SearchAction\",\"target\":\"https:\/\/www.generaldies.com\/it\/?s={search_term_string}\",\"query-input\":\"required name=search_term_string\"}],\"inLanguage\":\"es\"},{\"@type\":\"ImageObject\",\"@id\":\"https:\/\/www.generaldies.com\/es\/plantas-de-pellet\/plantas-para-paja-heno-hierba\/#primaryimage\",\"inLanguage\":\"es\",\"url\":\"https:\/\/www.generaldies.com\/wp-content\/uploads\/2017\/03\/impianti-pellettatura-paglia.jpg\",\"contentUrl\":\"https:\/\/www.generaldies.com\/wp-content\/uploads\/2017\/03\/impianti-pellettatura-paglia.jpg\",\"width\":800,\"height\":521,\"caption\":\"impianti pellettatura paglia\"},{\"@type\":\"WebPage\",\"@id\":\"https:\/\/www.generaldies.com\/es\/plantas-de-pellet\/plantas-para-paja-heno-hierba\/#webpage\",\"url\":\"https:\/\/www.generaldies.com\/es\/plantas-de-pellet\/plantas-para-paja-heno-hierba\/\",\"name\":\"Plantas de peletizaci\\u00f3n paja heno alfalfa - General Dies\",\"isPartOf\":{\"@id\":\"https:\/\/www.generaldies.com\/it\/#website\"},\"primaryImageOfPage\":{\"@id\":\"https:\/\/www.generaldies.com\/es\/plantas-de-pellet\/plantas-para-paja-heno-hierba\/#primaryimage\"},\"datePublished\":\"2017-05-30T08:05:07+00:00\",\"dateModified\":\"2017-05-30T08:15:21+00:00\",\"description\":\"Ofrecemos plantas completas y l\\u00edneas de peletizaci\\u00f3n para el tratamiento y la producci\\u00f3n de paja, heno, alfalfa, forraje y no s\\u00f3lo. Descubre m\\u00e1s.\",\"breadcrumb\":{\"@id\":\"https:\/\/www.generaldies.com\/es\/plantas-de-pellet\/plantas-para-paja-heno-hierba\/#breadcrumb\"},\"inLanguage\":\"es\",\"potentialAction\":[{\"@type\":\"ReadAction\",\"target\":[\"https:\/\/www.generaldies.com\/es\/plantas-de-pellet\/plantas-para-paja-heno-hierba\/\"]}]},{\"@type\":\"BreadcrumbList\",\"@id\":\"https:\/\/www.generaldies.com\/es\/plantas-de-pellet\/plantas-para-paja-heno-hierba\/#breadcrumb\",\"itemListElement\":[{\"@type\":\"ListItem\",\"position\":1,\"item\":{\"@type\":\"WebPage\",\"@id\":\"https:\/\/www.generaldies.com\/es\/\",\"url\":\"https:\/\/www.generaldies.com\/es\/\",\"name\":\"Home\"}},{\"@type\":\"ListItem\",\"position\":2,\"item\":{\"@type\":\"WebPage\",\"@id\":\"https:\/\/www.generaldies.com\/es\/plantas-de-pellet\/\",\"url\":\"https:\/\/www.generaldies.com\/es\/plantas-de-pellet\/\",\"name\":\"Plantas de pellet\"}},{\"@type\":\"ListItem\",\"position\":3,\"item\":{\"@id\":\"https:\/\/www.generaldies.com\/es\/plantas-de-pellet\/plantas-para-paja-heno-hierba\/#webpage\"}}]}]}<\/script>\n<!-- \/ Yoast SEO plugin. -->","_links":{"self":[{"href":"https:\/\/www.generaldies.com\/es\/wp-json\/wp\/v2\/pages\/5196"}],"collection":[{"href":"https:\/\/www.generaldies.com\/es\/wp-json\/wp\/v2\/pages"}],"about":[{"href":"https:\/\/www.generaldies.com\/es\/wp-json\/wp\/v2\/types\/page"}],"author":[{"embeddable":true,"href":"https:\/\/www.generaldies.com\/es\/wp-json\/wp\/v2\/users\/1"}],"replies":[{"embeddable":true,"href":"https:\/\/www.generaldies.com\/es\/wp-json\/wp\/v2\/comments?post=5196"}],"version-history":[{"count":4,"href":"https:\/\/www.generaldies.com\/es\/wp-json\/wp\/v2\/pages\/5196\/revisions"}],"predecessor-version":[{"id":5200,"href":"https:\/\/www.generaldies.com\/es\/wp-json\/wp\/v2\/pages\/5196\/revisions\/5200"}],"up":[{"embeddable":true,"href":"https:\/\/www.generaldies.com\/es\/wp-json\/wp\/v2\/pages\/5171"}],"wp:featuredmedia":[{"embeddable":true,"href":"https:\/\/www.generaldies.com\/es\/wp-json\/wp\/v2\/media\/4508"}],"wp:attachment":[{"href":"https:\/\/www.generaldies.com\/es\/wp-json\/wp\/v2\/media?parent=5196"}],"curies":[{"name":"wp","href":"https:\/\/api.w.org\/{rel}","templated":true}]}}