{"id":5192,"date":"2017-05-30T09:50:13","date_gmt":"2017-05-30T07:50:13","guid":{"rendered":"https:\/\/www.generaldies.com\/plantas-de-pellet\/plantas-para-compost\/"},"modified":"2017-06-01T12:56:15","modified_gmt":"2017-06-01T10:56:15","slug":"plantas-para-compost","status":"publish","type":"page","link":"https:\/\/www.generaldies.com\/es\/plantas-de-pellet\/plantas-para-compost\/","title":{"rendered":"Plantas para compost"},"content":{"rendered":"<p>[vc_row][vc_column width=\u00bb2\/3&#8243;][vc_column_text]<img loading=\"lazy\" class=\"wp-image-4550 size-medium alignleft\" src=\"https:\/\/www.generaldies.com\/wp-content\/uploads\/2017\/03\/compost-2-300x200.jpg\" alt=\"\" width=\"300\" height=\"200\" srcset=\"https:\/\/www.generaldies.com\/wp-content\/uploads\/2017\/03\/compost-2-300x200.jpg 300w, https:\/\/www.generaldies.com\/wp-content\/uploads\/2017\/03\/compost-2.jpg 400w\" sizes=\"(max-width: 300px) 100vw, 300px\" \/>Ofrecemos plantas completas y l\u00edneas de peletizaci\u00f3n para el tratamiento y la producci\u00f3n de Compost peletizado.<br \/>\nSeg\u00fan las demandas del cliente y de las caracter\u00edsticas constructivas, nuestras plantas presentan caracter\u00edsticas constructivas y capacidades de producci\u00f3n diferentes.<\/p>\n<p>Fases de proceso:<\/p>\n<p>Las fases caracter\u00edsticas de una planta para la producci\u00f3n de compost son:<\/p>\n<ul>\n<li>Fase A: Primer Cernido<\/li>\n<li>Fase B: Compostaje<\/li>\n<li>Fase C: Eliminador de grumos<\/li>\n<li>Fase D: Refinaci\u00f3n<\/li>\n<li>Fase E: Peletizaci\u00f3n<\/li>\n<li>Fase F: Enfriamiento<\/li>\n<li>Fase G: Tamizaci\u00f3n<\/li>\n<li>Fase H: Embolsado<\/li>\n<\/ul>\n<p>[\/vc_column_text][\/vc_column][vc_column width=\u00bb1\/3&#8243;][vc_single_image image=\u00bb4544&#8243; img_size=\u00bblarge\u00bb][vc_single_image image=\u00bb4556&#8243; img_size=\u00bblarge\u00bb][\/vc_column][\/vc_row][vc_row][vc_column][vc_separator css=\u00bb.vc_custom_1488874858284{margin-top: 50px !important;margin-bottom: 50px !important;}\u00bb][\/vc_column][\/vc_row][vc_row][vc_column][vc_single_image image=\u00bb4563&#8243; img_size=\u00bblarge\u00bb alignment=\u00bbcenter\u00bb][vc_column_text]<\/p>\n<h3>FASE \u2018A\u2019: PRIMER CERNIDO<\/h3>\n<p>El proceso relativo a la primera trituraci\u00f3n es necesario para obtener una primera limpieza del producto de cuerpos extra\u00f1os, como piedras, piezas met\u00e1licas, madera, plumas, etc. La m\u00e1quina puede ser de tipo a tambor rotativo o de cinta.<\/p>\n<h3>FASE \u2018B\u2019: COMPOSTAJE<\/h3>\n<p>El proceso se hace al exterior, donde el producto se coloca sobre c\u00famulos, los cuales se remueven peri\u00f3dicamente esparcidor mec\u00e1nico para obtener la correcta desecaci\u00f3n y fermentaci\u00f3n.<\/p>\n<h3>FASE \u2018C\u2019: ELIMINADOR DE GRUMOS<\/h3>\n<p>Se utiliza esta m\u00e1quina automotora para poderla posicionar muy cerca del producto y poderlo despu\u00e9s transportar cerca a la carga en la l\u00ednea de producci\u00f3n. El eliminador de grumos rompe los grumos y mezcla el producto.<\/p>\n<h3>FASE \u2018D\u2019: REFINACI\u00d3N<\/h3>\n<p>La m\u00e1quina consiste en un tambor rotativo en el que el producto sale a trav\u00e9s de las redes con la correcta granulometr\u00eda de la mezcla y limpiado de cuerpos extra\u00f1os.<\/p>\n<h3>FASE \u2018E\u2019: PELETIZACI\u00d3N<\/h3>\n<p>El producto se despacha en la m\u00e1quina y a trav\u00e9s del acondicionador pueden ser a\u00f1adidos ingredientes, antes de entrar en el grupo prensor y antes de ser transformado en pellet a trav\u00e9s de la matriz. Fuera de \u00e9sta, hay cuchillos regulables que cortan el pellet a la longitud que se quiere.<\/p>\n<h3>FASE \u2018F\u2019: ENFRIAMIENTO<\/h3>\n<p>Despu\u00e9s de la peletizaci\u00f3n, el producto es muy caliente. Es necesario enfriar el producto hasta la temperatura de unos +5\u00b0C para dar la necesaria dureza o el estado \u00f3ptimo para su almacenamiento. La m\u00e1quina es un enfriador contracorriente completo de la l\u00ednea de aspiraci\u00f3n de \u2019aire y de la recuperaci\u00f3n del polvo.<\/p>\n<h3>FASE \u2018G\u2019: TAMIZACION<\/h3>\n<p>La fase de tamizaci\u00f3n limpia el producto del polvo, las que se reintroducen en el ciclo productivo.<\/p>\n<h3>FASE \u2018H\u2019: EMBOLSADO<\/h3>\n<p>El producto peletizado se muda en la zona de embolsado antes de la entrega. Puede ser envasado en big bags o en sacos; las m\u00e1quinas para el embolsado pueden ser manuales, semi autom\u00e1ticas o autom\u00e1ticas seg\u00fan la producci\u00f3n solicitada.[\/vc_column_text][\/vc_column][\/vc_row]<\/p>\n","protected":false},"excerpt":{"rendered":"<p>[vc_row][vc_column width=\u00bb2\/3&#8243;][vc_column_text]Ofrecemos plantas completas y l\u00edneas de peletizaci\u00f3n para el tratamiento y la producci\u00f3n de Compost peletizado. Seg\u00fan las demandas del cliente y de las caracter\u00edsticas constructivas, nuestras plantas presentan caracter\u00edsticas constructivas y capacidades de producci\u00f3n diferentes. Fases de proceso: Las fases caracter\u00edsticas de una planta para la producci\u00f3n de compost son: Fase A: Primer [&hellip;]<\/p>\n","protected":false},"author":1,"featured_media":6565,"parent":5171,"menu_order":34,"comment_status":"closed","ping_status":"closed","template":"pages-templates\/page-with-contact-cta.php","meta":{"_mi_skip_tracking":false},"acf":{"barra_cta":false},"yoast_head":"<!-- This site is optimized with the Yoast SEO plugin v16.4 - https:\/\/yoast.com\/wordpress\/plugins\/seo\/ -->\n<title>Plantas tratamiento y producci\u00f3n compost - General Dies<\/title>\n<meta name=\"description\" content=\"Ofrecemos plantas completas y l\u00edneas de peletizaci\u00f3n para el tratamiento y la producci\u00f3n de Compost peletizado. Descubre m\u00e1s y cont\u00e1ctenos.\" \/>\n<meta name=\"robots\" content=\"index, follow, max-snippet:-1, max-image-preview:large, max-video-preview:-1\" \/>\n<link rel=\"canonical\" href=\"https:\/\/www.generaldies.com\/es\/plantas-de-pellet\/plantas-para-compost\/\" \/>\n<meta property=\"og:locale\" content=\"es_ES\" \/>\n<meta property=\"og:type\" content=\"article\" \/>\n<meta property=\"og:title\" content=\"Plantas tratamiento y producci\u00f3n compost - General Dies\" \/>\n<meta property=\"og:description\" content=\"Ofrecemos plantas completas y l\u00edneas de peletizaci\u00f3n para el tratamiento y la producci\u00f3n de Compost peletizado. Descubre m\u00e1s y cont\u00e1ctenos.\" \/>\n<meta property=\"og:url\" content=\"https:\/\/www.generaldies.com\/es\/plantas-de-pellet\/plantas-para-compost\/\" \/>\n<meta property=\"og:site_name\" content=\"General Dies\" \/>\n<meta property=\"article:modified_time\" content=\"2017-06-01T10:56:15+00:00\" \/>\n<meta property=\"og:image\" content=\"https:\/\/www.generaldies.com\/wp-content\/uploads\/2017\/03\/compost.jpg\" \/>\n\t<meta property=\"og:image:width\" content=\"1249\" \/>\n\t<meta property=\"og:image:height\" content=\"600\" \/>\n<meta name=\"twitter:card\" content=\"summary\" \/>\n<meta name=\"twitter:label1\" content=\"Tiempo de lectura\" \/>\n\t<meta name=\"twitter:data1\" content=\"3 minutos\" \/>\n<script type=\"application\/ld+json\" class=\"yoast-schema-graph\">{\"@context\":\"https:\/\/schema.org\",\"@graph\":[{\"@type\":\"WebSite\",\"@id\":\"https:\/\/www.generaldies.com\/it\/#website\",\"url\":\"https:\/\/www.generaldies.com\/it\/\",\"name\":\"General Dies\",\"description\":\"Dal 1960 al servizio della pellettatura\",\"potentialAction\":[{\"@type\":\"SearchAction\",\"target\":\"https:\/\/www.generaldies.com\/it\/?s={search_term_string}\",\"query-input\":\"required name=search_term_string\"}],\"inLanguage\":\"es\"},{\"@type\":\"ImageObject\",\"@id\":\"https:\/\/www.generaldies.com\/es\/plantas-de-pellet\/plantas-para-compost\/#primaryimage\",\"inLanguage\":\"es\",\"url\":\"https:\/\/www.generaldies.com\/wp-content\/uploads\/2017\/03\/compost.jpg\",\"contentUrl\":\"https:\/\/www.generaldies.com\/wp-content\/uploads\/2017\/03\/compost.jpg\",\"width\":1249,\"height\":600,\"caption\":\"impianti compost\"},{\"@type\":\"WebPage\",\"@id\":\"https:\/\/www.generaldies.com\/es\/plantas-de-pellet\/plantas-para-compost\/#webpage\",\"url\":\"https:\/\/www.generaldies.com\/es\/plantas-de-pellet\/plantas-para-compost\/\",\"name\":\"Plantas tratamiento y producci\\u00f3n compost - General Dies\",\"isPartOf\":{\"@id\":\"https:\/\/www.generaldies.com\/it\/#website\"},\"primaryImageOfPage\":{\"@id\":\"https:\/\/www.generaldies.com\/es\/plantas-de-pellet\/plantas-para-compost\/#primaryimage\"},\"datePublished\":\"2017-05-30T07:50:13+00:00\",\"dateModified\":\"2017-06-01T10:56:15+00:00\",\"description\":\"Ofrecemos plantas completas y l\\u00edneas de peletizaci\\u00f3n para el tratamiento y la producci\\u00f3n de Compost peletizado. Descubre m\\u00e1s y cont\\u00e1ctenos.\",\"breadcrumb\":{\"@id\":\"https:\/\/www.generaldies.com\/es\/plantas-de-pellet\/plantas-para-compost\/#breadcrumb\"},\"inLanguage\":\"es\",\"potentialAction\":[{\"@type\":\"ReadAction\",\"target\":[\"https:\/\/www.generaldies.com\/es\/plantas-de-pellet\/plantas-para-compost\/\"]}]},{\"@type\":\"BreadcrumbList\",\"@id\":\"https:\/\/www.generaldies.com\/es\/plantas-de-pellet\/plantas-para-compost\/#breadcrumb\",\"itemListElement\":[{\"@type\":\"ListItem\",\"position\":1,\"item\":{\"@type\":\"WebPage\",\"@id\":\"https:\/\/www.generaldies.com\/es\/\",\"url\":\"https:\/\/www.generaldies.com\/es\/\",\"name\":\"Home\"}},{\"@type\":\"ListItem\",\"position\":2,\"item\":{\"@type\":\"WebPage\",\"@id\":\"https:\/\/www.generaldies.com\/es\/plantas-de-pellet\/\",\"url\":\"https:\/\/www.generaldies.com\/es\/plantas-de-pellet\/\",\"name\":\"Plantas de pellet\"}},{\"@type\":\"ListItem\",\"position\":3,\"item\":{\"@id\":\"https:\/\/www.generaldies.com\/es\/plantas-de-pellet\/plantas-para-compost\/#webpage\"}}]}]}<\/script>\n<!-- \/ Yoast SEO plugin. -->","_links":{"self":[{"href":"https:\/\/www.generaldies.com\/es\/wp-json\/wp\/v2\/pages\/5192"}],"collection":[{"href":"https:\/\/www.generaldies.com\/es\/wp-json\/wp\/v2\/pages"}],"about":[{"href":"https:\/\/www.generaldies.com\/es\/wp-json\/wp\/v2\/types\/page"}],"author":[{"embeddable":true,"href":"https:\/\/www.generaldies.com\/es\/wp-json\/wp\/v2\/users\/1"}],"replies":[{"embeddable":true,"href":"https:\/\/www.generaldies.com\/es\/wp-json\/wp\/v2\/comments?post=5192"}],"version-history":[{"count":3,"href":"https:\/\/www.generaldies.com\/es\/wp-json\/wp\/v2\/pages\/5192\/revisions"}],"predecessor-version":[{"id":5195,"href":"https:\/\/www.generaldies.com\/es\/wp-json\/wp\/v2\/pages\/5192\/revisions\/5195"}],"up":[{"embeddable":true,"href":"https:\/\/www.generaldies.com\/es\/wp-json\/wp\/v2\/pages\/5171"}],"wp:featuredmedia":[{"embeddable":true,"href":"https:\/\/www.generaldies.com\/es\/wp-json\/wp\/v2\/media\/6565"}],"wp:attachment":[{"href":"https:\/\/www.generaldies.com\/es\/wp-json\/wp\/v2\/media?parent=5192"}],"curies":[{"name":"wp","href":"https:\/\/api.w.org\/{rel}","templated":true}]}}