{"id":5189,"date":"2017-05-30T09:36:31","date_gmt":"2017-05-30T07:36:31","guid":{"rendered":"https:\/\/www.generaldies.com\/plantas-de-pellet\/plantas-para-alimentos\/"},"modified":"2017-06-01T12:57:29","modified_gmt":"2017-06-01T10:57:29","slug":"plantas-para-alimentos","status":"publish","type":"page","link":"https:\/\/www.generaldies.com\/es\/plantas-de-pellet\/plantas-para-alimentos\/","title":{"rendered":"Plantas para alimentos"},"content":{"rendered":"<p>[vc_row][vc_column width=\u00bb2\/3&#8243;][vc_column_text]<img loading=\"lazy\" class=\"wp-image-4482 size-medium alignleft\" src=\"https:\/\/www.generaldies.com\/wp-content\/uploads\/2017\/03\/Linea-pellettatura-mangime-300x225.jpg\" alt=\"linee pellettatura mangime\" width=\"300\" height=\"225\" srcset=\"https:\/\/www.generaldies.com\/wp-content\/uploads\/2017\/03\/Linea-pellettatura-mangime-300x225.jpg 300w, https:\/\/www.generaldies.com\/wp-content\/uploads\/2017\/03\/Linea-pellettatura-mangime-768x576.jpg 768w, https:\/\/www.generaldies.com\/wp-content\/uploads\/2017\/03\/Linea-pellettatura-mangime.jpg 800w\" sizes=\"(max-width: 300px) 100vw, 300px\" \/>Ofrecemos plantas completas y l\u00edneas de peletizaci\u00f3n para el tratamiento y la producci\u00f3n de alimentos en pellet.<br \/>\nSeg\u00fan las demandas del cliente y de las caracter\u00edsticas constructivas, nuestras plantas presentan caracter\u00edsticas constructivas y capacidades de producci\u00f3n diferentes.<\/p>\n<p>Fases de proceso<\/p>\n<p>Las fases caracter\u00edsticas de una planta para la producci\u00f3n de alimentos son:<\/p>\n<ul>\n<li>Fase A: Recepci\u00f3n y almacenamiento de las materias primas<\/li>\n<li>Fase B: Dosis de los componentes<\/li>\n<li>Fase C: Molienda<\/li>\n<li>Fase D: Mezcla y adici\u00f3n de micro-componentes<\/li>\n<li>Fase E: Almacenamiento de las harinas y Peletizaci\u00f3n<\/li>\n<li>Fase F: Enfriamiento, Tamizaci\u00f3n, Recuperaci\u00f3n del polvo<\/li>\n<li>Fase G: Almacenamiento del producto final<\/li>\n<li>Fase H: Embolsado<\/li>\n<\/ul>\n<p>[\/vc_column_text][\/vc_column][vc_column width=\u00bb1\/3&#8243;][vc_single_image image=\u00bb3360&#8243; img_size=\u00bblarge\u00bb][vc_single_image image=\u00bb4455&#8243; img_size=\u00bblarge\u00bb][\/vc_column][\/vc_row][vc_row][vc_column][vc_separator css=\u00bb.vc_custom_1488874858284{margin-top: 50px !important;margin-bottom: 50px !important;}\u00bb][\/vc_column][\/vc_row][vc_row][vc_column][vc_single_image image=\u00bb4575&#8243; img_size=\u00bblarge\u00bb alignment=\u00bbcenter\u00bb][vc_column_text]<\/p>\n<h3>FASE \u2018A\u2019: RECEPCI\u00d3N Y ALMACENAMIENTO DE LAS MATERIAS PRIMAS<\/h3>\n<p>Es la fase inicial del proceso, en la que se determina el abastecimiento de las sustancias necesarias a la formulaci\u00f3n de la mezcla para producir el producto en pellet espec\u00edfico. Normalmente est\u00e1 prevista una fosa de recepci\u00f3n donde se descargan las materias primas a granel destinadas a la formaci\u00f3n de la mezcla. A trav\u00e9s de c\u00f3cleas de extracci\u00f3n y elevadores las sustancias se cargan en los silos de almacenamiento.<\/p>\n<h3>FASE \u2018B\u2019: DOSIS DE LOS COMPONENTES<\/h3>\n<p>Las materias primas se transportan a trav\u00e9s de c\u00f3cleas hasta la balanza de proceso donde se dosificany pesan para la creaci\u00f3n de la formulaci\u00f3n base pedida.<\/p>\n<h3>FASE \u2018C\u2019: MOLIENDA<\/h3>\n<p>El material granulado o el material que necesita una reducci\u00f3n de medida, pasa a trav\u00e9s de un molino a martillos, para conseguir la granulometr\u00eda adecuada a las siguientes fases.<\/p>\n<h3>FASE \u2018D\u2019: MEZCLA Y ADICI\u00d3N DE MICRO-COMPONENTES<\/h3>\n<p>El producto se carga en un mezclador horizontal donde para un tiempo determinado se mezcla y se homogeneiza; en esta fase se pueden tambi\u00e9n a\u00f1adir otros micro-componentes, como integradores o aditivos necesarios a la f\u00f3rmulaci\u00f3n de las mezclas pedidas.<\/p>\n<h3>FASE \u2018E\u2019: ALMACENAMIENTO DE LAS HARINAS &#8211; PELETIZACI\u00d3N<\/h3>\n<p>El producto est\u00e1 listo y puede ser almacenado para la entrega o enviado a la peletizadora para nuevos procesos.<\/p>\n<p>El producto se despacha en la m\u00e1quina y a trav\u00e9s del acondicionador se mezcla y homogeneiza tambi\u00e9n con la adici\u00f3n de vapor, melaza, grasa o otros ingredientes, antes de entrar en el grupo presor y antes de ser transformado en pellet a trav\u00e9s de la matriz. Fuera de \u00e9sta, hay cuchillos regulables que cortan el pellet a la longitud que se quiere.<\/p>\n<h3>FASE \u2018F\u2019: ENFRIAMIENTO, TAMIZACION Y RECUPERACI\u00d3N POLVO<\/h3>\n<p>Despu\u00e9s de la peletizaci\u00f3n, el producto es muy caliente. Es necesario enfriar el producto hasta la temperatura de unos +5\u00b0C para dar la necesaria dureza o el estado \u00f3ptimo para su almacenamiento. La fase de tamizaci\u00f3n limpia el producto del polvo, las que se reintroducen en el ciclo productivo.<\/p>\n<h3>FASE \u2018G\u2019: ALMACENAMIENTO DEL PRODUCTO FINAL<\/h3>\n<p>El producto peletizado se muda en los silos de almacenamiento antes de la entrega; el producto puede ser cargado a granel en un cami\u00f3n o transferido a la fase de embolsado.<\/p>\n<h3>FASE \u2018H\u2019: EMBOLSADO<\/h3>\n<p>El producto peletizado se muda en la zona de embolsado antes de la entrega. Puede ser envasado en big bags o en sacos; las m\u00e1quinas para el embolsado pueden ser manuales, semi autom\u00e1ticas o autom\u00e1ticas seg\u00fan la producci\u00f3n solicitada.[\/vc_column_text][\/vc_column][\/vc_row]<\/p>\n","protected":false},"excerpt":{"rendered":"<p>[vc_row][vc_column width=\u00bb2\/3&#8243;][vc_column_text]Ofrecemos plantas completas y l\u00edneas de peletizaci\u00f3n para el tratamiento y la producci\u00f3n de alimentos en pellet. Seg\u00fan las demandas del cliente y de las caracter\u00edsticas constructivas, nuestras plantas presentan caracter\u00edsticas constructivas y capacidades de producci\u00f3n diferentes. Fases de proceso Las fases caracter\u00edsticas de una planta para la producci\u00f3n de alimentos son: Fase A: [&hellip;]<\/p>\n","protected":false},"author":1,"featured_media":6559,"parent":5171,"menu_order":40,"comment_status":"closed","ping_status":"closed","template":"pages-templates\/page-with-contact-cta.php","meta":{"_mi_skip_tracking":false},"acf":{"barra_cta":false},"yoast_head":"<!-- This site is optimized with the Yoast SEO plugin v16.4 - https:\/\/yoast.com\/wordpress\/plugins\/seo\/ -->\n<title>Planta de peletizaci\u00f3n y producci\u00f3n alimentos - General Dies<\/title>\n<meta name=\"description\" content=\"Ofrecemos plantas completas y l\u00edneas de peletizaci\u00f3n para el tratamiento y la producci\u00f3n de alimentos en pellet, personalizados en las necesidades del cliente.\" \/>\n<meta name=\"robots\" content=\"index, follow, max-snippet:-1, max-image-preview:large, max-video-preview:-1\" \/>\n<link rel=\"canonical\" href=\"https:\/\/www.generaldies.com\/es\/plantas-de-pellet\/plantas-para-alimentos\/\" \/>\n<meta property=\"og:locale\" content=\"es_ES\" \/>\n<meta property=\"og:type\" content=\"article\" \/>\n<meta property=\"og:title\" content=\"Planta de peletizaci\u00f3n y producci\u00f3n alimentos - General Dies\" \/>\n<meta property=\"og:description\" content=\"Ofrecemos plantas completas y l\u00edneas de peletizaci\u00f3n para el tratamiento y la producci\u00f3n de alimentos en pellet, personalizados en las necesidades del cliente.\" \/>\n<meta property=\"og:url\" content=\"https:\/\/www.generaldies.com\/es\/plantas-de-pellet\/plantas-para-alimentos\/\" \/>\n<meta property=\"og:site_name\" content=\"General Dies\" \/>\n<meta property=\"article:modified_time\" content=\"2017-06-01T10:57:29+00:00\" \/>\n<meta property=\"og:image\" content=\"https:\/\/www.generaldies.com\/wp-content\/uploads\/2017\/03\/mangime-1.jpg\" \/>\n\t<meta property=\"og:image:width\" content=\"1202\" \/>\n\t<meta property=\"og:image:height\" content=\"600\" \/>\n<meta name=\"twitter:card\" content=\"summary\" \/>\n<meta name=\"twitter:label1\" content=\"Tiempo de lectura\" \/>\n\t<meta name=\"twitter:data1\" content=\"3 minutos\" \/>\n<script type=\"application\/ld+json\" class=\"yoast-schema-graph\">{\"@context\":\"https:\/\/schema.org\",\"@graph\":[{\"@type\":\"WebSite\",\"@id\":\"https:\/\/www.generaldies.com\/it\/#website\",\"url\":\"https:\/\/www.generaldies.com\/it\/\",\"name\":\"General Dies\",\"description\":\"Dal 1960 al servizio della pellettatura\",\"potentialAction\":[{\"@type\":\"SearchAction\",\"target\":\"https:\/\/www.generaldies.com\/it\/?s={search_term_string}\",\"query-input\":\"required name=search_term_string\"}],\"inLanguage\":\"es\"},{\"@type\":\"ImageObject\",\"@id\":\"https:\/\/www.generaldies.com\/es\/plantas-de-pellet\/plantas-para-alimentos\/#primaryimage\",\"inLanguage\":\"es\",\"url\":\"https:\/\/www.generaldies.com\/wp-content\/uploads\/2017\/03\/mangime-1.jpg\",\"contentUrl\":\"https:\/\/www.generaldies.com\/wp-content\/uploads\/2017\/03\/mangime-1.jpg\",\"width\":1202,\"height\":600,\"caption\":\"impianti mangime\"},{\"@type\":\"WebPage\",\"@id\":\"https:\/\/www.generaldies.com\/es\/plantas-de-pellet\/plantas-para-alimentos\/#webpage\",\"url\":\"https:\/\/www.generaldies.com\/es\/plantas-de-pellet\/plantas-para-alimentos\/\",\"name\":\"Planta de peletizaci\\u00f3n y producci\\u00f3n alimentos - General Dies\",\"isPartOf\":{\"@id\":\"https:\/\/www.generaldies.com\/it\/#website\"},\"primaryImageOfPage\":{\"@id\":\"https:\/\/www.generaldies.com\/es\/plantas-de-pellet\/plantas-para-alimentos\/#primaryimage\"},\"datePublished\":\"2017-05-30T07:36:31+00:00\",\"dateModified\":\"2017-06-01T10:57:29+00:00\",\"description\":\"Ofrecemos plantas completas y l\\u00edneas de peletizaci\\u00f3n para el tratamiento y la producci\\u00f3n de alimentos en pellet, personalizados en las necesidades del cliente.\",\"breadcrumb\":{\"@id\":\"https:\/\/www.generaldies.com\/es\/plantas-de-pellet\/plantas-para-alimentos\/#breadcrumb\"},\"inLanguage\":\"es\",\"potentialAction\":[{\"@type\":\"ReadAction\",\"target\":[\"https:\/\/www.generaldies.com\/es\/plantas-de-pellet\/plantas-para-alimentos\/\"]}]},{\"@type\":\"BreadcrumbList\",\"@id\":\"https:\/\/www.generaldies.com\/es\/plantas-de-pellet\/plantas-para-alimentos\/#breadcrumb\",\"itemListElement\":[{\"@type\":\"ListItem\",\"position\":1,\"item\":{\"@type\":\"WebPage\",\"@id\":\"https:\/\/www.generaldies.com\/es\/\",\"url\":\"https:\/\/www.generaldies.com\/es\/\",\"name\":\"Home\"}},{\"@type\":\"ListItem\",\"position\":2,\"item\":{\"@type\":\"WebPage\",\"@id\":\"https:\/\/www.generaldies.com\/es\/plantas-de-pellet\/\",\"url\":\"https:\/\/www.generaldies.com\/es\/plantas-de-pellet\/\",\"name\":\"Plantas de pellet\"}},{\"@type\":\"ListItem\",\"position\":3,\"item\":{\"@id\":\"https:\/\/www.generaldies.com\/es\/plantas-de-pellet\/plantas-para-alimentos\/#webpage\"}}]}]}<\/script>\n<!-- \/ Yoast SEO plugin. -->","_links":{"self":[{"href":"https:\/\/www.generaldies.com\/es\/wp-json\/wp\/v2\/pages\/5189"}],"collection":[{"href":"https:\/\/www.generaldies.com\/es\/wp-json\/wp\/v2\/pages"}],"about":[{"href":"https:\/\/www.generaldies.com\/es\/wp-json\/wp\/v2\/types\/page"}],"author":[{"embeddable":true,"href":"https:\/\/www.generaldies.com\/es\/wp-json\/wp\/v2\/users\/1"}],"replies":[{"embeddable":true,"href":"https:\/\/www.generaldies.com\/es\/wp-json\/wp\/v2\/comments?post=5189"}],"version-history":[{"count":2,"href":"https:\/\/www.generaldies.com\/es\/wp-json\/wp\/v2\/pages\/5189\/revisions"}],"predecessor-version":[{"id":5191,"href":"https:\/\/www.generaldies.com\/es\/wp-json\/wp\/v2\/pages\/5189\/revisions\/5191"}],"up":[{"embeddable":true,"href":"https:\/\/www.generaldies.com\/es\/wp-json\/wp\/v2\/pages\/5171"}],"wp:featuredmedia":[{"embeddable":true,"href":"https:\/\/www.generaldies.com\/es\/wp-json\/wp\/v2\/media\/6559"}],"wp:attachment":[{"href":"https:\/\/www.generaldies.com\/es\/wp-json\/wp\/v2\/media?parent=5189"}],"curies":[{"name":"wp","href":"https:\/\/api.w.org\/{rel}","templated":true}]}}