{"id":5175,"date":"2017-05-29T17:22:23","date_gmt":"2017-05-29T15:22:23","guid":{"rendered":"https:\/\/www.generaldies.com\/plantas-de-pellet\/lineas-de-peletizacion\/"},"modified":"2017-05-29T17:26:12","modified_gmt":"2017-05-29T15:26:12","slug":"lineas-de-peletizacion","status":"publish","type":"page","link":"https:\/\/www.generaldies.com\/es\/plantas-de-pellet\/lineas-de-peletizacion\/","title":{"rendered":"L\u00edneas de peletizaci\u00f3n"},"content":{"rendered":"<p>[vc_row][vc_column width=\u00bb2\/3&#8243;][vc_column_text]<img loading=\"lazy\" class=\"wp-image-33 size-medium alignleft\" src=\"https:\/\/www.generaldies.com\/wp-content\/uploads\/2017\/01\/slide4-300x169.jpg\" alt=\"\" width=\"300\" height=\"169\" srcset=\"https:\/\/www.generaldies.com\/wp-content\/uploads\/2017\/01\/slide4-300x169.jpg 300w, https:\/\/www.generaldies.com\/wp-content\/uploads\/2017\/01\/slide4-768x432.jpg 768w, https:\/\/www.generaldies.com\/wp-content\/uploads\/2017\/01\/slide4-1024x576.jpg 1024w, https:\/\/www.generaldies.com\/wp-content\/uploads\/2017\/01\/slide4.jpg 1920w\" sizes=\"(max-width: 300px) 100vw, 300px\" \/><\/p>\n<p>La l\u00ednea de peletizaci\u00f3n encuentra sus principales aplicaciones donde es necesario reducir el volumen del material, a\u00f1adirlo con ingredientes especificos, f\u00e1cilmente almacenarlo y llevarlo,&#8230;<\/p>\n<p>El producto en entrada a la peletizadora debe tener una granulometr\u00eda fina y ser uniforme a una humedad no superior del 15%.<\/p>\n<p>La compresi\u00f3n del producto durante la peletizaci\u00f3n valoriza el producto que llega a un peso espec\u00edfico m\u00e1s elevado, se vuelve facilmente transportable y necesita de espacios menores para el almacenamiento.<\/p>\n<h3>Principales sectores de aplicaci\u00f3n<\/h3>\n<ul>\n<li>F\u00e1brica de piensos (alimentos para bovinos, pollos, cerdos, ovinos, conejos, avestruzes, peces, gambas y otros animales);<\/li>\n<li>F\u00e1bricas de az\u00facar (pulpas de remolacha);<\/li>\n<li>Productores de pellet de alfalfa, paja, heno, ma\u00edz, forrajes;<\/li>\n<li>RSU Residuos s\u00f3lidos urbanos;<\/li>\n<li>Compost de esti\u00e9rcol de pollos (gallinaza) y otros animales;<\/li>\n<li>Abono org\u00e1nico y organo-minerales;<\/li>\n<li>Residuos de productos alimenticios y otros residuos (productos alimentares caducados; residuos de restauraci\u00f3n etc);<\/li>\n<li>molinos (peletizaci\u00f3n de salvado, mexclas de salvado y cerealies, subproductos);<\/li>\n<li>Colza;<\/li>\n<li>Residuos del papel;<\/li>\n<li>Residuos de pl\u00e1stico;<\/li>\n<li>Serr\u00edn, virutas, recortes de madera, residuos forestales, podas, madera de cultivos dedicados;<\/li>\n<li>CDR Combustible Derivado de Residuos;<\/li>\n<li>Productos qu\u00edmicos;<\/li>\n<li>Insecticidas para caracoles;<\/li>\n<li>Polvo;<\/li>\n<li>Grafito;<\/li>\n<li>Fangos;<\/li>\n<li>C\u00e1scaras de naranja \/ lim\u00f3n \/ pulpa de Citrus;<\/li>\n<li>C\u00e1scaras de uva;<\/li>\n<li>Orujo de oliva, colza, soja, girasol, ma\u00edz y otros residuos de industrias extractoras de aceite);<\/li>\n<li>L\u00fapolo (residuos de los tratamientos de cervecer\u00edas);<\/li>\n<li>Harinas y carne, de pez etc;<\/li>\n<li>Subproductos agroindustriales y biomasas.<\/li>\n<\/ul>\n<h3>Fases de proceso<\/h3>\n<p>Las fases caracter\u00edsticas de una l\u00ednea de peletizaci\u00f3n est\u00e1ndar son:<\/p>\n<ul>\n<li>Fase A: Peletizaci\u00f3n<\/li>\n<li>Fase B: Enfriamiento<\/li>\n<li>Fase C: Eventual desmenuzado<\/li>\n<li>Fase D: Tamizaci\u00f3n<\/li>\n<\/ul>\n<p>[\/vc_column_text][\/vc_column][vc_column width=\u00bb1\/3&#8243;][vc_single_image image=\u00bb3359&#8243; img_size=\u00bblarge\u00bb][vc_single_image image=\u00bb4482&#8243; img_size=\u00bblarge\u00bb][vc_btn title=\u00bbPide una prueba de peletizaci\u00f3n\u00bb style=\u00bbflat\u00bb shape=\u00bbsquare\u00bb color=\u00bbdanger\u00bb size=\u00bblg\u00bb][\/vc_column][\/vc_row][vc_row][vc_column][vc_single_image image=\u00bb4475&#8243; img_size=\u00bbfull\u00bb alignment=\u00bbcenter\u00bb][\/vc_column][\/vc_row][vc_row][vc_column][vc_separator css=\u00bb.vc_custom_1488874858284{margin-top: 50px !important;margin-bottom: 50px !important;}\u00bb][\/vc_column][\/vc_row]<\/p>\n","protected":false},"excerpt":{"rendered":"<p>[vc_row][vc_column width=\u00bb2\/3&#8243;][vc_column_text] La l\u00ednea de peletizaci\u00f3n encuentra sus principales aplicaciones donde es necesario reducir el volumen del material, a\u00f1adirlo con ingredientes especificos, f\u00e1cilmente almacenarlo y llevarlo,&#8230; El producto en entrada a la peletizadora debe tener una granulometr\u00eda fina y ser uniforme a una humedad no superior del 15%. La compresi\u00f3n del producto durante la peletizaci\u00f3n [&hellip;]<\/p>\n","protected":false},"author":1,"featured_media":4474,"parent":5171,"menu_order":127,"comment_status":"closed","ping_status":"closed","template":"","meta":{"_mi_skip_tracking":false},"acf":{"barra_cta":true,"immagine_barra_cta":{"ID":8944,"id":8944,"title":"Team General Dies","filename":"team-video_NEW2.jpg","filesize":117644,"url":"https:\/\/www.generaldies.com\/wp-content\/uploads\/2024\/12\/team-video_NEW2.jpg","link":"https:\/\/www.generaldies.com\/es\/empresa\/team-video_new2-2\/","alt":"","author":"5","description":"","caption":"","name":"team-video_new2-2","status":"inherit","uploaded_to":3447,"date":"2024-12-10 09:46:43","modified":"2024-12-10 13:02:38","menu_order":0,"mime_type":"image\/jpeg","type":"image","subtype":"jpeg","icon":"https:\/\/www.generaldies.com\/wp-includes\/images\/media\/default.png","width":689,"height":321,"sizes":{"thumbnail":"https:\/\/www.generaldies.com\/wp-content\/uploads\/2024\/12\/team-video_NEW2-150x150.jpg","thumbnail-width":150,"thumbnail-height":150,"medium":"https:\/\/www.generaldies.com\/wp-content\/uploads\/2024\/12\/team-video_NEW2-300x140.jpg","medium-width":300,"medium-height":140,"medium_large":"https:\/\/www.generaldies.com\/wp-content\/uploads\/2024\/12\/team-video_NEW2.jpg","medium_large-width":640,"medium_large-height":298,"large":"https:\/\/www.generaldies.com\/wp-content\/uploads\/2024\/12\/team-video_NEW2.jpg","large-width":640,"large-height":298,"1536x1536":"https:\/\/www.generaldies.com\/wp-content\/uploads\/2024\/12\/team-video_NEW2.jpg","1536x1536-width":689,"1536x1536-height":321,"2048x2048":"https:\/\/www.generaldies.com\/wp-content\/uploads\/2024\/12\/team-video_NEW2.jpg","2048x2048-width":689,"2048x2048-height":321,"list-image":"https:\/\/www.generaldies.com\/wp-content\/uploads\/2024\/12\/team-video_NEW2.jpg","list-image-width":689,"list-image-height":321,"square-image":"https:\/\/www.generaldies.com\/wp-content\/uploads\/2024\/12\/team-video_NEW2.jpg","square-image-width":689,"square-image-height":321,"square-image-mini":"https:\/\/www.generaldies.com\/wp-content\/uploads\/2024\/12\/team-video_NEW2-400x321.jpg","square-image-mini-width":400,"square-image-mini-height":321,"banner-image":"https:\/\/www.generaldies.com\/wp-content\/uploads\/2024\/12\/team-video_NEW2-689x270.jpg","banner-image-width":689,"banner-image-height":270,"pc-image":"https:\/\/www.generaldies.com\/wp-content\/uploads\/2024\/12\/team-video_NEW2-200x100.jpg","pc-image-width":200,"pc-image-height":100}}},"yoast_head":"<!-- This site is optimized with the Yoast SEO plugin v16.4 - https:\/\/yoast.com\/wordpress\/plugins\/seo\/ -->\n<title>Plantas y l\u00edneas de peletizaci\u00f3n - General Dies<\/title>\n<meta name=\"description\" content=\"Descubre como podemos apoyarte en la realizaci\u00f3n de una planta de peletizaci\u00f3n eficiente sea lo que sea tu \u00e1mbito de trabajo.\" \/>\n<meta name=\"robots\" content=\"index, follow, max-snippet:-1, max-image-preview:large, max-video-preview:-1\" \/>\n<link rel=\"canonical\" href=\"https:\/\/www.generaldies.com\/es\/plantas-de-pellet\/lineas-de-peletizacion\/\" \/>\n<meta property=\"og:locale\" content=\"es_ES\" \/>\n<meta property=\"og:type\" content=\"article\" \/>\n<meta property=\"og:title\" content=\"Plantas y l\u00edneas de peletizaci\u00f3n - General Dies\" \/>\n<meta property=\"og:description\" content=\"Descubre como podemos apoyarte en la realizaci\u00f3n de una planta de peletizaci\u00f3n eficiente sea lo que sea tu \u00e1mbito de trabajo.\" \/>\n<meta property=\"og:url\" content=\"https:\/\/www.generaldies.com\/es\/plantas-de-pellet\/lineas-de-peletizacion\/\" \/>\n<meta property=\"og:site_name\" content=\"General Dies\" \/>\n<meta property=\"article:modified_time\" content=\"2017-05-29T15:26:12+00:00\" \/>\n<meta property=\"og:image\" content=\"https:\/\/www.generaldies.com\/wp-content\/uploads\/2017\/03\/Linea-di-cubettatura-testata.jpg\" \/>\n\t<meta property=\"og:image:width\" content=\"1024\" \/>\n\t<meta property=\"og:image:height\" content=\"768\" \/>\n<meta name=\"twitter:card\" content=\"summary\" \/>\n<meta name=\"twitter:label1\" content=\"Tiempo de lectura\" \/>\n\t<meta name=\"twitter:data1\" content=\"2 minutos\" \/>\n<script type=\"application\/ld+json\" class=\"yoast-schema-graph\">{\"@context\":\"https:\/\/schema.org\",\"@graph\":[{\"@type\":\"WebSite\",\"@id\":\"https:\/\/www.generaldies.com\/it\/#website\",\"url\":\"https:\/\/www.generaldies.com\/it\/\",\"name\":\"General Dies\",\"description\":\"Dal 1960 al servizio della pellettatura\",\"potentialAction\":[{\"@type\":\"SearchAction\",\"target\":\"https:\/\/www.generaldies.com\/it\/?s={search_term_string}\",\"query-input\":\"required name=search_term_string\"}],\"inLanguage\":\"es\"},{\"@type\":\"ImageObject\",\"@id\":\"https:\/\/www.generaldies.com\/es\/plantas-de-pellet\/lineas-de-peletizacion\/#primaryimage\",\"inLanguage\":\"es\",\"url\":\"https:\/\/www.generaldies.com\/wp-content\/uploads\/2017\/03\/Linea-di-cubettatura-testata.jpg\",\"contentUrl\":\"https:\/\/www.generaldies.com\/wp-content\/uploads\/2017\/03\/Linea-di-cubettatura-testata.jpg\",\"width\":1024,\"height\":768,\"caption\":\"Linea di cubettatura\"},{\"@type\":\"WebPage\",\"@id\":\"https:\/\/www.generaldies.com\/es\/plantas-de-pellet\/lineas-de-peletizacion\/#webpage\",\"url\":\"https:\/\/www.generaldies.com\/es\/plantas-de-pellet\/lineas-de-peletizacion\/\",\"name\":\"Plantas y l\\u00edneas de peletizaci\\u00f3n - General Dies\",\"isPartOf\":{\"@id\":\"https:\/\/www.generaldies.com\/it\/#website\"},\"primaryImageOfPage\":{\"@id\":\"https:\/\/www.generaldies.com\/es\/plantas-de-pellet\/lineas-de-peletizacion\/#primaryimage\"},\"datePublished\":\"2017-05-29T15:22:23+00:00\",\"dateModified\":\"2017-05-29T15:26:12+00:00\",\"description\":\"Descubre como podemos apoyarte en la realizaci\\u00f3n de una planta de peletizaci\\u00f3n eficiente sea lo que sea tu \\u00e1mbito de trabajo.\",\"breadcrumb\":{\"@id\":\"https:\/\/www.generaldies.com\/es\/plantas-de-pellet\/lineas-de-peletizacion\/#breadcrumb\"},\"inLanguage\":\"es\",\"potentialAction\":[{\"@type\":\"ReadAction\",\"target\":[\"https:\/\/www.generaldies.com\/es\/plantas-de-pellet\/lineas-de-peletizacion\/\"]}]},{\"@type\":\"BreadcrumbList\",\"@id\":\"https:\/\/www.generaldies.com\/es\/plantas-de-pellet\/lineas-de-peletizacion\/#breadcrumb\",\"itemListElement\":[{\"@type\":\"ListItem\",\"position\":1,\"item\":{\"@type\":\"WebPage\",\"@id\":\"https:\/\/www.generaldies.com\/es\/\",\"url\":\"https:\/\/www.generaldies.com\/es\/\",\"name\":\"Home\"}},{\"@type\":\"ListItem\",\"position\":2,\"item\":{\"@type\":\"WebPage\",\"@id\":\"https:\/\/www.generaldies.com\/es\/plantas-de-pellet\/\",\"url\":\"https:\/\/www.generaldies.com\/es\/plantas-de-pellet\/\",\"name\":\"Plantas de pellet\"}},{\"@type\":\"ListItem\",\"position\":3,\"item\":{\"@id\":\"https:\/\/www.generaldies.com\/es\/plantas-de-pellet\/lineas-de-peletizacion\/#webpage\"}}]}]}<\/script>\n<!-- \/ Yoast SEO plugin. -->","_links":{"self":[{"href":"https:\/\/www.generaldies.com\/es\/wp-json\/wp\/v2\/pages\/5175"}],"collection":[{"href":"https:\/\/www.generaldies.com\/es\/wp-json\/wp\/v2\/pages"}],"about":[{"href":"https:\/\/www.generaldies.com\/es\/wp-json\/wp\/v2\/types\/page"}],"author":[{"embeddable":true,"href":"https:\/\/www.generaldies.com\/es\/wp-json\/wp\/v2\/users\/1"}],"replies":[{"embeddable":true,"href":"https:\/\/www.generaldies.com\/es\/wp-json\/wp\/v2\/comments?post=5175"}],"version-history":[{"count":4,"href":"https:\/\/www.generaldies.com\/es\/wp-json\/wp\/v2\/pages\/5175\/revisions"}],"predecessor-version":[{"id":5179,"href":"https:\/\/www.generaldies.com\/es\/wp-json\/wp\/v2\/pages\/5175\/revisions\/5179"}],"up":[{"embeddable":true,"href":"https:\/\/www.generaldies.com\/es\/wp-json\/wp\/v2\/pages\/5171"}],"wp:featuredmedia":[{"embeddable":true,"href":"https:\/\/www.generaldies.com\/es\/wp-json\/wp\/v2\/media\/4474"}],"wp:attachment":[{"href":"https:\/\/www.generaldies.com\/es\/wp-json\/wp\/v2\/media?parent=5175"}],"curies":[{"name":"wp","href":"https:\/\/api.w.org\/{rel}","templated":true}]}}