{"id":5171,"date":"2017-05-29T17:12:44","date_gmt":"2017-05-29T15:12:44","guid":{"rendered":"https:\/\/www.generaldies.com\/plantas-de-pellet\/"},"modified":"2017-05-29T17:14:02","modified_gmt":"2017-05-29T15:14:02","slug":"plantas-de-pellet","status":"publish","type":"page","link":"https:\/\/www.generaldies.com\/es\/plantas-de-pellet\/","title":{"rendered":"Plantas de pellet"},"content":{"rendered":"<p>[vc_row][vc_column][vc_column_text]Dise\u00f1amos y producimos l\u00edneas de peletizaci\u00f3n y plantas completas \u201cllave en mano\u201d.[\/vc_column_text][vc_video link=\u00bbhttps:\/\/www.youtube.com\/watch?v=3Elypb_Goe8&#8243; el_width=\u00bb80&#8243; align=\u00bbcenter\u00bb][\/vc_column][\/vc_row][vc_row][vc_column][vc_separator css=\u00bb.vc_custom_1488874858284{margin-top: 50px !important;margin-bottom: 50px !important;}\u00bb][\/vc_column][\/vc_row][vc_row][vc_column width=\u00bb1\/2&#8243; el_class=\u00bbbox-altra-pagina\u00bb][vc_single_image image=\u00bb3359&#8243; img_size=\u00bbfull\u00bb onclick=\u00bbcustom_link\u00bb link=\u00bbhttps:\/\/www.generaldies.com\/impianti-pellet\/linee-di-cubettatura\/\u00bb][vc_column_text]L\u00edneas de peletizaci\u00f3n[\/vc_column_text][\/vc_column][vc_column width=\u00bb1\/2&#8243; el_class=\u00bbbox-altra-pagina\u00bb][vc_single_image image=\u00bb4455&#8243; img_size=\u00bbfull\u00bb onclick=\u00bbcustom_link\u00bb link=\u00bbhttps:\/\/www.generaldies.com\/impianti-pellet\/impianti-completi\/\u00bb][vc_column_text]Plantas de pellet[\/vc_column_text][\/vc_column][\/vc_row]<\/p>\n","protected":false},"excerpt":{"rendered":"<p>[vc_row][vc_column][vc_column_text]Dise\u00f1amos y producimos l\u00edneas de peletizaci\u00f3n y plantas completas \u201cllave en mano\u201d.[\/vc_column_text][vc_video link=\u00bbhttps:\/\/www.youtube.com\/watch?v=3Elypb_Goe8&#8243; el_width=\u00bb80&#8243; align=\u00bbcenter\u00bb][\/vc_column][\/vc_row][vc_row][vc_column][vc_separator css=\u00bb.vc_custom_1488874858284{margin-top: 50px !important;margin-bottom: 50px !important;}\u00bb][\/vc_column][\/vc_row][vc_row][vc_column width=\u00bb1\/2&#8243; el_class=\u00bbbox-altra-pagina\u00bb][vc_single_image image=\u00bb3359&#8243; img_size=\u00bbfull\u00bb onclick=\u00bbcustom_link\u00bb link=\u00bbhttps:\/\/www.generaldies.com\/impianti-pellet\/linee-di-cubettatura\/\u00bb][vc_column_text]L\u00edneas de peletizaci\u00f3n[\/vc_column_text][\/vc_column][vc_column width=\u00bb1\/2&#8243; el_class=\u00bbbox-altra-pagina\u00bb][vc_single_image image=\u00bb4455&#8243; img_size=\u00bbfull\u00bb onclick=\u00bbcustom_link\u00bb link=\u00bbhttps:\/\/www.generaldies.com\/impianti-pellet\/impianti-completi\/\u00bb][vc_column_text]Plantas de pellet[\/vc_column_text][\/vc_column][\/vc_row]<\/p>\n","protected":false},"author":1,"featured_media":4449,"parent":0,"menu_order":106,"comment_status":"closed","ping_status":"closed","template":"pages-templates\/page-with-contact-cta.php","meta":{"_mi_skip_tracking":false},"acf":{"barra_cta":false},"yoast_head":"<!-- This site is optimized with the Yoast SEO plugin v16.4 - https:\/\/yoast.com\/wordpress\/plugins\/seo\/ -->\n<title>Plantas completas de peletizaci\u00f3n - General Dies<\/title>\n<meta name=\"description\" content=\"Dise\u00f1amos y producimos l\u00edneas de peletizaci\u00f3n y plantas completas llave en mano. Descubre m\u00e1s sobre las plantas General Dies.\" \/>\n<meta name=\"robots\" content=\"index, follow, max-snippet:-1, max-image-preview:large, max-video-preview:-1\" \/>\n<link rel=\"canonical\" href=\"https:\/\/www.generaldies.com\/es\/plantas-de-pellet\/\" \/>\n<meta property=\"og:locale\" content=\"es_ES\" \/>\n<meta property=\"og:type\" content=\"article\" \/>\n<meta property=\"og:title\" content=\"Plantas completas de peletizaci\u00f3n - General Dies\" \/>\n<meta property=\"og:description\" content=\"Dise\u00f1amos y producimos l\u00edneas de peletizaci\u00f3n y plantas completas llave en mano. Descubre m\u00e1s sobre las plantas General Dies.\" \/>\n<meta property=\"og:url\" content=\"https:\/\/www.generaldies.com\/es\/plantas-de-pellet\/\" \/>\n<meta property=\"og:site_name\" content=\"General Dies\" \/>\n<meta property=\"article:modified_time\" content=\"2017-05-29T15:14:02+00:00\" \/>\n<meta property=\"og:image\" content=\"https:\/\/www.generaldies.com\/wp-content\/uploads\/2017\/03\/impianti-pellet-testata.jpg\" \/>\n\t<meta property=\"og:image:width\" content=\"1024\" \/>\n\t<meta property=\"og:image:height\" content=\"758\" \/>\n<meta name=\"twitter:card\" content=\"summary\" \/>\n<meta name=\"twitter:label1\" content=\"Tiempo de lectura\" \/>\n\t<meta name=\"twitter:data1\" content=\"1 minuto\" \/>\n<script type=\"application\/ld+json\" class=\"yoast-schema-graph\">{\"@context\":\"https:\/\/schema.org\",\"@graph\":[{\"@type\":\"WebSite\",\"@id\":\"https:\/\/www.generaldies.com\/it\/#website\",\"url\":\"https:\/\/www.generaldies.com\/it\/\",\"name\":\"General Dies\",\"description\":\"Dal 1960 al servizio della pellettatura\",\"potentialAction\":[{\"@type\":\"SearchAction\",\"target\":\"https:\/\/www.generaldies.com\/it\/?s={search_term_string}\",\"query-input\":\"required name=search_term_string\"}],\"inLanguage\":\"es\"},{\"@type\":\"ImageObject\",\"@id\":\"https:\/\/www.generaldies.com\/es\/plantas-de-pellet\/#primaryimage\",\"inLanguage\":\"es\",\"url\":\"https:\/\/www.generaldies.com\/wp-content\/uploads\/2017\/03\/impianti-pellet-testata.jpg\",\"contentUrl\":\"https:\/\/www.generaldies.com\/wp-content\/uploads\/2017\/03\/impianti-pellet-testata.jpg\",\"width\":1024,\"height\":758,\"caption\":\"impianti pellet\"},{\"@type\":\"WebPage\",\"@id\":\"https:\/\/www.generaldies.com\/es\/plantas-de-pellet\/#webpage\",\"url\":\"https:\/\/www.generaldies.com\/es\/plantas-de-pellet\/\",\"name\":\"Plantas completas de peletizaci\\u00f3n - General Dies\",\"isPartOf\":{\"@id\":\"https:\/\/www.generaldies.com\/it\/#website\"},\"primaryImageOfPage\":{\"@id\":\"https:\/\/www.generaldies.com\/es\/plantas-de-pellet\/#primaryimage\"},\"datePublished\":\"2017-05-29T15:12:44+00:00\",\"dateModified\":\"2017-05-29T15:14:02+00:00\",\"description\":\"Dise\\u00f1amos y producimos l\\u00edneas de peletizaci\\u00f3n y plantas completas llave en mano. Descubre m\\u00e1s sobre las plantas General Dies.\",\"breadcrumb\":{\"@id\":\"https:\/\/www.generaldies.com\/es\/plantas-de-pellet\/#breadcrumb\"},\"inLanguage\":\"es\",\"potentialAction\":[{\"@type\":\"ReadAction\",\"target\":[\"https:\/\/www.generaldies.com\/es\/plantas-de-pellet\/\"]}]},{\"@type\":\"BreadcrumbList\",\"@id\":\"https:\/\/www.generaldies.com\/es\/plantas-de-pellet\/#breadcrumb\",\"itemListElement\":[{\"@type\":\"ListItem\",\"position\":1,\"item\":{\"@type\":\"WebPage\",\"@id\":\"https:\/\/www.generaldies.com\/es\/\",\"url\":\"https:\/\/www.generaldies.com\/es\/\",\"name\":\"Home\"}},{\"@type\":\"ListItem\",\"position\":2,\"item\":{\"@id\":\"https:\/\/www.generaldies.com\/es\/plantas-de-pellet\/#webpage\"}}]}]}<\/script>\n<!-- \/ Yoast SEO plugin. -->","_links":{"self":[{"href":"https:\/\/www.generaldies.com\/es\/wp-json\/wp\/v2\/pages\/5171"}],"collection":[{"href":"https:\/\/www.generaldies.com\/es\/wp-json\/wp\/v2\/pages"}],"about":[{"href":"https:\/\/www.generaldies.com\/es\/wp-json\/wp\/v2\/types\/page"}],"author":[{"embeddable":true,"href":"https:\/\/www.generaldies.com\/es\/wp-json\/wp\/v2\/users\/1"}],"replies":[{"embeddable":true,"href":"https:\/\/www.generaldies.com\/es\/wp-json\/wp\/v2\/comments?post=5171"}],"version-history":[{"count":3,"href":"https:\/\/www.generaldies.com\/es\/wp-json\/wp\/v2\/pages\/5171\/revisions"}],"predecessor-version":[{"id":5174,"href":"https:\/\/www.generaldies.com\/es\/wp-json\/wp\/v2\/pages\/5171\/revisions\/5174"}],"wp:featuredmedia":[{"embeddable":true,"href":"https:\/\/www.generaldies.com\/es\/wp-json\/wp\/v2\/media\/4449"}],"wp:attachment":[{"href":"https:\/\/www.generaldies.com\/es\/wp-json\/wp\/v2\/media?parent=5171"}],"curies":[{"name":"wp","href":"https:\/\/api.w.org\/{rel}","templated":true}]}}