{"id":5079,"date":"2017-05-29T12:11:29","date_gmt":"2017-05-29T10:11:29","guid":{"rendered":"https:\/\/www.generaldies.com\/peletizadoras-y-otras-maquinas\/"},"modified":"2017-05-29T12:17:46","modified_gmt":"2017-05-29T10:17:46","slug":"peletizadoras-y-otras-maquinas","status":"publish","type":"page","link":"https:\/\/www.generaldies.com\/es\/peletizadoras-y-otras-maquinas\/","title":{"rendered":"Peletizadoras y otras m\u00e1quinas"},"content":{"rendered":"<p>[vc_row][vc_column][vc_column_text]Las maquinas son de nuestra producci\u00f3n, sobre todo las peletizadoras, los enfriadores, los desmenuzadores y los tamizadores son fruto de la experiencia de 50 a\u00f1os adquirida de nuestros t\u00e9cnicos en el dise\u00f1o y producci\u00f3n de m\u00e1quinas, en la producci\u00f3n de repuestos para todas las peletizadoras en el mercado, en la conducci\u00f3n y en el mantenimiento de peletizadoras y plantas, en las revisiones, en las modificaciones y reparaciones de m\u00e1quinas tambi\u00e9n de otras marcas.<\/p>\n<p>Una cuidadosa evaluaci\u00f3n de las demandas y necesidades del cliente, un preciso dise\u00f1o, m\u00e1quinas de producci\u00f3n tecnol\u00f3gicamente avanzadas, personal de producci\u00f3n altamente especializado y de larga experiencia garantizan a nuestros clientes de m\u00e1quinas fiables en el tiempo, altamente productivas, con f\u00e1cil conducci\u00f3n y mantenimiento.[\/vc_column_text][\/vc_column][\/vc_row][vc_row][vc_column][vc_separator css=\u00bb.vc_custom_1488874858284{margin-top: 50px !important;margin-bottom: 50px !important;}\u00bb][\/vc_column][\/vc_row][vc_row][vc_column width=\u00bb1\/3&#8243; el_class=\u00bbbox-altra-pagina\u00bb][vc_single_image image=\u00bb87&#8243; img_size=\u00bblist-image\u00bb onclick=\u00bbcustom_link\u00bb link=\u00bbhttps:\/\/www.generaldies.com\/macchine\/presse-pellettatrici\/\u00bb][vc_column_text]Prensas peletizadoras[\/vc_column_text][\/vc_column][vc_column width=\u00bb1\/3&#8243; el_class=\u00bbbox-altra-pagina\u00bb][vc_single_image image=\u00bb4966&#8243; img_size=\u00bblist-image\u00bb onclick=\u00bbcustom_link\u00bb link=\u00bbhttps:\/\/www.generaldies.com\/macchine\/raffreddatori\/\u00bb][vc_column_text]Enfriadores[\/vc_column_text][\/vc_column][vc_column width=\u00bb1\/3&#8243; el_class=\u00bbbox-altra-pagina\u00bb][vc_single_image image=\u00bb4420&#8243; img_size=\u00bblist-image\u00bb onclick=\u00bbcustom_link\u00bb link=\u00bbhttps:\/\/www.generaldies.com\/macchine\/sbriciolatori\/\u00bb][vc_column_text]Desmenuzadores[\/vc_column_text][\/vc_column][\/vc_row][vc_row][vc_column width=\u00bb1\/3&#8243; el_class=\u00bbbox-altra-pagina\u00bb][vc_single_image image=\u00bb4977&#8243; img_size=\u00bblist-image\u00bb onclick=\u00bbcustom_link\u00bb link=\u00bbhttps:\/\/www.generaldies.com\/macchine\/setacci\/\u00bb][vc_column_text]Tamizadores[\/vc_column_text][\/vc_column][vc_column width=\u00bb1\/3&#8243; el_class=\u00bbbox-altra-pagina\u00bb][vc_single_image image=\u00bb1747&#8243; img_size=\u00bblist-image\u00bb onclick=\u00bbcustom_link\u00bb link=\u00bbhttps:\/\/www.generaldies.com\/macchine\/altre-macchine\/\u00bb][vc_column_text]Otras m\u00e1quinas[\/vc_column_text][\/vc_column][vc_column width=\u00bb1\/3&#8243; el_class=\u00bbbox-altra-pagina\u00bb][vc_single_image image=\u00bb4365&#8243; img_size=\u00bblist-image\u00bb onclick=\u00bbcustom_link\u00bb link=\u00bbhttps:\/\/www.generaldies.com\/it\/macchine\/materiale-pronta-consegna\/\u00bb][vc_column_text]Material listo para la entrega[\/vc_column_text][\/vc_column][\/vc_row]<\/p>\n","protected":false},"excerpt":{"rendered":"<p>[vc_row][vc_column][vc_column_text]Las maquinas son de nuestra producci\u00f3n, sobre todo las peletizadoras, los enfriadores, los desmenuzadores y los tamizadores son fruto de la experiencia de 50 a\u00f1os adquirida de nuestros t\u00e9cnicos en el dise\u00f1o y producci\u00f3n de m\u00e1quinas, en la producci\u00f3n de repuestos para todas las peletizadoras en el mercado, en la conducci\u00f3n y en el mantenimiento [&hellip;]<\/p>\n","protected":false},"author":1,"featured_media":5087,"parent":0,"menu_order":135,"comment_status":"closed","ping_status":"closed","template":"","meta":{"_mi_skip_tracking":false},"acf":{"barra_cta":false},"yoast_head":"<!-- This site is optimized with the Yoast SEO plugin v16.4 - https:\/\/yoast.com\/wordpress\/plugins\/seo\/ -->\n<title>Peletizadoras, enfriadores, desmenuzadores - General Dies<\/title>\n<meta name=\"description\" content=\"Descubre las m\u00e1quinas y los repuestos de nuestra producci\u00f3n, fruto de la experiencia de 50 a\u00f1os de nuestros t\u00e9cnicos.\" \/>\n<meta name=\"robots\" content=\"index, follow, max-snippet:-1, max-image-preview:large, max-video-preview:-1\" \/>\n<link rel=\"canonical\" href=\"https:\/\/www.generaldies.com\/es\/peletizadoras-y-otras-maquinas\/\" \/>\n<meta property=\"og:locale\" content=\"es_ES\" \/>\n<meta property=\"og:type\" content=\"article\" \/>\n<meta property=\"og:title\" content=\"Peletizadoras, enfriadores, desmenuzadores - General Dies\" \/>\n<meta property=\"og:description\" content=\"Descubre las m\u00e1quinas y los repuestos de nuestra producci\u00f3n, fruto de la experiencia de 50 a\u00f1os de nuestros t\u00e9cnicos.\" \/>\n<meta property=\"og:url\" content=\"https:\/\/www.generaldies.com\/es\/peletizadoras-y-otras-maquinas\/\" \/>\n<meta property=\"og:site_name\" content=\"General Dies\" \/>\n<meta property=\"article:modified_time\" content=\"2017-05-29T10:17:46+00:00\" \/>\n<meta property=\"og:image\" content=\"https:\/\/www.generaldies.com\/wp-content\/uploads\/2017\/05\/slide4.jpg\" \/>\n\t<meta property=\"og:image:width\" content=\"1920\" \/>\n\t<meta property=\"og:image:height\" content=\"1080\" \/>\n<meta name=\"twitter:card\" content=\"summary\" \/>\n<meta name=\"twitter:label1\" content=\"Tiempo de lectura\" \/>\n\t<meta name=\"twitter:data1\" content=\"2 minutos\" \/>\n<script type=\"application\/ld+json\" class=\"yoast-schema-graph\">{\"@context\":\"https:\/\/schema.org\",\"@graph\":[{\"@type\":\"WebSite\",\"@id\":\"https:\/\/www.generaldies.com\/it\/#website\",\"url\":\"https:\/\/www.generaldies.com\/it\/\",\"name\":\"General Dies\",\"description\":\"Dal 1960 al servizio della pellettatura\",\"potentialAction\":[{\"@type\":\"SearchAction\",\"target\":\"https:\/\/www.generaldies.com\/it\/?s={search_term_string}\",\"query-input\":\"required name=search_term_string\"}],\"inLanguage\":\"es\"},{\"@type\":\"ImageObject\",\"@id\":\"https:\/\/www.generaldies.com\/es\/peletizadoras-y-otras-maquinas\/#primaryimage\",\"inLanguage\":\"es\",\"url\":\"https:\/\/www.generaldies.com\/wp-content\/uploads\/2017\/05\/slide4.jpg\",\"contentUrl\":\"https:\/\/www.generaldies.com\/wp-content\/uploads\/2017\/05\/slide4.jpg\",\"width\":1920,\"height\":1080,\"caption\":\"Pellettatrici e altre macchine\"},{\"@type\":\"WebPage\",\"@id\":\"https:\/\/www.generaldies.com\/es\/peletizadoras-y-otras-maquinas\/#webpage\",\"url\":\"https:\/\/www.generaldies.com\/es\/peletizadoras-y-otras-maquinas\/\",\"name\":\"Peletizadoras, enfriadores, desmenuzadores - General Dies\",\"isPartOf\":{\"@id\":\"https:\/\/www.generaldies.com\/it\/#website\"},\"primaryImageOfPage\":{\"@id\":\"https:\/\/www.generaldies.com\/es\/peletizadoras-y-otras-maquinas\/#primaryimage\"},\"datePublished\":\"2017-05-29T10:11:29+00:00\",\"dateModified\":\"2017-05-29T10:17:46+00:00\",\"description\":\"Descubre las m\\u00e1quinas y los repuestos de nuestra producci\\u00f3n, fruto de la experiencia de 50 a\\u00f1os de nuestros t\\u00e9cnicos.\",\"breadcrumb\":{\"@id\":\"https:\/\/www.generaldies.com\/es\/peletizadoras-y-otras-maquinas\/#breadcrumb\"},\"inLanguage\":\"es\",\"potentialAction\":[{\"@type\":\"ReadAction\",\"target\":[\"https:\/\/www.generaldies.com\/es\/peletizadoras-y-otras-maquinas\/\"]}]},{\"@type\":\"BreadcrumbList\",\"@id\":\"https:\/\/www.generaldies.com\/es\/peletizadoras-y-otras-maquinas\/#breadcrumb\",\"itemListElement\":[{\"@type\":\"ListItem\",\"position\":1,\"item\":{\"@type\":\"WebPage\",\"@id\":\"https:\/\/www.generaldies.com\/es\/\",\"url\":\"https:\/\/www.generaldies.com\/es\/\",\"name\":\"Home\"}},{\"@type\":\"ListItem\",\"position\":2,\"item\":{\"@id\":\"https:\/\/www.generaldies.com\/es\/peletizadoras-y-otras-maquinas\/#webpage\"}}]}]}<\/script>\n<!-- \/ Yoast SEO plugin. -->","_links":{"self":[{"href":"https:\/\/www.generaldies.com\/es\/wp-json\/wp\/v2\/pages\/5079"}],"collection":[{"href":"https:\/\/www.generaldies.com\/es\/wp-json\/wp\/v2\/pages"}],"about":[{"href":"https:\/\/www.generaldies.com\/es\/wp-json\/wp\/v2\/types\/page"}],"author":[{"embeddable":true,"href":"https:\/\/www.generaldies.com\/es\/wp-json\/wp\/v2\/users\/1"}],"replies":[{"embeddable":true,"href":"https:\/\/www.generaldies.com\/es\/wp-json\/wp\/v2\/comments?post=5079"}],"version-history":[{"count":7,"href":"https:\/\/www.generaldies.com\/es\/wp-json\/wp\/v2\/pages\/5079\/revisions"}],"predecessor-version":[{"id":5086,"href":"https:\/\/www.generaldies.com\/es\/wp-json\/wp\/v2\/pages\/5079\/revisions\/5086"}],"wp:featuredmedia":[{"embeddable":true,"href":"https:\/\/www.generaldies.com\/es\/wp-json\/wp\/v2\/media\/5087"}],"wp:attachment":[{"href":"https:\/\/www.generaldies.com\/es\/wp-json\/wp\/v2\/media?parent=5079"}],"curies":[{"name":"wp","href":"https:\/\/api.w.org\/{rel}","templated":true}]}}