{"id":3520,"date":"2017-05-25T17:46:10","date_gmt":"2017-05-25T15:46:10","guid":{"rendered":"https:\/\/www.generaldies.com\/?page_id=3520\/"},"modified":"2017-05-25T17:46:10","modified_gmt":"2017-05-25T15:46:10","slug":"donde-estamos","status":"publish","type":"page","link":"https:\/\/www.generaldies.com\/es\/empresa\/donde-estamos\/","title":{"rendered":"D\u00f3nde estamos"},"content":{"rendered":"<p>[vc_row][vc_column width=\u00bb2\/3&#8243;][vc_empty_space height=\u00bb45px\u00bb][vc_gmaps link=\u00bb#E-8_JTNDaWZyYW1lJTIwc3JjJTNEJTIyaHR0cHMlM0ElMkYlMkZ3d3cuZ29vZ2xlLmNvbSUyRm1hcHMlMkZlbWJlZCUzRnBiJTNEJTIxMW0xOCUyMTFtMTIlMjExbTMlMjExZDI4MDAuNTI0NjgyODU3OTA0MyUyMTJkMTEuMTQ1MzI3ODE1NTU1OTM3JTIxM2Q0NS40MTg5MjM2NzkxMDAzOCUyMTJtMyUyMTFmMCUyMTJmMCUyMTNmMCUyMTNtMiUyMTFpMTAyNCUyMTJpNzY4JTIxNGYxMy4xJTIxM20zJTIxMW0yJTIxMXMweDQ3N2Y1Y2I5Yjk2NjM1M2IlMjUzQTB4OWRhOTkyMDE2NjZkMjNhOCUyMTJzR2VuZXJhbCUyQkRpZXMlMjE1ZTAlMjEzbTIlMjExc2l0JTIxMnNpdCUyMTR2MTQ4ODE4NjExMjgyNSUyMiUyMHdpZHRoJTNEJTIyNjAwJTIyJTIwaGVpZ2h0JTNEJTIyNDUwJTIyJTIwZnJhbWVib3JkZXIlM0QlMjIwJTIyJTIwc3R5bGUlM0QlMjJib3JkZXIlM0EwJTIyJTIwYWxsb3dmdWxsc2NyZWVuJTNFJTNDJTJGaWZyYW1lJTNF\u00bb][\/vc_column][vc_column width=\u00bb1\/3&#8243;][vc_custom_heading text=\u00bbCOMO ALCANZARNOS\u00bb font_container=\u00bbtag:h3|text_align:left\u00bb use_theme_fonts=\u00bbyes\u00bb][vc_column_text]<strong>EN COCHE<\/strong><\/p>\n<p>Viniendo de Milano en la autopista A4 Milano-Venezia salir a Verona Est (secunda salida hacia Venezia despu\u00e9s el cruce con la autopista A22 Brennero-Modena). Continuar durante unos 5 km en direcci\u00f3n Vicenza. 500m despu\u00e9s el pueblo de Vago de Lavagno, despu\u00e9s una grande redonda, se vee a la izquierda una serrer\u00eda de m\u00e1rmoles y inmediatamente despu\u00e9s General Dies.<\/p>\n<p><strong>EN TREN<\/strong><\/p>\n<p>C\u00f3modos las estaciones de tren de Caldiero Y San Bonifacio. La estaci\u00f3n con m\u00e1s servicios cerca de General Dies es aquella de Verona Porta Nuova a unos 20 km desde la empresa.<\/p>\n<p><strong>EN AVI\u00d3N<\/strong><\/p>\n<p>El aeropuerto m\u00e1s c\u00f3modo y cerca es Valerio Catullo de Verona.<\/p>\n<p>En las cercan\u00edas se pueden tomar en consideraci\u00f3n el aeropuerto \u2018Orio al Serio\u2019 de Milano (Bergamo), Milano-Linate, Milano-Malpensa, el \u2018Marconi\u2019 de Bologna, el \u2018Marco Polo\u2019 de Venezia y todos los aeropuertos del norte de Italia.[\/vc_column_text][\/vc_column][\/vc_row]<\/p>\n","protected":false},"excerpt":{"rendered":"<p>[vc_row][vc_column width=\u00bb2\/3&#8243;][vc_empty_space height=\u00bb45px\u00bb][vc_gmaps link=\u00bb#E-8_JTNDaWZyYW1lJTIwc3JjJTNEJTIyaHR0cHMlM0ElMkYlMkZ3d3cuZ29vZ2xlLmNvbSUyRm1hcHMlMkZlbWJlZCUzRnBiJTNEJTIxMW0xOCUyMTFtMTIlMjExbTMlMjExZDI4MDAuNTI0NjgyODU3OTA0MyUyMTJkMTEuMTQ1MzI3ODE1NTU1OTM3JTIxM2Q0NS40MTg5MjM2NzkxMDAzOCUyMTJtMyUyMTFmMCUyMTJmMCUyMTNmMCUyMTNtMiUyMTFpMTAyNCUyMTJpNzY4JTIxNGYxMy4xJTIxM20zJTIxMW0yJTIxMXMweDQ3N2Y1Y2I5Yjk2NjM1M2IlMjUzQTB4OWRhOTkyMDE2NjZkMjNhOCUyMTJzR2VuZXJhbCUyQkRpZXMlMjE1ZTAlMjEzbTIlMjExc2l0JTIxMnNpdCUyMTR2MTQ4ODE4NjExMjgyNSUyMiUyMHdpZHRoJTNEJTIyNjAwJTIyJTIwaGVpZ2h0JTNEJTIyNDUwJTIyJTIwZnJhbWVib3JkZXIlM0QlMjIwJTIyJTIwc3R5bGUlM0QlMjJib3JkZXIlM0EwJTIyJTIwYWxsb3dmdWxsc2NyZWVuJTNFJTNDJTJGaWZyYW1lJTNF\u00bb][\/vc_column][vc_column width=\u00bb1\/3&#8243;][vc_custom_heading text=\u00bbCOMO ALCANZARNOS\u00bb font_container=\u00bbtag:h3|text_align:left\u00bb use_theme_fonts=\u00bbyes\u00bb][vc_column_text]EN COCHE Viniendo de Milano en la autopista A4 Milano-Venezia salir a Verona Est (secunda salida hacia Venezia despu\u00e9s el cruce con la autopista A22 Brennero-Modena). Continuar durante unos 5 km en direcci\u00f3n Vicenza. 500m despu\u00e9s el pueblo de Vago de Lavagno, despu\u00e9s una grande redonda, se [&hellip;]<\/p>\n","protected":false},"author":1,"featured_media":8647,"parent":3447,"menu_order":25,"comment_status":"closed","ping_status":"closed","template":"","meta":{"_mi_skip_tracking":false},"acf":{"barra_cta":false},"yoast_head":"<!-- This site is optimized with the Yoast SEO plugin v16.4 - https:\/\/yoast.com\/wordpress\/plugins\/seo\/ -->\n<title>D\u00f3nde estamos y como alcanzarnos - General Dies<\/title>\n<meta name=\"description\" content=\"Direcci\u00f3n y informaci\u00f3n \u00fatil para alcanzar nuestra f\u00e1brica y saber d\u00f3nde estamos. Descubre General Dies.\" \/>\n<meta name=\"robots\" content=\"index, follow, max-snippet:-1, max-image-preview:large, max-video-preview:-1\" \/>\n<link rel=\"canonical\" href=\"https:\/\/www.generaldies.com\/es\/empresa\/donde-estamos\/\" \/>\n<meta property=\"og:locale\" content=\"es_ES\" \/>\n<meta property=\"og:type\" content=\"article\" \/>\n<meta property=\"og:title\" content=\"D\u00f3nde estamos y como alcanzarnos - General Dies\" \/>\n<meta property=\"og:description\" content=\"Direcci\u00f3n y informaci\u00f3n \u00fatil para alcanzar nuestra f\u00e1brica y saber d\u00f3nde estamos. Descubre General Dies.\" \/>\n<meta property=\"og:url\" content=\"https:\/\/www.generaldies.com\/es\/empresa\/donde-estamos\/\" \/>\n<meta property=\"og:site_name\" content=\"General Dies\" \/>\n<meta property=\"og:image\" content=\"https:\/\/www.generaldies.com\/wp-content\/uploads\/2017\/02\/slide3.jpg\" \/>\n\t<meta property=\"og:image:width\" content=\"1920\" \/>\n\t<meta property=\"og:image:height\" content=\"1080\" \/>\n<meta name=\"twitter:card\" content=\"summary\" \/>\n<meta name=\"twitter:label1\" content=\"Tiempo de lectura\" \/>\n\t<meta name=\"twitter:data1\" content=\"1 minuto\" \/>\n<script type=\"application\/ld+json\" class=\"yoast-schema-graph\">{\"@context\":\"https:\/\/schema.org\",\"@graph\":[{\"@type\":\"WebSite\",\"@id\":\"https:\/\/www.generaldies.com\/it\/#website\",\"url\":\"https:\/\/www.generaldies.com\/it\/\",\"name\":\"General Dies\",\"description\":\"Dal 1960 al servizio della pellettatura\",\"potentialAction\":[{\"@type\":\"SearchAction\",\"target\":\"https:\/\/www.generaldies.com\/it\/?s={search_term_string}\",\"query-input\":\"required name=search_term_string\"}],\"inLanguage\":\"es\"},{\"@type\":\"ImageObject\",\"@id\":\"https:\/\/www.generaldies.com\/es\/empresa\/donde-estamos\/#primaryimage\",\"inLanguage\":\"es\",\"url\":\"https:\/\/www.generaldies.com\/wp-content\/uploads\/2023\/08\/1-scaled-e1693216254370.jpg\",\"contentUrl\":\"https:\/\/www.generaldies.com\/wp-content\/uploads\/2023\/08\/1-scaled-e1693216254370.jpg\",\"width\":2560,\"height\":1707},{\"@type\":\"WebPage\",\"@id\":\"https:\/\/www.generaldies.com\/es\/empresa\/donde-estamos\/#webpage\",\"url\":\"https:\/\/www.generaldies.com\/es\/empresa\/donde-estamos\/\",\"name\":\"D\\u00f3nde estamos y como alcanzarnos - General Dies\",\"isPartOf\":{\"@id\":\"https:\/\/www.generaldies.com\/it\/#website\"},\"primaryImageOfPage\":{\"@id\":\"https:\/\/www.generaldies.com\/es\/empresa\/donde-estamos\/#primaryimage\"},\"datePublished\":\"2017-05-25T15:46:10+00:00\",\"dateModified\":\"2017-05-25T15:46:10+00:00\",\"description\":\"Direcci\\u00f3n y informaci\\u00f3n \\u00fatil para alcanzar nuestra f\\u00e1brica y saber d\\u00f3nde estamos. Descubre General Dies.\",\"breadcrumb\":{\"@id\":\"https:\/\/www.generaldies.com\/es\/empresa\/donde-estamos\/#breadcrumb\"},\"inLanguage\":\"es\",\"potentialAction\":[{\"@type\":\"ReadAction\",\"target\":[\"https:\/\/www.generaldies.com\/es\/empresa\/donde-estamos\/\"]}]},{\"@type\":\"BreadcrumbList\",\"@id\":\"https:\/\/www.generaldies.com\/es\/empresa\/donde-estamos\/#breadcrumb\",\"itemListElement\":[{\"@type\":\"ListItem\",\"position\":1,\"item\":{\"@type\":\"WebPage\",\"@id\":\"https:\/\/www.generaldies.com\/es\/\",\"url\":\"https:\/\/www.generaldies.com\/es\/\",\"name\":\"Home\"}},{\"@type\":\"ListItem\",\"position\":2,\"item\":{\"@type\":\"WebPage\",\"@id\":\"https:\/\/www.generaldies.com\/es\/empresa\/\",\"url\":\"https:\/\/www.generaldies.com\/es\/empresa\/\",\"name\":\"Empresa\"}},{\"@type\":\"ListItem\",\"position\":3,\"item\":{\"@id\":\"https:\/\/www.generaldies.com\/es\/empresa\/donde-estamos\/#webpage\"}}]}]}<\/script>\n<!-- \/ Yoast SEO plugin. -->","_links":{"self":[{"href":"https:\/\/www.generaldies.com\/es\/wp-json\/wp\/v2\/pages\/3520"}],"collection":[{"href":"https:\/\/www.generaldies.com\/es\/wp-json\/wp\/v2\/pages"}],"about":[{"href":"https:\/\/www.generaldies.com\/es\/wp-json\/wp\/v2\/types\/page"}],"author":[{"embeddable":true,"href":"https:\/\/www.generaldies.com\/es\/wp-json\/wp\/v2\/users\/1"}],"replies":[{"embeddable":true,"href":"https:\/\/www.generaldies.com\/es\/wp-json\/wp\/v2\/comments?post=3520"}],"version-history":[{"count":4,"href":"https:\/\/www.generaldies.com\/es\/wp-json\/wp\/v2\/pages\/3520\/revisions"}],"predecessor-version":[{"id":5060,"href":"https:\/\/www.generaldies.com\/es\/wp-json\/wp\/v2\/pages\/3520\/revisions\/5060"}],"up":[{"embeddable":true,"href":"https:\/\/www.generaldies.com\/es\/wp-json\/wp\/v2\/pages\/3447"}],"wp:featuredmedia":[{"embeddable":true,"href":"https:\/\/www.generaldies.com\/es\/wp-json\/wp\/v2\/media\/8647"}],"wp:attachment":[{"href":"https:\/\/www.generaldies.com\/es\/wp-json\/wp\/v2\/media?parent=3520"}],"curies":[{"name":"wp","href":"https:\/\/api.w.org\/{rel}","templated":true}]}}