{"id":3462,"date":"2017-05-05T12:14:09","date_gmt":"2017-05-05T10:14:09","guid":{"rendered":"https:\/\/www.generaldies.com\/?page_id=3462\/"},"modified":"2024-11-12T11:06:55","modified_gmt":"2024-11-12T10:06:55","slug":"produccion","status":"publish","type":"page","link":"https:\/\/www.generaldies.com\/es\/empresa\/produccion\/","title":{"rendered":"Producci\u00f3n"},"content":{"rendered":"<p>[vc_row][vc_column][vc_custom_heading text=\u00bbCalidad italiana aut\u00e9ntica\u00bb font_container=\u00bbtag:h3|text_align:left\u00bb use_theme_fonts=\u00bbyes\u00bb][vc_column_text]Nuestros productos se fabrican en las instalaciones de General Dies en Colognola Ai Colli, Verona, utilizando materias primas cuidadosamente seleccionadas de proveedores cualificados.<\/p>\n<p>Mantenemos con orgullo nuestra producci\u00f3n en Italia, garantizando siempre alta calidad, tecnolog\u00eda avanzada e innovaci\u00f3n, con un profundo conocimiento de los procesos de fabricaci\u00f3n.[\/vc_column_text][vc_custom_heading text=\u00bbVe a la gallery\u00bb font_container=\u00bbtag:h4|text_align:left\u00bb use_theme_fonts=\u00bbyes\u00bb][vc_media_grid style=\u00bblazy\u00bb element_width=\u00bb2&#8243; gap=\u00bb1&#8243; item=\u00bb3420&#8243; grid_id=\u00bbvc_gid:1495029132075-e7a8ace1-6b83-9&#8243; include=\u00bb3510,3509,3508,3507,3506,3505,3504,3503,3502,3501,3500,3499,3498,3497,3496,3488,3487,3486,3485,3484,3483,3482,3481,3480,3479,3478,3477,3476,3475,3474,3473,3472,3471,3470,3469,3468,3467,3466,3464&#8243;][\/vc_column][\/vc_row]<\/p>\n","protected":false},"excerpt":{"rendered":"<p>[vc_row][vc_column][vc_custom_heading text=\u00bbCalidad italiana aut\u00e9ntica\u00bb font_container=\u00bbtag:h3|text_align:left\u00bb use_theme_fonts=\u00bbyes\u00bb][vc_column_text]Nuestros productos se fabrican en las instalaciones de General Dies en Colognola Ai Colli, Verona, utilizando materias primas cuidadosamente seleccionadas de proveedores cualificados. Mantenemos con orgullo nuestra producci\u00f3n en Italia, garantizando siempre alta calidad, tecnolog\u00eda avanzada e innovaci\u00f3n, con un profundo conocimiento de los procesos de fabricaci\u00f3n.[\/vc_column_text][vc_custom_heading text=\u00bbVe a la [&hellip;]<\/p>\n","protected":false},"author":1,"featured_media":3512,"parent":3447,"menu_order":70,"comment_status":"closed","ping_status":"closed","template":"","meta":{"_mi_skip_tracking":false},"acf":{"barra_cta":false},"yoast_head":"<!-- This site is optimized with the Yoast SEO plugin v16.4 - https:\/\/yoast.com\/wordpress\/plugins\/seo\/ -->\n<title>La nuestra f\u00e1brica de producci\u00f3n - General Dies<\/title>\n<meta name=\"description\" content=\"Estamos orgullosos de haber mantenido, con los a\u00f1os, una producci\u00f3n 100% made in Italy. Descubre como y d\u00f3nde creamos nuestros productos para la peletizaci\u00f3n.\" \/>\n<meta name=\"robots\" content=\"index, follow, max-snippet:-1, max-image-preview:large, max-video-preview:-1\" \/>\n<link rel=\"canonical\" href=\"https:\/\/www.generaldies.com\/es\/empresa\/produccion\/\" \/>\n<meta property=\"og:locale\" content=\"es_ES\" \/>\n<meta property=\"og:type\" content=\"article\" \/>\n<meta property=\"og:title\" content=\"La nuestra f\u00e1brica de producci\u00f3n - General Dies\" \/>\n<meta property=\"og:description\" content=\"Estamos orgullosos de haber mantenido, con los a\u00f1os, una producci\u00f3n 100% made in Italy. Descubre como y d\u00f3nde creamos nuestros productos para la peletizaci\u00f3n.\" \/>\n<meta property=\"og:url\" content=\"https:\/\/www.generaldies.com\/es\/empresa\/produccion\/\" \/>\n<meta property=\"og:site_name\" content=\"General Dies\" \/>\n<meta property=\"article:modified_time\" content=\"2024-11-12T10:06:55+00:00\" \/>\n<meta property=\"og:image\" content=\"https:\/\/www.generaldies.com\/wp-content\/uploads\/2017\/01\/slide2.jpg\" \/>\n\t<meta property=\"og:image:width\" content=\"1920\" \/>\n\t<meta property=\"og:image:height\" content=\"1080\" \/>\n<meta name=\"twitter:card\" content=\"summary\" \/>\n<meta name=\"twitter:label1\" content=\"Tiempo de lectura\" \/>\n\t<meta name=\"twitter:data1\" content=\"1 minuto\" \/>\n<script type=\"application\/ld+json\" class=\"yoast-schema-graph\">{\"@context\":\"https:\/\/schema.org\",\"@graph\":[{\"@type\":\"WebSite\",\"@id\":\"https:\/\/www.generaldies.com\/it\/#website\",\"url\":\"https:\/\/www.generaldies.com\/it\/\",\"name\":\"General Dies\",\"description\":\"Dal 1960 al servizio della pellettatura\",\"potentialAction\":[{\"@type\":\"SearchAction\",\"target\":\"https:\/\/www.generaldies.com\/it\/?s={search_term_string}\",\"query-input\":\"required name=search_term_string\"}],\"inLanguage\":\"es\"},{\"@type\":\"ImageObject\",\"@id\":\"https:\/\/www.generaldies.com\/es\/empresa\/produccion\/#primaryimage\",\"inLanguage\":\"es\",\"url\":\"https:\/\/www.generaldies.com\/wp-content\/uploads\/2017\/01\/slide2.jpg\",\"contentUrl\":\"https:\/\/www.generaldies.com\/wp-content\/uploads\/2017\/01\/slide2.jpg\",\"width\":1920,\"height\":1080},{\"@type\":\"WebPage\",\"@id\":\"https:\/\/www.generaldies.com\/es\/empresa\/produccion\/#webpage\",\"url\":\"https:\/\/www.generaldies.com\/es\/empresa\/produccion\/\",\"name\":\"La nuestra f\\u00e1brica de producci\\u00f3n - General Dies\",\"isPartOf\":{\"@id\":\"https:\/\/www.generaldies.com\/it\/#website\"},\"primaryImageOfPage\":{\"@id\":\"https:\/\/www.generaldies.com\/es\/empresa\/produccion\/#primaryimage\"},\"datePublished\":\"2017-05-05T10:14:09+00:00\",\"dateModified\":\"2024-11-12T10:06:55+00:00\",\"description\":\"Estamos orgullosos de haber mantenido, con los a\\u00f1os, una producci\\u00f3n 100% made in Italy. Descubre como y d\\u00f3nde creamos nuestros productos para la peletizaci\\u00f3n.\",\"breadcrumb\":{\"@id\":\"https:\/\/www.generaldies.com\/es\/empresa\/produccion\/#breadcrumb\"},\"inLanguage\":\"es\",\"potentialAction\":[{\"@type\":\"ReadAction\",\"target\":[\"https:\/\/www.generaldies.com\/es\/empresa\/produccion\/\"]}]},{\"@type\":\"BreadcrumbList\",\"@id\":\"https:\/\/www.generaldies.com\/es\/empresa\/produccion\/#breadcrumb\",\"itemListElement\":[{\"@type\":\"ListItem\",\"position\":1,\"item\":{\"@type\":\"WebPage\",\"@id\":\"https:\/\/www.generaldies.com\/es\/\",\"url\":\"https:\/\/www.generaldies.com\/es\/\",\"name\":\"Home\"}},{\"@type\":\"ListItem\",\"position\":2,\"item\":{\"@type\":\"WebPage\",\"@id\":\"https:\/\/www.generaldies.com\/es\/empresa\/\",\"url\":\"https:\/\/www.generaldies.com\/es\/empresa\/\",\"name\":\"Empresa\"}},{\"@type\":\"ListItem\",\"position\":3,\"item\":{\"@id\":\"https:\/\/www.generaldies.com\/es\/empresa\/produccion\/#webpage\"}}]}]}<\/script>\n<!-- \/ Yoast SEO plugin. -->","_links":{"self":[{"href":"https:\/\/www.generaldies.com\/es\/wp-json\/wp\/v2\/pages\/3462"}],"collection":[{"href":"https:\/\/www.generaldies.com\/es\/wp-json\/wp\/v2\/pages"}],"about":[{"href":"https:\/\/www.generaldies.com\/es\/wp-json\/wp\/v2\/types\/page"}],"author":[{"embeddable":true,"href":"https:\/\/www.generaldies.com\/es\/wp-json\/wp\/v2\/users\/1"}],"replies":[{"embeddable":true,"href":"https:\/\/www.generaldies.com\/es\/wp-json\/wp\/v2\/comments?post=3462"}],"version-history":[{"count":7,"href":"https:\/\/www.generaldies.com\/es\/wp-json\/wp\/v2\/pages\/3462\/revisions"}],"predecessor-version":[{"id":8896,"href":"https:\/\/www.generaldies.com\/es\/wp-json\/wp\/v2\/pages\/3462\/revisions\/8896"}],"up":[{"embeddable":true,"href":"https:\/\/www.generaldies.com\/es\/wp-json\/wp\/v2\/pages\/3447"}],"wp:featuredmedia":[{"embeddable":true,"href":"https:\/\/www.generaldies.com\/es\/wp-json\/wp\/v2\/media\/3512"}],"wp:attachment":[{"href":"https:\/\/www.generaldies.com\/es\/wp-json\/wp\/v2\/media?parent=3462"}],"curies":[{"name":"wp","href":"https:\/\/api.w.org\/{rel}","templated":true}]}}