{"id":3460,"date":"2017-05-05T12:12:18","date_gmt":"2017-05-05T10:12:18","guid":{"rendered":"https:\/\/www.generaldies.com\/?page_id=3460\/"},"modified":"2024-12-10T11:22:07","modified_gmt":"2024-12-10T10:22:07","slug":"porque-gd","status":"publish","type":"page","link":"https:\/\/www.generaldies.com\/es\/empresa\/porque-gd\/","title":{"rendered":"Porqu\u00e8 GD"},"content":{"rendered":"<p>[vc_row][vc_column width=\u00bb2\/3&#8243;][vc_row_inner][vc_column_inner width=\u00bb1\/2&#8243;][vc_single_image image=\u00bb3483&#8243; img_size=\u00bblarge\u00bb][\/vc_column_inner][vc_column_inner width=\u00bb1\/2&#8243;][vc_column_text]<\/p>\n<h3>\u00bfPorqu\u00e9 elegir General Dies?<\/h3>\n<p>En un mercado m\u00e1s amplio, que ve nacer nuevas realidades, siempre nos hemos esforzado para \u00a0unir nuestra larga experiencia con los mejores procesos tecnol\u00f3gicos: esto nos ha permitido alcanzar alt\u00edsimos est\u00e1ndares cualitativos. Aspiramos, adem\u00e1s, en tiempos en los que la atenci\u00f3n se centra sobre las cantidades, ofrecer al cliente un servicio y asistencia de indiscutible calidad.[\/vc_column_text][\/vc_column_inner][\/vc_row_inner][vc_row_inner][vc_column_inner][vc_column_text]<\/p>\n<h3>Ah\u00ed algunos motivos para elegir General Dies:<\/h3>\n<ul>\n<li>Por los 60 a\u00f1os aprox de presencia en el mercado<\/li>\n<li>Por la presencia de personal con m\u00e1s de 50 a\u00f1os de experiencia capaz de aconsejar y sugerir las opciones m\u00e1s adecuadas a las necesidades del cliente<\/li>\n<li>Por las referencias en todo el mundo<\/li>\n<li>Por la producci\u00f3n en nuestra f\u00e1brica en Italia, con las materias primas de la mejor calidad<\/li>\n<li>Por la profesionalidad, la preparaci\u00f3n y competencia de nuestro personal<\/li>\n<li>Por el preciso servicio posventa<\/li>\n<li>Por la completa disponibilidad a visitar a plantas de nuestros Clientes<\/li>\n<li>Porque nunca dejamos nuestro cliente \u2018solo\u2019, lo asistimos en cada problema, somos siempre accesibles y disponibles a visitas in situ<\/li>\n<li>Por la fiabilidad: somos una empresa s\u00f3lida, presente en el mercado nacional y internacional y con colaboradores animados por inalterados valores de capacidad y equidad que han caracterizado nuestra actividad desde sus or\u00edgenes<\/li>\n<li>Porque tenemos muchos agentes que operan directamente in situs, que permiten de hablar en su lengua materna y que tienen un contacto constante y directo con costumbres, h\u00e1bitos y burocracia de un pa\u00eds determinado.<\/li>\n<li>Porque podes hablar nuestro idioma: nuestros comerciales hablan italiano, ingl\u00e9s, alem\u00e1n, espa\u00f1ol, portug\u00e9s, franc\u00e9s, ruso, rumano, ucraino, moldavo, serbio y polaco<\/li>\n<li>Porque no somos solo comerciales, somos tambi\u00e9n t\u00e9cnicos<\/li>\n<li>Por la flexibilidad de la producci\u00f3n de maquinas y repuestos: escuchamos las necesidades del cliente, estudiamos soluciones ad hoc, tambi\u00e9n no est\u00e1ndar<\/li>\n<li>Por la flexibilidad en los pagos una vez verificada la equidad del cliente<\/li>\n<li>Por la calidad de maquinas y repuestos: la mejora continua en la producci\u00f3n y constante atenci\u00f3n a la calidad de las materias primas y de los componentes nos han llevado a excelentes resultados<\/li>\n<li>Por la posibilidad de hacer pruebas de peletizaci\u00f3n gratis (si se compra) en la nuestra \u2018sala de pruebas\u2019, verificando la peletizaci\u00f3n de productos innovadores<\/li>\n<li>Por el servicio de mantenimiento preventivo sobre todo en el territorio nacional y en los pa\u00edses vecinos que permiten de prevenir aver\u00edas y despisfarros econ\u00f3micos importantes<\/li>\n<li>Porque confiamos mucho en nuestras maquinas hasta tal punto que cuando el cliente las cede, nosotros las re-compramos a precios de mercado para revisarlas y volverlas a proponer como usado garantizado<\/li>\n<li>Por la disponibilidad de maquinas usadas, revisadas a nuevo, a precios competitivos<\/li>\n<li>Porque no queremos ser sus proveedores, queremos ser sus socios!<\/li>\n<\/ul>\n<p>[\/vc_column_text][\/vc_column_inner][\/vc_row_inner][\/vc_column][vc_column width=\u00bb1\/3&#8243;][vc_single_image image=\u00bb5411&#8243; img_size=\u00bblarge\u00bb][vc_single_image image=\u00bb8944&#8243; img_size=\u00bblarge\u00bb][vc_single_image image=\u00bb4312&#8243; img_size=\u00bblarge\u00bb][\/vc_column][\/vc_row]<\/p>\n","protected":false},"excerpt":{"rendered":"<p>[vc_row][vc_column width=\u00bb2\/3&#8243;][vc_row_inner][vc_column_inner width=\u00bb1\/2&#8243;][vc_single_image image=\u00bb3483&#8243; img_size=\u00bblarge\u00bb][\/vc_column_inner][vc_column_inner width=\u00bb1\/2&#8243;][vc_column_text] \u00bfPorqu\u00e9 elegir General Dies? En un mercado m\u00e1s amplio, que ve nacer nuevas realidades, siempre nos hemos esforzado para \u00a0unir nuestra larga experiencia con los mejores procesos tecnol\u00f3gicos: esto nos ha permitido alcanzar alt\u00edsimos est\u00e1ndares cualitativos. Aspiramos, adem\u00e1s, en tiempos en los que la atenci\u00f3n se centra sobre las [&hellip;]<\/p>\n","protected":false},"author":1,"featured_media":3440,"parent":3447,"menu_order":58,"comment_status":"closed","ping_status":"closed","template":"","meta":{"_mi_skip_tracking":false},"acf":{"barra_cta":false},"yoast_head":"<!-- This site is optimized with the Yoast SEO plugin v16.4 - https:\/\/yoast.com\/wordpress\/plugins\/seo\/ -->\n<title>Porqu\u00e9 elegir - General Dies<\/title>\n<meta name=\"description\" content=\"Descubre los motivos por lo que deber\u00edas elegir General Dies como socio de tu negocio, eligiendo nosotros entre todos en un mercado as\u00ed amplio.\" \/>\n<meta name=\"robots\" content=\"index, follow, max-snippet:-1, max-image-preview:large, max-video-preview:-1\" \/>\n<link rel=\"canonical\" href=\"https:\/\/www.generaldies.com\/es\/empresa\/porque-gd\/\" \/>\n<meta property=\"og:locale\" content=\"es_ES\" \/>\n<meta property=\"og:type\" content=\"article\" \/>\n<meta property=\"og:title\" content=\"Porqu\u00e9 elegir - General Dies\" \/>\n<meta property=\"og:description\" content=\"Descubre los motivos por lo que deber\u00edas elegir General Dies como socio de tu negocio, eligiendo nosotros entre todos en un mercado as\u00ed amplio.\" \/>\n<meta property=\"og:url\" content=\"https:\/\/www.generaldies.com\/es\/empresa\/porque-gd\/\" \/>\n<meta property=\"og:site_name\" content=\"General Dies\" \/>\n<meta property=\"article:modified_time\" content=\"2024-12-10T10:22:07+00:00\" \/>\n<meta property=\"og:image\" content=\"https:\/\/www.generaldies.com\/wp-content\/uploads\/2017\/01\/PERCHE-GD.jpg\" \/>\n\t<meta property=\"og:image:width\" content=\"1280\" \/>\n\t<meta property=\"og:image:height\" content=\"1024\" \/>\n<meta name=\"twitter:card\" content=\"summary\" \/>\n<meta name=\"twitter:label1\" content=\"Tiempo de lectura\" \/>\n\t<meta name=\"twitter:data1\" content=\"2 minutos\" \/>\n<script type=\"application\/ld+json\" class=\"yoast-schema-graph\">{\"@context\":\"https:\/\/schema.org\",\"@graph\":[{\"@type\":\"WebSite\",\"@id\":\"https:\/\/www.generaldies.com\/it\/#website\",\"url\":\"https:\/\/www.generaldies.com\/it\/\",\"name\":\"General Dies\",\"description\":\"Dal 1960 al servizio della pellettatura\",\"potentialAction\":[{\"@type\":\"SearchAction\",\"target\":\"https:\/\/www.generaldies.com\/it\/?s={search_term_string}\",\"query-input\":\"required name=search_term_string\"}],\"inLanguage\":\"es\"},{\"@type\":\"ImageObject\",\"@id\":\"https:\/\/www.generaldies.com\/es\/empresa\/porque-gd\/#primaryimage\",\"inLanguage\":\"es\",\"url\":\"https:\/\/www.generaldies.com\/wp-content\/uploads\/2017\/01\/PERCHE-GD.jpg\",\"contentUrl\":\"https:\/\/www.generaldies.com\/wp-content\/uploads\/2017\/01\/PERCHE-GD.jpg\",\"width\":1280,\"height\":1024},{\"@type\":\"WebPage\",\"@id\":\"https:\/\/www.generaldies.com\/es\/empresa\/porque-gd\/#webpage\",\"url\":\"https:\/\/www.generaldies.com\/es\/empresa\/porque-gd\/\",\"name\":\"Porqu\\u00e9 elegir - General Dies\",\"isPartOf\":{\"@id\":\"https:\/\/www.generaldies.com\/it\/#website\"},\"primaryImageOfPage\":{\"@id\":\"https:\/\/www.generaldies.com\/es\/empresa\/porque-gd\/#primaryimage\"},\"datePublished\":\"2017-05-05T10:12:18+00:00\",\"dateModified\":\"2024-12-10T10:22:07+00:00\",\"description\":\"Descubre los motivos por lo que deber\\u00edas elegir General Dies como socio de tu negocio, eligiendo nosotros entre todos en un mercado as\\u00ed amplio.\",\"breadcrumb\":{\"@id\":\"https:\/\/www.generaldies.com\/es\/empresa\/porque-gd\/#breadcrumb\"},\"inLanguage\":\"es\",\"potentialAction\":[{\"@type\":\"ReadAction\",\"target\":[\"https:\/\/www.generaldies.com\/es\/empresa\/porque-gd\/\"]}]},{\"@type\":\"BreadcrumbList\",\"@id\":\"https:\/\/www.generaldies.com\/es\/empresa\/porque-gd\/#breadcrumb\",\"itemListElement\":[{\"@type\":\"ListItem\",\"position\":1,\"item\":{\"@type\":\"WebPage\",\"@id\":\"https:\/\/www.generaldies.com\/es\/\",\"url\":\"https:\/\/www.generaldies.com\/es\/\",\"name\":\"Home\"}},{\"@type\":\"ListItem\",\"position\":2,\"item\":{\"@type\":\"WebPage\",\"@id\":\"https:\/\/www.generaldies.com\/es\/empresa\/\",\"url\":\"https:\/\/www.generaldies.com\/es\/empresa\/\",\"name\":\"Empresa\"}},{\"@type\":\"ListItem\",\"position\":3,\"item\":{\"@id\":\"https:\/\/www.generaldies.com\/es\/empresa\/porque-gd\/#webpage\"}}]}]}<\/script>\n<!-- \/ Yoast SEO plugin. -->","_links":{"self":[{"href":"https:\/\/www.generaldies.com\/es\/wp-json\/wp\/v2\/pages\/3460"}],"collection":[{"href":"https:\/\/www.generaldies.com\/es\/wp-json\/wp\/v2\/pages"}],"about":[{"href":"https:\/\/www.generaldies.com\/es\/wp-json\/wp\/v2\/types\/page"}],"author":[{"embeddable":true,"href":"https:\/\/www.generaldies.com\/es\/wp-json\/wp\/v2\/users\/1"}],"replies":[{"embeddable":true,"href":"https:\/\/www.generaldies.com\/es\/wp-json\/wp\/v2\/comments?post=3460"}],"version-history":[{"count":7,"href":"https:\/\/www.generaldies.com\/es\/wp-json\/wp\/v2\/pages\/3460\/revisions"}],"predecessor-version":[{"id":8971,"href":"https:\/\/www.generaldies.com\/es\/wp-json\/wp\/v2\/pages\/3460\/revisions\/8971"}],"up":[{"embeddable":true,"href":"https:\/\/www.generaldies.com\/es\/wp-json\/wp\/v2\/pages\/3447"}],"wp:featuredmedia":[{"embeddable":true,"href":"https:\/\/www.generaldies.com\/es\/wp-json\/wp\/v2\/media\/3440"}],"wp:attachment":[{"href":"https:\/\/www.generaldies.com\/es\/wp-json\/wp\/v2\/media?parent=3460"}],"curies":[{"name":"wp","href":"https:\/\/api.w.org\/{rel}","templated":true}]}}