{"id":3457,"date":"2017-05-05T12:08:00","date_gmt":"2017-05-05T10:08:00","guid":{"rendered":"https:\/\/www.generaldies.com\/?page_id=3457\/"},"modified":"2024-12-10T11:12:26","modified_gmt":"2024-12-10T10:12:26","slug":"valores-y-objetivos","status":"publish","type":"page","link":"https:\/\/www.generaldies.com\/es\/empresa\/valores-y-objetivos\/","title":{"rendered":"Valores y objetivos"},"content":{"rendered":"<p>[vc_row][vc_column width=\u00bb2\/3&#8243;][vc_column_text]<\/p>\n<div id=\"lipsum\">\n<h2>Valores<\/h2>\n<p>Los <strong>valores <\/strong>que, desde siempre, caracterizan la nuestra empresa:<\/p>\n<\/div>\n<ul>\n<li>el <u>continuo compromiso<\/u> en la consecuci\u00f3n de los objetivos, en la mejora de los resultados, en la satisfacci\u00f3n de las necesidades del cliente<\/li>\n<li>la <u>responsabilidad <\/u>\u00a0que tenemos en hacer nuestro trabajo: responsabilidad ante los colaboradores de la empresa, ante los clientes, ante el medio ambiente, adem\u00e1s del respeto escrupoloso de las normativas nacionales e \u00a0internacionales,..<\/li>\n<li>la <u>profesionalidad y competencia<\/u>: una empresa con unos 60 a\u00f1os de experiencia siempre en el mismo sector, administrado por la misma familia y con la misma raz\u00f3n social, capaz de sugerir soluciones <em>ad hoc<\/em>, de seguir y aconsejar el cliente en cada exigencia, a disposici\u00f3n para cada aclaraci\u00f3n y para resoluci\u00f3n de cada problem\u00e1tica, que posea la presencia de colaboradores que han visto nacer la empresa y que siguen colaborando con General Dies poniendo a disposici\u00f3n sus excepcional bagaje de conocimiento.<\/li>\n<li>la <u>mejora continua<\/u>: la larga historia de General Dies muestra el constante esfuerzo de estar al d\u00eda, de mejorar la propia producci\u00f3n, de adaptarse a un mercado siempre m\u00e1s exigente.<\/li>\n<li>el<u> bienestar<\/u> de la empresa en su complejo: tanto para las personas que en General Dies trabajan cada d\u00eda como para todos los que entran en contacto con esta realidad.<\/li>\n<li>el <u>intercambio<\/u> de objetivos y resultados<\/li>\n<li>la <u>calidad<\/u>\u00a0de las materias primas utilizadas y del producto final<br \/>\n<h2><strong>Objetivos<\/strong>:<\/h2>\n<p><img loading=\"lazy\" class=\"alignleft wp-image-3327 size-medium\" src=\"https:\/\/www.generaldies.com\/wp-content\/uploads\/2017\/02\/038_IMG_7157-300x200.jpg\" alt=\"\" width=\"300\" height=\"200\" srcset=\"https:\/\/www.generaldies.com\/wp-content\/uploads\/2017\/02\/038_IMG_7157-300x200.jpg 300w, https:\/\/www.generaldies.com\/wp-content\/uploads\/2017\/02\/038_IMG_7157-768x512.jpg 768w, https:\/\/www.generaldies.com\/wp-content\/uploads\/2017\/02\/038_IMG_7157-1024x683.jpg 1024w, https:\/\/www.generaldies.com\/wp-content\/uploads\/2017\/02\/038_IMG_7157.jpg 1200w\" sizes=\"(max-width: 300px) 100vw, 300px\" \/><\/p>\n<ul>\n<li><strong>El funcionamiento armonioso de la empresa, <\/strong>por el bienstar de todos<\/li>\n<li><strong>La satisfacci\u00f3n del cliente <\/strong>para ser elegidos constantemente<\/li>\n<li><strong>El presupuesto \u2018en beneficios\u2019 de cada a\u00f1o,<\/strong> para poder premiar, invertir, planificar.<\/li>\n<li><strong>La innovaci\u00f3n<br \/>\n<\/strong>Desde 1960 continuamos una tradici\u00f3n \u00e9tica, t\u00e9cnica y comercial y ofrecemos equidad, experiencia, competencia, profesionalidad, dinamismo, disponibilidad, proponemos productos innovadores y tenemos como adicionales objetivos la puntualidad en los plazos de entrega, precios adecuados y flexibilidad de producci\u00f3n. Con mucho gusto nos movemos para satisfacer urgencia y resolver los imprevistos de los clientes. Nos presentamos como empresa seria, \u00e9ticamente correcta y fiable capaz de ver, elaborar y satisfacer las necesidades de los clientes, capaz de ofrecer productos de calidad tambi\u00e9n a pedido, tambi\u00e9n no est\u00e1ndar, con relaci\u00f3n calidad\/precio adecuado y competitivo.<\/li>\n<\/ul>\n<\/li>\n<\/ul>\n<p>[\/vc_column_text][\/vc_column][vc_column width=\u00bb1\/3&#8243;][vc_single_image image=\u00bb5411&#8243; img_size=\u00bblarge\u00bb][vc_single_image image=\u00bb8944&#8243; img_size=\u00bblarge\u00bb][vc_single_image image=\u00bb4312&#8243; img_size=\u00bblarge\u00bb][\/vc_column][\/vc_row]<\/p>\n","protected":false},"excerpt":{"rendered":"<p>[vc_row][vc_column width=\u00bb2\/3&#8243;][vc_column_text] Valores Los valores que, desde siempre, caracterizan la nuestra empresa: el continuo compromiso en la consecuci\u00f3n de los objetivos, en la mejora de los resultados, en la satisfacci\u00f3n de las necesidades del cliente la responsabilidad \u00a0que tenemos en hacer nuestro trabajo: responsabilidad ante los colaboradores de la empresa, ante los clientes, ante el [&hellip;]<\/p>\n","protected":false},"author":1,"featured_media":3438,"parent":3447,"menu_order":77,"comment_status":"closed","ping_status":"closed","template":"","meta":{"_mi_skip_tracking":false},"acf":{"barra_cta":false},"yoast_head":"<!-- This site is optimized with the Yoast SEO plugin v16.4 - https:\/\/yoast.com\/wordpress\/plugins\/seo\/ -->\n<title>Valores y objetivos empresariales - General Dies<\/title>\n<meta name=\"description\" content=\"Dedicaci\u00f3n, responsabilidad, profesionalidad y competencia son solo algunos de los valores que nos caracterizan. Descubre los otros y los objetivos para el futuro\" \/>\n<meta name=\"robots\" content=\"index, follow, max-snippet:-1, max-image-preview:large, max-video-preview:-1\" \/>\n<link rel=\"canonical\" href=\"https:\/\/www.generaldies.com\/es\/empresa\/valores-y-objetivos\/\" \/>\n<meta property=\"og:locale\" content=\"es_ES\" \/>\n<meta property=\"og:type\" content=\"article\" \/>\n<meta property=\"og:title\" content=\"Valores y objetivos empresariales - General Dies\" \/>\n<meta property=\"og:description\" content=\"Dedicaci\u00f3n, responsabilidad, profesionalidad y competencia son solo algunos de los valores que nos caracterizan. Descubre los otros y los objetivos para el futuro\" \/>\n<meta property=\"og:url\" content=\"https:\/\/www.generaldies.com\/es\/empresa\/valores-y-objetivos\/\" \/>\n<meta property=\"og:site_name\" content=\"General Dies\" \/>\n<meta property=\"article:modified_time\" content=\"2024-12-10T10:12:26+00:00\" \/>\n<meta property=\"og:image\" content=\"https:\/\/www.generaldies.com\/wp-content\/uploads\/2017\/01\/VALORI-E-OBIETTIVI.jpg\" \/>\n\t<meta property=\"og:image:width\" content=\"1280\" \/>\n\t<meta property=\"og:image:height\" content=\"852\" \/>\n<meta name=\"twitter:card\" content=\"summary\" \/>\n<meta name=\"twitter:label1\" content=\"Tiempo de lectura\" \/>\n\t<meta name=\"twitter:data1\" content=\"2 minutos\" \/>\n<script type=\"application\/ld+json\" class=\"yoast-schema-graph\">{\"@context\":\"https:\/\/schema.org\",\"@graph\":[{\"@type\":\"WebSite\",\"@id\":\"https:\/\/www.generaldies.com\/it\/#website\",\"url\":\"https:\/\/www.generaldies.com\/it\/\",\"name\":\"General Dies\",\"description\":\"Dal 1960 al servizio della pellettatura\",\"potentialAction\":[{\"@type\":\"SearchAction\",\"target\":\"https:\/\/www.generaldies.com\/it\/?s={search_term_string}\",\"query-input\":\"required name=search_term_string\"}],\"inLanguage\":\"es\"},{\"@type\":\"ImageObject\",\"@id\":\"https:\/\/www.generaldies.com\/es\/empresa\/valores-y-objetivos\/#primaryimage\",\"inLanguage\":\"es\",\"url\":\"https:\/\/www.generaldies.com\/wp-content\/uploads\/2017\/01\/VALORI-E-OBIETTIVI.jpg\",\"contentUrl\":\"https:\/\/www.generaldies.com\/wp-content\/uploads\/2017\/01\/VALORI-E-OBIETTIVI.jpg\",\"width\":1280,\"height\":852},{\"@type\":\"WebPage\",\"@id\":\"https:\/\/www.generaldies.com\/es\/empresa\/valores-y-objetivos\/#webpage\",\"url\":\"https:\/\/www.generaldies.com\/es\/empresa\/valores-y-objetivos\/\",\"name\":\"Valores y objetivos empresariales - General Dies\",\"isPartOf\":{\"@id\":\"https:\/\/www.generaldies.com\/it\/#website\"},\"primaryImageOfPage\":{\"@id\":\"https:\/\/www.generaldies.com\/es\/empresa\/valores-y-objetivos\/#primaryimage\"},\"datePublished\":\"2017-05-05T10:08:00+00:00\",\"dateModified\":\"2024-12-10T10:12:26+00:00\",\"description\":\"Dedicaci\\u00f3n, responsabilidad, profesionalidad y competencia son solo algunos de los valores que nos caracterizan. Descubre los otros y los objetivos para el futuro\",\"breadcrumb\":{\"@id\":\"https:\/\/www.generaldies.com\/es\/empresa\/valores-y-objetivos\/#breadcrumb\"},\"inLanguage\":\"es\",\"potentialAction\":[{\"@type\":\"ReadAction\",\"target\":[\"https:\/\/www.generaldies.com\/es\/empresa\/valores-y-objetivos\/\"]}]},{\"@type\":\"BreadcrumbList\",\"@id\":\"https:\/\/www.generaldies.com\/es\/empresa\/valores-y-objetivos\/#breadcrumb\",\"itemListElement\":[{\"@type\":\"ListItem\",\"position\":1,\"item\":{\"@type\":\"WebPage\",\"@id\":\"https:\/\/www.generaldies.com\/es\/\",\"url\":\"https:\/\/www.generaldies.com\/es\/\",\"name\":\"Home\"}},{\"@type\":\"ListItem\",\"position\":2,\"item\":{\"@type\":\"WebPage\",\"@id\":\"https:\/\/www.generaldies.com\/es\/empresa\/\",\"url\":\"https:\/\/www.generaldies.com\/es\/empresa\/\",\"name\":\"Empresa\"}},{\"@type\":\"ListItem\",\"position\":3,\"item\":{\"@id\":\"https:\/\/www.generaldies.com\/es\/empresa\/valores-y-objetivos\/#webpage\"}}]}]}<\/script>\n<!-- \/ Yoast SEO plugin. -->","_links":{"self":[{"href":"https:\/\/www.generaldies.com\/es\/wp-json\/wp\/v2\/pages\/3457"}],"collection":[{"href":"https:\/\/www.generaldies.com\/es\/wp-json\/wp\/v2\/pages"}],"about":[{"href":"https:\/\/www.generaldies.com\/es\/wp-json\/wp\/v2\/types\/page"}],"author":[{"embeddable":true,"href":"https:\/\/www.generaldies.com\/es\/wp-json\/wp\/v2\/users\/1"}],"replies":[{"embeddable":true,"href":"https:\/\/www.generaldies.com\/es\/wp-json\/wp\/v2\/comments?post=3457"}],"version-history":[{"count":12,"href":"https:\/\/www.generaldies.com\/es\/wp-json\/wp\/v2\/pages\/3457\/revisions"}],"predecessor-version":[{"id":8961,"href":"https:\/\/www.generaldies.com\/es\/wp-json\/wp\/v2\/pages\/3457\/revisions\/8961"}],"up":[{"embeddable":true,"href":"https:\/\/www.generaldies.com\/es\/wp-json\/wp\/v2\/pages\/3447"}],"wp:featuredmedia":[{"embeddable":true,"href":"https:\/\/www.generaldies.com\/es\/wp-json\/wp\/v2\/media\/3438"}],"wp:attachment":[{"href":"https:\/\/www.generaldies.com\/es\/wp-json\/wp\/v2\/media?parent=3457"}],"curies":[{"name":"wp","href":"https:\/\/api.w.org\/{rel}","templated":true}]}}