{"id":3451,"date":"2017-05-05T12:06:27","date_gmt":"2017-05-05T10:06:27","guid":{"rendered":"https:\/\/www.generaldies.com\/?page_id=3451\/"},"modified":"2017-05-25T15:44:47","modified_gmt":"2017-05-25T13:44:47","slug":"origines","status":"publish","type":"page","link":"https:\/\/www.generaldies.com\/es\/empresa\/origines\/","title":{"rendered":"Origines"},"content":{"rendered":"<p>[vc_row][vc_column width=\u00bb2\/3&#8243;][vc_column_text]Desde el principio General Dies fue creada como empresa activa en el sector de los alimentos para animales. Nace por la producci\u00f3n de repuestos para las peletizadoras en el 1960, despu\u00e9s de unos pocos a\u00f1os ha empezado a dedicarse tambi\u00e9n al dise\u00f1o y producci\u00f3n de prensas peletizadoras y plantas completas.<\/p>\n<p>En las d\u00e9cadas siguientes los sectores de operaci\u00f3n se han ampliados en diferentes direcciones: f\u00e1bricas de az\u00facar, compost, paja heno y alfalfa, madera y biomasa, pl\u00e1stico, ect[\/vc_column_text][\/vc_column][vc_column width=\u00bb1\/3&#8243;][vc_single_image image=\u00bb1857&#8243; img_size=\u00bblarge\u00bb][\/vc_column][\/vc_row][vc_row][vc_column][vc_separator css=\u00bb.vc_custom_1488878722418{margin-top: 30px !important;margin-bottom: 50px !important;}\u00bb][\/vc_column][\/vc_row][vc_row][vc_column][\/vc_column][\/vc_row]<\/p>\n","protected":false},"excerpt":{"rendered":"<p>[vc_row][vc_column width=\u00bb2\/3&#8243;][vc_column_text]Desde el principio General Dies fue creada como empresa activa en el sector de los alimentos para animales. Nace por la producci\u00f3n de repuestos para las peletizadoras en el 1960, despu\u00e9s de unos pocos a\u00f1os ha empezado a dedicarse tambi\u00e9n al dise\u00f1o y producci\u00f3n de prensas peletizadoras y plantas completas. En las d\u00e9cadas siguientes [&hellip;]<\/p>\n","protected":false},"author":1,"featured_media":3454,"parent":3447,"menu_order":124,"comment_status":"closed","ping_status":"closed","template":"pages-templates\/storia-template.php","meta":{"_mi_skip_tracking":false},"acf":{"barra_cta":null,"immagine_barra_cta":null},"yoast_head":"<!-- This site is optimized with the Yoast SEO plugin v16.4 - https:\/\/yoast.com\/wordpress\/plugins\/seo\/ -->\n<title>Las origines de la empresa - General Dies<\/title>\n<meta name=\"description\" content=\"Nacidos como empresa en el sector de los alimentos, despu\u00e9s hemos evolucionado en la producci\u00f3n de repuestos para prensas peletizadoras y plantas completas.\" \/>\n<meta name=\"robots\" content=\"index, follow, max-snippet:-1, max-image-preview:large, max-video-preview:-1\" \/>\n<link rel=\"canonical\" href=\"https:\/\/www.generaldies.com\/es\/empresa\/origines\/\" \/>\n<meta property=\"og:locale\" content=\"es_ES\" \/>\n<meta property=\"og:type\" content=\"article\" \/>\n<meta property=\"og:title\" content=\"Las origines de la empresa - General Dies\" \/>\n<meta property=\"og:description\" content=\"Nacidos como empresa en el sector de los alimentos, despu\u00e9s hemos evolucionado en la producci\u00f3n de repuestos para prensas peletizadoras y plantas completas.\" \/>\n<meta property=\"og:url\" content=\"https:\/\/www.generaldies.com\/es\/empresa\/origines\/\" \/>\n<meta property=\"og:site_name\" content=\"General Dies\" \/>\n<meta property=\"article:modified_time\" content=\"2017-05-25T13:44:47+00:00\" \/>\n<meta property=\"og:image\" content=\"https:\/\/www.generaldies.com\/wp-content\/uploads\/2017\/02\/officina-storica-general-dies.jpg\" \/>\n\t<meta property=\"og:image:width\" content=\"900\" \/>\n\t<meta property=\"og:image:height\" content=\"620\" \/>\n<meta name=\"twitter:card\" content=\"summary\" \/>\n<meta name=\"twitter:label1\" content=\"Tiempo de lectura\" \/>\n\t<meta name=\"twitter:data1\" content=\"1 minuto\" \/>\n<script type=\"application\/ld+json\" class=\"yoast-schema-graph\">{\"@context\":\"https:\/\/schema.org\",\"@graph\":[{\"@type\":\"WebSite\",\"@id\":\"https:\/\/www.generaldies.com\/it\/#website\",\"url\":\"https:\/\/www.generaldies.com\/it\/\",\"name\":\"General Dies\",\"description\":\"Dal 1960 al servizio della pellettatura\",\"potentialAction\":[{\"@type\":\"SearchAction\",\"target\":\"https:\/\/www.generaldies.com\/it\/?s={search_term_string}\",\"query-input\":\"required name=search_term_string\"}],\"inLanguage\":\"es\"},{\"@type\":\"ImageObject\",\"@id\":\"https:\/\/www.generaldies.com\/es\/empresa\/origines\/#primaryimage\",\"inLanguage\":\"es\",\"url\":\"https:\/\/www.generaldies.com\/wp-content\/uploads\/2017\/02\/officina-storica-general-dies.jpg\",\"contentUrl\":\"https:\/\/www.generaldies.com\/wp-content\/uploads\/2017\/02\/officina-storica-general-dies.jpg\",\"width\":900,\"height\":620},{\"@type\":\"WebPage\",\"@id\":\"https:\/\/www.generaldies.com\/es\/empresa\/origines\/#webpage\",\"url\":\"https:\/\/www.generaldies.com\/es\/empresa\/origines\/\",\"name\":\"Las origines de la empresa - General Dies\",\"isPartOf\":{\"@id\":\"https:\/\/www.generaldies.com\/it\/#website\"},\"primaryImageOfPage\":{\"@id\":\"https:\/\/www.generaldies.com\/es\/empresa\/origines\/#primaryimage\"},\"datePublished\":\"2017-05-05T10:06:27+00:00\",\"dateModified\":\"2017-05-25T13:44:47+00:00\",\"description\":\"Nacidos como empresa en el sector de los alimentos, despu\\u00e9s hemos evolucionado en la producci\\u00f3n de repuestos para prensas peletizadoras y plantas completas.\",\"breadcrumb\":{\"@id\":\"https:\/\/www.generaldies.com\/es\/empresa\/origines\/#breadcrumb\"},\"inLanguage\":\"es\",\"potentialAction\":[{\"@type\":\"ReadAction\",\"target\":[\"https:\/\/www.generaldies.com\/es\/empresa\/origines\/\"]}]},{\"@type\":\"BreadcrumbList\",\"@id\":\"https:\/\/www.generaldies.com\/es\/empresa\/origines\/#breadcrumb\",\"itemListElement\":[{\"@type\":\"ListItem\",\"position\":1,\"item\":{\"@type\":\"WebPage\",\"@id\":\"https:\/\/www.generaldies.com\/es\/\",\"url\":\"https:\/\/www.generaldies.com\/es\/\",\"name\":\"Home\"}},{\"@type\":\"ListItem\",\"position\":2,\"item\":{\"@type\":\"WebPage\",\"@id\":\"https:\/\/www.generaldies.com\/es\/empresa\/\",\"url\":\"https:\/\/www.generaldies.com\/es\/empresa\/\",\"name\":\"Empresa\"}},{\"@type\":\"ListItem\",\"position\":3,\"item\":{\"@id\":\"https:\/\/www.generaldies.com\/es\/empresa\/origines\/#webpage\"}}]}]}<\/script>\n<!-- \/ Yoast SEO plugin. -->","_links":{"self":[{"href":"https:\/\/www.generaldies.com\/es\/wp-json\/wp\/v2\/pages\/3451"}],"collection":[{"href":"https:\/\/www.generaldies.com\/es\/wp-json\/wp\/v2\/pages"}],"about":[{"href":"https:\/\/www.generaldies.com\/es\/wp-json\/wp\/v2\/types\/page"}],"author":[{"embeddable":true,"href":"https:\/\/www.generaldies.com\/es\/wp-json\/wp\/v2\/users\/1"}],"replies":[{"embeddable":true,"href":"https:\/\/www.generaldies.com\/es\/wp-json\/wp\/v2\/comments?post=3451"}],"version-history":[{"count":3,"href":"https:\/\/www.generaldies.com\/es\/wp-json\/wp\/v2\/pages\/3451\/revisions"}],"predecessor-version":[{"id":5028,"href":"https:\/\/www.generaldies.com\/es\/wp-json\/wp\/v2\/pages\/3451\/revisions\/5028"}],"up":[{"embeddable":true,"href":"https:\/\/www.generaldies.com\/es\/wp-json\/wp\/v2\/pages\/3447"}],"wp:featuredmedia":[{"embeddable":true,"href":"https:\/\/www.generaldies.com\/es\/wp-json\/wp\/v2\/media\/3454"}],"wp:attachment":[{"href":"https:\/\/www.generaldies.com\/es\/wp-json\/wp\/v2\/media?parent=3451"}],"curies":[{"name":"wp","href":"https:\/\/api.w.org\/{rel}","templated":true}]}}