{"id":3447,"date":"2017-05-05T12:03:02","date_gmt":"2017-05-05T10:03:02","guid":{"rendered":"https:\/\/www.generaldies.com\/?page_id=3447\/"},"modified":"2024-12-10T14:03:02","modified_gmt":"2024-12-10T13:03:02","slug":"empresa","status":"publish","type":"page","link":"https:\/\/www.generaldies.com\/es\/empresa\/","title":{"rendered":"Empresa"},"content":{"rendered":"<p>[vc_row][vc_column width=\u00bb1\/2&#8243;][vc_custom_heading text=\u00bbBienvenido a General Dies\u00bb google_fonts=\u00bbfont_family:Open%20Sans%3A300%2C300italic%2Cregular%2Citalic%2C600%2C600italic%2C700%2C700italic%2C800%2C800italic|font_style:400%20regular%3A400%3Anormal\u00bb el_class=\u00bbsection-heading\u00bb][vc_column_text]Desde 1960 dise\u00f1amos y producimos repuestos para todas las prensas peletizadoras existentes en el mercado (matrices, rolos completos, camisas rolos y otros repuestos de desgaste), desde 1962 producimos maquinas para l\u00edneas de peletizaci\u00f3n y desde 1970 realizamos plantas completas.<\/p>\n<p>La empresa fue fundada por el Ing. Ettore Meneghello cuando los repuestos para las peletizadoras que exist\u00edan en aquel momento no se produc\u00edan en Italia y estaban disponibles s\u00f3lo en el extranjero con costos muy altos y con muchas demoras: largos tiempos de entrega, problemas con las aduanas, ect<\/p>\n<p>Despu\u00e9s de la realizaci\u00f3n de las primeras matrices, fabricadas para satisfacer las necesidades de un amigo en dificuldades, se convirti\u00f3 en urgencia el deseo y la necesidad de construir la primera prensa peletizadora con tecnolog\u00eda completamente italiana.<\/p>\n<p>Hoy las matrices, los repuestos, las peletizadoras y las plantas de General Dies est\u00e1n en todo el mundo.<br \/>\nNos dirigimos a todos los que necesitan el proceso de peletizaci\u00f3n por los m\u00e1s diversos motivos: reducci\u00f3n de los volumen, mejor conservaci\u00f3n del producto, facilidad de transporte y de manipulaci\u00f3n, ect[\/vc_column_text][\/vc_column][vc_column width=\u00bb1\/2&#8243;][vc_raw_html]JTNDZGl2JTIwc3R5bGUlM0QlMjJwb3NpdGlvbiUzQXJlbGF0aXZlJTNCaGVpZ2h0JTNBMCUzQnBhZGRpbmctYm90dG9tJTNBNTYuMjUlMjUlMjIlM0UlM0NpZnJhbWUlMjBzcmMlM0QlMjJodHRwcyUzQSUyRiUyRnd3dy55b3V0dWJlLmNvbSUyRmVtYmVkJTJGUFJJY05YLUc5X3clMjIlMjB3aWR0aCUzRCUyMjY0MCUyMiUyMGhlaWdodCUzRCUyMjM2MCUyMiUyMGZyYW1lYm9yZGVyJTNEJTIyMCUyMiUyMHN0eWxlJTNEJTIycG9zaXRpb24lM0FhYnNvbHV0ZSUzQndpZHRoJTNBMTAwJTI1JTNCaGVpZ2h0JTNBMTAwJTI1JTNCbGVmdCUzQTAlMjIlMjBhbGxvd2Z1bGxzY3JlZW4lM0UlM0MlMkZpZnJhbWUlM0UlM0MlMkZkaXYlM0U=[\/vc_raw_html][\/vc_column][\/vc_row][vc_row][vc_column][vc_separator css=\u00bb.vc_custom_1491839144096{margin-top: 50px !important;margin-bottom: 25px !important;}\u00bb][vc_column_text]Estamos orgullosos de \u00a0continuar el trabajo empezado hace tantos a\u00f1os, junto con t\u00e9cnicos que todav\u00eda recuerdan los primeros pasos de la empresa y j\u00f3venes preparados y capacitados, animados por inalterados valores de capacidad y equidad que se han transmitidos.[\/vc_column_text][\/vc_column][\/vc_row][vc_row][vc_column width=\u00bb1\/4&#8243; el_class=\u00bbbox-altra-pagina\u00bb][vc_single_image image=\u00bb3454&#8243; img_size=\u00bblist-image\u00bb onclick=\u00bbcustom_link\u00bb link=\u00bbhttps:\/\/www.generaldies.com\/azienda\/origini\/\u00bb][vc_column_text]ORIGINES[\/vc_column_text][\/vc_column][vc_column width=\u00bb1\/4&#8243; el_class=\u00bbbox-altra-pagina\u00bb][vc_single_image image=\u00bb3438&#8243; img_size=\u00bblist-image\u00bb onclick=\u00bbcustom_link\u00bb link=\u00bbhttps:\/\/www.generaldies.com\/azienda\/valori-e-obiettivi\/\u00bb][vc_column_text]VALORES Y OBJETIVOS[\/vc_column_text][\/vc_column][vc_column width=\u00bb1\/4&#8243; el_class=\u00bbbox-altra-pagina\u00bb][vc_single_image image=\u00bb3440&#8243; img_size=\u00bblist-image\u00bb onclick=\u00bbcustom_link\u00bb link=\u00bbhttps:\/\/www.generaldies.com\/azienda\/perche-gd\/\u00bb][vc_column_text]PORQU\u00c9 GD?[\/vc_column_text][\/vc_column][vc_column width=\u00bb1\/4&#8243; el_class=\u00bbbox-altra-pagina\u00bb][vc_single_image image=\u00bb5436&#8243; img_size=\u00bblist-image\u00bb onclick=\u00bbcustom_link\u00bb link=\u00bbhttps:\/\/www.generaldies.com\/it\/azienda\/produzione\/\u00bb][vc_column_text]PRODUCCI\u00d3N[\/vc_column_text][\/vc_column][\/vc_row][vc_row][vc_column width=\u00bb1\/4&#8243; el_class=\u00bbbox-altra-pagina\u00bb][vc_single_image image=\u00bb4533&#8243; img_size=\u00bblist-image\u00bb onclick=\u00bbcustom_link\u00bb link=\u00bbhttps:\/\/www.generaldies.com\/azienda\/referenze-nel-mondo\/\u00bb][vc_column_text]REFERENCIAS EN EL MUNDO[\/vc_column_text][\/vc_column][vc_column width=\u00bb1\/4&#8243; el_class=\u00bbbox-altra-pagina\u00bb][vc_single_image image=\u00bb3519&#8243; img_size=\u00bblist-image\u00bb onclick=\u00bbcustom_link\u00bb link=\u00bbhttps:\/\/www.generaldies.com\/azienda\/eventi-e-fiere\/\u00bb][vc_column_text]EVENTOS Y FERIAS[\/vc_column_text][\/vc_column][vc_column width=\u00bb1\/4&#8243; el_class=\u00bbbox-altra-pagina\u00bb][vc_single_image image=\u00bb5777&#8243; img_size=\u00bblist-image\u00bb onclick=\u00bbcustom_link\u00bb link=\u00bbhttps:\/\/www.generaldies.com\/azienda\/dove-siamo\/\u00bb][vc_column_text]D\u00d3NDE ESTAMOS[\/vc_column_text][\/vc_column][vc_column width=\u00bb1\/4&#8243; el_class=\u00bbbox-altra-pagina\u00bb][vc_single_image image=\u00bb4526&#8243; img_size=\u00bblist-image\u00bb onclick=\u00bbcustom_link\u00bb link=\u00bbhttps:\/\/www.generaldies.com\/azienda\/contatti\/\u00bb][vc_column_text]CONTACTOS[\/vc_column_text][\/vc_column][\/vc_row][vc_row][vc_column][vc_separator css=\u00bb.vc_custom_1488875290328{margin-top: 50px !important;margin-bottom: 100px !important;}\u00bb][\/vc_column][\/vc_row][vc_row][vc_column width=\u00bb1\/4&#8243;]<div class=\"stats-block stats-top \"><div class=\"aio-icon-top\"><div class=\"ult-just-icon-wrapper \"><div class=\"align-icon\" style=\"text-align:center;\">\n<div class=\"aio-icon none \"  style=\"color:#ff001b;font-size:48px;display:inline-block;\">\n\t<i class=\"Defaults-thumbs-o-up\"><\/i>\n<\/div><\/div><\/div><\/div><div class=\"stats-desc\" id=\"counter-responsv-wrap-7980\"><div id=\"counter_45575642769f4b8624316e\" data-id=\"counter_45575642769f4b8624316e\"  data-ultimate-target='#counter-responsv-wrap-7980 .stats-number'  data-responsive-json-new='{\"font-size\":\"desktop:48px;\",\"line-height\":\"\"}'  class=\"stats-number ult-responsive\" style=\" color:#777777; font-weight:bold;color:#333333;\" data-speed=\"3\" data-counter-value=\"18126\" data-separator=\".\" data-decimal=\",\">0<\/div><div counter-responsv-wrap-7980  data-ultimate-target='#counter-responsv-wrap-7980 .stats-text'  data-responsive-json-new='{\"font-size\":\"\",\"line-height\":\"\"}'  class=\"stats-text ult-responsive\" style=\"font-size:18px; color:#777777; \">tipos de matrices producidas<\/div><\/div><\/div>[\/vc_column][vc_column width=\u00bb1\/4&#8243;]<div class=\"stats-block stats-top \"><div class=\"aio-icon-top\"><div class=\"ult-just-icon-wrapper \"><div class=\"align-icon\" style=\"text-align:center;\">\n<div class=\"aio-icon none \"  style=\"color:#ff001b;font-size:48px;display:inline-block;\">\n\t<i class=\"Defaults-cogs gears\"><\/i>\n<\/div><\/div><\/div><\/div><div class=\"stats-desc\" id=\"counter-responsv-wrap-9928\"><div id=\"counter_151793569f4b862431f8\" data-id=\"counter_151793569f4b862431f8\"  data-ultimate-target='#counter-responsv-wrap-9928 .stats-number'  data-responsive-json-new='{\"font-size\":\"desktop:48px;\",\"line-height\":\"\"}'  class=\"stats-number ult-responsive\" style=\" color:#777777; font-weight:bold;color:#333333;\" data-speed=\"3\" data-counter-value=\"35896\" data-separator=\".\" data-decimal=\",\">0<\/div><div counter-responsv-wrap-9928  data-ultimate-target='#counter-responsv-wrap-9928 .stats-text'  data-responsive-json-new='{\"font-size\":\"\",\"line-height\":\"\"}'  class=\"stats-text ult-responsive\" style=\"font-size:18px; color:#777777; \">Planos de camisas y piezas de desgaste<\/div><\/div><\/div>[\/vc_column][vc_column width=\u00bb1\/4&#8243;]<div class=\"stats-block stats-top \"><div class=\"aio-icon-top\"><div class=\"ult-just-icon-wrapper \"><div class=\"align-icon\" style=\"text-align:center;\">\n<div class=\"aio-icon none \"  style=\"color:#ff001b;font-size:48px;display:inline-block;\">\n\t<i class=\"Defaults-flag\"><\/i>\n<\/div><\/div><\/div><\/div><div class=\"stats-desc\" id=\"counter-responsv-wrap-1819\"><div id=\"counter_144468240269f4b86243269\" data-id=\"counter_144468240269f4b86243269\"  data-ultimate-target='#counter-responsv-wrap-1819 .stats-number'  data-responsive-json-new='{\"font-size\":\"desktop:48px;\",\"line-height\":\"\"}'  class=\"stats-number ult-responsive\" style=\" color:#777777; font-weight:bold;color:#333333;\" data-speed=\"3\" data-counter-value=\"13\" data-separator=\".\" data-decimal=\",\">0<\/div><div counter-responsv-wrap-1819  data-ultimate-target='#counter-responsv-wrap-1819 .stats-text'  data-responsive-json-new='{\"font-size\":\"\",\"line-height\":\"\"}'  class=\"stats-text ult-responsive\" style=\"font-size:18px; color:#777777; \">Lenguas habladas de nuestra oficina comercial<\/div><\/div><\/div>[\/vc_column][vc_column width=\u00bb1\/4&#8243;]<div class=\"stats-block stats-top \"><div class=\"aio-icon-top\"><div class=\"ult-just-icon-wrapper \"><div class=\"align-icon\" style=\"text-align:center;\">\n<div class=\"aio-icon none \"  style=\"color:#ff001b;font-size:48px;display:inline-block;\">\n\t<i class=\"Defaults-map-marker\"><\/i>\n<\/div><\/div><\/div><\/div><div class=\"stats-desc\" id=\"counter-responsv-wrap-2157\"><div id=\"counter_131552772669f4b862432d5\" data-id=\"counter_131552772669f4b862432d5\"  data-ultimate-target='#counter-responsv-wrap-2157 .stats-number'  data-responsive-json-new='{\"font-size\":\"desktop:48px;\",\"line-height\":\"\"}'  class=\"stats-number ult-responsive\" style=\" color:#777777; font-weight:bold;color:#333333;\" data-speed=\"3\" data-counter-value=\"70\" data-separator=\".\" data-decimal=\",\">0<\/div><div counter-responsv-wrap-2157  data-ultimate-target='#counter-responsv-wrap-2157 .stats-text'  data-responsive-json-new='{\"font-size\":\"\",\"line-height\":\"\"}'  class=\"stats-text ult-responsive\" style=\"font-size:18px; color:#777777; \">M\u00e1s de 70 pa\u00edses con nuestras referencias<\/div><\/div><\/div>[\/vc_column][\/vc_row]<\/p>\n","protected":false},"excerpt":{"rendered":"<p>[vc_row][vc_column width=\u00bb1\/2&#8243;][vc_custom_heading text=\u00bbBienvenido a General Dies\u00bb google_fonts=\u00bbfont_family:Open%20Sans%3A300%2C300italic%2Cregular%2Citalic%2C600%2C600italic%2C700%2C700italic%2C800%2C800italic|font_style:400%20regular%3A400%3Anormal\u00bb el_class=\u00bbsection-heading\u00bb][vc_column_text]Desde 1960 dise\u00f1amos y producimos repuestos para todas las prensas peletizadoras existentes en el mercado (matrices, rolos completos, camisas rolos y otros repuestos de desgaste), desde 1962 producimos maquinas para l\u00edneas de peletizaci\u00f3n y desde 1970 realizamos plantas completas. La empresa fue fundada por el Ing. Ettore Meneghello [&hellip;]<\/p>\n","protected":false},"author":1,"featured_media":8647,"parent":0,"menu_order":4,"comment_status":"closed","ping_status":"closed","template":"","meta":{"_mi_skip_tracking":false},"acf":{"barra_cta":false,"immagine_barra_cta":{"ID":8944,"id":8944,"title":"Team General Dies","filename":"team-video_NEW2.jpg","filesize":117644,"url":"https:\/\/www.generaldies.com\/wp-content\/uploads\/2024\/12\/team-video_NEW2.jpg","link":"https:\/\/www.generaldies.com\/es\/empresa\/team-video_new2-2\/","alt":"","author":"5","description":"","caption":"","name":"team-video_new2-2","status":"inherit","uploaded_to":3447,"date":"2024-12-10 09:46:43","modified":"2024-12-10 13:02:38","menu_order":0,"mime_type":"image\/jpeg","type":"image","subtype":"jpeg","icon":"https:\/\/www.generaldies.com\/wp-includes\/images\/media\/default.png","width":689,"height":321,"sizes":{"thumbnail":"https:\/\/www.generaldies.com\/wp-content\/uploads\/2024\/12\/team-video_NEW2-150x150.jpg","thumbnail-width":150,"thumbnail-height":150,"medium":"https:\/\/www.generaldies.com\/wp-content\/uploads\/2024\/12\/team-video_NEW2-300x140.jpg","medium-width":300,"medium-height":140,"medium_large":"https:\/\/www.generaldies.com\/wp-content\/uploads\/2024\/12\/team-video_NEW2.jpg","medium_large-width":640,"medium_large-height":298,"large":"https:\/\/www.generaldies.com\/wp-content\/uploads\/2024\/12\/team-video_NEW2.jpg","large-width":640,"large-height":298,"1536x1536":"https:\/\/www.generaldies.com\/wp-content\/uploads\/2024\/12\/team-video_NEW2.jpg","1536x1536-width":689,"1536x1536-height":321,"2048x2048":"https:\/\/www.generaldies.com\/wp-content\/uploads\/2024\/12\/team-video_NEW2.jpg","2048x2048-width":689,"2048x2048-height":321,"list-image":"https:\/\/www.generaldies.com\/wp-content\/uploads\/2024\/12\/team-video_NEW2.jpg","list-image-width":689,"list-image-height":321,"square-image":"https:\/\/www.generaldies.com\/wp-content\/uploads\/2024\/12\/team-video_NEW2.jpg","square-image-width":689,"square-image-height":321,"square-image-mini":"https:\/\/www.generaldies.com\/wp-content\/uploads\/2024\/12\/team-video_NEW2-400x321.jpg","square-image-mini-width":400,"square-image-mini-height":321,"banner-image":"https:\/\/www.generaldies.com\/wp-content\/uploads\/2024\/12\/team-video_NEW2-689x270.jpg","banner-image-width":689,"banner-image-height":270,"pc-image":"https:\/\/www.generaldies.com\/wp-content\/uploads\/2024\/12\/team-video_NEW2-200x100.jpg","pc-image-width":200,"pc-image-height":100}}},"yoast_head":"<!-- This site is optimized with the Yoast SEO plugin v16.4 - https:\/\/yoast.com\/wordpress\/plugins\/seo\/ -->\n<title>Qui\u00e9nes somos y qu\u00e9 hacemos - General Dies<\/title>\n<meta name=\"description\" content=\"Progettiamo e produciamo ricambi per tutte le macchine pellettatrici esistenti sul mercato, macchine per linee di cubettatura e impianti completi.\" \/>\n<meta name=\"robots\" content=\"index, follow, max-snippet:-1, max-image-preview:large, max-video-preview:-1\" \/>\n<link rel=\"canonical\" href=\"https:\/\/www.generaldies.com\/es\/empresa\/\" \/>\n<meta property=\"og:locale\" content=\"es_ES\" \/>\n<meta property=\"og:type\" content=\"article\" \/>\n<meta property=\"og:title\" content=\"Qui\u00e9nes somos y qu\u00e9 hacemos - General Dies\" \/>\n<meta property=\"og:description\" content=\"Progettiamo e produciamo ricambi per tutte le macchine pellettatrici esistenti sul mercato, macchine per linee di cubettatura e impianti completi.\" \/>\n<meta property=\"og:url\" content=\"https:\/\/www.generaldies.com\/es\/empresa\/\" \/>\n<meta property=\"og:site_name\" content=\"General Dies\" \/>\n<meta property=\"article:modified_time\" content=\"2024-12-10T13:03:02+00:00\" \/>\n<meta property=\"og:image\" content=\"https:\/\/www.generaldies.com\/wp-content\/uploads\/2023\/08\/1-scaled-e1693216254370.jpg\" \/>\n\t<meta property=\"og:image:width\" content=\"2560\" \/>\n\t<meta property=\"og:image:height\" content=\"1707\" \/>\n<meta name=\"twitter:card\" content=\"summary\" \/>\n<meta name=\"twitter:label1\" content=\"Tiempo de lectura\" \/>\n\t<meta name=\"twitter:data1\" content=\"4 minutos\" \/>\n<script type=\"application\/ld+json\" class=\"yoast-schema-graph\">{\"@context\":\"https:\/\/schema.org\",\"@graph\":[{\"@type\":\"WebSite\",\"@id\":\"https:\/\/www.generaldies.com\/it\/#website\",\"url\":\"https:\/\/www.generaldies.com\/it\/\",\"name\":\"General Dies\",\"description\":\"Dal 1960 al servizio della pellettatura\",\"potentialAction\":[{\"@type\":\"SearchAction\",\"target\":\"https:\/\/www.generaldies.com\/it\/?s={search_term_string}\",\"query-input\":\"required name=search_term_string\"}],\"inLanguage\":\"es\"},{\"@type\":\"ImageObject\",\"@id\":\"https:\/\/www.generaldies.com\/es\/empresa\/#primaryimage\",\"inLanguage\":\"es\",\"url\":\"https:\/\/www.generaldies.com\/wp-content\/uploads\/2023\/08\/1-scaled-e1693216254370.jpg\",\"contentUrl\":\"https:\/\/www.generaldies.com\/wp-content\/uploads\/2023\/08\/1-scaled-e1693216254370.jpg\",\"width\":2560,\"height\":1707},{\"@type\":\"WebPage\",\"@id\":\"https:\/\/www.generaldies.com\/es\/empresa\/#webpage\",\"url\":\"https:\/\/www.generaldies.com\/es\/empresa\/\",\"name\":\"Qui\\u00e9nes somos y qu\\u00e9 hacemos - General Dies\",\"isPartOf\":{\"@id\":\"https:\/\/www.generaldies.com\/it\/#website\"},\"primaryImageOfPage\":{\"@id\":\"https:\/\/www.generaldies.com\/es\/empresa\/#primaryimage\"},\"datePublished\":\"2017-05-05T10:03:02+00:00\",\"dateModified\":\"2024-12-10T13:03:02+00:00\",\"description\":\"Progettiamo e produciamo ricambi per tutte le macchine pellettatrici esistenti sul mercato, macchine per linee di cubettatura e impianti completi.\",\"breadcrumb\":{\"@id\":\"https:\/\/www.generaldies.com\/es\/empresa\/#breadcrumb\"},\"inLanguage\":\"es\",\"potentialAction\":[{\"@type\":\"ReadAction\",\"target\":[\"https:\/\/www.generaldies.com\/es\/empresa\/\"]}]},{\"@type\":\"BreadcrumbList\",\"@id\":\"https:\/\/www.generaldies.com\/es\/empresa\/#breadcrumb\",\"itemListElement\":[{\"@type\":\"ListItem\",\"position\":1,\"item\":{\"@type\":\"WebPage\",\"@id\":\"https:\/\/www.generaldies.com\/es\/\",\"url\":\"https:\/\/www.generaldies.com\/es\/\",\"name\":\"Home\"}},{\"@type\":\"ListItem\",\"position\":2,\"item\":{\"@id\":\"https:\/\/www.generaldies.com\/es\/empresa\/#webpage\"}}]}]}<\/script>\n<!-- \/ Yoast SEO plugin. -->","_links":{"self":[{"href":"https:\/\/www.generaldies.com\/es\/wp-json\/wp\/v2\/pages\/3447"}],"collection":[{"href":"https:\/\/www.generaldies.com\/es\/wp-json\/wp\/v2\/pages"}],"about":[{"href":"https:\/\/www.generaldies.com\/es\/wp-json\/wp\/v2\/types\/page"}],"author":[{"embeddable":true,"href":"https:\/\/www.generaldies.com\/es\/wp-json\/wp\/v2\/users\/1"}],"replies":[{"embeddable":true,"href":"https:\/\/www.generaldies.com\/es\/wp-json\/wp\/v2\/comments?post=3447"}],"version-history":[{"count":24,"href":"https:\/\/www.generaldies.com\/es\/wp-json\/wp\/v2\/pages\/3447\/revisions"}],"predecessor-version":[{"id":8982,"href":"https:\/\/www.generaldies.com\/es\/wp-json\/wp\/v2\/pages\/3447\/revisions\/8982"}],"wp:featuredmedia":[{"embeddable":true,"href":"https:\/\/www.generaldies.com\/es\/wp-json\/wp\/v2\/media\/8647"}],"wp:attachment":[{"href":"https:\/\/www.generaldies.com\/es\/wp-json\/wp\/v2\/media?parent=3447"}],"curies":[{"name":"wp","href":"https:\/\/api.w.org\/{rel}","templated":true}]}}