{"id":7147,"date":"2017-06-14T16:45:00","date_gmt":"2017-06-14T14:45:00","guid":{"rendered":"https:\/\/www.generaldies.com\/dienstleistungen\/automatisierung-maschinen-und-anlagen\/"},"modified":"2017-07-03T09:51:19","modified_gmt":"2017-07-03T07:51:19","slug":"automatisierung-maschinen-und-anlagen","status":"publish","type":"page","link":"https:\/\/www.generaldies.com\/de\/dienstleistungen\/automatisierung-maschinen-und-anlagen\/","title":{"rendered":"Automatisierung Maschinen und Anlagen"},"content":{"rendered":"<p>[vc_row][vc_column][vc_column_text]<img loading=\"lazy\" class=\"alignright size-medium wp-image-4728\" src=\"https:\/\/www.generaldies.com\/wp-content\/uploads\/2017\/03\/menu_generale_MOD-300x180.png\" alt=\"\" width=\"300\" height=\"180\" srcset=\"https:\/\/www.generaldies.com\/wp-content\/uploads\/2017\/03\/menu_generale_MOD-300x180.png 300w, https:\/\/www.generaldies.com\/wp-content\/uploads\/2017\/03\/menu_generale_MOD-768x461.png 768w, https:\/\/www.generaldies.com\/wp-content\/uploads\/2017\/03\/menu_generale_MOD.png 800w\" sizes=\"(max-width: 300px) 100vw, 300px\" \/>Die 60-jahrige Erfahrung werden kenngezeigten von innovative Technologie, deshalb bieten wir folgendes Automatisierung an:<\/p>\n<ul>\n<li>Steuerungspanel Maschinen, Linien, Anlagen, neu oder existieren .<\/li>\n<li>Automatisierungssystemen Maschinen, Linien, Anlagen, neu oder existieren f\u00fcr:<\/li>\n<\/ul>\n<p style=\"padding-left: 60px;\">Prozesssteuerung; Aufsicht; Integration mit dem Computersystem des Unternehmens;\u00a0Erfassung und Auswertung von Produktionsdaten; Ruckverfolgbarkeit der gesamten Produktionskette.<\/p>\n<p style=\"padding-left: 60px;\"><img loading=\"lazy\" class=\"size-medium wp-image-4734 alignright\" src=\"https:\/\/www.generaldies.com\/wp-content\/uploads\/2017\/03\/comandi-manuali_MOD-300x180.png\" alt=\"\" width=\"300\" height=\"180\" srcset=\"https:\/\/www.generaldies.com\/wp-content\/uploads\/2017\/03\/comandi-manuali_MOD-300x180.png 300w, https:\/\/www.generaldies.com\/wp-content\/uploads\/2017\/03\/comandi-manuali_MOD-768x461.png 768w, https:\/\/www.generaldies.com\/wp-content\/uploads\/2017\/03\/comandi-manuali_MOD.png 800w\" sizes=\"(max-width: 300px) 100vw, 300px\" \/><\/p>\n<ul>\n<li>Elektronische Steuerungssystemen und automatische Optimierung von Pelletierm\u00fchle und Pelletierlinien:<\/li>\n<\/ul>\n<p style=\"padding-left: 60px;\">Wiederholbarkeit des Produkts; Energieeinsparung; Steigerung der Produktivit\u00e4t; Weniger Abnutzung von Ersatzteilen; M\u00f6glichkeit der Fern\u00fcberwachung; Automatischer Lauf der Maschine ohne die Anwesenheit des Bedieners; Amperometrische Steuerung des Hauptmotors und eine automatische Einstellung der Dosiergeschwindigkeit; Kontrolle der Temperatur der eintretenden Mischung; Kontrolle des Prozent der Fl\u00fcssigkeiten in die Konditionierer; Kontrolle der Zugabe von Wasserdampf; Sanierungsstrategien um Flutung der Maschine zu vermeiden;Kontrolle verrutschen Gurt; Kontrolle verrutschen Kollerrollen; Kontrolle Pr\u00e4senz Br\u00fccke in den Fulltrichter.<\/p>\n<ul>\n<li>Elektronisch System f\u00fcr Produktionskontrolle der Tierfutterfabrik, von dem Empfang von Rohstoffen, bis zur Verpackung; kurzweg die automatische Verwaltung der verschiedeneren Stufen wie:<\/li>\n<\/ul>\n<p style=\"padding-left: 60px;\">Dosierung und Formulierung; Steuerung und Kontrolle M\u00fchlelinien; Kontrolle und Optimierung der verschiedenen Maschinen; Steuerung der Verpackungslinie und die Forderleitung in die Masse.<\/p>\n<p>[\/vc_column_text][\/vc_column][\/vc_row]<\/p>\n","protected":false},"excerpt":{"rendered":"<p>[vc_row][vc_column][vc_column_text]Die 60-jahrige Erfahrung werden kenngezeigten von innovative Technologie, deshalb bieten wir folgendes Automatisierung an: Steuerungspanel Maschinen, Linien, Anlagen, neu oder existieren . Automatisierungssystemen Maschinen, Linien, Anlagen, neu oder existieren f\u00fcr: Prozesssteuerung; Aufsicht; Integration mit dem Computersystem des Unternehmens;\u00a0Erfassung und Auswertung von Produktionsdaten; Ruckverfolgbarkeit der gesamten Produktionskette. Elektronische Steuerungssystemen und automatische Optimierung von Pelletierm\u00fchle und Pelletierlinien: [&hellip;]<\/p>\n","protected":false},"author":1,"featured_media":4675,"parent":7117,"menu_order":54,"comment_status":"closed","ping_status":"closed","template":"","meta":{"_mi_skip_tracking":false},"acf":{"barra_cta":false},"yoast_head":"<!-- This site is optimized with the Yoast SEO plugin v16.4 - https:\/\/yoast.com\/wordpress\/plugins\/seo\/ -->\n<title>Automation Maschinen und Anlagen - General Dies<\/title>\n<meta name=\"description\" content=\"Wir bieten Steuerungspanel und Automation Systemen f\u00fcr Maschinen, Linien und komplette Anlagen. Lesen Sie weiter.\" \/>\n<meta name=\"robots\" content=\"index, follow, max-snippet:-1, max-image-preview:large, max-video-preview:-1\" \/>\n<link rel=\"canonical\" href=\"https:\/\/www.generaldies.com\/de\/dienstleistungen\/automatisierung-maschinen-und-anlagen\/\" \/>\n<meta property=\"og:locale\" content=\"de_DE\" \/>\n<meta property=\"og:type\" content=\"article\" \/>\n<meta property=\"og:title\" content=\"Automation Maschinen und Anlagen - General Dies\" \/>\n<meta property=\"og:description\" content=\"Wir bieten Steuerungspanel und Automation Systemen f\u00fcr Maschinen, Linien und komplette Anlagen. Lesen Sie weiter.\" \/>\n<meta property=\"og:url\" content=\"https:\/\/www.generaldies.com\/de\/dienstleistungen\/automatisierung-maschinen-und-anlagen\/\" \/>\n<meta property=\"og:site_name\" content=\"General Dies\" \/>\n<meta property=\"article:modified_time\" content=\"2017-07-03T07:51:19+00:00\" \/>\n<meta property=\"og:image\" content=\"https:\/\/www.generaldies.com\/wp-content\/uploads\/2017\/03\/sinotico-iota-25MOD.png\" \/>\n\t<meta property=\"og:image:width\" content=\"800\" \/>\n\t<meta property=\"og:image:height\" content=\"480\" \/>\n<meta name=\"twitter:card\" content=\"summary\" \/>\n<meta name=\"twitter:label1\" content=\"Gesch\u00e4tzte Lesezeit\" \/>\n\t<meta name=\"twitter:data1\" content=\"1\u00a0Minute\" \/>\n<script type=\"application\/ld+json\" class=\"yoast-schema-graph\">{\"@context\":\"https:\/\/schema.org\",\"@graph\":[{\"@type\":\"WebSite\",\"@id\":\"https:\/\/www.generaldies.com\/it\/#website\",\"url\":\"https:\/\/www.generaldies.com\/it\/\",\"name\":\"General Dies\",\"description\":\"Dal 1960 al servizio della pellettatura\",\"potentialAction\":[{\"@type\":\"SearchAction\",\"target\":\"https:\/\/www.generaldies.com\/it\/?s={search_term_string}\",\"query-input\":\"required name=search_term_string\"}],\"inLanguage\":\"de\"},{\"@type\":\"ImageObject\",\"@id\":\"https:\/\/www.generaldies.com\/de\/dienstleistungen\/automatisierung-maschinen-und-anlagen\/#primaryimage\",\"inLanguage\":\"de\",\"url\":\"https:\/\/www.generaldies.com\/wp-content\/uploads\/2017\/03\/sinotico-iota-25MOD.png\",\"contentUrl\":\"https:\/\/www.generaldies.com\/wp-content\/uploads\/2017\/03\/sinotico-iota-25MOD.png\",\"width\":800,\"height\":480},{\"@type\":\"WebPage\",\"@id\":\"https:\/\/www.generaldies.com\/de\/dienstleistungen\/automatisierung-maschinen-und-anlagen\/#webpage\",\"url\":\"https:\/\/www.generaldies.com\/de\/dienstleistungen\/automatisierung-maschinen-und-anlagen\/\",\"name\":\"Automation Maschinen und Anlagen - General Dies\",\"isPartOf\":{\"@id\":\"https:\/\/www.generaldies.com\/it\/#website\"},\"primaryImageOfPage\":{\"@id\":\"https:\/\/www.generaldies.com\/de\/dienstleistungen\/automatisierung-maschinen-und-anlagen\/#primaryimage\"},\"datePublished\":\"2017-06-14T14:45:00+00:00\",\"dateModified\":\"2017-07-03T07:51:19+00:00\",\"description\":\"Wir bieten Steuerungspanel und Automation Systemen f\\u00fcr Maschinen, Linien und komplette Anlagen. Lesen Sie weiter.\",\"breadcrumb\":{\"@id\":\"https:\/\/www.generaldies.com\/de\/dienstleistungen\/automatisierung-maschinen-und-anlagen\/#breadcrumb\"},\"inLanguage\":\"de\",\"potentialAction\":[{\"@type\":\"ReadAction\",\"target\":[\"https:\/\/www.generaldies.com\/de\/dienstleistungen\/automatisierung-maschinen-und-anlagen\/\"]}]},{\"@type\":\"BreadcrumbList\",\"@id\":\"https:\/\/www.generaldies.com\/de\/dienstleistungen\/automatisierung-maschinen-und-anlagen\/#breadcrumb\",\"itemListElement\":[{\"@type\":\"ListItem\",\"position\":1,\"item\":{\"@type\":\"WebPage\",\"@id\":\"https:\/\/www.generaldies.com\/de\/\",\"url\":\"https:\/\/www.generaldies.com\/de\/\",\"name\":\"Home\"}},{\"@type\":\"ListItem\",\"position\":2,\"item\":{\"@type\":\"WebPage\",\"@id\":\"https:\/\/www.generaldies.com\/de\/dienstleistungen\/\",\"url\":\"https:\/\/www.generaldies.com\/de\/dienstleistungen\/\",\"name\":\"Service\"}},{\"@type\":\"ListItem\",\"position\":3,\"item\":{\"@id\":\"https:\/\/www.generaldies.com\/de\/dienstleistungen\/automatisierung-maschinen-und-anlagen\/#webpage\"}}]}]}<\/script>\n<!-- \/ Yoast SEO plugin. -->","_links":{"self":[{"href":"https:\/\/www.generaldies.com\/de\/wp-json\/wp\/v2\/pages\/7147"}],"collection":[{"href":"https:\/\/www.generaldies.com\/de\/wp-json\/wp\/v2\/pages"}],"about":[{"href":"https:\/\/www.generaldies.com\/de\/wp-json\/wp\/v2\/types\/page"}],"author":[{"embeddable":true,"href":"https:\/\/www.generaldies.com\/de\/wp-json\/wp\/v2\/users\/1"}],"replies":[{"embeddable":true,"href":"https:\/\/www.generaldies.com\/de\/wp-json\/wp\/v2\/comments?post=7147"}],"version-history":[{"count":2,"href":"https:\/\/www.generaldies.com\/de\/wp-json\/wp\/v2\/pages\/7147\/revisions"}],"predecessor-version":[{"id":7705,"href":"https:\/\/www.generaldies.com\/de\/wp-json\/wp\/v2\/pages\/7147\/revisions\/7705"}],"up":[{"embeddable":true,"href":"https:\/\/www.generaldies.com\/de\/wp-json\/wp\/v2\/pages\/7117"}],"wp:featuredmedia":[{"embeddable":true,"href":"https:\/\/www.generaldies.com\/de\/wp-json\/wp\/v2\/media\/4675"}],"wp:attachment":[{"href":"https:\/\/www.generaldies.com\/de\/wp-json\/wp\/v2\/media?parent=7147"}],"curies":[{"name":"wp","href":"https:\/\/api.w.org\/{rel}","templated":true}]}}