{"id":7139,"date":"2017-06-14T16:36:58","date_gmt":"2017-06-14T14:36:58","guid":{"rendered":"https:\/\/www.generaldies.com\/dienstleistungen\/reparatur-maschinen\/"},"modified":"2017-06-14T16:36:58","modified_gmt":"2017-06-14T14:36:58","slug":"reparatur-maschinen","status":"publish","type":"page","link":"https:\/\/www.generaldies.com\/de\/dienstleistungen\/reparatur-maschinen\/","title":{"rendered":"Reparatur Maschinen"},"content":{"rendered":"<p>[vc_row][vc_column][vc_column_text]Wir k\u00f6nnen Maschinen und Anlagen warten und revidieren. Nicht nur unseren aber doch auch jeden Model und Marken auf dem Markt.<\/p>\n<p>Wir verkaufen gebrauchte Maschinen auch &#8222;wie gesehen gekauft&#8220; oder komplett revidiert und garantieren (12 Monaten) dem neuen Stucken.<br \/>\nDie revidierten Maschinen hatten konkurrierende Preisen und funktionieren wie neuen.<\/p>\n<p>\u00dcberpr\u00fcfen Sie die erh\u00e4ltlichen Maschinen![\/vc_column_text][\/vc_column][\/vc_row][vc_row][vc_column width=&#8220;1\/2&#8243;][vc_single_image image=&#8220;4702&#8243; img_size=&#8220;list-image&#8220;][\/vc_column][vc_column width=&#8220;1\/2&#8243;][vc_single_image image=&#8220;4840&#8243; img_size=&#8220;list-image&#8220;][\/vc_column][\/vc_row]<\/p>\n","protected":false},"excerpt":{"rendered":"<p>[vc_row][vc_column][vc_column_text]Wir k\u00f6nnen Maschinen und Anlagen warten und revidieren. Nicht nur unseren aber doch auch jeden Model und Marken auf dem Markt. Wir verkaufen gebrauchte Maschinen auch &#8222;wie gesehen gekauft&#8220; oder komplett revidiert und garantieren (12 Monaten) dem neuen Stucken. Die revidierten Maschinen hatten konkurrierende Preisen und funktionieren wie neuen. \u00dcberpr\u00fcfen Sie die erh\u00e4ltlichen Maschinen![\/vc_column_text][\/vc_column][\/vc_row][vc_row][vc_column width=&#8220;1\/2&#8243;][vc_single_image [&hellip;]<\/p>\n","protected":false},"author":1,"featured_media":4854,"parent":7117,"menu_order":160,"comment_status":"closed","ping_status":"closed","template":"","meta":{"_mi_skip_tracking":false},"acf":{"barra_cta":true,"immagine_barra_cta":{"ID":8942,"id":8942,"title":"team-video_NEW2","filename":"team-video_NEW2.jpg","filesize":117644,"url":"https:\/\/www.generaldies.com\/wp-content\/uploads\/2024\/12\/team-video_NEW2.jpg","link":"https:\/\/www.generaldies.com\/de\/team-video_new2-2\/","alt":"","author":"5","description":"","caption":"","name":"team-video_new2-2","status":"inherit","uploaded_to":0,"date":"2024-12-10 09:46:43","modified":"2024-12-10 10:10:34","menu_order":0,"mime_type":"image\/jpeg","type":"image","subtype":"jpeg","icon":"https:\/\/www.generaldies.com\/wp-includes\/images\/media\/default.png","width":689,"height":321,"sizes":{"thumbnail":"https:\/\/www.generaldies.com\/wp-content\/uploads\/2024\/12\/team-video_NEW2-150x150.jpg","thumbnail-width":150,"thumbnail-height":150,"medium":"https:\/\/www.generaldies.com\/wp-content\/uploads\/2024\/12\/team-video_NEW2-300x140.jpg","medium-width":300,"medium-height":140,"medium_large":"https:\/\/www.generaldies.com\/wp-content\/uploads\/2024\/12\/team-video_NEW2.jpg","medium_large-width":640,"medium_large-height":298,"large":"https:\/\/www.generaldies.com\/wp-content\/uploads\/2024\/12\/team-video_NEW2.jpg","large-width":640,"large-height":298,"1536x1536":"https:\/\/www.generaldies.com\/wp-content\/uploads\/2024\/12\/team-video_NEW2.jpg","1536x1536-width":689,"1536x1536-height":321,"2048x2048":"https:\/\/www.generaldies.com\/wp-content\/uploads\/2024\/12\/team-video_NEW2.jpg","2048x2048-width":689,"2048x2048-height":321,"list-image":"https:\/\/www.generaldies.com\/wp-content\/uploads\/2024\/12\/team-video_NEW2.jpg","list-image-width":689,"list-image-height":321,"square-image":"https:\/\/www.generaldies.com\/wp-content\/uploads\/2024\/12\/team-video_NEW2.jpg","square-image-width":689,"square-image-height":321,"square-image-mini":"https:\/\/www.generaldies.com\/wp-content\/uploads\/2024\/12\/team-video_NEW2-400x321.jpg","square-image-mini-width":400,"square-image-mini-height":321,"banner-image":"https:\/\/www.generaldies.com\/wp-content\/uploads\/2024\/12\/team-video_NEW2-689x270.jpg","banner-image-width":689,"banner-image-height":270,"pc-image":"https:\/\/www.generaldies.com\/wp-content\/uploads\/2024\/12\/team-video_NEW2-200x100.jpg","pc-image-width":200,"pc-image-height":100}}},"yoast_head":"<!-- This site is optimized with the Yoast SEO plugin v16.4 - https:\/\/yoast.com\/wordpress\/plugins\/seo\/ -->\n<title>Reparatur Pelletierm\u00fchle - General Dies<\/title>\n<meta name=\"description\" content=\"Unsere Techniker k\u00f6nnen Wartung und Revidierung auf Ihre Anlagen und Pelletier M\u00fchle, jede Marken und Model, machen. Fragen Sie Rat.\" \/>\n<meta name=\"robots\" content=\"index, follow, max-snippet:-1, max-image-preview:large, max-video-preview:-1\" \/>\n<link rel=\"canonical\" href=\"https:\/\/www.generaldies.com\/de\/dienstleistungen\/reparatur-maschinen\/\" \/>\n<meta property=\"og:locale\" content=\"de_DE\" \/>\n<meta property=\"og:type\" content=\"article\" \/>\n<meta property=\"og:title\" content=\"Reparatur Pelletierm\u00fchle - General Dies\" \/>\n<meta property=\"og:description\" content=\"Unsere Techniker k\u00f6nnen Wartung und Revidierung auf Ihre Anlagen und Pelletier M\u00fchle, jede Marken und Model, machen. Fragen Sie Rat.\" \/>\n<meta property=\"og:url\" content=\"https:\/\/www.generaldies.com\/de\/dienstleistungen\/reparatur-maschinen\/\" \/>\n<meta property=\"og:site_name\" content=\"General Dies\" \/>\n<meta property=\"og:image\" content=\"https:\/\/www.generaldies.com\/wp-content\/uploads\/2017\/03\/riparazione-macchine-testata.jpg\" \/>\n\t<meta property=\"og:image:width\" content=\"1024\" \/>\n\t<meta property=\"og:image:height\" content=\"768\" \/>\n<meta name=\"twitter:card\" content=\"summary\" \/>\n<script type=\"application\/ld+json\" class=\"yoast-schema-graph\">{\"@context\":\"https:\/\/schema.org\",\"@graph\":[{\"@type\":\"WebSite\",\"@id\":\"https:\/\/www.generaldies.com\/it\/#website\",\"url\":\"https:\/\/www.generaldies.com\/it\/\",\"name\":\"General Dies\",\"description\":\"Dal 1960 al servizio della pellettatura\",\"potentialAction\":[{\"@type\":\"SearchAction\",\"target\":\"https:\/\/www.generaldies.com\/it\/?s={search_term_string}\",\"query-input\":\"required name=search_term_string\"}],\"inLanguage\":\"de\"},{\"@type\":\"ImageObject\",\"@id\":\"https:\/\/www.generaldies.com\/de\/dienstleistungen\/reparatur-maschinen\/#primaryimage\",\"inLanguage\":\"de\",\"url\":\"https:\/\/www.generaldies.com\/wp-content\/uploads\/2017\/03\/riparazione-macchine-testata.jpg\",\"contentUrl\":\"https:\/\/www.generaldies.com\/wp-content\/uploads\/2017\/03\/riparazione-macchine-testata.jpg\",\"width\":1024,\"height\":768},{\"@type\":\"WebPage\",\"@id\":\"https:\/\/www.generaldies.com\/de\/dienstleistungen\/reparatur-maschinen\/#webpage\",\"url\":\"https:\/\/www.generaldies.com\/de\/dienstleistungen\/reparatur-maschinen\/\",\"name\":\"Reparatur Pelletierm\\u00fchle - General Dies\",\"isPartOf\":{\"@id\":\"https:\/\/www.generaldies.com\/it\/#website\"},\"primaryImageOfPage\":{\"@id\":\"https:\/\/www.generaldies.com\/de\/dienstleistungen\/reparatur-maschinen\/#primaryimage\"},\"datePublished\":\"2017-06-14T14:36:58+00:00\",\"dateModified\":\"2017-06-14T14:36:58+00:00\",\"description\":\"Unsere Techniker k\\u00f6nnen Wartung und Revidierung auf Ihre Anlagen und Pelletier M\\u00fchle, jede Marken und Model, machen. Fragen Sie Rat.\",\"breadcrumb\":{\"@id\":\"https:\/\/www.generaldies.com\/de\/dienstleistungen\/reparatur-maschinen\/#breadcrumb\"},\"inLanguage\":\"de\",\"potentialAction\":[{\"@type\":\"ReadAction\",\"target\":[\"https:\/\/www.generaldies.com\/de\/dienstleistungen\/reparatur-maschinen\/\"]}]},{\"@type\":\"BreadcrumbList\",\"@id\":\"https:\/\/www.generaldies.com\/de\/dienstleistungen\/reparatur-maschinen\/#breadcrumb\",\"itemListElement\":[{\"@type\":\"ListItem\",\"position\":1,\"item\":{\"@type\":\"WebPage\",\"@id\":\"https:\/\/www.generaldies.com\/de\/\",\"url\":\"https:\/\/www.generaldies.com\/de\/\",\"name\":\"Home\"}},{\"@type\":\"ListItem\",\"position\":2,\"item\":{\"@type\":\"WebPage\",\"@id\":\"https:\/\/www.generaldies.com\/de\/dienstleistungen\/\",\"url\":\"https:\/\/www.generaldies.com\/de\/dienstleistungen\/\",\"name\":\"Service\"}},{\"@type\":\"ListItem\",\"position\":3,\"item\":{\"@id\":\"https:\/\/www.generaldies.com\/de\/dienstleistungen\/reparatur-maschinen\/#webpage\"}}]}]}<\/script>\n<!-- \/ Yoast SEO plugin. -->","_links":{"self":[{"href":"https:\/\/www.generaldies.com\/de\/wp-json\/wp\/v2\/pages\/7139"}],"collection":[{"href":"https:\/\/www.generaldies.com\/de\/wp-json\/wp\/v2\/pages"}],"about":[{"href":"https:\/\/www.generaldies.com\/de\/wp-json\/wp\/v2\/types\/page"}],"author":[{"embeddable":true,"href":"https:\/\/www.generaldies.com\/de\/wp-json\/wp\/v2\/users\/1"}],"replies":[{"embeddable":true,"href":"https:\/\/www.generaldies.com\/de\/wp-json\/wp\/v2\/comments?post=7139"}],"version-history":[{"count":1,"href":"https:\/\/www.generaldies.com\/de\/wp-json\/wp\/v2\/pages\/7139\/revisions"}],"predecessor-version":[{"id":7140,"href":"https:\/\/www.generaldies.com\/de\/wp-json\/wp\/v2\/pages\/7139\/revisions\/7140"}],"up":[{"embeddable":true,"href":"https:\/\/www.generaldies.com\/de\/wp-json\/wp\/v2\/pages\/7117"}],"wp:featuredmedia":[{"embeddable":true,"href":"https:\/\/www.generaldies.com\/de\/wp-json\/wp\/v2\/media\/4854"}],"wp:attachment":[{"href":"https:\/\/www.generaldies.com\/de\/wp-json\/wp\/v2\/media?parent=7139"}],"curies":[{"name":"wp","href":"https:\/\/api.w.org\/{rel}","templated":true}]}}